{"id":70,"date":"2018-10-10T14:26:29","date_gmt":"2018-10-10T12:26:29","guid":{"rendered":"http:\/\/wordpress.nibis.de\/gsdrueber\/?page_id=70"},"modified":"2026-01-16T19:15:51","modified_gmt":"2026-01-16T18:15:51","slug":"kontaktdaten","status":"publish","type":"page","link":"https:\/\/wordpress.nibis.de\/gsdrueber\/?page_id=70","title":{"rendered":"Kontaktdaten"},"content":{"rendered":"\n<figure class=\"wp-block-table is-style-tw-border-h\">\n<table class=\"has-fixed-layout\" style=\"height: 69px;width: 100%;border-style: ridge;border-color: #1f874c\">\n<tbody>\n<tr style=\"height: 23px;border-style: none\">\n<td style=\"height: 23px\">Grundschule Dr\u00fcber<\/td>\n<td style=\"height: 23px\">Tel.: 05561 &#8211; 82146<\/td>\n<\/tr>\n<tr style=\"height: 23px;border-style: none\">\n<td style=\"height: 23px\">An der Schule 2 \u00a0<\/td>\n<td style=\"height: 23px\">Fax: 05561 &#8211; 982907<\/td>\n<\/tr>\n<tr style=\"height: 23px;border-style: none\">\n<td style=\"height: 23px\">37574 Einbeck Dr\u00fcber<\/td>\n<td style=\"height: 23px\">E-Mail: &#x62;&#x75;&#101;&#114;&#111;&#64;&#x69;&#x73;&#x65;&#114;&#118;-g&#x73;&#x2d;&#x64;&#114;&#117;e&#x62;&#x65;&#x72;&#46;&#100;&#101;<\/td>\n<\/tr>\n<\/tbody>\n<\/table>\n<\/figure>\n\n\n\n<div class=\"wp-block-columns is-layout-flex wp-container-core-columns-is-layout-abceabcf wp-block-columns-is-layout-flex\">\n<div class=\"wp-block-column is-layout-flow wp-block-column-is-layout-flow\" style=\"--col-width:100%;flex-basis:100%\">\n<div class=\"wp-block-columns is-layout-flex wp-container-core-columns-is-layout-abceabcf wp-block-columns-is-layout-flex\">\n<div class=\"wp-block-column is-layout-flow wp-block-column-is-layout-flow\"><\/div>\n\n\n\n<div class=\"wp-block-column is-layout-flow wp-block-column-is-layout-flow\"><\/div>\n<\/div>\n\n\n\n\n\n<p><\/p>\n<\/div>\n<\/div>\n\n\n\n\n\n\n\n<table style=\"border-collapse: collapse;width: 100.119048%;height: 530px\">\n<tbody>\n<tr style=\"height: 40px\">\n<td style=\"width: 33.214427%;height: 40px;text-align: left\"><span style=\"color: #339966\"><strong>Schulleitung<\/strong><\/span><\/td>\n<td style=\"width: 33.452239%;height: 40px;text-align: left\"><strong><span style=\"color: #339966\">Sekretariat<\/span><\/strong><\/td>\n<td style=\"width: 33.333333%;height: 40px;text-align: left\"><span style=\"color: #339966\"><strong>Hausmeister<\/strong><\/span><\/td>\n<\/tr>\n<tr style=\"height: 41px\">\n<td style=\"width: 33.214427%;height: 41px;text-align: left\">Frau Emmend\u00f6rffer-B\u00fclau<\/td>\n<td style=\"width: 33.452239%;height: 41px;text-align: left\">Frau N\u00e4gele<\/td>\n<td style=\"width: 33.333333%;height: 41px;text-align: left\">Herr Schrader<\/td>\n<\/tr>\n<tr style=\"height: 118px\">\n<td style=\"width: 33.214427%;text-align: center;height: 118px\">\u00a0<\/td>\n<td style=\"width: 33.452239%;text-align: center;height: 118px\">\n<p style=\"text-align: left\">Sprechzeiten:<\/p>\n<p style=\"text-align: left\">Mo bis Do, 8:00-11:30 Uhr<\/p>\n<\/td>\n<td style=\"width: 33.333333%;text-align: center;height: 118px\">\u00a0<\/td>\n<\/tr>\n<tr style=\"height: 251px\">\n<td style=\"width: 33.214427%;height: 251px\">\n<div class=\"wp-block-image\"><img loading=\"lazy\" decoding=\"async\" class=\"wpa-warning wpa-image-missing-alt alignnone size-large wp-image-525\" src=\"https:\/\/wordpress.nibis.de\/gsdrueber\/files\/2019\/02\/Emmend\u00f6rffer-731x1024.jpg\" alt=\"\" width=\"731\" height=\"1024\" data-warning=\"Missing alt text\" srcset=\"https:\/\/wordpress.nibis.de\/gsdrueber\/files\/2019\/02\/Emmend\u00f6rffer.jpg 731w, https:\/\/wordpress.nibis.de\/gsdrueber\/files\/2019\/02\/Emmend\u00f6rffer-214x300.jpg 214w\" sizes=\"auto, (max-width: 731px) 100vw, 731px\" \/><\/div>\n<\/td>\n<td style=\"width: 33.452239%;height: 251px\">\n<div class=\"wp-block-image\"><img loading=\"lazy\" decoding=\"async\" class=\"wpa-warning wpa-image-missing-alt alignnone size-large wp-image-527\" src=\"https:\/\/wordpress.nibis.de\/gsdrueber\/files\/2019\/02\/N\u00e4gele-731x1024.jpg\" alt=\"\" width=\"731\" height=\"1024\" data-warning=\"Missing alt text\" srcset=\"https:\/\/wordpress.nibis.de\/gsdrueber\/files\/2019\/02\/N\u00e4gele.jpg 731w, https:\/\/wordpress.nibis.de\/gsdrueber\/files\/2019\/02\/N\u00e4gele-214x300.jpg 214w\" sizes=\"auto, (max-width: 731px) 100vw, 731px\" \/><\/div>\n<\/td>\n<td style=\"width: 33.333333%;height: 251px\">\u00a0<\/td>\n<\/tr>\n<tr style=\"height: 80px\">\n<td style=\"width: 33.214427%;height: 80px\">\u00a0<\/td>\n<td style=\"width: 33.452239%;height: 80px\">\n<p>\u00a0<\/p>\n<\/td>\n<td style=\"width: 33.333333%;height: 80px\">\u00a0<\/td>\n<\/tr>\n<\/tbody>\n<\/table>\n\n\n\n\n","protected":false},"excerpt":{"rendered":"<p>Grundschule Dr\u00fcber Tel.: 05561 &#8211; 82146 An der Schule 2 \u00a0 Fax: 05561 &#8211; 982907 37574 Einbeck Dr\u00fcber E-Mail: b&#117;&#x65;&#x72;o&#64;&#x69;&#x73;e&#114;&#118;&#x2d;&#x67;s&#45;&#x64;&#x72;u&#101;&#x62;&#x65;r&#46;&#100;&#x65; Schulleitung Sekretariat Hausmeister Frau Emmend\u00f6rffer-B\u00fclau Frau N\u00e4gele Herr Schrader \u00a0 Sprechzeiten: Mo bis Do, 8:00-11:30 Uhr \u00a0 \u00a0 \u00a0 \u00a0 \u00a0<\/p>\n","protected":false},"author":1035,"featured_media":0,"parent":41,"menu_order":0,"comment_status":"closed","ping_status":"closed","template":"","meta":{"footnotes":""},"class_list":["post-70","page","type-page","status-publish","hentry"],"_links":{"self":[{"href":"https:\/\/wordpress.nibis.de\/gsdrueber\/index.php?rest_route=\/wp\/v2\/pages\/70","targetHints":{"allow":["GET"]}}],"collection":[{"href":"https:\/\/wordpress.nibis.de\/gsdrueber\/index.php?rest_route=\/wp\/v2\/pages"}],"about":[{"href":"https:\/\/wordpress.nibis.de\/gsdrueber\/index.php?rest_route=\/wp\/v2\/types\/page"}],"author":[{"embeddable":true,"href":"https:\/\/wordpress.nibis.de\/gsdrueber\/index.php?rest_route=\/wp\/v2\/users\/1035"}],"replies":[{"embeddable":true,"href":"https:\/\/wordpress.nibis.de\/gsdrueber\/index.php?rest_route=%2Fwp%2Fv2%2Fcomments&post=70"}],"version-history":[{"count":47,"href":"https:\/\/wordpress.nibis.de\/gsdrueber\/index.php?rest_route=\/wp\/v2\/pages\/70\/revisions"}],"predecessor-version":[{"id":1547,"href":"https:\/\/wordpress.nibis.de\/gsdrueber\/index.php?rest_route=\/wp\/v2\/pages\/70\/revisions\/1547"}],"up":[{"embeddable":true,"href":"https:\/\/wordpress.nibis.de\/gsdrueber\/index.php?rest_route=\/wp\/v2\/pages\/41"}],"wp:attachment":[{"href":"https:\/\/wordpress.nibis.de\/gsdrueber\/index.php?rest_route=%2Fwp%2Fv2%2Fmedia&parent=70"}],"curies":[{"name":"wp","href":"https:\/\/api.w.org\/{rel}","templated":true}]}}