{"id":112,"date":"2019-05-05T18:29:22","date_gmt":"2019-05-05T16:29:22","guid":{"rendered":"https:\/\/wordpress.nibis.de\/gsdungel\/?page_id=112"},"modified":"2022-01-31T20:07:24","modified_gmt":"2022-01-31T19:07:24","slug":"fruehstuecksaktion","status":"publish","type":"page","link":"https:\/\/wordpress.nibis.de\/gsdungel\/fruehstuecksaktion\/","title":{"rendered":"Fr\u00fchst\u00fccksaktion"},"content":{"rendered":"\n<h3><span style=\"color: #333333;background-color: #ff0000\"><strong>Zur Zeit gibt es keine Fr\u00fchst\u00fccksaktion!<\/strong><\/span><\/h3>\n<h3>Mittwoch ist Br\u00f6tchentag<\/h3>\n<p>Jeden Mittwoch kann man sich in der ersten gro\u00dfen Pause belegte Br\u00f6tchen oder frisch gebackene Brezeln kaufen.<\/p>\n<p>Preise:\u00a0 \u00a0Br\u00f6tchenh\u00e4lfte &#8211; 0,50 \u20ac<br \/>\u00a0 \u00a0 \u00a0 \u00a0 \u00a0 \u00a0 \u00a0 \u00a0 \u00a0 \u00a0 \u00a0 \u00a0 \u00a0 \u00a0 \u00a0 \u00a0Brezel &#8211; 0,50 \u20ac<\/p>\n<p>Flei\u00dfige Helfereltern schmieren die Br\u00f6tchen und backen die Brezeln frisch auf. Die Organisation \u00fcbernimmt der F\u00f6rderverein.<\/p>\n<p>Beim Verkauf werden die Eltern von Kindern der 4. Klasse unterst\u00fctzt.<\/p>\n<p><strong>Bitte geben Sie Ihren Kindern eine leere Brotdose mit, es werden keine Servietten mehr ausgegeben.<\/strong><\/p>\n<p>\u00a0<\/p>\n","protected":false},"excerpt":{"rendered":"<p>Zur Zeit gibt es keine Fr\u00fchst\u00fccksaktion! Mittwoch ist Br\u00f6tchentag Jeden Mittwoch kann man sich in der ersten gro\u00dfen Pause belegte Br\u00f6tchen oder frisch gebackene Brezeln kaufen. Preise:\u00a0 \u00a0Br\u00f6tchenh\u00e4lfte &#8211; 0,50 \u20ac\u00a0 \u00a0 \u00a0 \u00a0 \u00a0 \u00a0 \u00a0 \u00a0 \u00a0 \u00a0 &hellip; <a href=\"https:\/\/wordpress.nibis.de\/gsdungel\/fruehstuecksaktion\/\">Weiterlesen <span class=\"meta-nav\">&rarr;<\/span><\/a><\/p>\n","protected":false},"author":9193125,"featured_media":0,"parent":0,"menu_order":0,"comment_status":"closed","ping_status":"closed","template":"","meta":{"footnotes":""},"class_list":["post-112","page","type-page","status-publish","hentry"],"_links":{"self":[{"href":"https:\/\/wordpress.nibis.de\/gsdungel\/wp-json\/wp\/v2\/pages\/112","targetHints":{"allow":["GET"]}}],"collection":[{"href":"https:\/\/wordpress.nibis.de\/gsdungel\/wp-json\/wp\/v2\/pages"}],"about":[{"href":"https:\/\/wordpress.nibis.de\/gsdungel\/wp-json\/wp\/v2\/types\/page"}],"author":[{"embeddable":true,"href":"https:\/\/wordpress.nibis.de\/gsdungel\/wp-json\/wp\/v2\/users\/9193125"}],"replies":[{"embeddable":true,"href":"https:\/\/wordpress.nibis.de\/gsdungel\/wp-json\/wp\/v2\/comments?post=112"}],"version-history":[{"count":6,"href":"https:\/\/wordpress.nibis.de\/gsdungel\/wp-json\/wp\/v2\/pages\/112\/revisions"}],"predecessor-version":[{"id":1141,"href":"https:\/\/wordpress.nibis.de\/gsdungel\/wp-json\/wp\/v2\/pages\/112\/revisions\/1141"}],"wp:attachment":[{"href":"https:\/\/wordpress.nibis.de\/gsdungel\/wp-json\/wp\/v2\/media?parent=112"}],"curies":[{"name":"wp","href":"https:\/\/api.w.org\/{rel}","templated":true}]}}