{"id":13,"date":"2019-05-03T17:46:43","date_gmt":"2019-05-03T15:46:43","guid":{"rendered":"https:\/\/wordpress.nibis.de\/gsdungel\/?page_id=13"},"modified":"2022-03-28T15:13:18","modified_gmt":"2022-03-28T13:13:18","slug":"foerderverein","status":"publish","type":"page","link":"https:\/\/wordpress.nibis.de\/gsdungel\/foerderverein\/","title":{"rendered":"F\u00f6rderverein"},"content":{"rendered":"\n<p>Wir sind der F\u00f6rderverein der Grundschule Dungelbeck und bewegen ehrenamtlich eine Menge f\u00fcr Sch\u00fcler, Eltern und Lehrer.<\/p>\n<p>Fragen, Anregungen, W\u00fcnsche, Infos?<\/p>\n<p>Schnell und einfach per Mail an:<\/p>\n<p><a href=\"mail&#116;&#111;&#58;&#102;&#118;&#x2d;&#x76;&#x67;&#x73;&#x64;&#x75;&#x6e;gelb&#101;&#99;&#107;&#64;&#119;&#x65;&#x62;&#x2e;&#x64;&#x65;\"><strong>fv-vgs&#100;&#117;&#110;&#103;&#101;&#108;&#98;&#x65;&#x63;&#x6b;&#x40;&#x77;&#x65;&#x62;&#x2e;&#x64;&#x65;<\/strong><\/a><\/p>\n<p>oder per <strong><a href=\"http:\/\/foe.verein@gru&#110;&#100;&#115;&#x63;&#x68;&#x75;&#x6c;&#x65;&#x64;ung&#101;&#108;&#98;&#101;&#x63;&#x6b;&#x40;&#x73;&#x63;&#x68;uls&#101;&#114;&#118;&#x65;&#x72;&#x2e;&#x64;&#x65;\">IServ<\/a><\/strong> an <strong>foe.verein@&#103;&#x72;&#117;&#x6e;&#100;&#x73;c&#x68;u&#108;&#x65;&#100;&#x75;&#110;&#x67;e&#x6c;b&#101;&#x63;&#107;&#x40;&#115;&#x63;&#104;&#x75;l&#x73;e&#114;&#x76;&#101;&#x72;&#46;&#x64;e<\/strong><\/p>\n","protected":false},"excerpt":{"rendered":"<p>Wir sind der F\u00f6rderverein der Grundschule Dungelbeck und bewegen ehrenamtlich eine Menge f\u00fcr Sch\u00fcler, Eltern und Lehrer. Fragen, Anregungen, W\u00fcnsche, Infos? Schnell und einfach per Mail an: &#x66;&#118;-&#x76;&#103;&#115;&#x64;&#x75;&#110;g&#x65;&#108;b&#x65;&#x63;&#107;&#64;&#x77;&#101;b&#x2e;&#x64;&#101; oder per IServ an foe.verein@&#103;&#x72;&#117;&#x6e;&#100;&#x73;&#99;&#x68;&#117;&#x6c;&#101;&#x64;&#117;&#x6e;&#103;&#x65;&#108;&#x62;&#101;&#x63;&#107;&#x40;&#115;&#x63;&#104;&#x75;l&#x73;e&#x72;v&#x65;r&#x2e;d&#x65;<\/p>\n","protected":false},"author":9193125,"featured_media":0,"parent":0,"menu_order":0,"comment_status":"closed","ping_status":"closed","template":"","meta":{"footnotes":""},"class_list":["post-13","page","type-page","status-publish","hentry"],"_links":{"self":[{"href":"https:\/\/wordpress.nibis.de\/gsdungel\/wp-json\/wp\/v2\/pages\/13","targetHints":{"allow":["GET"]}}],"collection":[{"href":"https:\/\/wordpress.nibis.de\/gsdungel\/wp-json\/wp\/v2\/pages"}],"about":[{"href":"https:\/\/wordpress.nibis.de\/gsdungel\/wp-json\/wp\/v2\/types\/page"}],"author":[{"embeddable":true,"href":"https:\/\/wordpress.nibis.de\/gsdungel\/wp-json\/wp\/v2\/users\/9193125"}],"replies":[{"embeddable":true,"href":"https:\/\/wordpress.nibis.de\/gsdungel\/wp-json\/wp\/v2\/comments?post=13"}],"version-history":[{"count":8,"href":"https:\/\/wordpress.nibis.de\/gsdungel\/wp-json\/wp\/v2\/pages\/13\/revisions"}],"predecessor-version":[{"id":1168,"href":"https:\/\/wordpress.nibis.de\/gsdungel\/wp-json\/wp\/v2\/pages\/13\/revisions\/1168"}],"wp:attachment":[{"href":"https:\/\/wordpress.nibis.de\/gsdungel\/wp-json\/wp\/v2\/media?parent=13"}],"curies":[{"name":"wp","href":"https:\/\/api.w.org\/{rel}","templated":true}]}}