{"id":401,"date":"2019-10-04T14:53:58","date_gmt":"2019-10-04T12:53:58","guid":{"rendered":"https:\/\/wordpress.nibis.de\/gsdungel\/?page_id=401"},"modified":"2020-03-27T10:13:39","modified_gmt":"2020-03-27T09:13:39","slug":"schuljahr-2019-20","status":"publish","type":"page","link":"https:\/\/wordpress.nibis.de\/gsdungel\/schuljahr-2019-20\/","title":{"rendered":"Schuljahr 2019\/20"},"content":{"rendered":"\n<p><strong>24.02. &#8211; 27.02.2020<\/strong><br \/><strong>Zirkusprojektwoche<\/strong><\/p>\n<p><span style=\"font-family: Arial, serif\"><span style=\"font-size: medium\">Nach der etwas k\u00fcrzeren Rosenmontagsparty in der Turnhalle und einer kurzen Fr\u00fchst\u00fcckspause am leckeren Buffet ging es n\u00e4mlich direkt in die Manege und in die Einteilung der Gruppen f\u00fcr die Projektwoche Zirkus mit dem \u201eZirkus Rasch\u201c. An 3 Tagen wurde flei\u00dfig in den einzelnen Gruppen \u2013 Clowns, Seilt\u00e4nzer, Turner, Akrobaten, Trapezk\u00fcnstler, Fakire, Zauberer und starke Helden \u2013 ge\u00fcbt und trainiert. Nach erfolgter Generalprobe vor den Kindern der Dungelbecker Kita am Mittwochvormittag, pr\u00e4sentierten unsere Kinder in fantastischen Kost\u00fcmen und professionell geschminkt dann am Mittwochabend Eltern und Verwandten ihre K\u00fcnste in der gro\u00dfen Galavorstellung. Alle haben tolle Leistungen vollbracht und k\u00f6nnen m\u00e4chtig stolz sein. Auch beim anschlie\u00dfenden Abbau des Zirkuszeltes am n\u00e4chsten Tag durch die Klassen 3 und 4 \u2013 \u201ewas wirklich harte Arbeit war\u201c \u2013 stand f\u00fcr viele unserer Kinder fest: \u201eIch werde mal Zirkusstar\u201c.<br \/><\/span><\/span>W\u00e4hrend der Zirkuswoche bastelten wir au\u00dferdem eine tolle Dekoration f\u00fcr die Fenster der Pausenhalle und die Flure im Klassentrakt. Viele bunte Zirkuszelte, Clowns, Zauberh\u00fcte oder Zirkuspferde sind dabei entstanden.<\/p>\n<p>\u00a0<\/p>\n\n\n\n<p><strong>24.02.2020<\/strong><br><strong>Rosenmontag<\/strong><\/p>\n<p><span style=\"font-family: Arial, serif\"><span style=\"font-size: medium\">Ein etwas anderer Rosenmontag f\u00fcr unsere Sch\u00fclerinnen und Sch\u00fcler k\u00fcndigte sich schon durch das riesige Zirkuszelt auf dem Festplatz neben der Schule an. Alle trafen sich in der ersten Stunde in der Turnhalle. Hier konnten die sch\u00f6nsten Kost\u00fcme bewundert werden. Auch alle Lehrkr\u00e4fte verkleideten sich. Nach einigen Runden Stopptanz und einer gro\u00dfen Polonaise durch die Turnhalle konnten sich alle noch am reichhaltigen Fr\u00fchst\u00fccksbuffet bedienen. Im Anschluss daran begann offiziell die Zirkusprojektwoche im Zelt.&nbsp;<\/span><\/span><\/p>\n<p><img loading=\"lazy\" decoding=\"async\" class=\"wp-image-655 alignleft\" src=\"https:\/\/wordpress.nibis.de\/gsdungel\/files\/2020\/03\/Rosenmontag-1-800x478.jpg\" alt=\"\" width=\"293\" height=\"175\"><\/p>\n<p><img loading=\"lazy\" decoding=\"async\" class=\"wp-image-657 alignleft\" src=\"https:\/\/wordpress.nibis.de\/gsdungel\/files\/2020\/03\/Rosenmontag-3-800x478.jpg\" alt=\"\" width=\"295\" height=\"176\"> <img loading=\"lazy\" decoding=\"async\" class=\"wp-image-658 alignleft\" src=\"https:\/\/wordpress.nibis.de\/gsdungel\/files\/2020\/03\/Rosenmontag-4-800x478.jpg\" alt=\"\" width=\"295\" height=\"176\"><\/p>\n<p>&nbsp;<\/p>\n<p>&nbsp;<\/p>\n<p>&nbsp;<\/p>\n<p>&nbsp;<\/p>\n<p><img loading=\"lazy\" decoding=\"async\" class=\"alignnone  wp-image-656\" src=\"https:\/\/wordpress.nibis.de\/gsdungel\/files\/2020\/03\/Rosenmontag-2-800x478.jpg\" alt=\"\" width=\"295\" height=\"176\"><\/p>\n<p>&nbsp;<\/p>\n\n\n\n<p>&nbsp;<\/p>\n<p><strong>23.01.2020<\/strong><br><strong>Physik f\u00fcr helle K\u00f6pfe<\/strong><\/p>\n<p><span style=\"font-family: Arial, serif\"><span style=\"font-size: medium\">Auf der Suche nach der richtigen Schule erforschte die Klasse 4 am Donnerstag das Ratsgymnasium in Peine bei \u201ePhysik f\u00fcr helle K\u00f6pfe\u201c. In Kleingruppen wurden zahlreiche Experimente aus dem Bereich Optik durchgef\u00fchrt. Alle Sch\u00fclerinnen und Sch\u00fcler waren mit Feuereifer bei der Sache und \u201ehaben richtig viel gelernt\u201c.<\/span><\/span><\/p>\n<p><img loading=\"lazy\" decoding=\"async\" class=\"wp-image-675 aligncenter\" src=\"https:\/\/wordpress.nibis.de\/gsdungel\/files\/2020\/03\/Physik-f\u00fcr-helle-K\u00f6pfe-2.jpg\" alt=\"\" width=\"457\" height=\"257\" srcset=\"https:\/\/wordpress.nibis.de\/gsdungel\/files\/2020\/03\/Physik-f\u00fcr-helle-K\u00f6pfe-2.jpg 800w, https:\/\/wordpress.nibis.de\/gsdungel\/files\/2020\/03\/Physik-f\u00fcr-helle-K\u00f6pfe-2-250x141.jpg 250w, https:\/\/wordpress.nibis.de\/gsdungel\/files\/2020\/03\/Physik-f\u00fcr-helle-K\u00f6pfe-2-768x432.jpg 768w\" sizes=\"auto, (max-width: 457px) 100vw, 457px\" \/><\/p>\n<p>&nbsp;<\/p>\n\n\n\n<p><strong>20.12.2019<\/strong><br><strong>Schulweihnachtsfeier<\/strong><\/p>\n<p><span style=\"font-family: Arial, serif\"><span style=\"font-size: medium\">Am letzten Tag vor den Weihnachtsferien fand wieder unsere&nbsp; Schulweihnachtsfeier f\u00fcr alle Klassen in der Aula statt. Bei Kerzenschein und leckeren Keksen kam schon richtig Weihnachtsstimmung auf. Es gab ein tolles Programm mit Liedern, Singspielen, Gedichten und kleinen Geschichten. Viele mutige Sch\u00fclerinnen und Sch\u00fcler pr\u00e4sentierten ihre musikalischen F\u00e4higkeiten sogar mit einem Solo- oder Kleingruppenauftritt am Klavier oder der Fl\u00f6te. Wir w\u00fcnschen allen eine sch\u00f6ne Weihnachtszeit und ein gutes neues Jahr.<\/span><\/span><\/p>\n<p><img loading=\"lazy\" decoding=\"async\" class=\"aligncenter  wp-image-637\" src=\"https:\/\/wordpress.nibis.de\/gsdungel\/files\/2020\/03\/Weihn.feierIMG_20191220_090719124-450x478.jpg\" alt=\"\" width=\"310\" height=\"329\"><\/p>\n\n\n\n<p><strong>06.12.2019<\/strong><br><strong>Schnuppervormittag an der IGS&nbsp;<\/strong><\/p>\n<p>\u201e<span style=\"font-family: Arial, serif\"><span style=\"font-size: medium\">Man kann ja nicht ewig in der Grundschule bleiben\u201c, daher schnupperte die Klasse 4 am Nikolaustag schon einmal an der IGS Peine\/V\u00f6hrum. Nach einem Film, einer Schulf\u00fchrung \u2013 bei der wir viele ehemalige Dungelbecker trafen \u2013 einer Spanischstunde und einer Stunde Naturwissenschaften ging es noch in den \u00d6kogarten. Das war ein toller Vormittag, der einen guten ersten Eindruck vermittelte.<\/span><\/span><\/p>\n<p>&nbsp;<\/p>\n\n\n\n<p><strong>05.12.2019<\/strong><br><strong>Leckere Waffeln&#8230;<\/strong><\/p>\n<p>&#8230;boten heute die Kinder des Sch\u00fclerrates in der ersten gro\u00dfen Pause zum Verkauf an. Der Erl\u00f6s flie\u00dft in die Anschaffung neuer Pausenspielger\u00e4te.&nbsp;<\/p>\n<p>&nbsp;<\/p>\n\n\n\n<p><strong>02.12.2019<\/strong><br><strong>Adventssingen<\/strong><\/p>\n<p>Heute fand das erste Adventssingen in diesem Jahr statt. Nach dem 1. Advent kommen wir jeweils am Montag zu Beginn der ersten Stunde in der Pausenhalle zusammen, um uns beim gemeinsamen Singen auf das nahende Weihnachtsfest einzustimmen. Das erste Adventssingen wird au\u00dferdem traditionell zum gemeinsamen Schm\u00fccken des Weihnachtsbaumes genutzt, der unsere Pausenhalle in der Vorweihnachtszeit versch\u00f6nert.<\/p>\n<p><img loading=\"lazy\" decoding=\"async\" class=\"wp-image-639 aligncenter\" src=\"https:\/\/wordpress.nibis.de\/gsdungel\/files\/2020\/03\/Foto-02.12.19-08-20-21-e1585126141276-450x478.jpg\" alt=\"\" width=\"348\" height=\"370\"><\/p>\n\n\n\n<p><strong>26.11.2019<\/strong><br><strong>Skipping hearts<\/strong><\/p>\n<p>\u201e<span style=\"font-family: Arial, serif\"><span style=\"font-size: medium\">Fit und <\/span><\/span><span style=\"font-family: Webdings, serif\"><span style=\"font-size: medium\">\uf059<\/span><\/span><span style=\"font-family: Arial, serif\"><span style=\"font-size: medium\">-gesund durch Seilspringen\u201c war das Motto unseres Projekttages f\u00fcr die Klassen 3 und 4 am Dienstag. Eine Trainerin der Deutschen Herzstiftung \u00fcbte mit den Kindern der 4. Klasse im Rahmen eines Workshops verschiedene Seilsprungtechniken ein, welche im Anschluss interessierten Eltern und den Kindern der Klasse 3 pr\u00e4sentiert wurden. Alle durften danach selbst ausprobieren wie fit Seilspringen macht. \u201ePuh \u2013 das war ganz sch\u00f6n anstrengend, aber gut.\u201c, war das Fazit.<\/span><\/span><\/p>\n<p>&nbsp;<\/p>\n\n\n\n<p><strong>19.11.2019<\/strong><br><strong>Blumenzwiebeln &#8211; Pflanzaktion<\/strong><\/p>\n<p>\u00dcber die Aktion auf&nbsp; der Seite www.<span style=\"text-decoration: underline\">bulbs4kids.de<\/span> erhielt unsere Schule kostenfrei ein gro\u00dfes Paket mit 600 Fr\u00fchbl\u00fcherzwiebeln. In einer gro\u00dfen Pflanzaktion brachten die einzelnen Klassen heute die Blumenzwiebeln in die Erde. Daf\u00fcr hatten Mitarbeiter der Stadtg\u00e4rtnerei Peine extra eine Fl\u00e4che auf dem Rasen vor dem Schulgeb\u00e4ude f\u00fcr uns&nbsp; vorbereitet. <span style=\"font-family: Arial, serif\"><span style=\"font-size: medium\">Wir hoffen nun auf eine tolle Fr\u00fchlingswiese vor unserer Schule im Fr\u00fchjahr.<\/span><\/span><\/p>\n<p><img loading=\"lazy\" decoding=\"async\" class=\"wp-image-640 alignleft\" src=\"https:\/\/wordpress.nibis.de\/gsdungel\/files\/2020\/03\/IMG_20191119_083115084-450x478.jpg\" alt=\"\" width=\"218\" height=\"232\"> <img loading=\"lazy\" decoding=\"async\" class=\"wp-image-641 alignleft\" src=\"https:\/\/wordpress.nibis.de\/gsdungel\/files\/2020\/03\/IMG_20191119_083405718-450x478.jpg\" alt=\"\" width=\"222\" height=\"235\"><\/p>\n<p>&nbsp;<\/p>\n<p>&nbsp;<\/p>\n<p>&nbsp;<\/p>\n<p>&nbsp;<\/p>\n<p>&nbsp;<\/p>\n<p>&nbsp;<\/p>\n<p>&nbsp;<\/p>\n\n\n\n<p><strong>19.11.2019<\/strong><br><strong>Stationenweg der Friedenskirche<\/strong><\/p>\n<p><span style=\"font-family: Arial, serif\"><span style=\"font-size: medium\">Die Klassen 3 und 4 besch\u00e4ftigten sich an diesem Tag mit dem Thema \u201eTod und Sterben\u201c und besuchten dazu den Stationenweg der Friedenskirche in Peine. An vielen Stationen fand eine behutsame und sehr kindgerechte Auseinandersetzung mit dem Thema statt, die viele Gespr\u00e4che und Gedanken bei den Kindern anregte. Besonders beeindruckend und sch\u00f6n war die letzte Station im Himmel. So machten sich dann alle froh und gest\u00e4rkt wieder auf den Heimweg nach Dungelbeck, wo als Zeichen des Neuanfangs noch Fr\u00fchlingszwiebeln in die Erde gesetzt wurden.&nbsp;<\/span><\/span><\/p>\n<p>&nbsp;<\/p>\n\n\n\n<p><strong>11.11.2019<\/strong><br><strong>R\u00e4uber Hotzenplotz<\/strong><\/p>\n<p><span style=\"font-family: Arial, serif\"><span style=\"font-size: medium\">Ein besonderes Highlight wurde am Vormittag in der Turnhalle aufgebaut, denn ein richtiges Theater kam zu uns und erfreute alle Kinder und Kollegen mit dem St\u00fcck \u201eR\u00e4uber Hotzenplotz\u201c. Alle fieberten eifrig mit und unterst\u00fctzten Seppl und Kasper bei der Festnahme des ber\u00fcchtigten R\u00e4ubers.<\/span><\/span><\/p>\n<p>&nbsp;<\/p>\n\n\n\n<p><strong>08.11.2019<\/strong><br><strong>Bienenprojekttag im \u00d6kogarten<\/strong><\/p>\n<p><span style=\"font-family: Arial, serif\"><span style=\"font-size: medium\">Mit dem Schwimmbus fuhren die Klassen 3 und 4 in den \u00d6kogarten der IGS Peine, um sich im Rahmen eines Projekttages ausf\u00fchrlich \u00fcber Wildbienen und ihren Schutz zu informieren. An Stationen wurde der K\u00f6rperbau der Biene, eine Bienenwabe und vieles mehr erforscht. In Partnerarbeit entstanden Insektenhotels f\u00fcr Wildbienen und nat\u00fcrlich gab es auch leckeren Bienenhonig zum Kosten.<\/span><\/span><\/p>\n<p><img loading=\"lazy\" decoding=\"async\" class=\"wp-image-642 aligncenter\" src=\"https:\/\/wordpress.nibis.de\/gsdungel\/files\/2020\/03\/Bienentag-1-450x478.jpg\" alt=\"\" width=\"256\" height=\"272\"><\/p>\n\n\n\n<p><strong>06.11.2019<\/strong><br><strong>Tischtennis Rundlauf Team Cup<\/strong><\/p>\n<p><span style=\"color: #000000\">Auch in diesem Schuljahr beteiligten sich unsere Sch\u00fclerinnen und Sch\u00fcler aus den Klassen 3 und 4 am Tischtennis Rundlauf Team Cup.<br>Mit professioneller Unterst\u00fctzung durch ein Team des Kreissportbundes Peine konnten sie einen Schulvormittag lang ihre F\u00e4higkeiten an der Tischtennisplatte zeigen und den Umgang mit dem Tischtennis-Schl\u00e4ger \u00fcben und verbessern. Das jeweils beste Team aus Klasse 3 und 4 wird bei der Regionalmeisterschaft des Rundlauf Team Cups dabei sein.<br>Alle Kinder wurden mit einer Urkunde geehrt. Das jeweilige Siegerteam erhielt au\u00dferdem noch T-Shirts.<\/span><\/p>\n<p><img loading=\"lazy\" decoding=\"async\" class=\"wp-image-741 alignnone\" src=\"https:\/\/wordpress.nibis.de\/gsdungel\/files\/2020\/03\/IMG_20191106_095456026-450x478.jpg\" alt=\"\" width=\"257\" height=\"273\"> <img loading=\"lazy\" decoding=\"async\" class=\"alignnone  wp-image-742\" src=\"https:\/\/wordpress.nibis.de\/gsdungel\/files\/2020\/03\/IMG_20191106_121934040-800x478.jpg\" alt=\"\" width=\"365\" height=\"218\"><\/p>\n<p>&nbsp;<\/p>\n\n\n\n<p><strong>29.10.2019<\/strong><br><strong>Fu\u00dfg\u00e4ngertraining<\/strong><\/p>\n<p>Die Klassen 1 und 2 absolvierten heute mit Herrn Ahrens von der Peiner Polizei ein Fu\u00dfg\u00e4ngertraining f\u00fcr mehr Sicherheit im Stra\u00dfenverkehr. In der ersten Stunde wurden bestimmte Verkehrsregeln und Verhaltensweisen theoretisch im Klassenraum besprochen. In der zweiten Trainingsstunde gingen wir dann gemeinsam in den realen Verkehrsraum. Nun mussten die Kinder auf den Dungelbecker Stra\u00dfen beweisen, dass sie nicht nur die Theorie beherrschen, sondern diese auch in der Praxis richtig anwenden k\u00f6nnen. Vor Ort wurde auf besonders schwierige Verkehrssituationen, insbesondere beim \u00dcberqueren der viel befahrenen Schmedenstedter Stra\u00dfe, bewusst gemacht.<\/p>\n<p><img loading=\"lazy\" decoding=\"async\" class=\"alignnone  wp-image-635\" src=\"https:\/\/wordpress.nibis.de\/gsdungel\/files\/2020\/03\/IMG_20191029_092403050-800x478.jpg\" alt=\"\" width=\"302\" height=\"180\"> <img loading=\"lazy\" decoding=\"async\" class=\"alignnone  wp-image-634\" src=\"https:\/\/wordpress.nibis.de\/gsdungel\/files\/2020\/03\/IMG_20191029_084758590-800x478.jpg\" alt=\"\" width=\"299\" height=\"179\"><\/p>\n\n\n\n<p><strong>25.10.2019<\/strong><br><strong>B\u00fcchereier\u00f6ffnung<\/strong><\/p>\n<p><span style=\"font-family: Arial, serif\"><span style=\"font-size: medium\">Am letzten Freitag war es endlich so weit: Die Sch\u00fclerb\u00fccherei der Schule wurde durch die Klasse 4 wieder f\u00fcr dieses Schuljahr er\u00f6ffnet. Alle Klassen waren vorher feierlich eingeladen worden und bekamen ihre pers\u00f6nliche B\u00fcchereistunde: Nach dem kleinen Sketch \u201eDas ist ein Buch\u201c ging es weiter mit der Einweisung in die B\u00fcchereiregeln, das neue digitale Ausleihsystem, dem pers\u00f6nlichen B\u00fcchereiausweis und einer Schm\u00f6kerzeit. Auch das kleine Snackbuffet kam sehr gut bei allen an. Na dann: Viel Spa\u00df beim Lesen \u2013 immer Dienstag und Donnerstag in der 1. gro\u00dfen Pause und nat\u00fcrlich in den Regenpausen oder zu Hause.<\/span><\/span><\/p>\n<p><img loading=\"lazy\" decoding=\"async\" class=\"wp-image-646 alignleft\" src=\"https:\/\/wordpress.nibis.de\/gsdungel\/files\/2020\/03\/B\u00fccherei-1-450x478.png\" alt=\"\" width=\"268\" height=\"285\"> <img loading=\"lazy\" decoding=\"async\" class=\"wp-image-647 alignleft\" src=\"https:\/\/wordpress.nibis.de\/gsdungel\/files\/2020\/03\/B\u00fccherei-2-450x478.png\" alt=\"\" width=\"266\" height=\"282\"><\/p>\n<p>&nbsp;<\/p>\n<p>&nbsp;<\/p>\n<p>&nbsp;<\/p>\n<p>&nbsp;<\/p>\n<p>&nbsp;<\/p>\n<p>&nbsp;<\/p>\n<p>&nbsp;<\/p>\n<p>&nbsp;<\/p>\n\n\n\n<p><strong>22.10.2019<\/strong><br><strong>Sehen und gesehen werden<\/strong><\/p>\n<p>Passend zu diesem Thema im Sachunterricht erhielten heute unsere Erstkl\u00e4ssler Verkehrswesten. Damit k\u00f6nnen sie sich in der dunklen Jahreszeit etwas sicherer im Stra\u00dfenverkehr f\u00fchlen und werden bestimmt&nbsp; so schnell nicht \u00fcbersehen.<\/p>\n<p><img loading=\"lazy\" decoding=\"async\" class=\"alignnone  wp-image-632\" src=\"https:\/\/wordpress.nibis.de\/gsdungel\/files\/2020\/03\/IMG_20191022_105016371-800x478.jpg\" alt=\"\" width=\"306\" height=\"183\"> <img loading=\"lazy\" decoding=\"async\" class=\"alignnone  wp-image-633\" src=\"https:\/\/wordpress.nibis.de\/gsdungel\/files\/2020\/03\/IMG_20191022_104942317-800x478.jpg\" alt=\"\" width=\"308\" height=\"184\"><\/p>\n<p>&nbsp;<\/p>\n\n\n\n<p><strong>01.10.2019<\/strong><br><strong>Radfahrpr\u00fcfung<\/strong><\/p>\n<p><span style=\"font-family: Arial, serif\"><span style=\"font-size: medium\">Nach langem \u00dcben durften die Kinder der Klasse 4 kurz vor den Herbstferien ihre Radfahrk\u00fcnste unter Beweis stellen. Mit vielen helfenden Eltern und unter der strengen Aufsicht unseres Verkehrspolizisten bew\u00e4ltigten alle \u2013 trotz gro\u00dfer Aufregung und zittrigen Knien &#8211; die Radfahrstrecke durch das Dorf sowie die theoretische Pr\u00fcfung am Vortag. Wir gratulieren!<\/span><\/span><\/p>\n<p>&nbsp;<\/p>\n\n\n\n<p><strong>25.09.2019<\/strong><br><strong>Autorenlesung<\/strong><\/p>\n<p>Im Rahmen der Jugendbuchwoche war heute die Kinderbuchautorin Stephanie Schneider bei uns zu Gast und las aus ihren B\u00fcchern vor. Die Klassen 1 und 2 lauschten gespannt der Geschichte&nbsp; &#8218;Mia und die Bohne&#8216;: Mia w\u00fcnschte sich so gern ein echtes Haustier, doch stattdessen bekam sie von ihrer Mutter eine Bohne geschenkt , um die sie sich von nun an k\u00fcmmern musste. Am Ende der Lesung bekam jedes Kind eine kleine Bohne geschenkt. Nun kann jeder zu Hause selbst ein &#8222;Pflanzentierpfleger&#8220; , wie Mia in der Geschichte, sein.<br>F\u00fcr die Klassen 3 und 4 las Stephanie Schneider aus ihrer Buchreihe &#8218;Unser Kunterboot&#8216; vor. Darin geht es um eine Hausbootkolonie und den Kindern die dort leben und stets spannende Abenteuer erleben.<br>Die Kinder nutzten die Gelegenheit auch aus, um die Autorin mit ihren Fragen zu l\u00f6chern. Sie wollten z.B. wissen, seit wann Stephanie Schneider B\u00fccher schreibt, wie ihr erstes Buch hie\u00df oder wie lange es dauert, bis so ein Buch fertig gestellt ist.<br>Nach der Lesung nutzten viele Kinder die Gelegenheit, sich ein Buch zu kaufen und es von der Autorin signieren zulassen.<\/p>\n<p><img loading=\"lazy\" decoding=\"async\" class=\"wp-image-631 aligncenter\" src=\"https:\/\/wordpress.nibis.de\/gsdungel\/files\/2020\/03\/IMG_20190925_115549609_BURST001-800x478.jpg\" alt=\"\" width=\"494\" height=\"295\"><\/p>\n<p>&nbsp;<\/p>\n\n\n\n<p><span style=\"font-family: Arial, serif\"><span style=\"font-size: medium\"><b>09.09.2019 <br>Gem\u00fcsekurs Teil 2<\/b><\/span><\/span><\/p>\n<p><span style=\"font-family: Arial, serif\"><span style=\"font-size: medium\">Die vierte Klasse belegte den 2. Teil ihres Gem\u00fcsekurses im \u00d6kogarten der IGS Peine. Sie waren schon alle gespannt, was aus dem im Fr\u00fchjahr gepflanzten und ges\u00e4ten Gem\u00fcse&nbsp; so gewachsen war. W\u00fcrde es f\u00fcr ein Mittagessen reichen? Im \u00d6kogarten wurden die Kinder in 3 Gruppen eingeteilt und ernteten Kartoffeln, M\u00f6hren, Kohlrabi, Salat und frische Kr\u00e4uter. Alles wurde gr\u00fcndlich gewaschen und geputzt. Das Festmahl aus Pellkartoffeln &#8211; \u00fcber dem Lagerfeuer gekocht &#8211; , Kr\u00e4uterquark und Gem\u00fcsesticks am herbstlich dekorierten Tisch schmeckte allen. \u201eGesundes, selbst geerntetes und zubereitetes Essen macht richtig Spa\u00df\u201c und \u201eich wusste gar nicht, wie gut Blumen schmecken\u201c war das Fazit der Klasse 4.<\/span><\/span><\/p>\n<p><img loading=\"lazy\" decoding=\"async\" class=\"alignnone  wp-image-590\" src=\"https:\/\/wordpress.nibis.de\/gsdungel\/files\/2020\/03\/\u00d6kogarten-3-800x478.jpg\" alt=\"\" width=\"310\" height=\"185\"> <img loading=\"lazy\" decoding=\"async\" class=\"alignnone  wp-image-591\" src=\"https:\/\/wordpress.nibis.de\/gsdungel\/files\/2020\/03\/kogarten-5-e1584693192159-450x478.jpg\" alt=\"\" width=\"174\" height=\"184\"><\/p>\n<p>&nbsp;<\/p>\n\n\n\n<p><strong>09.09.2019<\/strong><br><strong>Ein Vormittag beim Imker&nbsp;<\/strong><\/p>\n<p>Die Klassen 1 und 2 verbrachten einen interessanten Schulvormittag beim Imker Herrn&nbsp; Kolshorn in Schmedenstedt. Klassenweise durchliefen die Kinder verschiedene Stationen. So konnten verschiedene Insekten unter der Lupe betrachtet werden. Ein Bienenstock wurde besucht und die Kinder konnten die Bienen in Aktion erleben. Hier erfuhren sie auch viel Wissenswertes \u00fcber die Bienen: wie sie leben und arbeiten, welche Feinde sie haben, wovon sie sich ern\u00e4hren u.v.m.<br>Im Honigraum wurde den Kindern die Honigschleuder erkl\u00e4rt und vorgef\u00fchrt. Abschlie\u00dfend sahen sie noch einen kleinen Film \u00fcber das Leben der Bienen. Als Erinnerung an diesen sch\u00f6nen Tag konnten die Kinder sich selbst eine Kerze aus Bienenwachsplatten drehen und mit nach Hause nehmen. Viele nutzten auch die M\u00f6glichkeit, sich ein Glas des leckeren Honigs zu kaufen.<\/p>\n<p><img loading=\"lazy\" decoding=\"async\" class=\"alignnone  wp-image-746\" src=\"https:\/\/wordpress.nibis.de\/gsdungel\/files\/2020\/03\/IMG_5820-800x478.jpg\" alt=\"\" width=\"310\" height=\"185\"> <img loading=\"lazy\" decoding=\"async\" class=\"alignnone  wp-image-745\" src=\"https:\/\/wordpress.nibis.de\/gsdungel\/files\/2020\/03\/IMG_5813-800x478.jpg\" alt=\"\" width=\"309\" height=\"184\"><\/p>\n<p>&nbsp;<\/p>\n\n\n\n<p><strong>06.09.2019<\/strong><br><strong>Maislabyrinth<\/strong><\/p>\n<p><span style=\"font-family: Arial, serif\"><span style=\"font-size: medium\"><b>&nbsp;<\/b><\/span><\/span><span style=\"font-family: Arial, serif\"><span style=\"font-size: medium\">Am Freitag machte sich die Klasse 4 bei strahlendem Sonnenschein auf den Weg ins Maislabyrinth von Familie Peyers. Nach einer spannenden Such- und R\u00e4tselaktion schafften es zum Gl\u00fcck alle L\u00f6wen wieder heil aus dem Labyrinth heraus und konnten nicht nur das L\u00f6sungswort finden, sondern auch ihr Wissen \u00fcber Getreidesorten aus Klasse 3 wieder auffrischen. Ein sch\u00f6ner lehrreicher Schulvormittag klang aus bei Apfelsaft und Maiskringeln. Wir sagen \u201eDANKE\u201c liebe Familie Peyers.<\/span><\/span><\/p>\n<p><img loading=\"lazy\" decoding=\"async\" class=\"wp-image-583 aligncenter\" src=\"https:\/\/wordpress.nibis.de\/gsdungel\/files\/2020\/03\/Maislabyrinth-1-850x478.jpg\" alt=\"\" width=\"425\" height=\"239\" srcset=\"https:\/\/wordpress.nibis.de\/gsdungel\/files\/2020\/03\/Maislabyrinth-1-850x478.jpg 850w, https:\/\/wordpress.nibis.de\/gsdungel\/files\/2020\/03\/Maislabyrinth-1-250x141.jpg 250w, https:\/\/wordpress.nibis.de\/gsdungel\/files\/2020\/03\/Maislabyrinth-1-1200x675.jpg 1200w\" sizes=\"auto, (max-width: 425px) 100vw, 425px\" \/><\/p>\n\n\n\n<h3><strong>17.08.2019<br>Einschulung<\/strong><\/h3>\n<p><span style=\"font-family: Arial, serif\"><span style=\"font-size: medium\">In diesem Schuljahr begr\u00fc\u00dften wir 17&nbsp; stolze Erstkl\u00e4ssler in unserer Schulgemeinschaft. Nach dem Gottesdienst in der Dungelbecker Kirche ging es gemeinsam zur Schule, wo die neue Eulenklasse von ihren jubelnden Mitsch\u00fclern, Lehrern, Eltern und Verwandten empfangen wurde. Es gab ein buntes Programm in der Turnhalle, u.a. pr\u00e4sentierte die 4. Klasse ihr lange ge\u00fcbtes Theaterst\u00fcck \u201e Ein Kobold kommt in die Schule\u201c. Vers\u00fc\u00dft wurde der Schulanfang den Erstkl\u00e4sslern durch die \u00dcbergabe der Schult\u00fcten von den Patenkindern. <br>W\u00e4hrend die Eulenklasse ihre erste richtige Unterrichtsstunde im Klassenraum hatte, versorgte die Elternschaft der Klasse 2 alle Wartenden mit Snacks und Getr\u00e4nken. Nachdem alle Fotos gemacht waren, lie\u00dfen sich unsere Neuen sicherlich noch im Kreise ihrer Familien weiter feiern.<\/span><\/span><\/p>\n<p><img loading=\"lazy\" decoding=\"async\" class=\"alignnone  wp-image-560\" src=\"https:\/\/wordpress.nibis.de\/gsdungel\/files\/2020\/03\/Ein-Kobold-kommt-in-die-Schule-1-532x478.jpg\" alt=\"\" width=\"261\" height=\"235\"> <img loading=\"lazy\" decoding=\"async\" class=\"wp-image-562 alignnone\" src=\"https:\/\/wordpress.nibis.de\/gsdungel\/files\/2020\/03\/Ein-Kobold-kommt-in-die-Schule-3-401x478.jpg\" alt=\"\" width=\"217\" height=\"258\"><\/p>\n","protected":false},"excerpt":{"rendered":"<p>24.02. &#8211; 27.02.2020Zirkusprojektwoche Nach der etwas k\u00fcrzeren Rosenmontagsparty in der Turnhalle und einer kurzen Fr\u00fchst\u00fcckspause am leckeren Buffet ging es n\u00e4mlich direkt in die Manege und in die Einteilung der Gruppen f\u00fcr die Projektwoche Zirkus mit dem \u201eZirkus Rasch\u201c. An &hellip; <a href=\"https:\/\/wordpress.nibis.de\/gsdungel\/schuljahr-2019-20\/\">Weiterlesen <span class=\"meta-nav\">&rarr;<\/span><\/a><\/p>\n","protected":false},"author":9193125,"featured_media":0,"parent":0,"menu_order":0,"comment_status":"closed","ping_status":"closed","template":"","meta":{"footnotes":""},"class_list":["post-401","page","type-page","status-publish","hentry"],"_links":{"self":[{"href":"https:\/\/wordpress.nibis.de\/gsdungel\/wp-json\/wp\/v2\/pages\/401","targetHints":{"allow":["GET"]}}],"collection":[{"href":"https:\/\/wordpress.nibis.de\/gsdungel\/wp-json\/wp\/v2\/pages"}],"about":[{"href":"https:\/\/wordpress.nibis.de\/gsdungel\/wp-json\/wp\/v2\/types\/page"}],"author":[{"embeddable":true,"href":"https:\/\/wordpress.nibis.de\/gsdungel\/wp-json\/wp\/v2\/users\/9193125"}],"replies":[{"embeddable":true,"href":"https:\/\/wordpress.nibis.de\/gsdungel\/wp-json\/wp\/v2\/comments?post=401"}],"version-history":[{"count":66,"href":"https:\/\/wordpress.nibis.de\/gsdungel\/wp-json\/wp\/v2\/pages\/401\/revisions"}],"predecessor-version":[{"id":750,"href":"https:\/\/wordpress.nibis.de\/gsdungel\/wp-json\/wp\/v2\/pages\/401\/revisions\/750"}],"wp:attachment":[{"href":"https:\/\/wordpress.nibis.de\/gsdungel\/wp-json\/wp\/v2\/media?parent=401"}],"curies":[{"name":"wp","href":"https:\/\/api.w.org\/{rel}","templated":true}]}}