{"id":73,"date":"2019-05-05T17:50:46","date_gmt":"2019-05-05T15:50:46","guid":{"rendered":"https:\/\/wordpress.nibis.de\/gsdungel\/?page_id=73"},"modified":"2024-07-03T12:41:45","modified_gmt":"2024-07-03T10:41:45","slug":"ag-angebote","status":"publish","type":"page","link":"https:\/\/wordpress.nibis.de\/gsdungel\/ag-angebote\/","title":{"rendered":"AG-Angebote"},"content":{"rendered":"\n<p>F\u00fcr die Sch\u00fclerinnen und Sch\u00fcler der Klassen 3 und 4 gibt es verschiedene AG-Angebote.<\/p>\n<p>Die Arbeitsgemeinschaften finden immer montags in der 6. Stunde statt.<\/p>\n<p>\u00a0<u>Arbeitsgemeinschaften im Schuljahr 2024 \/ 2025 &#8211; 1.Halbjahr<\/u><\/p>\n\n<table id=\"tablepress-3\" class=\"tablepress tablepress-id-3\">\n<tbody class=\"row-striping row-hover\">\n<tr class=\"row-1\">\n\t<td class=\"column-1\"><\/td><td class=\"column-2\"><\/td>\n<\/tr>\n<tr class=\"row-2\">\n\t<td class=\"column-1\"><\/td><td class=\"column-2\"><\/td>\n<\/tr>\n<tr class=\"row-3\">\n\t<td class=\"column-1\"><\/td><td class=\"column-2\"><\/td>\n<\/tr>\n<tr class=\"row-4\">\n\t<td class=\"column-1\"><\/td><td class=\"column-2\"><\/td>\n<\/tr>\n<\/tbody>\n<\/table>\n<!-- #tablepress-3 from cache -->\n<p><br \/>\u00a0<\/p>\n<p>\u00a0<br \/><br \/><\/p>\n<p>\u00a0<\/p>\n","protected":false},"excerpt":{"rendered":"<p>F\u00fcr die Sch\u00fclerinnen und Sch\u00fcler der Klassen 3 und 4 gibt es verschiedene AG-Angebote. Die Arbeitsgemeinschaften finden immer montags in der 6. Stunde statt. \u00a0Arbeitsgemeinschaften im Schuljahr 2024 \/ 2025 &#8211; 1.Halbjahr \u00a0 \u00a0 \u00a0<\/p>\n","protected":false},"author":9193125,"featured_media":0,"parent":0,"menu_order":0,"comment_status":"closed","ping_status":"closed","template":"","meta":{"footnotes":""},"class_list":["post-73","page","type-page","status-publish","hentry"],"_links":{"self":[{"href":"https:\/\/wordpress.nibis.de\/gsdungel\/wp-json\/wp\/v2\/pages\/73","targetHints":{"allow":["GET"]}}],"collection":[{"href":"https:\/\/wordpress.nibis.de\/gsdungel\/wp-json\/wp\/v2\/pages"}],"about":[{"href":"https:\/\/wordpress.nibis.de\/gsdungel\/wp-json\/wp\/v2\/types\/page"}],"author":[{"embeddable":true,"href":"https:\/\/wordpress.nibis.de\/gsdungel\/wp-json\/wp\/v2\/users\/9193125"}],"replies":[{"embeddable":true,"href":"https:\/\/wordpress.nibis.de\/gsdungel\/wp-json\/wp\/v2\/comments?post=73"}],"version-history":[{"count":12,"href":"https:\/\/wordpress.nibis.de\/gsdungel\/wp-json\/wp\/v2\/pages\/73\/revisions"}],"predecessor-version":[{"id":1356,"href":"https:\/\/wordpress.nibis.de\/gsdungel\/wp-json\/wp\/v2\/pages\/73\/revisions\/1356"}],"wp:attachment":[{"href":"https:\/\/wordpress.nibis.de\/gsdungel\/wp-json\/wp\/v2\/media?parent=73"}],"curies":[{"name":"wp","href":"https:\/\/api.w.org\/{rel}","templated":true}]}}