{"id":74,"date":"2019-05-05T17:50:46","date_gmt":"2019-05-05T15:50:46","guid":{"rendered":"https:\/\/wordpress.nibis.de\/gsdungel\/?page_id=74"},"modified":"2020-03-26T20:20:24","modified_gmt":"2020-03-26T19:20:24","slug":"schulbuecherei","status":"publish","type":"page","link":"https:\/\/wordpress.nibis.de\/gsdungel\/schulbuecherei\/","title":{"rendered":"Schulb\u00fccherei"},"content":{"rendered":"\n<p>Um die Lesefreude bei den Kindern zu wecken bzw. zu st\u00e4rken kann in unserer Schulb\u00fccherei nach Herzenslust geschm\u00f6kert und ausgeliehen werden.<\/p>\n<p><strong>\u00d6ffnungszeiten:<br \/><\/strong><strong>dienstags und freitags jeweils in der ersten gro\u00dfen Pause<\/strong><\/p>\n<p>Verantwortlich f\u00fcr das Ausleihverfahren und die Ordnung in unserer B\u00fccherei ist jeweils die vierte Klasse unter Anleitung ihrer Klassenlehrerin.<img loading=\"lazy\" decoding=\"async\" class=\"wp-image-734 alignleft\" src=\"https:\/\/wordpress.nibis.de\/gsdungel\/files\/2020\/03\/IMG-20200326-WA0003-1.jpg\" alt=\"\" width=\"451\" height=\"254\" srcset=\"https:\/\/wordpress.nibis.de\/gsdungel\/files\/2020\/03\/IMG-20200326-WA0003-1.jpg 800w, https:\/\/wordpress.nibis.de\/gsdungel\/files\/2020\/03\/IMG-20200326-WA0003-1-250x141.jpg 250w, https:\/\/wordpress.nibis.de\/gsdungel\/files\/2020\/03\/IMG-20200326-WA0003-1-768x433.jpg 768w\" sizes=\"auto, (max-width: 451px) 100vw, 451px\" \/> <img loading=\"lazy\" decoding=\"async\" class=\"wp-image-735 alignright\" src=\"https:\/\/wordpress.nibis.de\/gsdungel\/files\/2020\/03\/IMG-20200326-WA0004.jpg\" alt=\"\" width=\"456\" height=\"257\" srcset=\"https:\/\/wordpress.nibis.de\/gsdungel\/files\/2020\/03\/IMG-20200326-WA0004.jpg 800w, https:\/\/wordpress.nibis.de\/gsdungel\/files\/2020\/03\/IMG-20200326-WA0004-250x141.jpg 250w, https:\/\/wordpress.nibis.de\/gsdungel\/files\/2020\/03\/IMG-20200326-WA0004-768x433.jpg 768w\" sizes=\"auto, (max-width: 456px) 100vw, 456px\" \/><\/p>\n<p><img loading=\"lazy\" decoding=\"async\" class=\"wp-image-728 alignnone\" src=\"https:\/\/wordpress.nibis.de\/gsdungel\/files\/2020\/03\/IMG-20200326-WA0005-1.jpg\" alt=\"\" width=\"456\" height=\"257\" srcset=\"https:\/\/wordpress.nibis.de\/gsdungel\/files\/2020\/03\/IMG-20200326-WA0005-1.jpg 800w, https:\/\/wordpress.nibis.de\/gsdungel\/files\/2020\/03\/IMG-20200326-WA0005-1-250x141.jpg 250w, https:\/\/wordpress.nibis.de\/gsdungel\/files\/2020\/03\/IMG-20200326-WA0005-1-768x433.jpg 768w\" sizes=\"auto, (max-width: 456px) 100vw, 456px\" \/><img loading=\"lazy\" decoding=\"async\" class=\"wp-image-724 alignleft\" src=\"https:\/\/wordpress.nibis.de\/gsdungel\/files\/2020\/03\/IMG-20200326-WA0002-1.jpg\" alt=\"\" width=\"454\" height=\"256\" \/><\/p>\n","protected":false},"excerpt":{"rendered":"<p>Um die Lesefreude bei den Kindern zu wecken bzw. zu st\u00e4rken kann in unserer Schulb\u00fccherei nach Herzenslust geschm\u00f6kert und ausgeliehen werden. \u00d6ffnungszeiten:dienstags und freitags jeweils in der ersten gro\u00dfen Pause Verantwortlich f\u00fcr das Ausleihverfahren und die Ordnung in unserer B\u00fccherei &hellip; <a href=\"https:\/\/wordpress.nibis.de\/gsdungel\/schulbuecherei\/\">Weiterlesen <span class=\"meta-nav\">&rarr;<\/span><\/a><\/p>\n","protected":false},"author":9193125,"featured_media":0,"parent":0,"menu_order":0,"comment_status":"closed","ping_status":"closed","template":"","meta":{"footnotes":""},"class_list":["post-74","page","type-page","status-publish","hentry"],"_links":{"self":[{"href":"https:\/\/wordpress.nibis.de\/gsdungel\/wp-json\/wp\/v2\/pages\/74","targetHints":{"allow":["GET"]}}],"collection":[{"href":"https:\/\/wordpress.nibis.de\/gsdungel\/wp-json\/wp\/v2\/pages"}],"about":[{"href":"https:\/\/wordpress.nibis.de\/gsdungel\/wp-json\/wp\/v2\/types\/page"}],"author":[{"embeddable":true,"href":"https:\/\/wordpress.nibis.de\/gsdungel\/wp-json\/wp\/v2\/users\/9193125"}],"replies":[{"embeddable":true,"href":"https:\/\/wordpress.nibis.de\/gsdungel\/wp-json\/wp\/v2\/comments?post=74"}],"version-history":[{"count":8,"href":"https:\/\/wordpress.nibis.de\/gsdungel\/wp-json\/wp\/v2\/pages\/74\/revisions"}],"predecessor-version":[{"id":738,"href":"https:\/\/wordpress.nibis.de\/gsdungel\/wp-json\/wp\/v2\/pages\/74\/revisions\/738"}],"wp:attachment":[{"href":"https:\/\/wordpress.nibis.de\/gsdungel\/wp-json\/wp\/v2\/media?parent=74"}],"curies":[{"name":"wp","href":"https:\/\/api.w.org\/{rel}","templated":true}]}}