{"id":88,"date":"2019-05-05T18:12:19","date_gmt":"2019-05-05T16:12:19","guid":{"rendered":"https:\/\/wordpress.nibis.de\/gsdungel\/?page_id=88"},"modified":"2024-09-14T12:04:28","modified_gmt":"2024-09-14T10:04:28","slug":"infos","status":"publish","type":"page","link":"https:\/\/wordpress.nibis.de\/gsdungel\/infos\/","title":{"rendered":"Infos"},"content":{"rendered":"\n<div class=\"wp-block-image\"><figure class=\"aligncenter is-resized\"><img loading=\"lazy\" decoding=\"async\" src=\"https:\/\/wordpress.nibis.de\/gsdungel\/files\/2019\/05\/Logo_Foerderverein-Formular-561x600.jpg\" alt=\"\" class=\"wp-image-104\" width=\"316\" height=\"338\" srcset=\"https:\/\/wordpress.nibis.de\/gsdungel\/files\/2019\/05\/Logo_Foerderverein-Formular-561x600.jpg 561w, https:\/\/wordpress.nibis.de\/gsdungel\/files\/2019\/05\/Logo_Foerderverein-Formular-280x300.jpg 280w, https:\/\/wordpress.nibis.de\/gsdungel\/files\/2019\/05\/Logo_Foerderverein-Formular-768x822.jpg 768w, https:\/\/wordpress.nibis.de\/gsdungel\/files\/2019\/05\/Logo_Foerderverein-Formular.jpg 1267w\" sizes=\"auto, (max-width: 316px) 100vw, 316px\" \/><\/figure><\/div>\n\n\n\n<h1 style=\"text-align: left\">&nbsp;<\/h1>\n<p>&nbsp;<\/p>\n\n\n\n<h2 class=\"wp-block-heading\">Wer wir sind<\/h2>\n\n\n\n<p>Eltern, Lehrer und Mitb\u00fcrger, die Interesse an der F\u00f6rderung der Grundschule Dungelbeck haben.&nbsp;Jeder kann Mitglied werden \u2013 ein Kind an der Grundschule ist keine Voraussetzung.<\/p>\n\n\n\n<h2 class=\"wp-block-heading\">Was wir bewegen m\u00f6chten<\/h2>\n\n\n\n<ul>\n<li>Das Vertrauensverh\u00e4ltnis zwischen Eltern, Lehrern und Sch\u00fclern pflegen.<\/li>\n<li>Die Schularbeit ideell und materiell f\u00f6rdern.<\/li>\n<\/ul>\n\n\n\n\n\n<h2 class=\"wp-block-heading\">Das tun wir konkret f\u00fcr die Schule<\/h2>\n\n\n\n<ul>\n<li>Organisation von bildenden Veranstaltungen f\u00fcr Eltern und Sch\u00fcler.<\/li>\n<li>F\u00f6rderung von gemeinsamen schulischen und au\u00dferschulischen Aktivit\u00e4ten.<\/li>\n<li>Anschaffung von au\u00dfergew\u00f6hnlichen Lehrmaterialien, f\u00fcr die der Schultr\u00e4ger nicht zust\u00e4ndig ist.<\/li>\n<li>Die Schule ins d\u00f6rfliche Vereinsleben einbinden.<\/li>\n<\/ul>\n\n\n\n<h2 class=\"wp-block-heading\">Was k\u00f6nnen wir, was die Schule nicht kann?<\/h2>\n\n\n\n<ul>\n<li>Die Eltern st\u00e4rken<\/li>\n<li>Die Schule st\u00e4rker ins Dorfleben r\u00fccken.<\/li>\n<li>Spendenquittungen ausstellen.<\/li>\n<li>Steuerliche Absetzbarkeit der Mitgliedsbeitr\u00e4ge bieten.<\/li>\n<\/ul>\n\n\n\n<h2 class=\"wp-block-heading\">Jetzt beitreten und Gutes tun!<\/h2>\n\n\n\n<p>Wir sind immer auf der Suche nach engagierten Menschen,<\/p>\n<ul>\n<li>die ihre F\u00e4higkeiten einbringen.<\/li>\n<li>Ideen und Kreativit\u00e4t f\u00fcr unsere gemeinsamen Ziele beisteuern.<\/li>\n<li>uns mit Zuwendungen aus Mitgliedsbeitr\u00e4gen und Spenden aller Art unterst\u00fctzen.<\/li>\n<\/ul>\n<p>Beitreten oder spenden ist ganz einfach. Alle Infos plus Formular f\u00fcr den Beitritt gibt es hier: <a href=\"https:\/\/wordpress.nibis.de\/gsdungel\/files\/2024\/09\/Flyer_Foerderverein2024.pdf\">F\u00f6rderverein_Faltblatt<\/a><br \/><br \/><strong>Mit nur 12 Euro im Jahr k\u00f6nnt Ihr viel bewegen \u2013 f\u00fcr Eure Kids und unsere Schule!<\/strong><\/p>\n\n\n\n\n\n<p><\/p>\n","protected":false},"excerpt":{"rendered":"<p>&nbsp; &nbsp; Wer wir sind Eltern, Lehrer und Mitb\u00fcrger, die Interesse an der F\u00f6rderung der Grundschule Dungelbeck haben.&nbsp;Jeder kann Mitglied werden \u2013 ein Kind an der Grundschule ist keine Voraussetzung. Was wir bewegen m\u00f6chten Das Vertrauensverh\u00e4ltnis zwischen Eltern, Lehrern und &hellip; <a href=\"https:\/\/wordpress.nibis.de\/gsdungel\/infos\/\">Weiterlesen <span class=\"meta-nav\">&rarr;<\/span><\/a><\/p>\n","protected":false},"author":9193125,"featured_media":0,"parent":0,"menu_order":0,"comment_status":"closed","ping_status":"closed","template":"","meta":{"footnotes":""},"class_list":["post-88","page","type-page","status-publish","hentry"],"_links":{"self":[{"href":"https:\/\/wordpress.nibis.de\/gsdungel\/wp-json\/wp\/v2\/pages\/88","targetHints":{"allow":["GET"]}}],"collection":[{"href":"https:\/\/wordpress.nibis.de\/gsdungel\/wp-json\/wp\/v2\/pages"}],"about":[{"href":"https:\/\/wordpress.nibis.de\/gsdungel\/wp-json\/wp\/v2\/types\/page"}],"author":[{"embeddable":true,"href":"https:\/\/wordpress.nibis.de\/gsdungel\/wp-json\/wp\/v2\/users\/9193125"}],"replies":[{"embeddable":true,"href":"https:\/\/wordpress.nibis.de\/gsdungel\/wp-json\/wp\/v2\/comments?post=88"}],"version-history":[{"count":21,"href":"https:\/\/wordpress.nibis.de\/gsdungel\/wp-json\/wp\/v2\/pages\/88\/revisions"}],"predecessor-version":[{"id":1386,"href":"https:\/\/wordpress.nibis.de\/gsdungel\/wp-json\/wp\/v2\/pages\/88\/revisions\/1386"}],"wp:attachment":[{"href":"https:\/\/wordpress.nibis.de\/gsdungel\/wp-json\/wp\/v2\/media?parent=88"}],"curies":[{"name":"wp","href":"https:\/\/api.w.org\/{rel}","templated":true}]}}