{"id":91,"date":"2019-05-05T18:12:19","date_gmt":"2019-05-05T16:12:19","guid":{"rendered":"https:\/\/wordpress.nibis.de\/gsdungel\/?page_id=91"},"modified":"2019-06-07T21:06:12","modified_gmt":"2019-06-07T19:06:12","slug":"satzung","status":"publish","type":"page","link":"https:\/\/wordpress.nibis.de\/gsdungel\/satzung\/","title":{"rendered":"Satzung"},"content":{"rendered":"\n<p>Ordnung muss sein \u2013 als eingetragener Verein verf\u00fcgen wir selbstverst\u00e4ndlich \u00fcber eine eigene Satzung: <a href=\"https:\/\/wordpress.nibis.de\/gsdungel\/files\/2019\/06\/AktuelleSatzungFoerderverein.pdf\">AktuelleSatzungFoerderverein<\/a><\/p>\n","protected":false},"excerpt":{"rendered":"<p>Ordnung muss sein \u2013 als eingetragener Verein verf\u00fcgen wir selbstverst\u00e4ndlich \u00fcber eine eigene Satzung: AktuelleSatzungFoerderverein<\/p>\n","protected":false},"author":9193125,"featured_media":0,"parent":0,"menu_order":0,"comment_status":"closed","ping_status":"closed","template":"","meta":{"footnotes":""},"class_list":["post-91","page","type-page","status-publish","hentry"],"_links":{"self":[{"href":"https:\/\/wordpress.nibis.de\/gsdungel\/wp-json\/wp\/v2\/pages\/91","targetHints":{"allow":["GET"]}}],"collection":[{"href":"https:\/\/wordpress.nibis.de\/gsdungel\/wp-json\/wp\/v2\/pages"}],"about":[{"href":"https:\/\/wordpress.nibis.de\/gsdungel\/wp-json\/wp\/v2\/types\/page"}],"author":[{"embeddable":true,"href":"https:\/\/wordpress.nibis.de\/gsdungel\/wp-json\/wp\/v2\/users\/9193125"}],"replies":[{"embeddable":true,"href":"https:\/\/wordpress.nibis.de\/gsdungel\/wp-json\/wp\/v2\/comments?post=91"}],"version-history":[{"count":5,"href":"https:\/\/wordpress.nibis.de\/gsdungel\/wp-json\/wp\/v2\/pages\/91\/revisions"}],"predecessor-version":[{"id":182,"href":"https:\/\/wordpress.nibis.de\/gsdungel\/wp-json\/wp\/v2\/pages\/91\/revisions\/182"}],"wp:attachment":[{"href":"https:\/\/wordpress.nibis.de\/gsdungel\/wp-json\/wp\/v2\/media?parent=91"}],"curies":[{"name":"wp","href":"https:\/\/api.w.org\/{rel}","templated":true}]}}