{"id":1034,"date":"2024-06-15T09:15:40","date_gmt":"2024-06-15T07:15:40","guid":{"rendered":"https:\/\/wordpress.nibis.de\/gseksbohmte\/?page_id=1034"},"modified":"2024-06-15T09:16:21","modified_gmt":"2024-06-15T07:16:21","slug":"unser-partner-johanniter-e-v","status":"publish","type":"page","link":"https:\/\/wordpress.nibis.de\/gseksbohmte\/unser-partner-johanniter-e-v\/","title":{"rendered":"Unser Partner: Johanniter-Unfall-Hilfe e.V."},"content":{"rendered":"\n<p>Liebe Eltern.<\/p>\n\n\n\n<p>F\u00fcr die Johanniter-Unfall-Hilfe e. V. ist die Bildung, Betreuung und Erziehung von Kindern in Tageseinrichtungen und Schulen eine wichtige, satzungsgem\u00e4\u00dfe Aufgabe mit gro\u00dfer gesellschaftlicher Bedeutung. Als anerkannter Tr\u00e4ger der freien Jugendhilfe betreiben die Johanniter in Niedersachsen und Bremen 55 Kindertageseinrichtungen, zum Teil mit Hortangeboten, sowie 12 Grundschulen mit offenem Ganztag.<\/p>\n\n\n\n<p>Nun haben wir zus\u00e4tzlich die Kooperation mit der Gemeinde Bohmte geschlossen, um an der Christophorus &#8211; Schule und der Erich &#8211; K\u00e4stner Schule den Ganztag zu gestalten.<\/p>\n\n\n\n<p>Sch\u00fcler*innen verbringen einen Gro\u00dfteil ihres Tages im schulischen Kontext. Mit dieser Zeit gehen wir verantwortungsbewusst um und m\u00f6chten den Kindern die M\u00f6glichkeit geben, ihren Ganztag daf\u00fcr zu nutzen, individuelle Interessen und F\u00e4higkeiten zu entdecken, neue Kompetenzen zu erwerben und soziale Beziehungen zu gestalten.<\/p>\n\n\n\n<p>Unser Ganztag wird von Montag bis Donnerstag in der Zeit von 13:00 bis 15:30 Uhr angeboten. Bestandteile unseres Ganztages sind das gemeinsame Mittagessen, die Hausaufgabenzeit und verschiedene AG und Freizeitangebote. Informationen zu den konkreten AG Angeboten erhalten Sie nach Start des neuen Schuljahres. Au\u00dferdem muss ich darauf hinweisen, dass die Zahl unserer Pl\u00e4tze im Ganztag begrenzt ist und berufst\u00e4tige Eltern oder Familien, in denen besondere Umst\u00e4nde vorliegen, ein Vorrecht auf einen Platz im Ganztag haben.<\/p>\n\n\n\n<p>Anmeldungen f\u00fcr unseren Ganztag finden Sie online auf der Website der Christophorus &#8211; Schule und der Erich &#8211; K\u00e4stner Schule. Sie k\u00f6nnen die Anmeldungen gerne einscannen und an <a href=\"&#109;&#x61;&#105;&#x6c;t&#x6f;:&#109;&#x61;&#114;&#x69;&#97;&#x2e;s&#x63;h&#114;&#x6f;&#101;&#x64;e&#x72;&#64;&#x6a;&#x6f;&#104;&#x61;&#110;&#x6e;i&#x74;e&#114;&#x2e;&#100;&#x65;\">&#109;a&#x72;i&#x61;&#46;&#x73;c&#x68;r&#x6f;e&#x64;&#101;&#x72;&#64;&#x6a;&#111;&#x68;&#97;&#x6e;&#110;&#x69;&#116;&#x65;&#114;&#46;&#x64;e<\/a> senden. Sie haben auch die M\u00f6glichkeit die Anmeldung per Post zu senden:<\/p>\n\n\n\n<p>Johanniter-Unfall-Hilfe e.V.<\/p>\n\n\n\n<p>Ortsverband Osnabr\u00fcck Ganztag<\/p>\n\n\n\n<p>Maria Schr\u00f6der<\/p>\n\n\n\n<p>Br\u00fcckenstra\u00dfe 3<\/p>\n\n\n\n<p>49090 Osnabr\u00fcck<\/p>\n\n\n\n<p>Sie k\u00f6nnen die Anmeldung auch gerne in der Schule abgeben.<\/p>\n\n\n\n<p>Sollten Sie Fragen haben, melden Sie sich gerne bei Maria Schr\u00f6der. Sie \u00fcbernimmt die Leitung des Ganztages in Bohmte und sie hilft Ihnen sehr gerne bei s\u00e4mtlichen Fragen rund um den Ganztag weiter.<\/p>\n\n\n\n<p><em><u>Kontakt Maria Schr\u00f6der:<\/u><\/em><\/p>\n\n\n\n<p><a href=\"&#109;&#x61;i&#108;&#x74;&#111;&#x3a;m&#97;&#x72;i&#x61;&#x2e;&#115;&#x63;h&#114;&#x6f;e&#x64;&#x65;&#114;&#x40;j&#111;&#x68;&#97;&#x6e;n&#105;&#x74;e&#114;&#x2e;&#100;&#x65;\">&#109;a&#x72;i&#x61;&#46;&#x73;c&#x68;&#114;&#x6f;&#101;&#x64;&#101;&#x72;&#64;j&#111;h&#x61;n&#x6e;i&#x74;&#101;&#x72;&#46;&#x64;&#101;<\/a><\/p>\n\n\n\n<p>0172\/ 2079038<\/p>\n","protected":false},"excerpt":{"rendered":"<p>Liebe Eltern. F\u00fcr die Johanniter-Unfall-Hilfe e. V. ist die Bildung, Betreuung und Erziehung von Kindern in Tageseinrichtungen und Schulen eine wichtige, satzungsgem\u00e4\u00dfe Aufgabe mit gro\u00dfer gesellschaftlicher Bedeutung. Als anerkannter Tr\u00e4ger<\/p>\n","protected":false},"author":9193920,"featured_media":0,"parent":0,"menu_order":0,"comment_status":"closed","ping_status":"closed","template":"","meta":{"footnotes":""},"class_list":["post-1034","page","type-page","status-publish","hentry"],"_links":{"self":[{"href":"https:\/\/wordpress.nibis.de\/gseksbohmte\/wp-json\/wp\/v2\/pages\/1034","targetHints":{"allow":["GET"]}}],"collection":[{"href":"https:\/\/wordpress.nibis.de\/gseksbohmte\/wp-json\/wp\/v2\/pages"}],"about":[{"href":"https:\/\/wordpress.nibis.de\/gseksbohmte\/wp-json\/wp\/v2\/types\/page"}],"author":[{"embeddable":true,"href":"https:\/\/wordpress.nibis.de\/gseksbohmte\/wp-json\/wp\/v2\/users\/9193920"}],"replies":[{"embeddable":true,"href":"https:\/\/wordpress.nibis.de\/gseksbohmte\/wp-json\/wp\/v2\/comments?post=1034"}],"version-history":[{"count":2,"href":"https:\/\/wordpress.nibis.de\/gseksbohmte\/wp-json\/wp\/v2\/pages\/1034\/revisions"}],"predecessor-version":[{"id":1036,"href":"https:\/\/wordpress.nibis.de\/gseksbohmte\/wp-json\/wp\/v2\/pages\/1034\/revisions\/1036"}],"wp:attachment":[{"href":"https:\/\/wordpress.nibis.de\/gseksbohmte\/wp-json\/wp\/v2\/media?parent=1034"}],"curies":[{"name":"wp","href":"https:\/\/api.w.org\/{rel}","templated":true}]}}