{"id":104,"date":"2022-10-24T16:50:57","date_gmt":"2022-10-24T14:50:57","guid":{"rendered":"https:\/\/wordpress.nibis.de\/gseksbohmte\/?page_id=104"},"modified":"2026-03-10T14:03:05","modified_gmt":"2026-03-10T13:03:05","slug":"das-team","status":"publish","type":"page","link":"https:\/\/wordpress.nibis.de\/gseksbohmte\/das-team\/","title":{"rendered":"Das Team"},"content":{"rendered":"\n<p>Das Kollegium im August 2024:<\/p>\n\n\n\n<figure class=\"wp-block-image size-large\"><img loading=\"lazy\" decoding=\"async\" width=\"1200\" height=\"675\" src=\"https:\/\/wordpress.nibis.de\/gseksbohmte\/files\/2024\/08\/IMG_7855-1200x675.jpg\" alt=\"\" class=\"wp-image-1066\" srcset=\"https:\/\/wordpress.nibis.de\/gseksbohmte\/files\/2024\/08\/IMG_7855-1200x675.jpg 1200w, https:\/\/wordpress.nibis.de\/gseksbohmte\/files\/2024\/08\/IMG_7855-850x478.jpg 850w, https:\/\/wordpress.nibis.de\/gseksbohmte\/files\/2024\/08\/IMG_7855-250x141.jpg 250w\" sizes=\"auto, (max-width: 1200px) 100vw, 1200px\" \/><\/figure>\n\n\n\n<p>Im aktuellen Schuljahr arbeiten folgende Lehrkr\u00e4fte an der Erich K\u00e4stner-Schule:<\/p>\n\n\n\n<p>Klasse 3a: Frau K\u00fclker<\/p>\n\n\n\n<p>E-Mail: &#x61;&#x6e;&#106;a&#x2e;&#x6b;&#117;&#101;l&#x6b;&#x65;&#114;&#64;g&#x72;&#x75;&#110;ds&#x63;&#x68;&#117;l&#x65;&#x6e;&#45;&#98;o&#x68;&#x6d;&#116;&#101;&#46;&#x64;&#x65;<\/p>\n\n\n\n<p>Klasse 3b: Frau Verlage<\/p>\n\n\n\n<p>E-Mail: dagmar&#46;v&#101;&#114;&#108;&#97;&#103;&#101;&#64;&#103;&#114;&#117;&#x6e;&#x64;&#x73;&#x63;&#x68;&#x75;&#x6c;&#x65;&#x6e;&#x2d;&#x62;&#x6f;&#x68;&#x6d;&#x74;e&#46;de<\/p>\n\n\n\n<hr class=\"wp-block-separator has-css-opacity\" \/>\n\n\n\n<p>Klasse 4a: Herr M\u00f6llenkamp<\/p>\n\n\n\n<p>E-Mail: &#x64;a&#x6e;&#105;&#x65;&#108;&#46;&#x6d;o&#x65;&#108;&#x6c;&#101;n&#x6b;&#97;&#x6d;&#112;&#64;&#x67;r&#x75;&#110;&#x64;&#115;c&#x68;u&#x6c;&#101;&#x6e;&#x2d;b&#x6f;&#104;&#x6d;&#116;e&#x2e;d&#x65;<\/p>\n\n\n\n<p>Klasse 4b: Frau Peschel<\/p>\n\n\n\n<p>E-Mail: &#x6a;&#111;s&#x65;&#112;h&#x69;&#x6e;&#101;&#x2e;&#x77;&#105;n&#x64;&#105;s&#x63;&#x68;&#64;&#x67;&#x72;&#117;n&#x64;&#115;c&#x68;&#x75;&#108;&#x65;&#x6e;&#45;b&#x6f;&#104;m&#x74;&#x65;&#46;&#x64;&#x65;<\/p>\n\n\n\n<p>Klasse 4c: Frau Kraft<\/p>\n\n\n\n<p>E-Mail: &#99;&#x68;&#x72;i&#115;&#x74;i&#110;&#x61;&#x2e;k&#114;&#x61;f&#116;&#x40;&#x67;r&#117;&#x6e;d&#115;&#x63;&#x68;&#117;&#108;&#x65;n&#45;&#x62;&#x6f;&#104;&#x6d;&#x74;e&#46;&#x64;e<\/p>\n\n\n\n<hr class=\"wp-block-separator has-css-opacity\" \/>\n\n\n\n<p>Klasse 1a: Frau Plogmann<\/p>\n\n\n\n<p>E-Mail: &#x6c;i&#x73;&#97;&#x2e;&#112;l&#x6f;g&#x6d;&#97;&#x6e;&#110;&#64;&#x67;&#114;&#x75;&#110;d&#x73;c&#x68;&#117;&#x6c;&#101;n&#x2d;b&#x6f;&#104;&#x6d;&#x74;e&#x2e;&#100;&#x65;<\/p>\n\n\n\n<p>Klasse 1b: Frau Schulte to Brinke<\/p>\n\n\n\n<p>E-Mail: &#x74;&#104;e&#x72;&#101;s&#x61;&#x2e;&#115;&#x63;&#x68;&#117;l&#x74;&#101;t&#x6f;&#x62;&#114;&#x69;&#x6e;&#107;e&#x40;&#103;r&#x75;&#x6e;&#100;&#x73;&#x63;&#104;u&#x6c;&#101;n&#x2d;&#x62;&#111;&#x68;&#x6d;&#116;e&#x2e;&#100;e<\/p>\n\n\n\n<p>Klasse 1c: Frau Preckwinkel<\/p>\n\n\n\n<p>E-Mail: &#109;&#x61;&#114;&#x69;&#101;&#x6b;&#101;&#x2e;&#112;&#x72;&#101;&#x63;&#107;&#x77;&#105;&#x6e;&#107;&#x65;&#108;&#x40;&#103;&#x72;&#117;&#x6e;&#100;&#x73;&#99;&#x68;&#117;&#x6c;&#101;&#x6e;&#45;&#x62;&#111;&#x68;&#109;&#x74;&#101;&#x2e;&#100;&#x65;<\/p>\n\n\n\n<hr class=\"wp-block-separator has-css-opacity\" \/>\n\n\n\n<p>Klasse 2a: Frau Huesmann<\/p>\n\n\n\n<p>E-Mail: &#x73;&#x61;&#x62;&#x72;&#105;&#110;&#97;&#46;h&#x75;&#x65;&#x73;&#x6d;&#x61;&#110;&#110;&#64;gr&#x75;&#x6e;&#x64;&#x73;&#x63;&#104;&#117;&#108;en&#x2d;&#x62;&#x6f;&#x68;&#x6d;&#116;&#101;&#46;de<\/p>\n\n\n\n<p>Klasse 2b: Frau Laumerich<\/p>\n\n\n\n<p>E-Mail: &#109;&#x69;r&#x6a;&#x61;&#109;&#x2e;l&#x61;&#x75;&#109;&#x65;r&#x69;&#x63;&#104;&#x40;g&#x72;&#x75;&#110;&#x64;s&#x63;&#x68;&#117;&#x6c;e&#x6e;&#x2d;&#98;&#x6f;h&#x6d;&#x74;&#101;&#x2e;d&#x65;<\/p>\n\n\n\n<p>Klasse 2c: Frau Nguyen<\/p>\n\n\n\n<p>E-Mail: &#108;&#x61;u&#114;&#x61;&#46;&#x6e;g&#117;&#x79;e&#x6e;&#x40;&#103;&#x72;u&#110;&#x64;s&#x63;&#x68;&#117;&#x6c;e&#110;&#x2d;&#98;&#x6f;h&#109;&#x74;e&#46;&#x64;&#101;<\/p>\n\n\n\n<hr class=\"wp-block-separator has-css-opacity\" \/>\n\n\n\n<p>Weitere Lehrkr\u00e4fte an unserer Schule: <\/p>\n\n\n\n<p>Frau Thelker<\/p>\n\n\n\n<p>E-Mail: &#x61;n&#x6e;e&#x2e;&#116;&#x68;&#101;l&#x6b;e&#x72;&#64;&#x67;&#114;&#x75;&#110;d&#x73;c&#x68;&#117;&#x6c;&#101;&#x6e;&#x2d;b&#x6f;h&#x6d;&#116;&#x65;&#46;d&#x65;<\/p>\n\n\n\n<p>Frau H\u00fclsmann<\/p>\n\n\n\n<p>E-Mail: christina&#46;huelsmann&#64;grun&#100;&#115;&#99;&#104;&#117;&#108;&#101;&#110;&#45;&#98;&#111;&#104;&#109;&#116;&#101;&#46;&#100;&#101;<\/p>\n","protected":false},"excerpt":{"rendered":"<p>Das Kollegium im August 2024: Im aktuellen Schuljahr arbeiten folgende Lehrkr\u00e4fte an der Erich K\u00e4stner-Schule: Klasse 3a: Frau K\u00fclker E-Mail: &#x61;n&#x6a;&#97;&#x2e;&#107;u&#x65;l&#x6b;&#101;&#x72;&#64;g&#x72;&#117;&#x6e;&#100;s&#x63;h&#x75;&#108;&#x65;&#110;-&#x62;o&#x68;&#109;&#x74;&#x65;&#46;&#x64;&#101; Klasse 3b: Frau Verlage E-Mail: &#x64;&#x61;&#103;m&#x61;&#x72;&#46;ve&#x72;&#x6c;&#97;g&#x65;&#x40;&#103;&#114;u&#x6e;&#x64;&#115;c&#x68;&#x75;&#108;&#101;n&#x2d;&#x62;&#111;h&#x6d;&#x74;&#101;&#46;d&#x65; Klasse 4a: Herr<\/p>\n","protected":false},"author":9193920,"featured_media":0,"parent":0,"menu_order":0,"comment_status":"closed","ping_status":"closed","template":"","meta":{"footnotes":""},"class_list":["post-104","page","type-page","status-publish","hentry"],"_links":{"self":[{"href":"https:\/\/wordpress.nibis.de\/gseksbohmte\/wp-json\/wp\/v2\/pages\/104","targetHints":{"allow":["GET"]}}],"collection":[{"href":"https:\/\/wordpress.nibis.de\/gseksbohmte\/wp-json\/wp\/v2\/pages"}],"about":[{"href":"https:\/\/wordpress.nibis.de\/gseksbohmte\/wp-json\/wp\/v2\/types\/page"}],"author":[{"embeddable":true,"href":"https:\/\/wordpress.nibis.de\/gseksbohmte\/wp-json\/wp\/v2\/users\/9193920"}],"replies":[{"embeddable":true,"href":"https:\/\/wordpress.nibis.de\/gseksbohmte\/wp-json\/wp\/v2\/comments?post=104"}],"version-history":[{"count":11,"href":"https:\/\/wordpress.nibis.de\/gseksbohmte\/wp-json\/wp\/v2\/pages\/104\/revisions"}],"predecessor-version":[{"id":1604,"href":"https:\/\/wordpress.nibis.de\/gseksbohmte\/wp-json\/wp\/v2\/pages\/104\/revisions\/1604"}],"wp:attachment":[{"href":"https:\/\/wordpress.nibis.de\/gseksbohmte\/wp-json\/wp\/v2\/media?parent=104"}],"curies":[{"name":"wp","href":"https:\/\/api.w.org\/{rel}","templated":true}]}}