{"id":107,"date":"2022-10-24T16:58:33","date_gmt":"2022-10-24T14:58:33","guid":{"rendered":"https:\/\/wordpress.nibis.de\/gseksbohmte\/?page_id=107"},"modified":"2024-09-22T14:29:42","modified_gmt":"2024-09-22T12:29:42","slug":"schulsozialarbeit","status":"publish","type":"page","link":"https:\/\/wordpress.nibis.de\/gseksbohmte\/schulsozialarbeit\/","title":{"rendered":"Schulsozialarbeit"},"content":{"rendered":"\n<p><strong>Wir als Schulsozialarbeiterinnen bieten:<\/strong><\/p>\n\n\n\n<ul class=\"wp-block-list\"><li><strong>Unterst\u00fctzung in der Schule:<\/strong><\/li><\/ul>\n\n\n\n<p>Beratung von Lehrkr\u00e4ften und p\u00e4d. Mitarbeitern und Mitarbeiterinnen<\/p>\n\n\n\n<p>Hilfen bei Konfliktsituationen und Krisen<\/p>\n\n\n\n<p>Bedarfsorientierte Hospitation im Unterricht<\/p>\n\n\n\n<p>Soziales Lernen im Klassenverbund<\/p>\n\n\n\n<p>Kleingruppenarbeit (z.B. Jungen-AG, M\u00e4dchen-AG)<\/p>\n\n\n\n<p>Einzelkontakte mit Sch\u00fcler\/innen<\/p>\n\n\n\n<p>Sch\u00fclerpartizipation (Klassenrat und Sch\u00fclerparlament)<\/p>\n\n\n\n<p>Pausenangebote (z.B. Jungen-Pause, betreute Pause)<\/p>\n\n\n\n<p>Netzwerkarbeit (Zusammenarbeit mit verschiedenen Einrichtungen z.B. Kindergarten, Jugendamt, Kinder- und Jugendarbeit und Vertreter anderer Grundschulen der Gemeinde)<\/p>\n\n\n\n<p>Projekt \u201eNachgarten und Leseoase\u201c<\/p>\n\n\n\n<ul class=\"wp-block-list\"><li><strong>Elternarbeit:<\/strong><\/li><\/ul>\n\n\n\n<p>Beratende Elterngespr\u00e4che und Begleitung von Eltern-Lehrer-Gespr\u00e4chen<\/p>\n\n\n\n<p>Zusammenarbeit mit dem Schulelternrat<\/p>\n\n\n\n<p>Herstellen von Kontakten zu Therapeuten, Jugendhilfe, etc.<\/p>\n\n\n\n<p>Mobiles Elterncaf\u00e9 am G\u00fctzkower Ring<\/p>\n\n\n\n<p>Elternsprechtag<\/p>\n\n\n\n<p>Elternabende<\/p>\n\n\n\n<ul class=\"wp-block-list\"><li><strong>\u00dcbergangsgestaltung:<\/strong><\/li><\/ul>\n\n\n\n<p>Soziales Lernen in der Vorschule<\/p>\n\n\n\n<p>Br\u00fcckenjahr<\/p>\n\n\n\n<p>Spielenachmittag<\/p>\n\n\n\n<p>I-M\u00e4nnchen-Tag<\/p>\n\n\n\n<p>\u00dcbergang zur Oberschule<\/p>\n\n\n\n<p>Kennlern-Tage an der Oberschule und der Wilhelm Busch Schule Hunteburg<\/p>\n\n\n\n<ul class=\"wp-block-list\"><li><strong>Aktionen:<\/strong><\/li><\/ul>\n\n\n\n<p>Begleitung von Klassenprojekten und -ausfl\u00fcgen<\/p>\n\n\n\n<p>Entwicklung und Durchf\u00fchrung von Aktionen zur St\u00e4rkung des Klassenklimas<\/p>\n\n\n\n<p>Aktionen zur Erleichterung der \u00dcberg\u00e4nge Kita \u2013 Grundschule &#8211; weiterf\u00fchrende Schule<\/p>\n\n\n\n<p>Jungenaktionstag<\/p>\n\n\n\n<p>M\u00e4dchenaktionstag<\/p>\n","protected":false},"excerpt":{"rendered":"<p>Wir als Schulsozialarbeiterinnen bieten: Unterst\u00fctzung in der Schule: Beratung von Lehrkr\u00e4ften und p\u00e4d. Mitarbeitern und Mitarbeiterinnen Hilfen bei Konfliktsituationen und Krisen Bedarfsorientierte Hospitation im Unterricht Soziales Lernen im Klassenverbund Kleingruppenarbeit<\/p>\n","protected":false},"author":9193920,"featured_media":0,"parent":0,"menu_order":0,"comment_status":"closed","ping_status":"closed","template":"","meta":{"footnotes":""},"class_list":["post-107","page","type-page","status-publish","hentry"],"_links":{"self":[{"href":"https:\/\/wordpress.nibis.de\/gseksbohmte\/wp-json\/wp\/v2\/pages\/107","targetHints":{"allow":["GET"]}}],"collection":[{"href":"https:\/\/wordpress.nibis.de\/gseksbohmte\/wp-json\/wp\/v2\/pages"}],"about":[{"href":"https:\/\/wordpress.nibis.de\/gseksbohmte\/wp-json\/wp\/v2\/types\/page"}],"author":[{"embeddable":true,"href":"https:\/\/wordpress.nibis.de\/gseksbohmte\/wp-json\/wp\/v2\/users\/9193920"}],"replies":[{"embeddable":true,"href":"https:\/\/wordpress.nibis.de\/gseksbohmte\/wp-json\/wp\/v2\/comments?post=107"}],"version-history":[{"count":3,"href":"https:\/\/wordpress.nibis.de\/gseksbohmte\/wp-json\/wp\/v2\/pages\/107\/revisions"}],"predecessor-version":[{"id":1110,"href":"https:\/\/wordpress.nibis.de\/gseksbohmte\/wp-json\/wp\/v2\/pages\/107\/revisions\/1110"}],"wp:attachment":[{"href":"https:\/\/wordpress.nibis.de\/gseksbohmte\/wp-json\/wp\/v2\/media?parent=107"}],"curies":[{"name":"wp","href":"https:\/\/api.w.org\/{rel}","templated":true}]}}