{"id":1085,"date":"2024-08-12T16:12:17","date_gmt":"2024-08-12T14:12:17","guid":{"rendered":"https:\/\/wordpress.nibis.de\/gseksbohmte\/?page_id=1085"},"modified":"2024-08-12T16:12:17","modified_gmt":"2024-08-12T14:12:17","slug":"tschuess-grundschule-elternratgeber","status":"publish","type":"page","link":"https:\/\/wordpress.nibis.de\/gseksbohmte\/tschuess-grundschule-elternratgeber\/","title":{"rendered":"Tsch\u00fcss Grundschule &#8211; Elternratgeber"},"content":{"rendered":"\n<p>Die Bildungsregion Landkreis Osnabr\u00fcck unterst\u00fctzt die Schulen seit einigen Jahren bei der Gestaltung des \u00dcbergangs der Viertkl\u00e4ssler von der Grundschule auf die weiterf\u00fchrende Schule. Auch in diesem Jahr k\u00f6nnen wir Ihnen wieder in Kooperation mit dem Regionalen Landesamt f\u00fcr Schule und Bildung Osnabr\u00fcck anbieten:<\/p>\n\n\n\n<p><strong>Elternratgeber Schulwechsel \u201eTsch\u00fcss Grundschule\u201c<\/strong><\/p>\n\n\n\n<ul class=\"wp-block-list\"><li>Der Ratgeber ist in Standardsprache, Leichter Sprache und einer \u00dcbersetzungsversion erh\u00e4ltlich.<\/li><li>Den Ratgeber k\u00f6nnen Sie in gedruckter Form hier bestellen:\u00a0<a href=\"http:\/\/www.landkreis-osnabrueck.de\/bestellung-elternratgeber\">www.landkreis-osnabrueck.de\/bestellung-elternratgeber<\/a><\/li><\/ul>\n\n\n\n<div data-wp-interactive=\"core\/file\" class=\"wp-block-file\"><object data-wp-bind--hidden=\"!state.hasPdfPreview\" hidden class=\"wp-block-file__embed\" data=\"https:\/\/wordpress.nibis.de\/gseksbohmte\/files\/2024\/08\/broschuere-elternratgeber-schulwechsel-4.-auflage_oktober-2022.pdf\" type=\"application\/pdf\" style=\"width:100%;height:600px\" aria-label=\"Einbettung von Einbettung von broschuere-elternratgeber-schulwechsel-4.-auflage_oktober-2022..\"><\/object><a id=\"wp-block-file--media-86bec746-68ee-4d51-93c6-b7f6588c7aa4\" href=\"https:\/\/wordpress.nibis.de\/gseksbohmte\/files\/2024\/08\/broschuere-elternratgeber-schulwechsel-4.-auflage_oktober-2022.pdf\">broschuere-elternratgeber-schulwechsel-4.-auflage_oktober-2022<\/a><a href=\"https:\/\/wordpress.nibis.de\/gseksbohmte\/files\/2024\/08\/broschuere-elternratgeber-schulwechsel-4.-auflage_oktober-2022.pdf\" class=\"wp-block-file__button\" download aria-describedby=\"wp-block-file--media-86bec746-68ee-4d51-93c6-b7f6588c7aa4\">Herunterladen<\/a><\/div>\n","protected":false},"excerpt":{"rendered":"<p>Die Bildungsregion Landkreis Osnabr\u00fcck unterst\u00fctzt die Schulen seit einigen Jahren bei der Gestaltung des \u00dcbergangs der Viertkl\u00e4ssler von der Grundschule auf die weiterf\u00fchrende Schule. Auch in diesem Jahr k\u00f6nnen wir<\/p>\n","protected":false},"author":9193920,"featured_media":0,"parent":0,"menu_order":0,"comment_status":"closed","ping_status":"closed","template":"","meta":{"footnotes":""},"class_list":["post-1085","page","type-page","status-publish","hentry"],"_links":{"self":[{"href":"https:\/\/wordpress.nibis.de\/gseksbohmte\/wp-json\/wp\/v2\/pages\/1085","targetHints":{"allow":["GET"]}}],"collection":[{"href":"https:\/\/wordpress.nibis.de\/gseksbohmte\/wp-json\/wp\/v2\/pages"}],"about":[{"href":"https:\/\/wordpress.nibis.de\/gseksbohmte\/wp-json\/wp\/v2\/types\/page"}],"author":[{"embeddable":true,"href":"https:\/\/wordpress.nibis.de\/gseksbohmte\/wp-json\/wp\/v2\/users\/9193920"}],"replies":[{"embeddable":true,"href":"https:\/\/wordpress.nibis.de\/gseksbohmte\/wp-json\/wp\/v2\/comments?post=1085"}],"version-history":[{"count":1,"href":"https:\/\/wordpress.nibis.de\/gseksbohmte\/wp-json\/wp\/v2\/pages\/1085\/revisions"}],"predecessor-version":[{"id":1087,"href":"https:\/\/wordpress.nibis.de\/gseksbohmte\/wp-json\/wp\/v2\/pages\/1085\/revisions\/1087"}],"wp:attachment":[{"href":"https:\/\/wordpress.nibis.de\/gseksbohmte\/wp-json\/wp\/v2\/media?parent=1085"}],"curies":[{"name":"wp","href":"https:\/\/api.w.org\/{rel}","templated":true}]}}