{"id":110,"date":"2022-10-24T17:01:59","date_gmt":"2022-10-24T15:01:59","guid":{"rendered":"https:\/\/wordpress.nibis.de\/gseksbohmte\/?page_id=110"},"modified":"2024-02-20T17:18:56","modified_gmt":"2024-02-20T16:18:56","slug":"ags","status":"publish","type":"page","link":"https:\/\/wordpress.nibis.de\/gseksbohmte\/ags\/","title":{"rendered":"AGs"},"content":{"rendered":"\n<p>Freitags in der 6. Stunde finden bei uns verschiedene Arbeitsgemeinschaften statt. Es wurde und wird Folgendes angeboten:<\/p>\n\n\n\n<p>Werken, PC-AG, Chor, Gesellschaftsspiele&#8230;<\/p>\n\n\n\n<p>AG Gesellschaftsspiele<\/p>\n\n\n\n<p>&#8222;Unser Spiel des Tages lautet &#8230;&#8220; ert\u00f6nt es freitags in der AG &#8222;Gesellschaftsspiele&#8220; des dritten Jahrgangs. Anfangs war Frau Kollweier diejenige, die ein Spiel des Tages mitgebracht und vorgestellt hat. Besonders beliebt waren dabei kleine Spiele, die man sehr gut mit in den Urlaub nehmen kann, die nicht zu zeitaufwendig sind und kein Verm\u00f6gen kosten. Das Ziel der Gesellschaftsspiele-AG ist, die Kinder wieder an das gemeinsame Spielen an einem Tisch heranzuf\u00fchren. Dadurch, dass in jeder AG-Stunde ein Spiel vorgestellt wird, bekommen die Kinder Einblicke in neue Spiele, die sie eventuell noch nicht kennen. Es werden also neue Impulse gegeben, sich neben den beliebten digitalen Medien auch anders zu besch\u00e4ftigen. Die Kinder lernen zu gewinnen und verlieren, mit anderen Kindern zu interagieren und sich in Konflikten zu einigen. Dabei haben sie viel Spa\u00df in Kleingruppen. Manch ein Kind war bereits so begeistert von einem Spiel, dass es sich dieses direkt zum Geburtstag gew\u00fcnscht hat. Aktuell d\u00fcrfen die Sch\u00fclerinnen und Sch\u00fcler ihre Lieblingsgesellschaftsspiele mitbringen und erkl\u00e4ren, wie diese funktionieren.<\/p>\n\n\n\n<figure class=\"wp-block-gallery has-nested-images columns-default is-cropped wp-block-gallery-1 is-layout-flex wp-block-gallery-is-layout-flex\">\n<figure class=\"wp-block-image size-large is-style-tw-shadow\"><img decoding=\"async\" data-id=\"452\" src=\"https:\/\/wordpress.nibis.de\/gseksbohmte\/files\/2023\/01\/IMG_20230113_123646-1200x675.jpg\" alt=\"\" class=\"wp-image-452\" \/><\/figure>\n\n\n\n<figure class=\"wp-block-image size-large is-style-tw-shadow\"><img decoding=\"async\" data-id=\"455\" src=\"https:\/\/wordpress.nibis.de\/gseksbohmte\/files\/2023\/01\/IMG_20230113_123651-1200x675.jpg\" alt=\"\" class=\"wp-image-455\" \/><\/figure>\n\n\n\n<figure class=\"wp-block-image size-large is-style-tw-shadow\"><img decoding=\"async\" data-id=\"453\" src=\"https:\/\/wordpress.nibis.de\/gseksbohmte\/files\/2023\/01\/IMG_20230113_123657-1200x675.jpg\" alt=\"\" class=\"wp-image-453\" \/><\/figure>\n\n\n\n<figure class=\"wp-block-image size-large is-style-tw-shadow\"><img decoding=\"async\" data-id=\"451\" src=\"https:\/\/wordpress.nibis.de\/gseksbohmte\/files\/2023\/01\/IMG_20230113_123703-1200x675.jpg\" alt=\"\" class=\"wp-image-451\" \/><\/figure>\n\n\n\n<figure class=\"wp-block-image size-large is-style-tw-shadow\"><img decoding=\"async\" data-id=\"456\" src=\"https:\/\/wordpress.nibis.de\/gseksbohmte\/files\/2023\/01\/IMG_20230113_123707-1200x675.jpg\" alt=\"\" class=\"wp-image-456\" \/><\/figure>\n\n\n\n<figure class=\"wp-block-image size-large is-style-tw-shadow\"><img decoding=\"async\" data-id=\"454\" src=\"https:\/\/wordpress.nibis.de\/gseksbohmte\/files\/2023\/01\/IMG_20230113_123718-1200x675.jpg\" alt=\"\" class=\"wp-image-454\" \/><\/figure>\n<\/figure>\n","protected":false},"excerpt":{"rendered":"<p>Freitags in der 6. Stunde finden bei uns verschiedene Arbeitsgemeinschaften statt. Es wurde und wird Folgendes angeboten: Werken, PC-AG, Chor, Gesellschaftsspiele&#8230; AG Gesellschaftsspiele &#8222;Unser Spiel des Tages lautet &#8230;&#8220; ert\u00f6nt<\/p>\n","protected":false},"author":9193920,"featured_media":0,"parent":0,"menu_order":0,"comment_status":"closed","ping_status":"closed","template":"","meta":{"footnotes":""},"class_list":["post-110","page","type-page","status-publish","hentry"],"_links":{"self":[{"href":"https:\/\/wordpress.nibis.de\/gseksbohmte\/wp-json\/wp\/v2\/pages\/110","targetHints":{"allow":["GET"]}}],"collection":[{"href":"https:\/\/wordpress.nibis.de\/gseksbohmte\/wp-json\/wp\/v2\/pages"}],"about":[{"href":"https:\/\/wordpress.nibis.de\/gseksbohmte\/wp-json\/wp\/v2\/types\/page"}],"author":[{"embeddable":true,"href":"https:\/\/wordpress.nibis.de\/gseksbohmte\/wp-json\/wp\/v2\/users\/9193920"}],"replies":[{"embeddable":true,"href":"https:\/\/wordpress.nibis.de\/gseksbohmte\/wp-json\/wp\/v2\/comments?post=110"}],"version-history":[{"count":5,"href":"https:\/\/wordpress.nibis.de\/gseksbohmte\/wp-json\/wp\/v2\/pages\/110\/revisions"}],"predecessor-version":[{"id":951,"href":"https:\/\/wordpress.nibis.de\/gseksbohmte\/wp-json\/wp\/v2\/pages\/110\/revisions\/951"}],"wp:attachment":[{"href":"https:\/\/wordpress.nibis.de\/gseksbohmte\/wp-json\/wp\/v2\/media?parent=110"}],"curies":[{"name":"wp","href":"https:\/\/api.w.org\/{rel}","templated":true}]}}