{"id":113,"date":"2022-10-24T17:03:06","date_gmt":"2022-10-24T15:03:06","guid":{"rendered":"https:\/\/wordpress.nibis.de\/gseksbohmte\/?page_id=113"},"modified":"2023-01-30T10:02:07","modified_gmt":"2023-01-30T09:02:07","slug":"projekte","status":"publish","type":"page","link":"https:\/\/wordpress.nibis.de\/gseksbohmte\/projekte\/","title":{"rendered":"Projekte und Kooperationen"},"content":{"rendered":"\n<p>Die Erich K\u00e4stner-Schule ist gut vernetzt und nimmt regelm\u00e4\u00dfig an Projekten teil. Dar\u00fcber hinaus existieren dauerhafte Kooperationen mit verschiedenen Institutionen, Vereinen und Einrichtungen.<\/p>\n\n\n\n<p>Eine Auswahl der Kooperationspartner unserer Schule k\u00f6nnen Sie hier in den Unterpunkten des Men\u00fcs nachlesen. <\/p>\n\n\n\n<blockquote class=\"wp-block-quote is-layout-flow wp-block-quote-is-layout-flow\"><p><em>\u201cZusammenkommen ist ein Beginn, Zusammenbleiben ein Fortschritt, Zusammenarbeiten ein Erfolg.\u201d<\/em><\/p><cite>Henry Ford<\/cite><\/blockquote>\n","protected":false},"excerpt":{"rendered":"<p>Die Erich K\u00e4stner-Schule ist gut vernetzt und nimmt regelm\u00e4\u00dfig an Projekten teil. Dar\u00fcber hinaus existieren dauerhafte Kooperationen mit verschiedenen Institutionen, Vereinen und Einrichtungen. Eine Auswahl der Kooperationspartner unserer Schule k\u00f6nnen<\/p>\n","protected":false},"author":9193920,"featured_media":0,"parent":0,"menu_order":0,"comment_status":"closed","ping_status":"closed","template":"","meta":{"footnotes":""},"class_list":["post-113","page","type-page","status-publish","hentry"],"_links":{"self":[{"href":"https:\/\/wordpress.nibis.de\/gseksbohmte\/wp-json\/wp\/v2\/pages\/113","targetHints":{"allow":["GET"]}}],"collection":[{"href":"https:\/\/wordpress.nibis.de\/gseksbohmte\/wp-json\/wp\/v2\/pages"}],"about":[{"href":"https:\/\/wordpress.nibis.de\/gseksbohmte\/wp-json\/wp\/v2\/types\/page"}],"author":[{"embeddable":true,"href":"https:\/\/wordpress.nibis.de\/gseksbohmte\/wp-json\/wp\/v2\/users\/9193920"}],"replies":[{"embeddable":true,"href":"https:\/\/wordpress.nibis.de\/gseksbohmte\/wp-json\/wp\/v2\/comments?post=113"}],"version-history":[{"count":5,"href":"https:\/\/wordpress.nibis.de\/gseksbohmte\/wp-json\/wp\/v2\/pages\/113\/revisions"}],"predecessor-version":[{"id":482,"href":"https:\/\/wordpress.nibis.de\/gseksbohmte\/wp-json\/wp\/v2\/pages\/113\/revisions\/482"}],"wp:attachment":[{"href":"https:\/\/wordpress.nibis.de\/gseksbohmte\/wp-json\/wp\/v2\/media?parent=113"}],"curies":[{"name":"wp","href":"https:\/\/api.w.org\/{rel}","templated":true}]}}