{"id":117,"date":"2022-10-24T17:17:39","date_gmt":"2022-10-24T15:17:39","guid":{"rendered":"https:\/\/wordpress.nibis.de\/gseksbohmte\/?page_id=117"},"modified":"2023-01-09T20:51:01","modified_gmt":"2023-01-09T19:51:01","slug":"anmeldung-fuer-die-betreuung","status":"publish","type":"page","link":"https:\/\/wordpress.nibis.de\/gseksbohmte\/anmeldung-fuer-die-betreuung\/","title":{"rendered":"Anmeldung f\u00fcr die Betreuung"},"content":{"rendered":"\n<p>Hier finden Sie das Formular, um ihr Kind f\u00fcr die Betreuung anzumelden. <\/p>\n\n\n\n<p>Bitte beachten Sie: Kinder aus dem 1. und 2. Schuljahr k\u00f6nnen montags bis freitags von 12.15 Uhr &#8211; 13.00 Uhr betreut werden.  Die Kinder der Jahrg\u00e4nge drei und vier k\u00f6nnen nur f\u00fcr die Betreuung am Freitag angemeldet werden, da sie an den \u00fcbrigen Werktagen sowieso bis 13 Uhr Unterricht haben. <\/p>\n\n\n\n<div data-wp-interactive=\"core\/file\" class=\"wp-block-file\"><object data-wp-bind--hidden=\"!state.hasPdfPreview\" hidden class=\"wp-block-file__embed\" data=\"https:\/\/wordpress.nibis.de\/gseksbohmte\/files\/2023\/01\/VerbindlicheBetreuung-bis-13-Uhr-doc.pdf\" type=\"application\/pdf\" style=\"width:100%;height:600px\" aria-label=\"Einbettung von Einbettung von VerbindlicheBetreuung-bis-13-Uhr-doc..\"><\/object><a id=\"wp-block-file--media-33cfaf91-cdca-4113-92d9-9873cf412b93\" href=\"https:\/\/wordpress.nibis.de\/gseksbohmte\/files\/2023\/01\/VerbindlicheBetreuung-bis-13-Uhr-doc.pdf\">VerbindlicheBetreuung-bis-13-Uhr-doc<\/a><a href=\"https:\/\/wordpress.nibis.de\/gseksbohmte\/files\/2023\/01\/VerbindlicheBetreuung-bis-13-Uhr-doc.pdf\" class=\"wp-block-file__button\" download aria-describedby=\"wp-block-file--media-33cfaf91-cdca-4113-92d9-9873cf412b93\">Herunterladen<\/a><\/div>\n","protected":false},"excerpt":{"rendered":"<p>Hier finden Sie das Formular, um ihr Kind f\u00fcr die Betreuung anzumelden. Bitte beachten Sie: Kinder aus dem 1. und 2. Schuljahr k\u00f6nnen montags bis freitags von 12.15 Uhr &#8211;<\/p>\n","protected":false},"author":9193920,"featured_media":0,"parent":0,"menu_order":0,"comment_status":"closed","ping_status":"closed","template":"","meta":{"footnotes":""},"class_list":["post-117","page","type-page","status-publish","hentry"],"_links":{"self":[{"href":"https:\/\/wordpress.nibis.de\/gseksbohmte\/wp-json\/wp\/v2\/pages\/117","targetHints":{"allow":["GET"]}}],"collection":[{"href":"https:\/\/wordpress.nibis.de\/gseksbohmte\/wp-json\/wp\/v2\/pages"}],"about":[{"href":"https:\/\/wordpress.nibis.de\/gseksbohmte\/wp-json\/wp\/v2\/types\/page"}],"author":[{"embeddable":true,"href":"https:\/\/wordpress.nibis.de\/gseksbohmte\/wp-json\/wp\/v2\/users\/9193920"}],"replies":[{"embeddable":true,"href":"https:\/\/wordpress.nibis.de\/gseksbohmte\/wp-json\/wp\/v2\/comments?post=117"}],"version-history":[{"count":3,"href":"https:\/\/wordpress.nibis.de\/gseksbohmte\/wp-json\/wp\/v2\/pages\/117\/revisions"}],"predecessor-version":[{"id":442,"href":"https:\/\/wordpress.nibis.de\/gseksbohmte\/wp-json\/wp\/v2\/pages\/117\/revisions\/442"}],"wp:attachment":[{"href":"https:\/\/wordpress.nibis.de\/gseksbohmte\/wp-json\/wp\/v2\/media?parent=117"}],"curies":[{"name":"wp","href":"https:\/\/api.w.org\/{rel}","templated":true}]}}