{"id":119,"date":"2022-10-24T17:18:00","date_gmt":"2022-10-24T15:18:00","guid":{"rendered":"https:\/\/wordpress.nibis.de\/gseksbohmte\/?page_id=119"},"modified":"2026-01-12T10:16:09","modified_gmt":"2026-01-12T09:16:09","slug":"anmeldung-fuer-den-ganztag","status":"publish","type":"page","link":"https:\/\/wordpress.nibis.de\/gseksbohmte\/anmeldung-fuer-den-ganztag\/","title":{"rendered":"Anmeldung f\u00fcr den Ganztag"},"content":{"rendered":"\n<p>Die Anmeldung f\u00fcr die Ganztagsbetreuung an unserer Schule erfolgt mithilfe dieser pdf-Datei.<\/p>\n\n\n\n<div data-wp-interactive=\"core\/file\" class=\"wp-block-file\"><object data-wp-bind--hidden=\"!state.hasPdfPreview\" hidden class=\"wp-block-file__embed\" data=\"https:\/\/wordpress.nibis.de\/gseksbohmte\/files\/2026\/01\/Aenderung_Anmeldung_Bohmte.pdf\" type=\"application\/pdf\" style=\"width:100%;height:600px\" aria-label=\"Einbettung von \u00c4nderung_Anmeldung_Bohmte.\"><\/object><a id=\"wp-block-file--media-18bc1ff6-fd5d-4829-b66d-7f0e17bb3b9e\" href=\"https:\/\/wordpress.nibis.de\/gseksbohmte\/files\/2026\/01\/Aenderung_Anmeldung_Bohmte.pdf\">\u00c4nderung_Anmeldung_Bohmte<\/a><a href=\"https:\/\/wordpress.nibis.de\/gseksbohmte\/files\/2026\/01\/Aenderung_Anmeldung_Bohmte.pdf\" class=\"wp-block-file__button wp-element-button\" download aria-describedby=\"wp-block-file--media-18bc1ff6-fd5d-4829-b66d-7f0e17bb3b9e\">Herunterladen<\/a><\/div>\n\n\n\n<p>Ansprechpartnerin f\u00fcr den Ganztag:<\/p>\n\n\n\n<p>Maria Schr\u00f6der<\/p>\n\n\n\n<p>Mobil: 0172\/ 2079038<\/p>\n\n\n\n<p>Johanniter-Unfall-Hilfe e.V.&nbsp;<\/p>\n\n\n\n<p>Br\u00fcckenstra\u00dfe 3&nbsp;<\/p>\n\n\n\n<p>49090 Osnabr\u00fcck&nbsp;<\/p>\n\n\n\n<p><a href=\"http:\/\/www.johanniter.de\/osnabrueck\">www.johanniter.de\/osnabrueck<\/a>&nbsp;<\/p>\n","protected":false},"excerpt":{"rendered":"<p>Die Anmeldung f\u00fcr die Ganztagsbetreuung an unserer Schule erfolgt mithilfe dieser pdf-Datei. Ansprechpartnerin f\u00fcr den Ganztag: Maria Schr\u00f6der Mobil: 0172\/ 2079038 Johanniter-Unfall-Hilfe e.V.&nbsp; Br\u00fcckenstra\u00dfe 3&nbsp; 49090 Osnabr\u00fcck&nbsp; www.johanniter.de\/osnabrueck&nbsp;<\/p>\n","protected":false},"author":9193920,"featured_media":0,"parent":0,"menu_order":0,"comment_status":"closed","ping_status":"closed","template":"","meta":{"footnotes":""},"class_list":["post-119","page","type-page","status-publish","hentry"],"_links":{"self":[{"href":"https:\/\/wordpress.nibis.de\/gseksbohmte\/wp-json\/wp\/v2\/pages\/119","targetHints":{"allow":["GET"]}}],"collection":[{"href":"https:\/\/wordpress.nibis.de\/gseksbohmte\/wp-json\/wp\/v2\/pages"}],"about":[{"href":"https:\/\/wordpress.nibis.de\/gseksbohmte\/wp-json\/wp\/v2\/types\/page"}],"author":[{"embeddable":true,"href":"https:\/\/wordpress.nibis.de\/gseksbohmte\/wp-json\/wp\/v2\/users\/9193920"}],"replies":[{"embeddable":true,"href":"https:\/\/wordpress.nibis.de\/gseksbohmte\/wp-json\/wp\/v2\/comments?post=119"}],"version-history":[{"count":8,"href":"https:\/\/wordpress.nibis.de\/gseksbohmte\/wp-json\/wp\/v2\/pages\/119\/revisions"}],"predecessor-version":[{"id":1526,"href":"https:\/\/wordpress.nibis.de\/gseksbohmte\/wp-json\/wp\/v2\/pages\/119\/revisions\/1526"}],"wp:attachment":[{"href":"https:\/\/wordpress.nibis.de\/gseksbohmte\/wp-json\/wp\/v2\/media?parent=119"}],"curies":[{"name":"wp","href":"https:\/\/api.w.org\/{rel}","templated":true}]}}