{"id":1228,"date":"2025-01-13T15:01:17","date_gmt":"2025-01-13T14:01:17","guid":{"rendered":"https:\/\/wordpress.nibis.de\/gseksbohmte\/?page_id=1228"},"modified":"2025-01-13T15:01:17","modified_gmt":"2025-01-13T14:01:17","slug":"patensystem-der-eks","status":"publish","type":"page","link":"https:\/\/wordpress.nibis.de\/gseksbohmte\/patensystem-der-eks\/","title":{"rendered":"Patensystem der EKS"},"content":{"rendered":"\n<p><strong>Pate aus der 4b trifft Patenkind aus der 1b<\/strong><\/p>\n\n\n\n<p>Jeder Erstkl\u00e4ssler bekam zu Beginn des Schuljahres einen Paten zugeteilt. Ein paar Paten wurden auch gewechselt, weil man merkte, dass andere Paarungen besser zueinander passten.<\/p>\n\n\n\n<p>Unsere Paten aus der 4b sind seitdem immer f\u00fcr uns da: Auf dem Schulhof, wenn es Streitigkeiten gibt oder einfach nur ein Spielpartner fehlt. Als wir die Zahl 8 gelernt haben, bekamen die Viertkl\u00e4ssler Pinguine geschenkt, in denen die \u201eneue Zahl\u201c versteckt war. Beim Vorlesetag haben die Gro\u00dfen uns vorgelesen, mit uns gebastelt und gemalt. Als beim Gedichtvortrag f\u00fcr die Adventsfeier einige Strophen der Weihnachtsmaus nicht besetzt werden konnten, sprangen einige Paten aus der 4b spontan ein. Als das Murmelglas der 1b randvoll war, war es der gr\u00f6\u00dfte Wunsch mit der 4b zu fr\u00fchst\u00fccken. Beim Patenfr\u00fchst\u00fcck mit frischen Br\u00f6tchen am letzten Schultag vor den Weihnachtsferien hatten alle guten Hunger und es gab viele nette Gespr\u00e4che. Auch die halbe 4c, die zur Zeit aufgeteilt ist, wurde ganz selbstverst\u00e4ndlich eingeladen.<\/p>\n\n\n\n<p>F\u00fcreinander da sein, einander helfen, aneinander denken, R\u00fccksicht nehmen. Nicht \u201eKlein gegen Gro\u00df\u201c sondern \u201eKlein und Gro\u00df\u201c! Wir w\u00fcnschen uns ein \u201eWeiter so, liebe 4b!\u201c<\/p>\n\n\n\n<p>(Mirjam Laumerich, Klassenlehrerin der 1b)<\/p>\n","protected":false},"excerpt":{"rendered":"<p>Pate aus der 4b trifft Patenkind aus der 1b Jeder Erstkl\u00e4ssler bekam zu Beginn des Schuljahres einen Paten zugeteilt. Ein paar Paten wurden auch gewechselt, weil man merkte, dass andere<\/p>\n","protected":false},"author":9193920,"featured_media":0,"parent":0,"menu_order":0,"comment_status":"closed","ping_status":"closed","template":"","meta":{"footnotes":""},"class_list":["post-1228","page","type-page","status-publish","hentry"],"_links":{"self":[{"href":"https:\/\/wordpress.nibis.de\/gseksbohmte\/wp-json\/wp\/v2\/pages\/1228","targetHints":{"allow":["GET"]}}],"collection":[{"href":"https:\/\/wordpress.nibis.de\/gseksbohmte\/wp-json\/wp\/v2\/pages"}],"about":[{"href":"https:\/\/wordpress.nibis.de\/gseksbohmte\/wp-json\/wp\/v2\/types\/page"}],"author":[{"embeddable":true,"href":"https:\/\/wordpress.nibis.de\/gseksbohmte\/wp-json\/wp\/v2\/users\/9193920"}],"replies":[{"embeddable":true,"href":"https:\/\/wordpress.nibis.de\/gseksbohmte\/wp-json\/wp\/v2\/comments?post=1228"}],"version-history":[{"count":1,"href":"https:\/\/wordpress.nibis.de\/gseksbohmte\/wp-json\/wp\/v2\/pages\/1228\/revisions"}],"predecessor-version":[{"id":1229,"href":"https:\/\/wordpress.nibis.de\/gseksbohmte\/wp-json\/wp\/v2\/pages\/1228\/revisions\/1229"}],"wp:attachment":[{"href":"https:\/\/wordpress.nibis.de\/gseksbohmte\/wp-json\/wp\/v2\/media?parent=1228"}],"curies":[{"name":"wp","href":"https:\/\/api.w.org\/{rel}","templated":true}]}}