{"id":150,"date":"2022-10-25T09:47:01","date_gmt":"2022-10-25T07:47:01","guid":{"rendered":"https:\/\/wordpress.nibis.de\/gseksbohmte\/?page_id=150"},"modified":"2022-12-16T20:23:35","modified_gmt":"2022-12-16T19:23:35","slug":"iserv","status":"publish","type":"page","link":"https:\/\/wordpress.nibis.de\/gseksbohmte\/iserv\/","title":{"rendered":"IServ"},"content":{"rendered":"\n<p>Liebe Eltern,<br>liebe Sch\u00fclerinnen und Sch\u00fcler,<\/p>\n\n\n\n<p><strong>IServ<\/strong>&nbsp;ist unser Intranet, welches wir an der Erich K\u00e4stner-Schule als&nbsp;<strong>Plattform f\u00fcr Kommunikation und digitales Lernen<\/strong>&nbsp;nutzen.<\/p>\n\n\n\n<p>Hier k\u00f6nnen Nutzer zum Beispiel eigene Aufgaben empfangen oder eine R\u00fcckmeldung dazu geben. Au\u00dferdem k\u00f6nnen in Gruppen gemeinsam Daten genutzt und Arbeitsergebnisse ausgetauscht werden. Jeder Nutzer verf\u00fcgt \u00fcber eine eigene (interne) E-Mailadresse.&nbsp;Die Nutzung von IServ ist f\u00fcr unsere Sch\u00fclerinnen und Sch\u00fcler&nbsp;<strong>kostenlos<\/strong>.<\/p>\n\n\n\n<p><strong>Ihr Kind hat einen festen Benutzernamen und ein Passwort f\u00fcr die Anmeldung per Brief erhalten.<\/strong><\/p>\n\n\n\n<p>Zugang zu unserem IServ erhalten Sie hier \u00fcber unsere Schulhomepage nachfolgend&nbsp;oder direkt \u00fcber die URL&nbsp;<a href=\"https:\/\/grundschulen-bohmte.de\/iserv\/\">https:\/\/grundschulen-bohmte.de\/iserv\/<\/a>.<\/p>\n\n\n\n<p>Alternativ kann auch die\u00a0<strong>kostenlose IServ-App<\/strong>\u00a0auf dem\u00a0<strong>Smartphone<\/strong>\u00a0oder\u00a0<strong>Tablet<\/strong>\u00a0genutzt werden.\u00a0Weitere Hilfe bekommen Sie unten in den h\u00e4ufig gestellten Fragen (FAQ).<\/p>\n\n\n\n<p>Vielen Dank f\u00fcr Ihre Unterst\u00fctzung!<br>Das Team der Erich K\u00e4stner-Schule<\/p>\n\n\n\n<table style=\"width: 100%;border-collapse: collapse;border-style: solid;border-color: #080707;background-color: #ebe1e1\">\n<tbody>\n<tr>\n<td style=\"width: 100%\">\n<p style=\"text-align: center\"><strong>H\u00c4UFIG GESTELLTE FRAGEN (FAQ) ZUM ISERV<\/strong><\/p>\n<\/td>\n<\/tr>\n<tr>\n<td style=\"width: 100%\">\n<p>Der Zugang zum IServ funktioniert nicht mehr. An wen kann ich mich wenden?<\/p>\n<p><em>Wenden Sie sich bitte zun\u00e4chst an die Klassenlehrerin oder den Klassenlehrer. Diese helfen Ihnen dann weiter. Bitte bewahren Sie das Passwort grunds\u00e4tzlich geheim auf, allerdings so, dass es Ihnen bekannt ist. Vielen Dank!<\/em><\/p>\n<\/td>\n<\/tr>\n<tr>\n<td style=\"width: 100%\">\n<p>Wie sind die Benutzernamen aufgebaut?<\/p>\n<p><em>Alle Sch\u00fclerinnen und Sch\u00fcler haben einen Benutzernamen in der Form \u201evorname.nachname\u201c.<\/em><\/p>\n<\/td>\n<\/tr>\n<tr>\n<td style=\"width: 100%\">\n<p>Darf ich als Elternteil den IServ-Zugang meines Kindes zur Kommunikation mit der Lehrkraft nutzen?<\/p>\n<p><em>Gerne d\u00fcrfen Sie den IServ-Zugang ihres Kindes zur Kommunikation mit der Klassenlehrerin oder dem Klassenlehrer nutzen. Hier\u00fcber k\u00f6nnen Sie auch pers\u00f6nliche Gespr\u00e4chstermine vereinbaren.\u00a0<\/em><\/p>\n<\/td>\n<\/tr>\n<\/tbody>\n<\/table>\n","protected":false},"excerpt":{"rendered":"<p>Liebe Eltern,liebe Sch\u00fclerinnen und Sch\u00fcler, IServ&nbsp;ist unser Intranet, welches wir an der Erich K\u00e4stner-Schule als&nbsp;Plattform f\u00fcr Kommunikation und digitales Lernen&nbsp;nutzen. Hier k\u00f6nnen Nutzer zum Beispiel eigene Aufgaben empfangen oder eine<\/p>\n","protected":false},"author":9193920,"featured_media":0,"parent":0,"menu_order":0,"comment_status":"closed","ping_status":"closed","template":"","meta":{"footnotes":""},"class_list":["post-150","page","type-page","status-publish","hentry"],"_links":{"self":[{"href":"https:\/\/wordpress.nibis.de\/gseksbohmte\/wp-json\/wp\/v2\/pages\/150","targetHints":{"allow":["GET"]}}],"collection":[{"href":"https:\/\/wordpress.nibis.de\/gseksbohmte\/wp-json\/wp\/v2\/pages"}],"about":[{"href":"https:\/\/wordpress.nibis.de\/gseksbohmte\/wp-json\/wp\/v2\/types\/page"}],"author":[{"embeddable":true,"href":"https:\/\/wordpress.nibis.de\/gseksbohmte\/wp-json\/wp\/v2\/users\/9193920"}],"replies":[{"embeddable":true,"href":"https:\/\/wordpress.nibis.de\/gseksbohmte\/wp-json\/wp\/v2\/comments?post=150"}],"version-history":[{"count":5,"href":"https:\/\/wordpress.nibis.de\/gseksbohmte\/wp-json\/wp\/v2\/pages\/150\/revisions"}],"predecessor-version":[{"id":413,"href":"https:\/\/wordpress.nibis.de\/gseksbohmte\/wp-json\/wp\/v2\/pages\/150\/revisions\/413"}],"wp:attachment":[{"href":"https:\/\/wordpress.nibis.de\/gseksbohmte\/wp-json\/wp\/v2\/media?parent=150"}],"curies":[{"name":"wp","href":"https:\/\/api.w.org\/{rel}","templated":true}]}}