{"id":191,"date":"2022-10-31T16:10:45","date_gmt":"2022-10-31T15:10:45","guid":{"rendered":"https:\/\/wordpress.nibis.de\/gseksbohmte\/?page_id=191"},"modified":"2025-10-23T13:14:53","modified_gmt":"2025-10-23T11:14:53","slug":"impressum-2","status":"publish","type":"page","link":"https:\/\/wordpress.nibis.de\/gseksbohmte\/impressum-2\/","title":{"rendered":"Impressum"},"content":{"rendered":"\n<p>Land Niedersachsen (Diensteanbieter im Sinne des Telemediengesetzes)<br>Das Land Niedersachsen ist eine juristische Person des \u00f6ffentlichen Rechts<br>vertreten durch die<\/p>\n\n\n\n<p><strong>Erich K\u00e4stner-Schule<br><\/strong>Tilingstra\u00dfe 1<br>D \u2013 49163 Bohmte<\/p>\n\n\n\n<p><strong>Telefon<\/strong>: 05471 \/ 2410<br><strong>Telefax<\/strong>: 05471 \/ 912847<\/p>\n\n\n\n<p><strong>E-Mail<\/strong>:&nbsp;s&#99;&#104;&#x75;&#x6c;l&#101;&#105;&#x74;&#x75;&#x6e;g&#64;&#103;&#x73;&#x65;ri&#99;&#x68;&#x6b;&#x61;e&#115;&#116;&#x6e;&#x65;r&#46;&#100;&#x65;<\/p>\n\n\n\n<p><strong>Schulleitung \/ inhaltlich verantwortlich:<\/strong><br>Rektorin Claudia Erpenbeck<\/p>\n\n\n\n<p><strong>Inhaltliche und redaktionelle Betreuung:<\/strong><br>Herr Daniel M\u00f6llenkamp<\/p>\n\n\n\n<p><strong>Realisierung der Internetseiten:<br><\/strong>Herr Daniel M\u00f6llenkamp<\/p>\n\n\n\n<p><strong>Serverstandort:<\/strong><br>Bundesrepublik Deutschland \/ Germany<\/p>\n\n\n\n<p><strong>Bildnachweise \/ Bildrechte \/ Quellenangaben \u00fcber die verwendeten Bilder \/ Fotos<br><\/strong>\/ image rights (sofern nicht anders gekennzeichnet):<br>Erich K\u00e4stner-Schule Bohmte<\/p>\n\n\n\n<p><strong>Schultr\u00e4ger:<\/strong><br>Gemeinde Bohmte<br>Vertretungsberechtigter:<br>Der B\u00fcrgermeister Markus Kleinkauertz<br><br>Bremer Stra\u00dfe 4<br>D \u2013 49163 Bohmte<br>Telefon: 05471 \/ 808 &#8211; 0<br><strong><br>Zust\u00e4ndige Aufsichtsbeh\u00f6rde:<\/strong><br><a rel=\"noreferrer noopener\" href=\"http:\/\/www.landesschulbehoerde-niedersachsen.de\/\" target=\"_blank\">Nieders\u00e4chsische Landesschulbeh\u00f6rde<\/a><br>Regionales Landesamt f\u00fcr Schule und Bildung Osnabr\u00fcck<br>Winkelhausenstra\u00dfe 12-16<br>D \u2013 49090 Osnabr\u00fcck<br>Postfach 35 69<br>D \u2013 49025 Osnabr\u00fcck<br>Telefon: 0541 77046444<\/p>\n\n\n\n<p><strong>Urheberrecht\/Copyright:<\/strong><br>Die durch die Seitenbetreiber erstellten Inhalte und Werke auf diesen Seiten unterliegen dem deutschen Urheberrecht. Die Vervielf\u00e4ltigung, Bearbeitung, Verbreitung und jede Art der Verwertung au\u00dferhalb der Grenzen des Urheberrechtes bed\u00fcrfen der schriftlichen Zustimmung des jeweiligen Autors bzw. Erstellers. Downloads und Kopien dieser Seite sind nur f\u00fcr den privaten, nicht kommerziellen Gebrauch gestattet. Soweit die Inhalte auf dieser Seite nicht vom Betreiber erstellt wurden, werden die Urheberrechte Dritter beachtet. Insbesondere werden Inhalte Dritter als solche gekennzeichnet. Sollten Sie trotzdem auf eine Urheberrechtsverletzung aufmerksam werden, bitten wir um einen entsprechenden Hinweis. Bei Bekanntwerden von Rechtsverletzungen werden wir derartige Inhalte umgehend entfernen.<\/p>\n\n\n\n<p><strong>Haftungshinweise:<\/strong><br>Die Inhalte unserer Seiten wurden mit gr\u00f6\u00dfter Sorgfalt erstellt. F\u00fcr die Richtigkeit, Vollst\u00e4ndigkeit und Aktualit\u00e4t der Inhalte k\u00f6nnen wir jedoch keine Gew\u00e4hr \u00fcbernehmen. Als Diensteanbieter sind wir gem\u00e4\u00df \u00a7 7 Abs.1 TMG f\u00fcr eigene Inhalte auf diesen Seiten nach den allgemeinen Gesetzen verantwortlich. Nach \u00a7\u00a7 8 bis 10 TMG sind wir als Diensteanbieter jedoch nicht verpflichtet, \u00fcbermittelte oder gespeicherte fremde Informationen zu \u00fcberwachen oder nach Umst\u00e4nden zu forschen, die auf eine rechtswidrige T\u00e4tigkeit hinweisen. Verpflichtungen zur Entfernung oder Sperrung der Nutzung von Informationen nach den allgemeinen Gesetzen bleiben hiervon unber\u00fchrt. Eine diesbez\u00fcgliche Haftung ist jedoch erst ab dem Zeitpunkt der Kenntnis einer konkreten Rechtsverletzung m\u00f6glich. Bei Bekanntwerden von entsprechenden Rechtsverletzungen werden wir diese Inhalte umgehend entfernen.<br>Unser Angebot enth\u00e4lt Links zu externen Webseiten Dritter, auf deren Inhalte wir keinen Einfluss haben. Deshalb k\u00f6nnen wir f\u00fcr diese fremden Inhalte auch keine Gew\u00e4hr \u00fcbernehmen. F\u00fcr die Inhalte der verlinkten Seiten ist stets der jeweilige Anbieter oder Betreiber der Seiten verantwortlich. Die verlinkten Seiten wurden zum Zeitpunkt der Verlinkung auf m\u00f6gliche Rechtsverst\u00f6\u00dfe \u00fcberpr\u00fcft. Rechtswidrige Inhalte waren zum Zeitpunkt der Verlinkung nicht erkennbar. Eine permanente inhaltliche Kontrolle der verlinkten Seiten ist jedoch ohne konkrete Anhaltspunkte einer Rechtsverletzung nicht zumutbar. Bei Bekanntwerden von Rechtsverletzungen werden wir derartige Links umgehend entfernen.<br>(<em>Quelle: eRecht24.de \u2013 Internetrecht von&nbsp;<a href=\"http:\/\/www.e-recht24.de\/\" target=\"_blank\" rel=\"noreferrer noopener\">Rechtsanwalt<\/a>&nbsp;S\u00f6ren Siebert<\/em>)<\/p>\n","protected":false},"excerpt":{"rendered":"<p>Land Niedersachsen (Diensteanbieter im Sinne des Telemediengesetzes)Das Land Niedersachsen ist eine juristische Person des \u00f6ffentlichen Rechtsvertreten durch die Erich K\u00e4stner-SchuleTilingstra\u00dfe 1D \u2013 49163 Bohmte Telefon: 05471 \/ 2410Telefax: 05471 \/<\/p>\n","protected":false},"author":9193920,"featured_media":0,"parent":0,"menu_order":0,"comment_status":"closed","ping_status":"closed","template":"","meta":{"footnotes":""},"class_list":["post-191","page","type-page","status-publish","hentry"],"_links":{"self":[{"href":"https:\/\/wordpress.nibis.de\/gseksbohmte\/wp-json\/wp\/v2\/pages\/191","targetHints":{"allow":["GET"]}}],"collection":[{"href":"https:\/\/wordpress.nibis.de\/gseksbohmte\/wp-json\/wp\/v2\/pages"}],"about":[{"href":"https:\/\/wordpress.nibis.de\/gseksbohmte\/wp-json\/wp\/v2\/types\/page"}],"author":[{"embeddable":true,"href":"https:\/\/wordpress.nibis.de\/gseksbohmte\/wp-json\/wp\/v2\/users\/9193920"}],"replies":[{"embeddable":true,"href":"https:\/\/wordpress.nibis.de\/gseksbohmte\/wp-json\/wp\/v2\/comments?post=191"}],"version-history":[{"count":9,"href":"https:\/\/wordpress.nibis.de\/gseksbohmte\/wp-json\/wp\/v2\/pages\/191\/revisions"}],"predecessor-version":[{"id":1429,"href":"https:\/\/wordpress.nibis.de\/gseksbohmte\/wp-json\/wp\/v2\/pages\/191\/revisions\/1429"}],"wp:attachment":[{"href":"https:\/\/wordpress.nibis.de\/gseksbohmte\/wp-json\/wp\/v2\/media?parent=191"}],"curies":[{"name":"wp","href":"https:\/\/api.w.org\/{rel}","templated":true}]}}