{"id":206,"date":"2022-11-14T16:35:11","date_gmt":"2022-11-14T15:35:11","guid":{"rendered":"https:\/\/wordpress.nibis.de\/gseksbohmte\/?page_id=206"},"modified":"2025-08-19T15:28:17","modified_gmt":"2025-08-19T13:28:17","slug":"teresa-werner-%ef%bf%bc","status":"publish","type":"page","link":"https:\/\/wordpress.nibis.de\/gseksbohmte\/teresa-werner-%ef%bf%bc\/","title":{"rendered":"Kathrin Schiffer"},"content":{"rendered":"\n<p>Raum:\u00a0Geb\u00e4ude A, EG Raum 1<br>Sprechzeiten:\u00a0\u00a008:00-14:00 Uhr\u00a0\u00a0montags &#8211; freitags (oder\u00a0nach Vereinbarung)\u00a0\u00a0<\/p>\n\n\n\n<p>Mobil:\u00a00173 &#8211; 3497162<\/p>\n\n\n\n<p>E-Mail:\u00a0s&#99;&#104;&#105;&#102;&#x66;&#x65;&#x72;&#x40;&#x76;&#x68;&#x73;-os&#108;&#97;&#110;&#100;&#46;&#x64;&#x65;<\/p>\n\n\n\n<p>IServ: &#107;&#x61;&#x74;h&#114;&#x69;&#x6e;&#46;&#115;&#x63;h&#105;&#x66;&#x66;e&#114;&#x40;g&#114;&#x75;&#x6e;d&#115;&#x63;&#x68;&#117;&#x6c;&#x65;n&#45;&#x62;&#x6f;h&#109;&#x74;e&#46;&#x64;&#x65;<\/p>\n\n\n\n<p>Ansprechpartnerin f\u00fcr die Klassen:<\/p>\n\n\n\n<ul class=\"wp-block-list\"><li>1c<\/li><li>2a \/ 2b<\/li><li>3a<\/li><li>4a<\/li><\/ul>\n\n\n\n<p>Der Landkreis Osnabr\u00fcck f\u00f6rdert und unterst\u00fctzt seit 2014 als Kostentr\u00e4ger die Schulsozialarbeit an der Erich K\u00e4stner-Schule in Bohmte. Durch die Kooperation mit der VHS Osnabr\u00fccker Land als Anstellungstr\u00e4ger, ist eine multiprofessionelle Zusammenarbeit mit mehreren Netzwerkpartnern gew\u00e4hrleistet. Die aktuelle F\u00f6rderung ist bis zum 31.07.2027 beschlossen.<\/p>\n\n\n\n<p><\/p>\n","protected":false},"excerpt":{"rendered":"<p>Raum:\u00a0Geb\u00e4ude A, EG Raum 1Sprechzeiten:\u00a0\u00a008:00-14:00 Uhr\u00a0\u00a0montags &#8211; freitags (oder\u00a0nach Vereinbarung)\u00a0\u00a0 Mobil:\u00a00173 &#8211; 3497162 E-Mail:\u00a0&#x73;&#99;h&#x69;&#102;&#x66;&#101;r&#x40;&#118;&#x68;&#115;-&#x6f;&#115;&#x6c;&#x61;n&#x64;&#46;d&#x65; IServ: &#x6b;&#x61;&#x74;&#104;&#114;in&#x2e;&#x73;&#x63;&#104;&#105;ff&#x65;&#x72;&#x40;&#103;&#114;un&#x64;&#x73;&#x63;&#104;&#117;le&#x6e;&#x2d;&#x62;&#111;&#104;mt&#x65;&#x2e;&#x64;&#101; Ansprechpartnerin f\u00fcr die Klassen: 1c 2a \/ 2b 3a 4a Der Landkreis Osnabr\u00fcck f\u00f6rdert<\/p>\n","protected":false},"author":9193920,"featured_media":0,"parent":0,"menu_order":0,"comment_status":"closed","ping_status":"closed","template":"","meta":{"footnotes":""},"class_list":["post-206","page","type-page","status-publish","hentry"],"_links":{"self":[{"href":"https:\/\/wordpress.nibis.de\/gseksbohmte\/wp-json\/wp\/v2\/pages\/206","targetHints":{"allow":["GET"]}}],"collection":[{"href":"https:\/\/wordpress.nibis.de\/gseksbohmte\/wp-json\/wp\/v2\/pages"}],"about":[{"href":"https:\/\/wordpress.nibis.de\/gseksbohmte\/wp-json\/wp\/v2\/types\/page"}],"author":[{"embeddable":true,"href":"https:\/\/wordpress.nibis.de\/gseksbohmte\/wp-json\/wp\/v2\/users\/9193920"}],"replies":[{"embeddable":true,"href":"https:\/\/wordpress.nibis.de\/gseksbohmte\/wp-json\/wp\/v2\/comments?post=206"}],"version-history":[{"count":7,"href":"https:\/\/wordpress.nibis.de\/gseksbohmte\/wp-json\/wp\/v2\/pages\/206\/revisions"}],"predecessor-version":[{"id":1372,"href":"https:\/\/wordpress.nibis.de\/gseksbohmte\/wp-json\/wp\/v2\/pages\/206\/revisions\/1372"}],"wp:attachment":[{"href":"https:\/\/wordpress.nibis.de\/gseksbohmte\/wp-json\/wp\/v2\/media?parent=206"}],"curies":[{"name":"wp","href":"https:\/\/api.w.org\/{rel}","templated":true}]}}