{"id":273,"date":"2022-11-22T16:02:38","date_gmt":"2022-11-22T15:02:38","guid":{"rendered":"https:\/\/wordpress.nibis.de\/gseksbohmte\/?page_id=273"},"modified":"2025-09-22T15:42:24","modified_gmt":"2025-09-22T13:42:24","slug":"schulelternrat","status":"publish","type":"page","link":"https:\/\/wordpress.nibis.de\/gseksbohmte\/schulelternrat\/","title":{"rendered":"Schulelternrat"},"content":{"rendered":"\n<p>Schulelternrat (SER)<\/p>\n\n\n\n<p>Der SER wird von den Eltern der Schule gew\u00e4hlt.<\/p>\n\n\n\n<p>Am Anfang der 1. Klasse und am Anfang der 3. Klasse w\u00e4hlen die Eltern drei Elternvertreter*innen f\u00fcr die Dauer von 2 Jahren: zwei Vorsitzende und ein Mitglied f\u00fcr die Teilnahme an Klassenkonferenzen.<\/p>\n\n\n\n<p>Der SER w\u00e4hlt f\u00fcr die wichtigen Gremien:<\/p>\n\n\n\n<ul class=\"wp-block-list\"><li>zwei Mitglieder, die das Leitungsteam bilden<\/li><li>Elternvertreter*innen f\u00fcr den SchuVo (Schulvorstand)<\/li><li>Elternvertreter*innen f\u00fcr die GK (Gesamtkonferenz)<\/li><li>Elternvertreter*innen f\u00fcr die FK (Fachkonferenzen)<\/li><li>Elternvertreter*innen f\u00fcr den Kreiselternrat<\/li><li>Elternvertreter*innen f\u00fcr den Gemeindeelternrat<\/li><\/ul>\n\n\n\n<p>Unser SER trifft sich zweimal im Jahr. Die Schulleiterin wird dazu eingeladen.<\/p>\n\n\n\n<p>Es wird \u00fcber alles gesprochen, was f\u00fcr die Arbeit mit den Kindern und was f\u00fcr die Eltern wichtig ist. Der SER hilft zum Beispiel bei der Organisation und Durchf\u00fchrung der Schulfeste und sportlichen Ereignissen.<\/p>\n\n\n\n<p>\u00dcber W\u00fcnsche und Anregungen freuen wir uns sehr.<\/p>\n\n\n\n<p>Ihr und euer SER-Leitungsteam<\/p>\n\n\n\n<p>Frau Bringezu und Frau Pollender<\/p>\n","protected":false},"excerpt":{"rendered":"<p>Schulelternrat (SER) Der SER wird von den Eltern der Schule gew\u00e4hlt. Am Anfang der 1. Klasse und am Anfang der 3. Klasse w\u00e4hlen die Eltern drei Elternvertreter*innen f\u00fcr die Dauer<\/p>\n","protected":false},"author":9193920,"featured_media":0,"parent":0,"menu_order":0,"comment_status":"closed","ping_status":"closed","template":"","meta":{"footnotes":""},"class_list":["post-273","page","type-page","status-publish","hentry"],"_links":{"self":[{"href":"https:\/\/wordpress.nibis.de\/gseksbohmte\/wp-json\/wp\/v2\/pages\/273","targetHints":{"allow":["GET"]}}],"collection":[{"href":"https:\/\/wordpress.nibis.de\/gseksbohmte\/wp-json\/wp\/v2\/pages"}],"about":[{"href":"https:\/\/wordpress.nibis.de\/gseksbohmte\/wp-json\/wp\/v2\/types\/page"}],"author":[{"embeddable":true,"href":"https:\/\/wordpress.nibis.de\/gseksbohmte\/wp-json\/wp\/v2\/users\/9193920"}],"replies":[{"embeddable":true,"href":"https:\/\/wordpress.nibis.de\/gseksbohmte\/wp-json\/wp\/v2\/comments?post=273"}],"version-history":[{"count":3,"href":"https:\/\/wordpress.nibis.de\/gseksbohmte\/wp-json\/wp\/v2\/pages\/273\/revisions"}],"predecessor-version":[{"id":1411,"href":"https:\/\/wordpress.nibis.de\/gseksbohmte\/wp-json\/wp\/v2\/pages\/273\/revisions\/1411"}],"wp:attachment":[{"href":"https:\/\/wordpress.nibis.de\/gseksbohmte\/wp-json\/wp\/v2\/media?parent=273"}],"curies":[{"name":"wp","href":"https:\/\/api.w.org\/{rel}","templated":true}]}}