{"id":336,"date":"2022-12-06T17:30:02","date_gmt":"2022-12-06T16:30:02","guid":{"rendered":"https:\/\/wordpress.nibis.de\/gseksbohmte\/?page_id=336"},"modified":"2026-04-13T14:58:16","modified_gmt":"2026-04-13T12:58:16","slug":"startseite-aktuelles","status":"publish","type":"page","link":"https:\/\/wordpress.nibis.de\/gseksbohmte\/","title":{"rendered":"Herzlich willkommen!"},"content":{"rendered":"\n<p>Herzlich willkommen auf den Internetseiten der Erich K\u00e4stner-Schule. Hier gibt es eine Menge zu entdecken. Viel Spa\u00df beim Lesen w\u00fcnscht das Team der EKS!<\/p>\n\n\n\n<p>WICHTIG: Am Mittwoch, dem 13. Mai, findet unser Spiel- und Sportfest statt. Es w\u00e4re sch\u00f6n, wenn uns dabei viele Helfer*innen aus der Elternschaft unterst\u00fctzen k\u00f6nnten!<\/p>\n\n\n\n<hr class=\"wp-block-separator has-alpha-channel-opacity\" \/>\n\n\n<div class=\"wp-block-image \">\n<figure class=\"aligncenter size-full is-resized\"><img loading=\"lazy\" decoding=\"async\" width=\"541\" height=\"747\" src=\"https:\/\/wordpress.nibis.de\/gseksbohmte\/files\/2026\/02\/1724070995783.jpg\" alt=\"\" class=\"wp-image-1577\" style=\"aspect-ratio:0.7242396351922353;width:430px;height:auto\" srcset=\"https:\/\/wordpress.nibis.de\/gseksbohmte\/files\/2026\/02\/1724070995783.jpg 541w, https:\/\/wordpress.nibis.de\/gseksbohmte\/files\/2026\/02\/1724070995783-100x138.jpg 100w\" sizes=\"auto, (max-width: 541px) 100vw, 541px\" \/><\/figure>\n<\/div>\n\n\n<hr class=\"wp-block-separator has-css-opacity\" \/>\n\n\n\n<p>EKS &#8211; Eine Schule f\u00fcr alle<\/p>\n\n\n\n<p>Herzliche Gr\u00fc\u00dfe<br>Claudia Erpenbeck<\/p>\n\n\n\n<figure class=\"wp-block-image size-full\"><img loading=\"lazy\" decoding=\"async\" width=\"398\" height=\"127\" src=\"https:\/\/wordpress.nibis.de\/gseksbohmte\/files\/2022\/12\/Download.png\" alt=\"\" class=\"wp-image-340\" \/><\/figure>\n\n\n\n<p>Hier ein paar Beispiele, was Sie bei uns auf der Homepage finden:<\/p>\n\n\n\n<ul class=\"wp-block-list\">\n<li>unter <em>Aktuelles<\/em> finden Sie regelm\u00e4\u00dfig Beitr\u00e4ge zu allen Themen rund um unsere Schule<\/li>\n\n\n\n<li>unter <em>Ganztag<\/em> finden Sie Informationen rund um die Ganztagsbetreuung <\/li>\n\n\n\n<li>unter <em>Formulare<\/em> finden Sie wichtige pdf-Dateien zum Download<\/li>\n\n\n\n<li>informieren Sie sich unter <em>Schulsozialarbeit<\/em> \u00fcber das Angebot an Unterst\u00fctzung f\u00fcr Kinder und Eltern<\/li>\n<\/ul>\n\n\n\n<p>Viel Spa\u00df beim St\u00f6bern!<\/p>\n\n\n\n<figure class=\"wp-block-image size-large\"><img loading=\"lazy\" decoding=\"async\" width=\"1200\" height=\"675\" src=\"https:\/\/wordpress.nibis.de\/gseksbohmte\/files\/2022\/12\/resize_1622x1080-1200x675.jpg\" alt=\"\" class=\"wp-image-370\" srcset=\"https:\/\/wordpress.nibis.de\/gseksbohmte\/files\/2022\/12\/resize_1622x1080-1200x675.jpg 1200w, https:\/\/wordpress.nibis.de\/gseksbohmte\/files\/2022\/12\/resize_1622x1080-850x478.jpg 850w, https:\/\/wordpress.nibis.de\/gseksbohmte\/files\/2022\/12\/resize_1622x1080-250x141.jpg 250w\" sizes=\"auto, (max-width: 1200px) 100vw, 1200px\" \/><\/figure>\n\n\n\n<p><\/p>\n","protected":false},"excerpt":{"rendered":"<p>Herzlich willkommen auf den Internetseiten der Erich K\u00e4stner-Schule. Hier gibt es eine Menge zu entdecken. Viel Spa\u00df beim Lesen w\u00fcnscht das Team der EKS! WICHTIG: Am Mittwoch, dem 13. Mai,<\/p>\n","protected":false},"author":9193920,"featured_media":0,"parent":0,"menu_order":-1,"comment_status":"closed","ping_status":"closed","template":"","meta":{"footnotes":""},"class_list":["post-336","page","type-page","status-publish","hentry"],"_links":{"self":[{"href":"https:\/\/wordpress.nibis.de\/gseksbohmte\/wp-json\/wp\/v2\/pages\/336","targetHints":{"allow":["GET"]}}],"collection":[{"href":"https:\/\/wordpress.nibis.de\/gseksbohmte\/wp-json\/wp\/v2\/pages"}],"about":[{"href":"https:\/\/wordpress.nibis.de\/gseksbohmte\/wp-json\/wp\/v2\/types\/page"}],"author":[{"embeddable":true,"href":"https:\/\/wordpress.nibis.de\/gseksbohmte\/wp-json\/wp\/v2\/users\/9193920"}],"replies":[{"embeddable":true,"href":"https:\/\/wordpress.nibis.de\/gseksbohmte\/wp-json\/wp\/v2\/comments?post=336"}],"version-history":[{"count":37,"href":"https:\/\/wordpress.nibis.de\/gseksbohmte\/wp-json\/wp\/v2\/pages\/336\/revisions"}],"predecessor-version":[{"id":1611,"href":"https:\/\/wordpress.nibis.de\/gseksbohmte\/wp-json\/wp\/v2\/pages\/336\/revisions\/1611"}],"wp:attachment":[{"href":"https:\/\/wordpress.nibis.de\/gseksbohmte\/wp-json\/wp\/v2\/media?parent=336"}],"curies":[{"name":"wp","href":"https:\/\/api.w.org\/{rel}","templated":true}]}}