{"id":377,"date":"2022-12-14T20:47:10","date_gmt":"2022-12-14T19:47:10","guid":{"rendered":"https:\/\/wordpress.nibis.de\/gseksbohmte\/?page_id=377"},"modified":"2022-12-16T20:09:23","modified_gmt":"2022-12-16T19:09:23","slug":"der-pausenhof","status":"publish","type":"page","link":"https:\/\/wordpress.nibis.de\/gseksbohmte\/der-pausenhof\/","title":{"rendered":"Der Pausenhof"},"content":{"rendered":"\n<p>Unsere Schule verf\u00fcgt \u00fcber einen gro\u00dffl\u00e4chigen Pausenhof, den sich unsere Sch\u00fclerinnen und Sch\u00fcler mit den Kindern von der Christophorus-Schule teilen. <\/p>\n\n\n\n<p>Hier gibt es zahlreiche Spiel-, Kletter- und Turnm\u00f6glichkeiten, wie man auf den unten folgenden Bildern sehen kann. <\/p>\n\n\n\n<p>Im Atrium, einer runden Fl\u00e4che, die teilweise von einer Steintrib\u00fcne umgeben ist, finden regelm\u00e4\u00dfig Schulversammlungen statt. Von hier aus sind auch die Au\u00dfentoiletten schnell zu erreichen. <\/p>\n\n\n\n<p>Besondere Freude bereitet allen Kindern das Soccer-Feld, welches im Jahr 2021 fertiggestellt wurde und einen alten Schotterplatz ersetzt hat. Jede Pause darf hier eine andere Klasse Fu\u00dfball spielen. Pausen, in denen nur M\u00e4dchen Fu\u00dfball spielen d\u00fcrfen, gibt es bei uns auch. <\/p>\n\n\n\n<figure class=\"wp-block-gallery has-nested-images columns-2 is-cropped wp-block-gallery-1 is-layout-flex wp-block-gallery-is-layout-flex\">\n<figure class=\"wp-block-image size-medium is-style-tw-shadow\"><img loading=\"lazy\" decoding=\"async\" width=\"850\" height=\"478\" data-id=\"404\" src=\"https:\/\/wordpress.nibis.de\/gseksbohmte\/files\/2022\/12\/p1-850x478.jpg\" alt=\"\" class=\"wp-image-404\" srcset=\"https:\/\/wordpress.nibis.de\/gseksbohmte\/files\/2022\/12\/p1-850x478.jpg 850w, https:\/\/wordpress.nibis.de\/gseksbohmte\/files\/2022\/12\/p1-1200x675.jpg 1200w, https:\/\/wordpress.nibis.de\/gseksbohmte\/files\/2022\/12\/p1-250x141.jpg 250w\" sizes=\"auto, (max-width: 850px) 100vw, 850px\" \/><\/figure>\n\n\n\n<figure class=\"wp-block-image size-medium is-style-tw-shadow\"><img loading=\"lazy\" decoding=\"async\" width=\"850\" height=\"478\" data-id=\"406\" src=\"https:\/\/wordpress.nibis.de\/gseksbohmte\/files\/2022\/12\/p2-850x478.jpg\" alt=\"\" class=\"wp-image-406\" srcset=\"https:\/\/wordpress.nibis.de\/gseksbohmte\/files\/2022\/12\/p2-850x478.jpg 850w, https:\/\/wordpress.nibis.de\/gseksbohmte\/files\/2022\/12\/p2-1200x675.jpg 1200w, https:\/\/wordpress.nibis.de\/gseksbohmte\/files\/2022\/12\/p2-250x141.jpg 250w\" sizes=\"auto, (max-width: 850px) 100vw, 850px\" \/><\/figure>\n\n\n\n<figure class=\"wp-block-image size-medium is-style-tw-shadow\"><img loading=\"lazy\" decoding=\"async\" width=\"850\" height=\"478\" data-id=\"408\" src=\"https:\/\/wordpress.nibis.de\/gseksbohmte\/files\/2022\/12\/p3-850x478.jpg\" alt=\"\" class=\"wp-image-408\" srcset=\"https:\/\/wordpress.nibis.de\/gseksbohmte\/files\/2022\/12\/p3-850x478.jpg 850w, https:\/\/wordpress.nibis.de\/gseksbohmte\/files\/2022\/12\/p3-1200x675.jpg 1200w, https:\/\/wordpress.nibis.de\/gseksbohmte\/files\/2022\/12\/p3-250x141.jpg 250w\" sizes=\"auto, (max-width: 850px) 100vw, 850px\" \/><\/figure>\n\n\n\n<figure class=\"wp-block-image size-medium is-style-tw-shadow\"><img loading=\"lazy\" decoding=\"async\" width=\"850\" height=\"478\" data-id=\"405\" src=\"https:\/\/wordpress.nibis.de\/gseksbohmte\/files\/2022\/12\/p4-850x478.jpg\" alt=\"\" class=\"wp-image-405\" srcset=\"https:\/\/wordpress.nibis.de\/gseksbohmte\/files\/2022\/12\/p4-850x478.jpg 850w, https:\/\/wordpress.nibis.de\/gseksbohmte\/files\/2022\/12\/p4-1200x675.jpg 1200w, https:\/\/wordpress.nibis.de\/gseksbohmte\/files\/2022\/12\/p4-250x141.jpg 250w\" sizes=\"auto, (max-width: 850px) 100vw, 850px\" \/><\/figure>\n\n\n\n<figure class=\"wp-block-image size-medium is-style-tw-shadow\"><img loading=\"lazy\" decoding=\"async\" width=\"850\" height=\"478\" data-id=\"409\" src=\"https:\/\/wordpress.nibis.de\/gseksbohmte\/files\/2022\/12\/p6-850x478.jpg\" alt=\"\" class=\"wp-image-409\" srcset=\"https:\/\/wordpress.nibis.de\/gseksbohmte\/files\/2022\/12\/p6-850x478.jpg 850w, https:\/\/wordpress.nibis.de\/gseksbohmte\/files\/2022\/12\/p6-1200x675.jpg 1200w, https:\/\/wordpress.nibis.de\/gseksbohmte\/files\/2022\/12\/p6-250x141.jpg 250w\" sizes=\"auto, (max-width: 850px) 100vw, 850px\" \/><\/figure>\n\n\n\n<figure class=\"wp-block-image size-medium is-style-default\"><img loading=\"lazy\" decoding=\"async\" width=\"850\" height=\"478\" data-id=\"410\" src=\"https:\/\/wordpress.nibis.de\/gseksbohmte\/files\/2022\/12\/p7-850x478.jpg\" alt=\"\" class=\"wp-image-410\" srcset=\"https:\/\/wordpress.nibis.de\/gseksbohmte\/files\/2022\/12\/p7-850x478.jpg 850w, https:\/\/wordpress.nibis.de\/gseksbohmte\/files\/2022\/12\/p7-1200x675.jpg 1200w, https:\/\/wordpress.nibis.de\/gseksbohmte\/files\/2022\/12\/p7-250x141.jpg 250w\" sizes=\"auto, (max-width: 850px) 100vw, 850px\" \/><\/figure>\n\n\n\n<figure class=\"wp-block-image size-medium is-style-tw-shadow\"><img loading=\"lazy\" decoding=\"async\" width=\"850\" height=\"478\" data-id=\"407\" src=\"https:\/\/wordpress.nibis.de\/gseksbohmte\/files\/2022\/12\/p5-850x478.jpg\" alt=\"\" class=\"wp-image-407\" srcset=\"https:\/\/wordpress.nibis.de\/gseksbohmte\/files\/2022\/12\/p5-850x478.jpg 850w, https:\/\/wordpress.nibis.de\/gseksbohmte\/files\/2022\/12\/p5-1200x675.jpg 1200w, https:\/\/wordpress.nibis.de\/gseksbohmte\/files\/2022\/12\/p5-250x141.jpg 250w\" sizes=\"auto, (max-width: 850px) 100vw, 850px\" \/><\/figure>\n<\/figure>\n","protected":false},"excerpt":{"rendered":"<p>Unsere Schule verf\u00fcgt \u00fcber einen gro\u00dffl\u00e4chigen Pausenhof, den sich unsere Sch\u00fclerinnen und Sch\u00fcler mit den Kindern von der Christophorus-Schule teilen. Hier gibt es zahlreiche Spiel-, Kletter- und Turnm\u00f6glichkeiten, wie man<\/p>\n","protected":false},"author":9193920,"featured_media":0,"parent":0,"menu_order":0,"comment_status":"closed","ping_status":"closed","template":"","meta":{"footnotes":""},"class_list":["post-377","page","type-page","status-publish","hentry"],"_links":{"self":[{"href":"https:\/\/wordpress.nibis.de\/gseksbohmte\/wp-json\/wp\/v2\/pages\/377","targetHints":{"allow":["GET"]}}],"collection":[{"href":"https:\/\/wordpress.nibis.de\/gseksbohmte\/wp-json\/wp\/v2\/pages"}],"about":[{"href":"https:\/\/wordpress.nibis.de\/gseksbohmte\/wp-json\/wp\/v2\/types\/page"}],"author":[{"embeddable":true,"href":"https:\/\/wordpress.nibis.de\/gseksbohmte\/wp-json\/wp\/v2\/users\/9193920"}],"replies":[{"embeddable":true,"href":"https:\/\/wordpress.nibis.de\/gseksbohmte\/wp-json\/wp\/v2\/comments?post=377"}],"version-history":[{"count":3,"href":"https:\/\/wordpress.nibis.de\/gseksbohmte\/wp-json\/wp\/v2\/pages\/377\/revisions"}],"predecessor-version":[{"id":411,"href":"https:\/\/wordpress.nibis.de\/gseksbohmte\/wp-json\/wp\/v2\/pages\/377\/revisions\/411"}],"wp:attachment":[{"href":"https:\/\/wordpress.nibis.de\/gseksbohmte\/wp-json\/wp\/v2\/media?parent=377"}],"curies":[{"name":"wp","href":"https:\/\/api.w.org\/{rel}","templated":true}]}}