{"id":445,"date":"2023-01-12T20:46:03","date_gmt":"2023-01-12T19:46:03","guid":{"rendered":"https:\/\/wordpress.nibis.de\/gseksbohmte\/?page_id=445"},"modified":"2025-08-11T08:29:53","modified_gmt":"2025-08-11T06:29:53","slug":"aktuelles-von-der-schulsozialarbeit","status":"publish","type":"page","link":"https:\/\/wordpress.nibis.de\/gseksbohmte\/aktuelles-von-der-schulsozialarbeit\/","title":{"rendered":"Aktuelles von der Schulsozialarbeit"},"content":{"rendered":"\n<p>Liebe Kinder der EKS, liebe Elternschaft!<\/p>\n\n\n\n<p>Hier finden Sie eine fortlaufende Auflistung von Informationen, neuen Angeboten und Projekten der Schulsozialarbeiterinnen Lara H\u00fcne und Kathrin Schiffer. <\/p>\n\n\n\n<ul class=\"wp-block-list\"><li>Das Sch\u00fclerparlaments f\u00fcr alle Klassensprecher und Klassensprecherinnen findet w\u00f6chentlich freitags statt<\/li><\/ul>\n\n\n\n<p><\/p>\n","protected":false},"excerpt":{"rendered":"<p>Liebe Kinder der EKS, liebe Elternschaft! Hier finden Sie eine fortlaufende Auflistung von Informationen, neuen Angeboten und Projekten der Schulsozialarbeiterinnen Lara H\u00fcne und Kathrin Schiffer. Das Sch\u00fclerparlaments f\u00fcr alle Klassensprecher<\/p>\n","protected":false},"author":9193920,"featured_media":0,"parent":0,"menu_order":0,"comment_status":"closed","ping_status":"closed","template":"","meta":{"footnotes":""},"class_list":["post-445","page","type-page","status-publish","hentry"],"_links":{"self":[{"href":"https:\/\/wordpress.nibis.de\/gseksbohmte\/wp-json\/wp\/v2\/pages\/445","targetHints":{"allow":["GET"]}}],"collection":[{"href":"https:\/\/wordpress.nibis.de\/gseksbohmte\/wp-json\/wp\/v2\/pages"}],"about":[{"href":"https:\/\/wordpress.nibis.de\/gseksbohmte\/wp-json\/wp\/v2\/types\/page"}],"author":[{"embeddable":true,"href":"https:\/\/wordpress.nibis.de\/gseksbohmte\/wp-json\/wp\/v2\/users\/9193920"}],"replies":[{"embeddable":true,"href":"https:\/\/wordpress.nibis.de\/gseksbohmte\/wp-json\/wp\/v2\/comments?post=445"}],"version-history":[{"count":4,"href":"https:\/\/wordpress.nibis.de\/gseksbohmte\/wp-json\/wp\/v2\/pages\/445\/revisions"}],"predecessor-version":[{"id":1365,"href":"https:\/\/wordpress.nibis.de\/gseksbohmte\/wp-json\/wp\/v2\/pages\/445\/revisions\/1365"}],"wp:attachment":[{"href":"https:\/\/wordpress.nibis.de\/gseksbohmte\/wp-json\/wp\/v2\/media?parent=445"}],"curies":[{"name":"wp","href":"https:\/\/api.w.org\/{rel}","templated":true}]}}