{"id":475,"date":"2023-01-30T09:45:51","date_gmt":"2023-01-30T08:45:51","guid":{"rendered":"https:\/\/wordpress.nibis.de\/gseksbohmte\/?page_id=475"},"modified":"2023-01-30T09:45:51","modified_gmt":"2023-01-30T08:45:51","slug":"kreismusikschule-osnabrueck","status":"publish","type":"page","link":"https:\/\/wordpress.nibis.de\/gseksbohmte\/kreismusikschule-osnabrueck\/","title":{"rendered":"Kreismusikschule Osnabr\u00fcck"},"content":{"rendered":"\n<p>\u201eOhne MOOS nix los!\u201c &#8211;<\/p>\n\n\n\n<p>ein instrumentales Orientierungsangebot der Kreismusikschule Osnabr\u00fcck e.V. (KMS) zur fl\u00e4chendeckenden Musikalisierung in Kooperation mit den Grundschulen des Landkreises.<\/p>\n\n\n\n<p>MOOS (MOdell OSnabr\u00fcck) startete im September 2008 als Modellprojekt mit rd. 200 Kindern an drei Grundschulen.&nbsp;Aktuell bestehen MOOS-Kurse an 22 Grundschulen im gesamten Landkreis Osnabr\u00fcck. Fast 14.000 Kinder haben inzwischen an dem Projekt teilgenommen.<\/p>\n\n\n\n<p>\u201eOhne MOOS nix los!\u201c erg\u00e4nzt den Unterricht der Schule und wird von Lehrkr\u00e4ften der Kreismusikschule in enger Abstimmung mit Schulleitung und Klassenlehrern der Partner-Grundschulen durchgef\u00fchrt. Der Unterricht findet einmal pro Woche vormittags w\u00e4hrend der regul\u00e4ren Schulzeit statt.&nbsp;<\/p>\n\n\n\n<p>Jede Unterrichtsstunde dauert 45 Minuten.<\/p>\n\n\n\n<p>Alle Kinder der ersten Klassen nehmen teil.<\/p>\n\n\n\n<p>Dieser Unterricht ist f\u00fcr die Eltern kostenlos.<\/p>\n\n\n\n<p>Am Ende des Kurses findet eine Abschlussveranstaltung f\u00fcr die Familien in der Schule statt. Dort pr\u00e4sentieren die Kinder die verschiedenen Instrumente und die Eltern k\u00f6nnen sich \u00fcber die weiteren M\u00f6glichkeiten f\u00fcr ihr Kind beraten lassen.<\/p>\n\n\n\n<p><br>Das schreibt die Presse:<\/p>\n\n\n\n<p><a href=\"http:\/\/www.noz.de\/lokales\/glandorf\/artikel\/648888\/projekt-ohne-moos-nix-los-fur-glandorfer-schuler\" target=\"_blank\" rel=\"noreferrer noopener\">Projekt \u201eOhne Moos nix los\u201c f\u00fcr Glandorfer Sch\u00fcler<br><\/a>&nbsp;<br>(Neue Osnabr\u00fccker Zeitung vom 15.12.2015)<\/p>\n\n\n\n<p><a href=\"http:\/\/www.noz.de\/lokales\/georgsmarienhuette\/artikel\/132095\/georgsmarienhutte-tag-der-offenen-tur-der-kreismusikschule\" target=\"_blank\" rel=\"noreferrer noopener\">Tag der offenen T\u00fcr beginnt mit einem Konzert der Moos-Gruppen<br>&nbsp;<br>(Neue Osnabr\u00fccker Zeitung vom 03.06.2013)<\/a><\/p>\n\n\n\n<p><a href=\"http:\/\/www.noz.de\/lokales\/georgsmarienhuette\/artikel\/132095\/georgsmarienhutte-tag-der-offenen-tur-der-kreismusikschule\" target=\"_blank\" rel=\"noreferrer noopener\"><\/a><a href=\"http:\/\/www.noz.de\/lokales\/samtgemeinde-neuenkirchen\/artikel\/234848\/neuenkirchen-musikschulprojekt-ermoglicht-erstklasslern-zugang-zu-instrumenten#gallery&amp;0&amp;0&amp;234848\" target=\"_blank\" rel=\"noreferrer noopener\">Musikschulprojekt erm\u00f6glicht Erstkl\u00e4sslern Zugang zu Instrumenten<\/a>&nbsp;<br>&nbsp;(Neue Osnabr\u00fccker Zeitung vom 20.02.2013)<\/p>\n\n\n\n<p><a href=\"http:\/\/www.noz.de\/lokales\/hasbergen\/artikel\/64621\/kreismusikschule-osnabruck-spendiert-hasberger-huggelschulern-ein-jahr-unterricht\" target=\"_blank\" rel=\"noreferrer noopener\">Kreismusikschule Osnabr\u00fcck spendiert Hasberger H\u00fcggelsch\u00fclern ein Jahr Unterricht<\/a>&nbsp;<br>(Neue Osnabr\u00fccker Zeitung vom 21.12.2011)&nbsp;<\/p>\n\n\n\n<p><a href=\"http:\/\/www.noz.de\/lokales\/hilter\/artikel\/93666\/die-liebe-zur-musik-entdeckt\" target=\"_blank\" rel=\"noreferrer noopener\">Die Liebe zur Musik entdeckt<\/a>&nbsp;<br>(Neue Osnabr\u00fccker Zeitung vom 28.06.2011)&nbsp;<\/p>\n","protected":false},"excerpt":{"rendered":"<p>\u201eOhne MOOS nix los!\u201c &#8211; ein instrumentales Orientierungsangebot der Kreismusikschule Osnabr\u00fcck e.V. (KMS) zur fl\u00e4chendeckenden Musikalisierung in Kooperation mit den Grundschulen des Landkreises. MOOS (MOdell OSnabr\u00fcck) startete im September 2008<\/p>\n","protected":false},"author":9193920,"featured_media":0,"parent":0,"menu_order":0,"comment_status":"closed","ping_status":"closed","template":"","meta":{"footnotes":""},"class_list":["post-475","page","type-page","status-publish","hentry"],"_links":{"self":[{"href":"https:\/\/wordpress.nibis.de\/gseksbohmte\/wp-json\/wp\/v2\/pages\/475","targetHints":{"allow":["GET"]}}],"collection":[{"href":"https:\/\/wordpress.nibis.de\/gseksbohmte\/wp-json\/wp\/v2\/pages"}],"about":[{"href":"https:\/\/wordpress.nibis.de\/gseksbohmte\/wp-json\/wp\/v2\/types\/page"}],"author":[{"embeddable":true,"href":"https:\/\/wordpress.nibis.de\/gseksbohmte\/wp-json\/wp\/v2\/users\/9193920"}],"replies":[{"embeddable":true,"href":"https:\/\/wordpress.nibis.de\/gseksbohmte\/wp-json\/wp\/v2\/comments?post=475"}],"version-history":[{"count":1,"href":"https:\/\/wordpress.nibis.de\/gseksbohmte\/wp-json\/wp\/v2\/pages\/475\/revisions"}],"predecessor-version":[{"id":476,"href":"https:\/\/wordpress.nibis.de\/gseksbohmte\/wp-json\/wp\/v2\/pages\/475\/revisions\/476"}],"wp:attachment":[{"href":"https:\/\/wordpress.nibis.de\/gseksbohmte\/wp-json\/wp\/v2\/media?parent=475"}],"curies":[{"name":"wp","href":"https:\/\/api.w.org\/{rel}","templated":true}]}}