{"id":512,"date":"2023-02-20T20:07:25","date_gmt":"2023-02-20T19:07:25","guid":{"rendered":"https:\/\/wordpress.nibis.de\/gseksbohmte\/?page_id=512"},"modified":"2023-02-22T20:15:05","modified_gmt":"2023-02-22T19:15:05","slug":"unser-schul-abc","status":"publish","type":"page","link":"https:\/\/wordpress.nibis.de\/gseksbohmte\/unser-schul-abc\/","title":{"rendered":"Unser Schul-ABC"},"content":{"rendered":"\n<p><strong>Kleines EKS-ABC f\u00fcr unsere Sch\u00fcler, Sch\u00fclerinnen, Eltern und Team<\/strong><\/p>\n\n\n\n<p><a href=\"http:\/\/grundschule-miltenberg.de\/wp-content\/uploads\/2014\/09\/ABC-Schulanf%C3%A4nger-Zeichnung.jpg\"><\/a> <strong>A<\/strong> wie <strong>Anfang:<\/strong><br>Die 1. Unterrichtstunde beginnt um 8.00 Uhr. Um 7.45 Uhr \u00f6ffnen wir die Schule und die Klassenr\u00e4ume. Die Schulkinder verabschieden sich vor dem Geb\u00e4ude und gehen allein in den Klassenraum. So wird Ihr Kind schnell selbstst\u00e4ndig.<\/p>\n\n\n\n<p><strong>B<\/strong> wie <strong>B\u00fccher<\/strong>:<br>Grunds\u00e4tzlich gilt die Lehrmittelfreiheit. Sie m\u00fcssen die B\u00fccher nicht bezahlen. Ihr Kind bekommt sie leihweise von der Schule zur Verf\u00fcgung gestellt. Bitte versehen Sie alle B\u00fccher mit einem Schutzumschlag! Besch\u00e4digte oder verlorengegangene B\u00fccher m\u00fcssen von Ihnen am Ende des Schuljahres ersetzt werden.<\/p>\n\n\n\n<p><strong>B\u00fccherei: EKS- Lesestube:<\/strong><\/p>\n\n\n\n<p>Lesen ist uns wichtig! Schon im 1. Schuljahr d\u00fcrfen sich die Kinder B\u00fccher ausleihen und in der Lesestube lesen. Die Ausleihe findet durch ehrenamtliche Mitarbeiter*innen statt.<\/p>\n\n\n\n<p><strong>Busfahrkarten:<\/strong><\/p>\n\n\n\n<p>Alle Kinder, die mindestens 2 km von der Schule entfernt wohnen, erhalten eine kostenlose Busfahrkarte.<\/p>\n\n\n\n<p><strong>C<\/strong>&nbsp;wie <strong>Computer\/Medienbildung:<\/strong><\/p>\n\n\n\n<p>Medienbildung und Medienerziehung geh\u00f6rt zu den Aufgaben der Grundschule. Fast alle Klassenr\u00e4ume sind ausgestattet mit einer interaktiven Tafel, einer Dokumentenkamera, einem CD-Player und einem I-Pad. Ein Computerraum bietet jedem Kind die M\u00f6glichkeit, die Arbeit am Computer zu erlernen, an Lernprogrammen zu arbeiten und Informationen zu Sachthemen zu finden. Die Kinder werden angeleitet, Arbeitsprogramme zu bedienen, kleine Texte zu schreiben und das Antolin-Leseprogramm sowie die Anton-App zu beherrschen.<\/p>\n\n\n\n<p><strong>Christentum:<\/strong><\/p>\n\n\n\n<p>Im Schulgesetz ist verankert: Auf der Grundlage des Christentums, des europ\u00e4ischen Humanismus und der Ideen der liberalen, demokratischen und sozialen Freiheitsbewegungen soll die Schule ihren Bildungs- und Erziehungsauftrag wahrnehmen und so die Sch\u00fclerinnen und Sch\u00fcler in ihrer Pers\u00f6nlichkeit weiterentwickeln. (\u00a72 Nieders\u00e4chsisches Schulgesetz).<\/p>\n\n\n\n<p>In der EKS nehmen die Kinder teil an einem gemeinsamen konfessionell kooperativen Religionsunterricht in der Klassengemeinschaft.<\/p>\n\n\n\n<p>An besonderen Festen im Kirchenjahr besuchen wir auch die Kirchen.<\/p>\n\n\n\n<p>Zur Einschulung und in der Adventszeit gestalten die Religionslehrkr\u00e4fte gemeinsam mit den Sch\u00fclerinnen und Sch\u00fclern besondere Gottesdienste.<\/p>\n\n\n\n<p><strong>D <\/strong>wie <strong>Datenschutz:<\/strong><\/p>\n\n\n\n<p>Die neue Datenschutzgrundverordnung ist seit Mai 2018 EU-weit g\u00fcltig. Wir werden Sie um Ihr Einverst\u00e4ndnis bitten, wenn wir ein Foto Ihres Kindes ins Netz (z.B. Schulhomepage) oder in die Zeitung stellen m\u00f6chten. Das Recht am Bild \/Foto ist ein wichtiges Pers\u00f6nlichkeitsrecht.<\/p>\n\n\n\n<p><strong>Durst:<\/strong><\/p>\n\n\n\n<p>In der Aula gibt es einen Wasserspender. Dort d\u00fcrfen sich die Kinder kostenlos in ihre eigene Wasserflasche Wasser abf\u00fcllen.<br>Sie k\u00f6nnen Ihrem Kind aber auch Wasser oder ein anderes gesundes, m\u00f6glichst zuckerfreies Getr\u00e4nk in einer geeigneten, unzerbrechlichen Trinkflasche mitgeben.<\/p>\n\n\n\n<p><strong>E <\/strong>wie <strong>Essen\/Fr\u00fchst\u00fcck<\/strong>:<br>Bei uns ist es \u00fcblich, den Kindern vor Beginn der 1. Pause bereits im Klassenzimmer die M\u00f6glichkeit zu geben, in Ruhe ein gesundes Fr\u00fchst\u00fcck zu essen. Was kann das sein? Ein belegtes Butterbrot mit K\u00e4se oder Wurst, klein geschnittenes Gem\u00fcse, zum Beispiel M\u00f6hren, Gurken, kleine Tomaten. Nicht erw\u00fcnscht sind: S\u00fc\u00dfigkeiten, Chips, Milchschnitten, Schokolade, Bonbons. Achten Sie bitte darauf, dass die Kinder keine extra Verpackungen mitbringen. Wir wollen M\u00fcll vermeiden!<\/p>\n\n\n\n<p>Sehr wichtig ist, dass Ihr Kind auch schon morgens vor der Schule zu Hause etwas isst und trinkt, damit es in der Schule gut lernen kann!<\/p>\n\n\n\n<p><strong>Elternsprechtage:<\/strong><\/p>\n\n\n\n<p>Wir bieten zweimal im Schuljahr einen Elternsprechtag an. Aber auch sonst bieten wir an, sich telefonisch (05471\/2410) bei uns zu melden, um \u00fcber die Lernentwicklung Ihres Kindes zu sprechen. Sie k\u00f6nnen dem Lehrer oder der Lehrerin auch gerne eine Mail schreiben. Denn alle haben einen Zugang zum IServ.<\/p>\n\n\n\n<p><strong>Elternarbeit:<\/strong><\/p>\n\n\n\n<p>Wir freuen uns, wenn wir Eltern finden, die bereit sind, unsere Arbeit zu unterst\u00fctzen und sich in die Gremien w\u00e4hlen lassen. Auch freuen wir uns \u00fcber ehrenamtliche Mitarbeiterinnen und Mitarbeiter, die uns bei schulischen Veranstaltungen wie auf Schulfesten, Sportfesten helfen.<\/p>\n\n\n\n<p><strong>Elternbeirat:<\/strong><\/p>\n\n\n\n<p>Auf dem ersten Elternabend nach den Sommerferien werden in den 1. und 3. Jahrg\u00e4ngen drei Elternvertreter*innen gew\u00e4hlt: Vorsitzende, Stellvertreter*in sowie ein Elternvertreter*in f\u00fcr die Teilnahme an der Zeugniskonferenz\/Klassenkonferenz. Der Schulelternrat w\u00e4hlt dann eine Vorsitzende\/n sowie einen Stellvertreter\/-in.<\/p>\n\n\n\n<p>Gesamtkonferenz: Sechs gew\u00e4hlte Eltern aus dem Schulelternrat nehmen an der Gesamtkonferenz teil, je zwei werden f\u00fcr die die jeweiligen F\u00e4cher in der Fachkonferenzarbeit gew\u00e4hlt.<\/p>\n\n\n\n<p>Schulvorstand: Den Schulvorstand bildet die Schulleiterin zusammen mit je drei Lehrer*innen und vier Elternvertreter*innen. Je zwei Vertreter*innen f\u00fcr den Gemeindeelternrat und den Kreiselternrat pr\u00e4sentieren unsere Schule nach au\u00dfen.<\/p>\n\n\n\n<p><strong>F <\/strong>wie <strong>Fehlen:<\/strong><br><strong>Sollte Ihr Kind krank oder verhindert sein, bitten wir Sie, sich im Sekretariat telefonisch (05471\/2410) zu melden.<\/strong> Sie k\u00f6nnen die Nachricht aber auch per IServ an Larissa Engbrecht senden oder ab 7.45 Uhr anrufen. Sonst sind wir zum Schutze Ihres Kindes verpflichtet, bei Ihnen anzurufen und nachzufragen. Falls Ihr Kind ohne Entschuldigung fehlt, dann m\u00fcssen wir das Fehlen melden. Tragen Sie das Fehlen bitte im Sch\u00fclerplaner ein, um es zu entschuldigen! Am dritten Fehltag ben\u00f6tigen wir eine \u00e4rztliche Bescheinigung. Die Schulleitung entscheidet, ob bei langem Fehlen oder Unklarheiten ein \u00e4rztliches Attest vorgelegt werden soll.<\/p>\n\n\n\n<p><strong>Ferien:<\/strong><\/p>\n\n\n\n<p>Die Ferienzeiten entnehmen Sie bitte dem Sch\u00fclerplaner und aus der Presse! Unsere Ferienzeiten richten sich nach den Vorgaben des Landes Niedersachsen. Planen Sie Ihre Reisen so, dass das Kind bis zum letzten Schultag am Unterricht teil- nimmt. Auch das Verl\u00e4ngern der Ferien ist verboten. Wir m\u00fcssen es sonst beim Landkreis melden. Es wird dann ein Bu\u00dfgeld verh\u00e4ngt.<\/p>\n\n\n\n<p><strong>F\u00f6rderverein:<\/strong><\/p>\n\n\n\n<p>Unsere Schule hat einen Schulf\u00f6rderverein, der die Arbeit mit unseren Kindern sehr unterst\u00fctzt und sich \u00fcber neue Mitglieder freut, die mit nur <strong>1 Euro<\/strong> im Monat dabei sind. Mit Ihren Spenden k\u00f6nnen wir Pausenspielger\u00e4te, B\u00fccher f\u00fcr die Lesestube und Gesellschaftsspiele f\u00fcr die Regenpausen kaufen. Auch unterst\u00fctzt uns der F\u00f6rderverein bei Projekten und Fahrten, um allen Familien die Teilnahme zu erm\u00f6glichen.<\/p>\n\n\n\n<p><strong>G <\/strong>wie <strong>Ganztag<\/strong>:<br>An unserer Schule gibt es den offenen Ganztag. Sie melden Ihr Kind f\u00fcr ein Halbjahr verpflichtend an. Es gibt ein warmes Mittagessen, das Sie bezahlen m\u00fcssen. Nach dem Essen machen die Kinder ihre Hausaufgaben. Anschlie\u00dfend finden Arbeitsgemeinschaften statt. Der Ganztag endet um 15.30 Uhr.<\/p>\n\n\n\n<p>Am Freitag findet kein Ganztag statt, und der Unterricht endet um 12 Uhr. Sie k\u00f6nnen Ihr Kind auch zur Betreuung bis 13 Uhr anmelden. Ein Anmeldeformular bekommt Ihr Kind rechtzeitig.<\/p>\n\n\n\n<p><strong>H <\/strong>wie <strong>Hausaufgaben:<br><\/strong>Die Kinder bekommen Hausaufgaben auf. Diese dienen der eigenst\u00e4ndigen \u00dcbung und Vertiefung des Unterrichtstoffes. Die Hausaufgaben schreiben sich die Kinder im Sch\u00fclerplaner auf. Der Planer ist auch das Mitteilungsheft f\u00fcr zu Hause. Schauen Sie bitte t\u00e4glich in diesen Planer! Die Lehrkr\u00e4fte nutzen den Planer, um Sie zu informieren. Lesen ist wichtig! Lesen muss ge\u00fcbt werden! Bitte lesen Sie jeden Tag mit Ihrem Kind!<\/p>\n\n\n\n<p>Wichtig: Laut Hausaufgabenerlass sollen Grundschulkinder t\u00e4glich insgesamt 30 Minuten Hausaufgaben machen!<\/p>\n\n\n\n<p><strong>Homepage: <\/strong><a href=\"https:\/\/wordpress.nibis.de\/gseksbohmte\/\"><strong>https:\/\/wordpress.nibis.de\/gseksbohmte\/<\/strong><\/a><\/p>\n\n\n\n<p>Die Homepage informiert Sie \u00fcber Termine, unser Leitbild und Schulprogramm. Kleine Berichte und Fotos aus unserem Schulleben machen unsere Homepage spannend.<\/p>\n\n\n\n<p><strong>I <\/strong>wie <strong>Informationen:<br><\/strong>Wichtige Informationen f\u00fcr Sie als Eltern geben wir in Form eines Elternbriefes heraus. Um Papier zu sparen, senden wir Ihnen Briefe und Informationen per IServ zu.<\/p>\n\n\n\n<p><strong>Inklusion<\/strong><\/p>\n\n\n\n<p>Inklusion bedeutet eine umfassende und uneingeschr\u00e4nkte Teilhabe jedes Einzelnen am gesellschaftlichen Leben. Ziel ist die aktive Teilhabe von Menschen mit Behinderungen in der Gesellschaft, indem ein barrierefreies Umfeld geschaffen wird. Das schlie\u00dft ausdr\u00fccklich das Recht auf Bildung ein. Das Kind steht im Vordergrund. Die Schule muss sich anpassen. Seit dem 01.08.2013 hat die Einf\u00fchrung der inklusiven Schule begonnen.<\/p>\n\n\n\n<p>Alle Kinder haben das Recht, eine Regelschule zu besuchen. Eine barrierefreie Schule f\u00fcr alle Kinder ist das Ziel unserer Bem\u00fchungen! Sie, liebe Eltern haben in Niedersachsen die freie Schulwahl f\u00fcr Ihr Kind.<\/p>\n\n\n\n<p><strong>IServ<\/strong><strong>: www.grundschulen-bohmte.de<\/strong><\/p>\n\n\n\n<p><strong>An unserer Schule arbeiten wie mit der Online Plattform IServ.<\/strong><\/p>\n\n\n\n<p><strong>Alle Briefe, Aufgaben, Konferenzen werden dar\u00fcber online gesendet.<\/strong><\/p>\n\n\n\n<p><strong>Jede Sch\u00fcler*in hat einen Zugang. Bitte schauen Sie regelm\u00e4\u00dfig ins IServ.<\/strong><\/p>\n\n\n\n<p><strong>Die Sch\u00fcler*innen sollten ihren Zugang \/Passwort auswendig lernen. Denn nur so k\u00f6nnen sie am PC arbeiten.<\/strong><\/p>\n\n\n\n<p><strong>K <\/strong>wie <strong>Kosten:<\/strong><br>Grunds\u00e4tzlich besteht Lehrmittelfreiheit. Allerdings m\u00fcssen wir f\u00fcr Kopien, Arbeitshefte, Material f\u00fcr F\u00e4cher wie Werken, Textiles Gestalten oder Kunst Geld einsammeln.<\/p>\n\n\n\n<p><strong>L <\/strong>wie <strong>Lesen:<\/strong><br>Das Lesen ist eine der Schl\u00fcsselkompetenzen, die ein Schulkind in seiner Schullaufbahn lernt und beherrschen muss. Deshalb bitten wir Sie, mit ihrem Kind gemeinsam das laute Lesen zu \u00fcben und \u00fcber das Gelesene zu sprechen. Lesen auch Sie Ihrem Kind vor!<\/p>\n\n\n\n<p><strong>M <\/strong>wie <strong>Mathematik:<\/strong><br>Ebenso geh\u00f6ren Rechenfertigkeiten zum \u201eGrundhandwerkszeug\u201c. Auch hier hilft es Ihren Kindern, wenn auch Sie die Grundrechenarten (Plus, Minus, Mal, Geteilt) trainieren. Unsere Schule nimmt jedes Jahr vor Ostern am Mathematik Wettbewerb K\u00e4nguru teil. Bei diesem Wettbewerb geht es auch um geometrische Kenntnisse und um Sachaufgaben. Auch daf\u00fcr ist es sehr wichtig, dass genau gelesen wird.<\/p>\n\n\n\n<p><strong>MOOS-Projekt<\/strong>:<\/p>\n\n\n\n<p>Die musikalische Fr\u00fcherziehung wird an der EKS unterst\u00fctzt durch die Musiklehrer\/-innen aus der Kreismusikschule. Im ersten Schuljahr darf jeder Sch\u00fcler ein Instrument kennen lernen und erh\u00e4lt am Vormittag eine Schulstunde kostenlosen Instrumentalunterricht. Ab dem zweiten Schuljahr kann Ihr Kind dann kostenpflichtig ein Instrument erlernen. Am Ende des Schuljahres findet dann ein Vorspiel vor den Eltern statt.<\/p>\n\n\n\n<p><strong>Musik<\/strong>:<\/p>\n\n\n\n<p>Musik ist an unserer Schule wichtig. Jeden Tag singen die Kinder nach dem Motto: \u201eKlasse, wir singen!\u201c So lernen alle Lieder kennen, die die ganze Schulgemeinschaft singen kann.<\/p>\n\n\n\n<p><strong>N <\/strong>wie <strong>Namen:<br><\/strong>Bitte beschriften Sie alle Unterrichtsmaterialien Ihres Kindes mit seinem Namen und \u00fcben Sie mit ihm, seinen Namen zu schreiben und die Adresse und auch die Telefonnummer und den Zugang zum IServ zu kennen.<\/p>\n\n\n\n<p><strong>O <\/strong>wie <strong>Obst:<\/strong><br>Unsere Schule nimmt am kostenlosen Schulobstprogramm teil. Wir bekommen von einem Obsth\u00e4ndler jede Woche Obst und Gem\u00fcse geliefert, das wir in der Fr\u00fchst\u00fcckspause an die Kinder verteilen.<\/p>\n\n\n\n<p><strong>P <\/strong>wie <strong>Pause:<\/strong><br>An unserer Schule haben wir folgende Pausenzeiten:<\/p>\n\n\n\n<p>9.10 Uhr bis 9.30 Uhr, 11.00 Uhr bis 11.15 Uhr, 12.00 Uhr bis 12.15 Uhr.<\/p>\n\n\n\n<p><strong>Q <\/strong>wie <strong>Quelle<\/strong>:<br>Wir sehen unsere Aufgabe in der Grundschule vor allem darin, Ihren Kindern als \u201eQuelle\u201c f\u00fcr Ihren weiteren Lernweg zu dienen und Ihnen ein grundlegendes Fundament zu vermitteln.<\/p>\n\n\n\n<p><strong>R<\/strong>wie <strong>Ruhe:<\/strong><br>Ruhe im Schulgeb\u00e4ude und im Klassenzimmer finden wir wichtig, um allen Kindern ein geeignetes Lernumfeld zu garantieren. Bitte unterst\u00fctzen Sie uns darin, dass Ihre Kinder \u201eRuhe\u201c und \u201eruhiges Arbeiten\u201c zu sch\u00e4tzen wissen.<\/p>\n\n\n\n<p>Im \u201eRuheraum\u201c d\u00fcrfen sich Kinder nach dem Mittagessen erholen. Eine Schulsozialp\u00e4dagogin unterst\u00fctzt die Kinder dabei.<\/p>\n\n\n\n<p><strong>Regeln:<\/strong><\/p>\n\n\n\n<p>Wir sind eine Gemeinschaft. Wir achten uns. Jeder hat das Recht, in Ruhe zu lernen, zu arbeiten und zu spielen. Deshalb halten wir uns an diese Regeln:<\/p>\n\n\n\n<p><strong>Unsere Schulregeln:<\/strong><\/p>\n\n\n\n<p><strong>1. Ich passe auf mich auf.<\/strong><\/p>\n\n\n\n<p><strong>2. Ich passe auf dich auf.<\/strong><\/p>\n\n\n\n<p><strong>3. Ich passe auf alle Sachen auf.<\/strong><\/p>\n\n\n\n<p><strong>4. Ich arbeite mit.<\/strong><\/p>\n\n\n\n<p><strong>S <\/strong>wie <strong>Selbstst\u00e4ndigkeit:<br><\/strong>Selbstst\u00e4ndigkeit, vor allem in den Alltagsf\u00e4higkeiten, ist vielleicht eines der wichtigsten \u201eF\u00e4cher\u201c, das Ihr Kind nun erlernen und vertiefen muss. In einem Rahmen von ca. 200 Sch\u00fclern sind Ihre Kinder in vielen Dingen auf sich gestellt und k\u00f6nnen nicht mehr so betreut werden, wie sie es vielleicht bis jetzt gewohnt waren.<\/p>\n\n\n\n<p><strong>Schulsozialarbeit:<\/strong><\/p>\n\n\n\n<p><strong>Jutta Becker und Teresa Werner hei\u00dfen unsere Schulsozialp\u00e4dagoginnen<\/strong><\/p>\n\n\n\n<p>In der EKS arbeiten zwei Schulsozialp\u00e4dagoginnen. Sie haben viele Aufgaben:<\/p>\n\n\n\n<ul class=\"wp-block-list\"><li>F\u00fcr die Sorgen und Probleme unserer Sch\u00fclerinnen und Sch\u00fcler, der Eltern und Lehrerinnen und Lehrer da sein<\/li><li>Sozialtrainings in den Klassen (\u201eLubo\u201c, \u201eTeamgeister\u201c)<\/li><li>Beratung f\u00fcr einzelne Eltern und Kinder (Einzelfallbetreuung)<\/li><li>Jungen- und M\u00e4dchen-AG (Jahrg\u00e4nge 1 und 2)<\/li><\/ul>\n\n\n\n<p><strong>Sch\u00fclerplaner:<\/strong><\/p>\n\n\n\n<p>In der EKS gibt es f\u00fcr alle Kinder einen Planer, in dem die Hausaufgaben notiert, die Stundenpl\u00e4ne geschrieben werden sowie Entschuldigungen eingetragen werden. Unsere Schulregeln sind dort in einfacher Sprache und mit Bildern unterlegt abgebildet.<\/p>\n\n\n\n<p><strong>Schwimmunterricht<\/strong>:<\/p>\n\n\n\n<p>Im dritten Schuljahr haben die Kinder Schwimmunterricht. Das Ziel ist, dass alle Kinder das Seepferdchen- Abzeichen schaffen<\/p>\n\n\n\n<p><strong>Sportfreundliche Schule:<\/strong><\/p>\n\n\n\n<p>Die Gesundheit der Kinder zu f\u00f6rdern, geh\u00f6rt zu unserem Leitbild. Die bewegte Pause, die zwei Sportstunden w\u00f6chentlich, das Lernen in der Klasse mit vielen methodischen Wechseln und die tollen Angebote im Jahreskreis vom Wandertag, \u00fcber das Erreichen des Laufabzeichens, das Streetball- Tennisturnier, die Kooperation mit dem TV01 Bohmte im Bereich Handball und das gro\u00dfe Spielfest zum Schuljahresende f\u00f6rdern Motivation und Bewegungsfreude der Kinder und tragen zudem zu einer guten Schulgemeinschaft bei.<\/p>\n\n\n\n<p><strong>T <\/strong>wie <strong>Turnsachen:<br><\/strong>Ihr Kind ben\u00f6tigt Sportkleidung zum Umziehen f\u00fcr den Sportunterricht: Turnschuhe, Turnhose und T-Shirt. Diese Sportkleidung wird in einem Turnbeutel aufbewahrt, der in der Regel w\u00e4hrend der Woche in der Schule bleibt. Bitte beschriften Sie den Turnbeutel und auch die Kleidung mit dem Namen Ihres Kindes, um Verwechslungen zu vermeiden und Fundsachen zuordnen zu k\u00f6nnen. Das selbstst\u00e4ndige Umziehen wird zu Hause ge\u00fcbt, damit Ihr Kind m\u00f6glichst eine lange Sportstunde erleben darf.<\/p>\n\n\n\n<p>Auch das Binden einer Schleife sollte Ihr Kind vor Schulbeginn selbstst\u00e4ndig schaffen. Falls ihr Kind die Sportsachen vergessen hat, wird es in einer Parallelklasse f\u00fcr diese Stunde still besch\u00e4ftigt.<\/p>\n\n\n\n<p><strong>U <\/strong>wie <strong>Umwelt:<\/strong><\/p>\n\n\n\n<p>Wir m\u00f6chten, dass unsere Natur und unsere Umwelt gesch\u00fctzt werden. Deshalb wollen wir M\u00fcll vermeiden. Unser Fr\u00fchst\u00fcck befindet sich in einer Brotdose, die t\u00e4glich von den Eltern neu gef\u00fcllt wird.<\/p>\n\n\n\n<p>Der M\u00fcll wird getrennt nach Biom\u00fcll, \u201egelber Sack\u201c und Restm\u00fcll. Die Kinder helfen beim Sauberhalten des Schulhofes und des Schulgeb\u00e4udes. Hierf\u00fcr ist ein Ordnungsdienst (\u201eM\u00fclldienst\u201c) eingeteilt.<\/p>\n\n\n\n<p>Wir beteiligen uns auch regelm\u00e4\u00dfig bei der M\u00fcllsammelaktion der Gemeinde.<\/p>\n\n\n\n<p><br><strong>V <\/strong>wie <strong>Verhalten:<\/strong><br>Wir sind eine gro\u00dfe Schulgemeinschaft. Wir gehen friedlich und respektvoll miteinander um und halten uns an die Schulregeln. Wir helfen uns und sind freundlich. Neue Kinder werden gut aufgenommen. Die Erstklasskinder haben Patenkinder aus den dritten Klassen.<\/p>\n\n\n\n<p><strong>Verl\u00e4ssliche Grundschule:<\/strong><\/p>\n\n\n\n<p>Sie k\u00f6nnen sich darauf verlassen, dass wir Ihr Kind verl\u00e4sslich von 8 Uhr bis 12 Uhr oder nach Anmeldung bis 13 Uhr oder sogar bis 15.30 Uhr unterrichten und betreuen.<\/p>\n\n\n\n<p>Nur in sehr besonderen Situationen wie bei einem wetterbedingten Schulausfall kann es dazu f\u00fchren, dass Ihr Kind entweder keinen Unterricht hat oder fr\u00fcher nach Hause entlassen werden muss. Hierzu gibt es aber so fr\u00fchzeitig wie m\u00f6glich besondere Informationen! Melden Sie sich gerne auch beim Fr\u00fchwarnmeldesystem des Landkreises Osnabr\u00fcck : Katwarn an!<\/p>\n\n\n\n<p><strong>W <\/strong>wie <strong>Weg:<\/strong><br>Bitte \u00fcben Sie vor Schulbeginn mit Ihrem Kind den Schulweg erst zusammen und sp\u00e4ter auch alleine. Beachten Sie dabei die n\u00f6tigen Sicherheitshinweise! Auch das Busfahren muss einge\u00fcbt werden. Bitte sprechen Sie auch wichtige Regeln an und \u00fcben Sie mit den Kindern vor allem das \u00dcberqueren der Stra\u00dfe! Vermeiden Sie bitte, kurze Wege mit dem Auto zu fahren! Es gibt wenig Parkm\u00f6glichkeiten. Halten Sie Gehwege und Busspuren frei!<\/p>\n\n\n\n<p>Wir haben eine besondere Absprache: Es gilt die \u201efreiwillige\u201c Einbahnstra\u00dfe, vor allem bei den Bringe- und Abholzeiten! Helfen Sie mit, dass es m\u00f6glichst gefahrenfrei vor der Schule zugeht.<\/p>\n\n\n\n<p><strong>XY <\/strong>wie X f\u00fcr Y:<br>Wir wollen Ihnen kein X f\u00fcr ein Y vormachen und setzen auf ehrlichen, vertrauensvollen Umgang miteinander. Vertrauen und Gespr\u00e4chsbereitschaft auf allen Seiten sind wichtig, um diesen neuen Lebensabschnitt gemeinsam zum Wohle Ihrer Kinder zu meistern.<\/p>\n\n\n\n<p><strong>Z <\/strong>wie <strong>Zeugnis:<\/strong><br>Ihre Sch\u00fcler erhalten im ersten Schuljahr am letzten Schultag vor Beginn der Sommerferien das erste Zeugnis, in dem der Lernstand beschrieben wird.<\/p>\n\n\n\n<p>Auch im zweiten Schuljahr werden Berichtszeugnisse erstellt. Im dritten und vierten Schuljahr gibt es dann Notenzeugnisse.<\/p>\n\n\n\n<p><strong>Zeitplan:<\/strong><\/p>\n\n\n\n<p><strong>Zeitplan<\/strong>: <strong>Unterricht<\/strong><\/p>\n\n\n\n<p><strong>1. \/ 2. 8.00 Uhr \u2013 9.10 Uhr<\/strong><\/p>\n\n\n\n<p><strong>3. 9.30 Uhr \u2013 10.15 Uhr<\/strong><\/p>\n\n\n\n<p><strong>4. 10.15 Uhr \u2013 11.00 Uhr<\/strong><\/p>\n\n\n\n<p><strong>5. 11.15 Uhr \u2013 12.00 Uhr<\/strong><\/p>\n\n\n\n<p><strong>6. 12.15 Uhr \u2013 13.00 Uhr<\/strong><\/p>\n\n\n\n<p><strong>Spielpausen: 9.10 Uhr \u2013 9.30 Uhr, 11.00 Uhr bis 11.15 Uhr, 12.00 Uhr \u2013 12.15 Uhr<\/strong><\/p>\n\n\n\n<p><strong>Ganztag: 13.00 Uhr \u2013 13.45 Uhr Mittagessen, Freispiel, Ruheraum<\/strong><\/p>\n\n\n\n<p><strong>13.45 Uhr \u2013 14.30 Uhr Hausaufgabenzeit<\/strong><\/p>\n\n\n\n<p><strong>14.30 Uhr \u2013 15.30 Uhr Arbeitsgemeinschaften<\/strong><\/p>\n\n\n\n<p><strong>Liebe Eltern<\/strong>, sehr wichtig f\u00fcr uns ist der Austausch! Suchen Sie bitte das Gespr\u00e4ch mit der Klassenlehrerin oder dem Klassenlehrer, aber auch mit der Schulleiterin und den Schulsozialp\u00e4dagoginnen, falls Sie Fragen haben oder \u00fcber Ihr Kind sprechen m\u00f6chten!<\/p>\n\n\n\n<p><strong>Liebes Schulkind, <\/strong>dieses Schul-ABC soll dir helfen, in der Schule gut klar zu kommen. Falls du Fragen hast, dann frag uns gerne! Alle m\u00f6chten sich um dich k\u00fcmmern. Das wichtigste ist es, dass du mit Spa\u00df und Lernfreude in der Schule bist und Freunde findest!<\/p>\n\n\n\n<p><em><strong>Es gibt nichts Gutes, au\u00dfer, man tut es!<\/strong><\/em><\/p>\n\n\n\n<p><em><strong>(Zitat von Erich K\u00e4stner)<\/strong><\/em><\/p>\n\n\n\n<p><\/p>\n\n\n\n<p><em><strong>Das gesamte Team der Grundschule Erich K\u00e4stner<\/strong><\/em><\/p>\n\n\n\n<p><a><\/a> <em><strong>freut sich, dass ihr dabei seid!<\/strong><\/em><\/p>\n\n\n\n<p><em><strong>Claudia Erpenbeck, Schulleiterin und Anja K\u00fclker, Konrektorin<\/strong><\/em><\/p>\n","protected":false},"excerpt":{"rendered":"<p>Kleines EKS-ABC f\u00fcr unsere Sch\u00fcler, Sch\u00fclerinnen, Eltern und Team A wie Anfang:Die 1. Unterrichtstunde beginnt um 8.00 Uhr. Um 7.45 Uhr \u00f6ffnen wir die Schule und die Klassenr\u00e4ume. Die Schulkinder<\/p>\n","protected":false},"author":9193920,"featured_media":0,"parent":0,"menu_order":0,"comment_status":"closed","ping_status":"closed","template":"","meta":{"footnotes":""},"class_list":["post-512","page","type-page","status-publish","hentry"],"_links":{"self":[{"href":"https:\/\/wordpress.nibis.de\/gseksbohmte\/wp-json\/wp\/v2\/pages\/512","targetHints":{"allow":["GET"]}}],"collection":[{"href":"https:\/\/wordpress.nibis.de\/gseksbohmte\/wp-json\/wp\/v2\/pages"}],"about":[{"href":"https:\/\/wordpress.nibis.de\/gseksbohmte\/wp-json\/wp\/v2\/types\/page"}],"author":[{"embeddable":true,"href":"https:\/\/wordpress.nibis.de\/gseksbohmte\/wp-json\/wp\/v2\/users\/9193920"}],"replies":[{"embeddable":true,"href":"https:\/\/wordpress.nibis.de\/gseksbohmte\/wp-json\/wp\/v2\/comments?post=512"}],"version-history":[{"count":2,"href":"https:\/\/wordpress.nibis.de\/gseksbohmte\/wp-json\/wp\/v2\/pages\/512\/revisions"}],"predecessor-version":[{"id":520,"href":"https:\/\/wordpress.nibis.de\/gseksbohmte\/wp-json\/wp\/v2\/pages\/512\/revisions\/520"}],"wp:attachment":[{"href":"https:\/\/wordpress.nibis.de\/gseksbohmte\/wp-json\/wp\/v2\/media?parent=512"}],"curies":[{"name":"wp","href":"https:\/\/api.w.org\/{rel}","templated":true}]}}