{"id":584,"date":"2023-05-23T20:59:35","date_gmt":"2023-05-23T18:59:35","guid":{"rendered":"https:\/\/wordpress.nibis.de\/gseksbohmte\/?page_id=584"},"modified":"2023-05-23T20:59:35","modified_gmt":"2023-05-23T18:59:35","slug":"fsj-bfd","status":"publish","type":"page","link":"https:\/\/wordpress.nibis.de\/gseksbohmte\/fsj-bfd\/","title":{"rendered":"FSJ \/ BFD"},"content":{"rendered":"\n<p>Seit vielen Jahren arbeiten an unserer Schule junge Erwachsene, die im Rahmen vom FSJ (Freiwilliges soziales Jahr) oder dem BFD (Bundesfreiwilligendienst) und in Kooperation mit dem TV 01 Bohmte hier bei uns im schulischen Bereich t\u00e4tig sind. Dabei unterst\u00fctzen sie haupts\u00e4chlich die Durchf\u00fchrung des Sportunterrichts sowie bei der Aufsicht und der bewegungsorientierten Gestaltung der Hofpausen.<\/p>\n\n\n\n<p>Im folgenden Text beschreibt Filice Usler, unserer BFDlerin im Schuljahr 2022\/23, ihre Arbeit an unserer Schule: <\/p>\n\n\n\n<p>&#8222;Hi, mein Name ist Filice Usler und ich w\u00fcrde euch gerne einen kurzen Einblick in meine Arbeit geben. Vielleicht spielt ihr ja auch mit dem Gedanken, an einer Schule einen BFD zu machen. <\/p>\n\n\n\n<p>Ich bin 19 Jahre alt und absolviere momentan einen Bundesfreiwilligendienst &#8211; kurz gesagt ein BFD &#8211; in dem Verein TV 01 Bohmte.<\/p>\n\n\n\n<p>Der Verein kooperiert mit der Erich-K\u00e4stner-Grundschule, was ich sehr gut finde. Ich bin somit morgens in der Schule und nachmittags im Verein t\u00e4tig. Ich lerne nicht nur, wie der Alltag in der Schule im Sportunterricht aussieht, sondern bekomme auch ganz neue Einblicke, wie Schule insgesamt funktioniert. Am Nachmittag darf ich dann die Kursleiter des Sportvereins bei ihrer Arbeit unterst\u00fctzen und kann meine eigenen Ideen f\u00fcr den Unterricht mit einbringen. Bei meiner Arbeit sind die Tage nie gleich und es wird nie langweilig, man ist immer in Bewegung und wird sowohl in die Gruppe der Lehrkr\u00e4fte als auch von den \u00dcbungsleitern herzlichst aufgenommen und ins Team integriert. Es macht mir pers\u00f6nlich sehr viel Spa\u00df, mit den Kindern zu arbeiten und ich habe sie alle direkt in mein Herz geschlossen.<\/p>\n\n\n\n<p>Das BFD ist gut dazu geeignet, sich vor einer Ausbildung noch mal beruflich zu orientieren, wenn man noch nicht genau wei\u00df, in welche Richtung es gehen soll. Also falls jemand noch nicht wei\u00df, in welche Richtung es beruflich gehen soll und die-\/derjenige Sport genauso gerne mag wie ich, kann ich euch das BFD im Verein TV 01 Bohmte nur ans Herz legen.<\/p>\n\n\n\n<p>Eure Filice<\/p>\n\n\n\n<figure class=\"wp-block-image is-style-tw-shadow\"><img decoding=\"async\" src=\"https:\/\/encrypted-tbn0.gstatic.com\/images?q=tbn:ANd9GcRTcWErwM-JlJhInCjyz34ysqzH_6bg6lEwr6MSXA6SHr2w88GfObQ6uvn4zRoq0sZ98HE&amp;usqp=CAU\" alt=\"TV 01 Bohmte Handball | Bohmte\" \/><\/figure>\n\n\n\n<p><\/p>\n","protected":false},"excerpt":{"rendered":"<p>Seit vielen Jahren arbeiten an unserer Schule junge Erwachsene, die im Rahmen vom FSJ (Freiwilliges soziales Jahr) oder dem BFD (Bundesfreiwilligendienst) und in Kooperation mit dem TV 01 Bohmte hier<\/p>\n","protected":false},"author":9193920,"featured_media":0,"parent":0,"menu_order":0,"comment_status":"closed","ping_status":"closed","template":"","meta":{"footnotes":""},"class_list":["post-584","page","type-page","status-publish","hentry"],"_links":{"self":[{"href":"https:\/\/wordpress.nibis.de\/gseksbohmte\/wp-json\/wp\/v2\/pages\/584","targetHints":{"allow":["GET"]}}],"collection":[{"href":"https:\/\/wordpress.nibis.de\/gseksbohmte\/wp-json\/wp\/v2\/pages"}],"about":[{"href":"https:\/\/wordpress.nibis.de\/gseksbohmte\/wp-json\/wp\/v2\/types\/page"}],"author":[{"embeddable":true,"href":"https:\/\/wordpress.nibis.de\/gseksbohmte\/wp-json\/wp\/v2\/users\/9193920"}],"replies":[{"embeddable":true,"href":"https:\/\/wordpress.nibis.de\/gseksbohmte\/wp-json\/wp\/v2\/comments?post=584"}],"version-history":[{"count":1,"href":"https:\/\/wordpress.nibis.de\/gseksbohmte\/wp-json\/wp\/v2\/pages\/584\/revisions"}],"predecessor-version":[{"id":585,"href":"https:\/\/wordpress.nibis.de\/gseksbohmte\/wp-json\/wp\/v2\/pages\/584\/revisions\/585"}],"wp:attachment":[{"href":"https:\/\/wordpress.nibis.de\/gseksbohmte\/wp-json\/wp\/v2\/media?parent=584"}],"curies":[{"name":"wp","href":"https:\/\/api.w.org\/{rel}","templated":true}]}}