{"id":761,"date":"2023-10-09T15:45:18","date_gmt":"2023-10-09T13:45:18","guid":{"rendered":"https:\/\/wordpress.nibis.de\/gseksbohmte\/?page_id=761"},"modified":"2023-10-09T15:45:18","modified_gmt":"2023-10-09T13:45:18","slug":"kinderseiten","status":"publish","type":"page","link":"https:\/\/wordpress.nibis.de\/gseksbohmte\/kinderseiten\/","title":{"rendered":"Kinderseiten"},"content":{"rendered":"\n<p>Hier pr\u00e4sentieren wir verschiedene Internetseiten, auf denen du lernen oder interessante Informationen finden kannst. Einfach anklicken und Spa\u00df haben!<\/p>\n\n\n\n<hr class=\"wp-block-separator\" \/>\n\n\n\n<p>Lernen und Mitmachen<\/p>\n\n\n\n<figure class=\"wp-block-gallery has-nested-images columns-default is-cropped wp-block-gallery-1 is-layout-flex wp-block-gallery-is-layout-flex\">\n<figure class=\"wp-block-image size-large\"><a href=\"https:\/\/anton.app\/de\/\" target=\"_blank\" rel=\"noopener\"><img loading=\"lazy\" decoding=\"async\" width=\"630\" height=\"627\" data-id=\"772\" src=\"https:\/\/wordpress.nibis.de\/gseksbohmte\/files\/2023\/09\/Screenshot-2023-08-31-161401.png\" alt=\"\" class=\"wp-image-772\" \/><\/a><figcaption>Anton &#8211; Die Lern-App<\/figcaption><\/figure>\n\n\n\n<figure class=\"wp-block-image size-large\"><a href=\"https:\/\/zahlenzorro.westermann.de\/\"><img loading=\"lazy\" decoding=\"async\" width=\"536\" height=\"479\" data-id=\"774\" src=\"https:\/\/wordpress.nibis.de\/gseksbohmte\/files\/2023\/09\/Screenshot-2023-09-07-162554.png\" alt=\"\" class=\"wp-image-774\" \/><\/a><figcaption>Zahlenzorro &#8211; Mathematik<\/figcaption><\/figure>\n\n\n\n<figure class=\"wp-block-image size-large\"><a href=\"https:\/\/antolin.westermann.de\/\"><img loading=\"lazy\" decoding=\"async\" width=\"602\" height=\"674\" data-id=\"773\" src=\"https:\/\/wordpress.nibis.de\/gseksbohmte\/files\/2023\/09\/Screenshot-2023-08-31-161601.png\" alt=\"Antolin\" class=\"wp-image-773\" \/><\/a><figcaption><br><br>Antolin &#8211;<br>B\u00fccher-Quiz<\/figcaption><\/figure>\n<\/figure>\n\n\n\n<hr class=\"wp-block-separator\" \/>\n\n\n\n<p>Suchmaschinen f\u00fcr Kinder<\/p>\n\n\n\n<figure class=\"wp-block-gallery has-nested-images columns-default is-cropped wp-block-gallery-2 is-layout-flex wp-block-gallery-is-layout-flex\">\n<figure class=\"wp-block-image size-large\"><a href=\"https:\/\/www.blinde-kuh.de\/index.html\"><img loading=\"lazy\" decoding=\"async\" width=\"697\" height=\"507\" data-id=\"776\" src=\"https:\/\/wordpress.nibis.de\/gseksbohmte\/files\/2023\/09\/Screenshot-2023-08-31-161711.png\" alt=\"\" class=\"wp-image-776\" \/><\/a><figcaption>Blinde Kuh &#8211; Suchmaschine<\/figcaption><\/figure>\n\n\n\n<figure class=\"wp-block-image size-large\"><a href=\"https:\/\/www.fragfinn.de\/\"><img loading=\"lazy\" decoding=\"async\" width=\"635\" height=\"627\" data-id=\"775\" src=\"https:\/\/wordpress.nibis.de\/gseksbohmte\/files\/2023\/09\/Screenshot-2023-09-07-161300-2.png\" alt=\"\" class=\"wp-image-775\" \/><\/a><figcaption>Frag Finn &#8211; Suchmaschine<\/figcaption><\/figure>\n\n\n\n<figure class=\"wp-block-image size-large\"><a href=\"https:\/\/www.helles-koepfchen.de\/\"><img loading=\"lazy\" decoding=\"async\" width=\"606\" height=\"510\" data-id=\"777\" src=\"https:\/\/wordpress.nibis.de\/gseksbohmte\/files\/2023\/09\/Screenshot-2023-09-07-161633-1.png\" alt=\"\" class=\"wp-image-777\" \/><\/a><figcaption>Helles K\u00f6pfchen &#8211; Suchmaschine<\/figcaption><\/figure>\n<\/figure>\n\n\n\n<hr class=\"wp-block-separator\" \/>\n\n\n\n<p>Nachrichten f\u00fcr Kinder<\/p>\n\n\n\n<figure class=\"wp-block-gallery has-nested-images columns-default is-cropped wp-block-gallery-3 is-layout-flex wp-block-gallery-is-layout-flex\">\n<figure class=\"wp-block-image size-large\"><a href=\"https:\/\/www.zdf.de\/kinder\/logo\/\"><img loading=\"lazy\" decoding=\"async\" width=\"345\" height=\"342\" data-id=\"779\" src=\"https:\/\/wordpress.nibis.de\/gseksbohmte\/files\/2023\/09\/Screenshot-2023-09-12-141926.png\" alt=\"\" class=\"wp-image-779\" \/><\/a><figcaption>Logo &#8211; Kindernachrichten<\/figcaption><\/figure>\n\n\n\n<figure class=\"wp-block-image size-large\"><a href=\"https:\/\/kinder.wdr.de\/tv\/neuneinhalb\/index.html\"><img loading=\"lazy\" decoding=\"async\" width=\"525\" height=\"468\" data-id=\"781\" src=\"https:\/\/wordpress.nibis.de\/gseksbohmte\/files\/2023\/09\/Screenshot-2023-09-12-142107.png\" alt=\"\" class=\"wp-image-781\" \/><\/a><figcaption>Neun 1\/2 &#8211; Kika<\/figcaption><\/figure>\n\n\n\n<figure class=\"wp-block-image size-large\"><a href=\"https:\/\/www.kindersache.de\/\"><img loading=\"lazy\" decoding=\"async\" width=\"571\" height=\"489\" data-id=\"780\" src=\"https:\/\/wordpress.nibis.de\/gseksbohmte\/files\/2023\/09\/Screenshot-2023-09-12-142229.png\" alt=\"\" class=\"wp-image-780\" \/><\/a><figcaption>Kindersache<\/figcaption><\/figure>\n<\/figure>\n\n\n\n<hr class=\"wp-block-separator\" \/>\n\n\n\n<p>Verschiedene Themen<\/p>\n\n\n\n<figure class=\"wp-block-gallery has-nested-images columns-default is-cropped wp-block-gallery-4 is-layout-flex wp-block-gallery-is-layout-flex\">\n<figure class=\"wp-block-image size-large\"><a href=\"https:\/\/www.kirche-entdecken.de\/\"><img loading=\"lazy\" decoding=\"async\" width=\"371\" height=\"308\" data-id=\"824\" src=\"https:\/\/wordpress.nibis.de\/gseksbohmte\/files\/2023\/10\/Screenshot-2023-09-12-142607.png\" alt=\"\" class=\"wp-image-824\" \/><\/a><figcaption>Kirche entdecken &#8211; Ev. Kirche<\/figcaption><\/figure>\n\n\n\n<figure class=\"wp-block-image size-large\"><a href=\"https:\/\/tv-01-bohmte.de\/\"><img loading=\"lazy\" decoding=\"async\" width=\"260\" height=\"264\" data-id=\"822\" src=\"https:\/\/wordpress.nibis.de\/gseksbohmte\/files\/2023\/10\/Screenshot-2023-10-09-152951.png\" alt=\"\" class=\"wp-image-822\" \/><\/a><figcaption> TV 01 Bohmte<\/figcaption><\/figure>\n\n\n\n<figure class=\"wp-block-image size-large\"><a href=\"https:\/\/www.bohmte.de\/\"><img loading=\"lazy\" decoding=\"async\" width=\"468\" height=\"349\" data-id=\"823\" src=\"https:\/\/wordpress.nibis.de\/gseksbohmte\/files\/2023\/10\/Screenshot-2023-10-09-153339.png\" alt=\"\" class=\"wp-image-823\" \/><\/a><figcaption>Gemeinde Bohmte<\/figcaption><\/figure>\n<\/figure>\n\n\n\n<p><\/p>\n\n\n\n<p>Alle aufgef\u00fchrten Seiten sind externe Seiten, f\u00fcr deren Inhalt die Erich K\u00e4stner-Schule Bohmte nicht verantwortlich ist. Sie wurden inhaltlich nach bestem Wissen und Gewissen am Tag der Ver\u00f6ffentlichung dieser Seite gepr\u00fcft. Es gilt unser Haftungsausschluss im Impressum.<\/p>\n\n\n\n<p><\/p>\n","protected":false},"excerpt":{"rendered":"<p>Hier pr\u00e4sentieren wir verschiedene Internetseiten, auf denen du lernen oder interessante Informationen finden kannst. Einfach anklicken und Spa\u00df haben! Lernen und Mitmachen Suchmaschinen f\u00fcr Kinder Nachrichten f\u00fcr Kinder Verschiedene Themen<\/p>\n","protected":false},"author":9193920,"featured_media":0,"parent":0,"menu_order":0,"comment_status":"closed","ping_status":"closed","template":"","meta":{"footnotes":""},"class_list":["post-761","page","type-page","status-publish","hentry"],"_links":{"self":[{"href":"https:\/\/wordpress.nibis.de\/gseksbohmte\/wp-json\/wp\/v2\/pages\/761","targetHints":{"allow":["GET"]}}],"collection":[{"href":"https:\/\/wordpress.nibis.de\/gseksbohmte\/wp-json\/wp\/v2\/pages"}],"about":[{"href":"https:\/\/wordpress.nibis.de\/gseksbohmte\/wp-json\/wp\/v2\/types\/page"}],"author":[{"embeddable":true,"href":"https:\/\/wordpress.nibis.de\/gseksbohmte\/wp-json\/wp\/v2\/users\/9193920"}],"replies":[{"embeddable":true,"href":"https:\/\/wordpress.nibis.de\/gseksbohmte\/wp-json\/wp\/v2\/comments?post=761"}],"version-history":[{"count":10,"href":"https:\/\/wordpress.nibis.de\/gseksbohmte\/wp-json\/wp\/v2\/pages\/761\/revisions"}],"predecessor-version":[{"id":825,"href":"https:\/\/wordpress.nibis.de\/gseksbohmte\/wp-json\/wp\/v2\/pages\/761\/revisions\/825"}],"wp:attachment":[{"href":"https:\/\/wordpress.nibis.de\/gseksbohmte\/wp-json\/wp\/v2\/media?parent=761"}],"curies":[{"name":"wp","href":"https:\/\/api.w.org\/{rel}","templated":true}]}}