{"id":132,"date":"2019-04-11T16:25:26","date_gmt":"2019-04-11T14:25:26","guid":{"rendered":"https:\/\/wordpress.nibis.de\/gsemmeln\/?page_id=132"},"modified":"2019-04-11T17:48:19","modified_gmt":"2019-04-11T15:48:19","slug":"schulprofil","status":"publish","type":"page","link":"https:\/\/wordpress.nibis.de\/gsemmeln\/schulprofil\/","title":{"rendered":"Schulprofil"},"content":{"rendered":"<div class=\"sqrpara\">\n<h2 id=\"315620a6a11306946\"><span style=\"font-size: 14pt\">Zertifikate<\/span><\/h2>\n<\/div>\n<div class=\"sqrpara\">\n<h2 id=\"315620a7e80d97a05\">Sportfreundliche Schule<\/h2>\n<p>Mit vielf\u00e4ltigen Bewegungsangeboten f\u00f6rdern wir die Entwicklung von Schulkindern. In 2009 wurde uns die erste Auszeichnung &#8222;Sportfreundliche Schule&#8220; verliehen, im Jahr 2012 erhielten wir einen zweiten Stern und im Jahre 2016 einen dritten Stern f\u00fcr die vielf\u00e4ltigen sportlichen Aktivit\u00e4ten.<\/p>\n\n\t\t<style type=\"text\/css\">\n\t\t\t#gallery-1 {\n\t\t\t\tmargin: auto;\n\t\t\t}\n\t\t\t#gallery-1 .gallery-item {\n\t\t\t\tfloat: left;\n\t\t\t\tmargin-top: 10px;\n\t\t\t\ttext-align: center;\n\t\t\t\twidth: 33%;\n\t\t\t}\n\t\t\t#gallery-1 img {\n\t\t\t\tborder: 2px solid #cfcfcf;\n\t\t\t}\n\t\t\t#gallery-1 .gallery-caption {\n\t\t\t\tmargin-left: 0;\n\t\t\t}\n\t\t\t\/* see gallery_shortcode() in wp-includes\/media.php *\/\n\t\t<\/style>\n\t\t<div id='gallery-1' class='gallery galleryid-132 gallery-columns-3 gallery-size-full'><dl class='gallery-item'>\n\t\t\t<dt class='gallery-icon portrait'>\n\t\t\t\t<a href='https:\/\/wordpress.nibis.de\/gsemmeln\/files\/2019\/03\/logosportfreundlicheschule.gif'><img loading=\"lazy\" decoding=\"async\" width=\"259\" height=\"300\" src=\"https:\/\/wordpress.nibis.de\/gsemmeln\/files\/2019\/03\/logosportfreundlicheschule.gif\" class=\"attachment-full size-full\" alt=\"\" \/><\/a>\n\t\t\t<\/dt><\/dl><dl class='gallery-item'>\n\t\t\t<dt class='gallery-icon landscape'>\n\t\t\t\t<a href='https:\/\/wordpress.nibis.de\/gsemmeln\/files\/2019\/03\/sportfreundliche2kopie.jpg'><img loading=\"lazy\" decoding=\"async\" width=\"242\" height=\"84\" src=\"https:\/\/wordpress.nibis.de\/gsemmeln\/files\/2019\/03\/sportfreundliche2kopie.jpg\" class=\"attachment-full size-full\" alt=\"\" aria-describedby=\"gallery-1-140\" \/><\/a>\n\t\t\t<\/dt>\n\t\t\t\t<dd class='wp-caption-text gallery-caption' id='gallery-1-140'>\n\t\t\t\tSportfreundliche Schule &#8211; 2. Zertifizierung\n\t\t\t\t<\/dd><\/dl><dl class='gallery-item'>\n\t\t\t<dt class='gallery-icon landscape'>\n\t\t\t\t<a href='https:\/\/wordpress.nibis.de\/gsemmeln\/files\/2019\/03\/3_stern_sportfreundliche_schule.jpg'><img loading=\"lazy\" decoding=\"async\" width=\"1200\" height=\"291\" src=\"https:\/\/wordpress.nibis.de\/gsemmeln\/files\/2019\/03\/3_stern_sportfreundliche_schule.jpg\" class=\"attachment-full size-full\" alt=\"\" aria-describedby=\"gallery-1-141\" srcset=\"https:\/\/wordpress.nibis.de\/gsemmeln\/files\/2019\/03\/3_stern_sportfreundliche_schule.jpg 1200w, https:\/\/wordpress.nibis.de\/gsemmeln\/files\/2019\/03\/3_stern_sportfreundliche_schule-768x186.jpg 768w, https:\/\/wordpress.nibis.de\/gsemmeln\/files\/2019\/03\/3_stern_sportfreundliche_schule-500x121.jpg 500w\" sizes=\"auto, (max-width: 1200px) 100vw, 1200px\" \/><\/a>\n\t\t\t<\/dt>\n\t\t\t\t<dd class='wp-caption-text gallery-caption' id='gallery-1-141'>\n\t\t\t\tSportfreundliche Schule &#8211; 3. Zertifizierung\n\t\t\t\t<\/dd><\/dl><br style=\"clear: both\" \/>\n\t\t<\/div>\n\n<\/div>\n<h2 id=\"315620a6a11320948\">Grundrechte an Schulen: Demokratie (er)leben!<\/h2>\n<p>An der Josefschule Emmeln gestalten die Sch\u00fclerInnen unsere Schule als ihren eigenen Lebensraum verantwortungsvoll mit. Sie k\u00f6nnen ihr Verantwortungsbewusstsein z.B. im Sch\u00fclerrat, beim Sch\u00fclerforum, bei der Spielewagenausleihe, bei der Buchausleihe in der Sch\u00fclerb\u00fccherei oder beim Einsatz der Friedensbr\u00fccke zeigen. Wir Lehrerinnen und MitarbeiterInnen wollen die Kinder in der \u00dcbernahme von Eigenverantwortung und Mitbestimmung unterst\u00fctzen.<\/p>\n<p><img loading=\"lazy\" decoding=\"async\" class=\"alignnone size-full wp-image-133\" src=\"https:\/\/wordpress.nibis.de\/gsemmeln\/files\/2019\/03\/grundrechte.jpg\" alt=\"\" width=\"367\" height=\"112\" \/><\/p>\n<div class=\"sqrpara\">\n<h2 id=\"315620a6a11323949\">Bewertungen der Schule<\/h2>\n<\/div>\n<div class=\"sqrpara\">\n<h2 id=\"315620a6a1132414a\">SEIS<\/h2>\n<p>Wir m\u00f6chten die Qualit\u00e4t unserer Arbeit in der Schule kontinuierlich verbessern. Um herauszufinden, wo unsere Schule St\u00e4rken hat und wo es m\u00f6glicherweise noch Verbesserungsm\u00f6glichkeiten gibt, haben wir in den Jahren 2006, 2007, 2008 und 2011 an Befragungen aller Lehrkr\u00e4fte, der Sch\u00fclerinnen und Sch\u00fcler und der Eltern des 3. Jahrganges teilgenommen. Die letzte SEIS-Befragung hat 2014 stattgefunden.<br \/>\nSeit dem Schuljahr 2015\/2016 f\u00fchren wir j\u00e4hrlich am Schuljahresende weitere Evaluationen durch.<\/p>\n<p><img loading=\"lazy\" decoding=\"async\" class=\"alignnone size-full wp-image-139\" src=\"https:\/\/wordpress.nibis.de\/gsemmeln\/files\/2019\/03\/seis.jpg\" alt=\"\" width=\"144\" height=\"64\" \/><\/p>\n<\/div>\n<div class=\"sqrpara\">\n<h2><\/h2>\n<h2 id=\"315620a6a1133a950\">Nieders\u00e4chsische Schulinspektion, November 2011<\/h2>\n<p>Vom 21. bis zum 23. November 2011 wurde die Josefschule Emmeln umfassend inspiziert. Im abschlie\u00dfenden Bericht bewertete das Inspektorenteam die Schule \u00fcberaus positiv und best\u00e4tigte damit die sehr guten Ergebnisse der schuleigenen Befragungen.<\/p>\n<\/div>\n<div class=\"sqrpara\">\n<h2><\/h2>\n<h2 id=\"315620a6a1133c251\">Lesen<\/h2>\n<p>Zur F\u00f6rderung der Lesef\u00e4higkeit unserer Sch\u00fclerinnen und Sch\u00fcler werden zus\u00e4tzlich zum Unterricht verschiedene Aktivit\u00e4ten angeboten:<\/p>\n<p>&#8211; Klassenb\u00fccherei \u2013 mit Ausleihm\u00f6glichkeiten<br \/>\n&#8211; Sch\u00fclerb\u00fccherei \u2013 mit Ausleihm\u00f6glichkeiten<br \/>\n&#8211; Kinder lesen f\u00fcr Kinder (Lesepaten im Br\u00fcckenjahr)<br \/>\n&#8211; \u201eAntolin\u201c \u2013 eine Web-basierte Plattform f\u00fcr die Lesef\u00f6rderung<br \/>\n&#8211; Kooperation mit der Katholischen \u00d6ffentlichen B\u00fccherei Emmeln (K\u00d6B) und<br \/>\nder Buchhandlung Kremer, Haren<br \/>\n&#8211; Autorenlesungen<br \/>\n&#8211; Leseclub mit vielf\u00e4ltigem Angebot an B\u00fcchern, H\u00f6r-CDs, DVDs, Spielen<\/p>\n<p>An der Josefschule Emmeln gibt es ferner einen\u00a0<i>Leseclub<\/i>.<br \/>\nIm Rahmen des F\u00f6rderprogramms \u201eKultur macht stark. B\u00fcndnisse f\u00fcr Bildung\u201c des Bundesministeriums richtete die Stiftung Lesen in Emmeln einen Leseclub als au\u00dferunterrichtliche Lernumgebung ein. B\u00fcndnispartner sind die Josefschule Emmeln sowie die Katholische \u00d6ffentliche B\u00fccherei Emmeln (K\u00d6B). In freizeitorientierter Atmosph\u00e4re (Ganztagsschule) treffen sich Kinder regelm\u00e4\u00dfig im Leseclub um gemeinsam zu lesen, zu spielen und mit verschiedenen Medien kreativ zu arbeiten.<\/p>\n<p><img loading=\"lazy\" decoding=\"async\" class=\"alignnone size-full wp-image-137\" src=\"https:\/\/wordpress.nibis.de\/gsemmeln\/files\/2019\/03\/leseclub.jpg\" alt=\"\" width=\"240\" height=\"144\" \/><\/p>\n<\/div>\n<h2 id=\"315620a6a11345454\">Br\u00fcckenjahr<\/h2>\n<p>Die Josefschule Emmeln und die Kindertagest\u00e4tten St. Josef Emmeln sowie K\u00fcken &amp; Friends pflegen eine erfolgreiche und vertrauensvolle Zusammenarbeit. Seit 2010 beteiligen wir uns am Projekt \u201eDas letzte Kindergartenjahr als Br\u00fcckenjahr zur Grundschule. Ziel ist es, den \u00dcbergang der Vorschulkinder ins Schulleben zu erleichtern.<br \/>\nIm Laufe eines Jahres (August bis Juli) werden die Vorschulkinder einmal w\u00f6chentlich (2 Stunden) in der Schule hinsichtlich verschiedener Vorl\u00e4uferf\u00e4higkeiten gef\u00f6rdert. Die F\u00f6rderung erfolgt in Kleingruppen durch Lehrerinnen.<br \/>\nMit Hilfe verschiedener Lernspiele werden die Kinder spielerisch unterrichtet. Sch\u00fcler aus den dritten Schuljahren stehen den Vorschulkindern als Paten zur Verf\u00fcgung. Sie holen die Kinder f\u00fcr die gemeinsame Pause vor dem Unterrichtsraum ab.<br \/>\nZu entsprechenden jahreszeitlichen Anl\u00e4ssen finden gemeinsame Vorlesestunden statt. Diese werden von den Klassenlehrern der dritten Klassen und den Br\u00fcckenjahrlehrern vorbereitet und durchgef\u00fchrt.<\/p>\n<p><img loading=\"lazy\" decoding=\"async\" class=\"alignnone size-full wp-image-135\" src=\"https:\/\/wordpress.nibis.de\/gsemmeln\/files\/2019\/03\/brueckenjahr.jpg\" alt=\"\" width=\"208\" height=\"112\" \/><\/p>\n<div class=\"sqrpara\">\n<h2 id=\"315620a6a11349957\">Sprachf\u00f6rderung<\/h2>\n<p>Zielgruppe der Sprachf\u00f6rderung sind Kinder im Vorschulalter, deren Deutschkenntnisse unzureichend sind. Diese Kinder erwerben ein Jahr vor der Einschulung die notwendigen sprachlichen Mittel, um erfolgreich am Unterricht der 1. Klasse teilzunehmen.<\/p>\n<p>Der Sozialdienst Katholischer M\u00e4nner (SKM) erg\u00e4nzt das Angebot der F\u00f6rderung durch eine Sprach- und Lernf\u00f6rderung w\u00e4hrend der Grundschulzeit. Dies wird durch ehrenamtliche Mitarbeiter umgesetzt.<\/p>\n<\/div>\n<div class=\"sqrpara\">\n<h2><\/h2>\n<h2 id=\"315620a6a1134c258\">Gewaltpr\u00e4ventionsprogramm<\/h2>\n<p>F\u00fcr ein friedliches Miteinander im Schulalltag wird das Gewaltpr\u00e4ventionsprogramm \u201eFriedensbr\u00fccke\u201c eingesetzt. Es ermutigt Kinder \u00fcber ihre Gef\u00fchle zu sprechen und dient dem Aufbau von positiven Verhaltensmustern und \u2013techniken.<\/p>\n<\/div>\n<h2 id=\"315620a6a1134e859\">KLASSE ! WIR SINGEN<\/h2>\n<p>Dieses Schulprojekt des Landes Niedersachsen findet auch an unserer Schule statt.<\/p>\n<p>Veranstalter ist der gemeinn\u00fctzige Verein Singen e.V. in Braunschweig, die Schirmherrschaft hat der Ministerpr\u00e4sident Niedersachsens \u00fcbernommen.<\/p>\n<p>Wir nutzen dabei das vom Veranstalter konzipierte und herausgegebene Unterrichtsmaterial (Liederbuch sowie Mitsing &#8211; CD) und vermitteln die Lieder nach der eigens f\u00fcr dieses Projekt konzipierten Methode.<\/p>\n<p>Bei diesem Projekt verpflichten wir uns, t\u00e4glich mindestens ein Lied im Klassenverband oder mit der Schulgemeinschaft zu singen. Die Auswahl der Lieder des Projektes ist verbindlich um den Kindern einer Generation wieder ein gemeinsames Liedgut zu vermitteln.<br \/>\nF\u00fcr unsere Region LK Emsland fand das Liederfest im Mai 2015 in Lingen in den Emslandhallen statt. Das n\u00e4chste Liederfest erfolgt im M\u00e4rz 2018. Alle Kinder der teilnehmenden Schulen werden vor Publikum (Eltern und interessierte Besucher) als ein gemeinsamer gro\u00dfer Chor mit bis zu 6000 Kindern im Rahmen des Liederfestes auftreten und dadurch das Erleben des gemeinsamen Singens intensiv erleben.<br \/>\nDas Liederfest wird von einem Moderator unter Mitwirkung einer Band geleitet.<\/p>\n<div class=\"sqrpara\">\n<p><img loading=\"lazy\" decoding=\"async\" class=\"alignnone size-medium wp-image-142\" src=\"https:\/\/wordpress.nibis.de\/gsemmeln\/files\/2019\/03\/klasse_wir-singen_logo-800x478.jpg\" alt=\"\" width=\"800\" height=\"478\" \/><\/p>\n<\/div>\n<div class=\"sqrpara\">\n<p><span style=\"color: #000000;font-weight: bold\">Gesundheitsprogramm<\/span><\/p>\n<\/div>\n<div class=\"sqrpara\">\n<p><img loading=\"lazy\" decoding=\"async\" class=\"alignnone size-medium wp-image-143\" src=\"https:\/\/wordpress.nibis.de\/gsemmeln\/files\/2019\/03\/rakuns-logo-rot-blau-850x290.jpg\" alt=\"\" width=\"850\" height=\"290\" \/><\/p>\n<\/div>\n<h2 id=\"315620a6a1135105a\">Gesundheitsf\u00f6rderung, Gewalt- und Suchtvorbeugung<\/h2>\n<p>Klasse 2000, das Gesundheitsprogramm hilft, dass Kinder gesund aufwachsen und sich vor Gefahren wie Gewalt und Sucht sch\u00fctzen k\u00f6nnen.<br \/>\nEntscheidende Kompetenzen werden entwickelt:<\/p>\n<p>&#8211; Gesund essen und trinken<\/p>\n<p>&#8211; Bewegen und entspannen<\/p>\n<p>&#8211; Sich selbst m\u00f6gen und Freunde haben<\/p>\n<p>&#8211; Probleme und Konflikte l\u00f6sen<\/p>\n<p>&#8211; Kritisch denken und Nein-sagen k\u00f6nnen.<\/p>\n<p><img loading=\"lazy\" decoding=\"async\" class=\"alignnone size-full wp-image-144\" src=\"https:\/\/wordpress.nibis.de\/gsemmeln\/files\/2019\/03\/klasse2000_logo_640.gif\" alt=\"\" width=\"350\" height=\"248\" \/><\/p>\n<p>Klasse 2000 wirkt!<\/p>\n<p id=\"315620a6a11352a5b\">Es wird st\u00e4ndig wissenschaftlich begleitet und \u00fcberpr\u00fcft.<br \/>\nSpezielle geschulte Fachleute gestalten zwei bis drei Impulsstunden.<\/p>\n<h2 id=\"315620a6a1135655c\">Anpfiff f\u00fcrs Lesen<\/h2>\n<p>Zusammenarbeit zwischen den Projektpartnern Josefschule Emmeln und SV Eintracht Emmeln<\/p>\n<p>Das Projekt &#8222;<i>Anpfiff f\u00fcrs Lesen<\/i>&#8220; wurde an unserer Schule von 2015 bis 2017 durchgef\u00fchrt.<\/p>\n<p>Gef\u00f6rdert wurde es vom Land Niedersachsen und dem LandesSportBund (LSB) Niedersachsen. \u2018Anpfiff f\u00fcrs Lesen\u2018 greift die Fu\u00dfball-Begeisterung von Jungen mit und ohne Migrationshintergrund sowie aus unterschiedlichen sozialen Umfeldern auf. Dabei geht es um<\/p>\n<p>&#8211; St\u00e4rkung von Kompetenzen in den Bereichen Fu\u00dfball und Lesen<\/p>\n<p>&#8211; F\u00f6rderung des Fair Play, Integration und soziales Miteinander<\/p>\n<p>&#8211; Festlegung einer nachhaltigen Kooperation zwischen Verein und Schule.<\/p>\n<p><img loading=\"lazy\" decoding=\"async\" class=\"alignnone size-full wp-image-145\" src=\"https:\/\/wordpress.nibis.de\/gsemmeln\/files\/2019\/03\/logo_anpfiff_fuers_lesen_640.jpg\" alt=\"\" width=\"250\" height=\"292\" \/><\/p>\n<div class=\"sqrpara\">\n<\/div>\n<div class=\"sqrpara\">\n<h2 id=\"315620a7e7107bd08\">Klasse! Paten<\/h2>\n<p>Im Rahmen einer Zeitungspatenschaft wird unsere Schule t\u00e4glich mit der\u00a0<i>Neuen Osnabr\u00fccker Zeitung<\/i>\u00a0beliefert.<\/p>\n<p><img loading=\"lazy\" decoding=\"async\" class=\"alignnone size-full wp-image-146\" src=\"https:\/\/wordpress.nibis.de\/gsemmeln\/files\/2019\/03\/logo_klasse_paten_640.jpg\" alt=\"\" width=\"487\" height=\"254\" \/><\/p>\n<\/div>\n<h2 id=\"315620a6a11357c5d\">Freiwilligendienst im Sport<\/h2>\n<p>Der Freiwilligendienst im Sport ist ein Bildungs- und Orientierungsjahr f\u00fcr junge Menschen. Die Ziele des FWD im Sport bestehen in der F\u00f6rderung der Kinder- und Jugendarbeit, der Hilfestellung bei der Pers\u00f6nlichkeitsentwicklung von jungen Menschen und der Entwicklung von Sport und Bewegung in der Gesellschaft. Der Einsatz von Freiwilligen in Schulen tr\u00e4gt zu einem bewegten Schulalltag ma\u00dfgeblich bei, sowohl innerhalb als auch au\u00dferhalb des Unterrichts.<\/p>\n<p><img loading=\"lazy\" decoding=\"async\" class=\"alignnone size-full wp-image-147\" src=\"https:\/\/wordpress.nibis.de\/gsemmeln\/files\/2019\/03\/logo-fsj-sport_640.jpg\" alt=\"\" width=\"600\" height=\"400\" srcset=\"https:\/\/wordpress.nibis.de\/gsemmeln\/files\/2019\/03\/logo-fsj-sport_640.jpg 600w, https:\/\/wordpress.nibis.de\/gsemmeln\/files\/2019\/03\/logo-fsj-sport_640-450x300.jpg 450w\" sizes=\"auto, (max-width: 600px) 100vw, 600px\" \/><\/p>\n<h2><\/h2>\n<h2 id=\"315620a6a1135a65e\">Schulobst<\/h2>\n<p>Das Schulobstprogramm wird vom Land Niedersachsen gemeinsam mit der Europ\u00e4ischen Union f\u00fcr Schulen angeboten.<\/p>\n<p>Ziel ist es, Kinder f\u00fcr eine ausgewogene Ern\u00e4hrung zu begeistern \u2013 am besten frisch und saisonal. Die Kinder lernen die bunte Vielfalt der Obst- und Gem\u00fcsesorten kennen und erfahren dabei, wo ihr Essen herkommt und wie es angebaut wird. Durch die regelm\u00e4\u00dfige Extraportion Obst und Gem\u00fcse m\u00f6chten wir Kenntnisse und Kompetenz der Kinder entwickeln sowie das Ausprobieren anregen und somit einen wichtigen Beitrag f\u00fcr die Entwicklung eines gesundheitsf\u00f6rdernden Ern\u00e4hrungsverhaltens leisten.<\/p>\n<p><img loading=\"lazy\" decoding=\"async\" class=\"alignnone size-full wp-image-148\" src=\"https:\/\/wordpress.nibis.de\/gsemmeln\/files\/2019\/03\/schulobst_logo_640.jpg\" alt=\"\" width=\"640\" height=\"208\" srcset=\"https:\/\/wordpress.nibis.de\/gsemmeln\/files\/2019\/03\/schulobst_logo_640.jpg 640w, https:\/\/wordpress.nibis.de\/gsemmeln\/files\/2019\/03\/schulobst_logo_640-500x163.jpg 500w\" sizes=\"auto, (max-width: 640px) 100vw, 640px\" \/><\/p>\n<h2 id=\"315620a9aa08b4e01\">Lego Education WeDo 2.0<\/h2>\n<p><b>Bauen und Programmieren von kleinen Robotern<\/b><\/p>\n<p>Lego WeDo 2.0 animiert Sch\u00fclerinnen und Sch\u00fcler, sich mit spannenden Experimenten sowie altersgerechten Forschungsaufgaben auseinanderzusetzen. Durch das Konstruieren und Bauen von kleinen Robotern, das Experimentieren und Entwickeln eigener Probleml\u00f6sungen k\u00f6nnen die Sch\u00fclerinnen und Sch\u00fcler sich wissenschaftliche und technische Themen der Kerncurricula erarbeiten. Dabei werden Teamarbeit, kritisches Denken und Kreativit\u00e4t gef\u00f6rdert. F\u00fcr WeDo 2.0 sind keine technischen Vorkenntnisse notwendig, um inhaltlich anspruchsvolle Projekte im Sachunterricht durchzuf\u00fchren.\u00a0<i>(Quelle: SVBL 10\/2018)<\/i><\/p>\n<p><img loading=\"lazy\" decoding=\"async\" class=\"alignnone size-full wp-image-149\" src=\"https:\/\/wordpress.nibis.de\/gsemmeln\/files\/2019\/03\/lego-education-wedo20_640.jpg\" alt=\"\" width=\"640\" height=\"341\" srcset=\"https:\/\/wordpress.nibis.de\/gsemmeln\/files\/2019\/03\/lego-education-wedo20_640.jpg 640w, https:\/\/wordpress.nibis.de\/gsemmeln\/files\/2019\/03\/lego-education-wedo20_640-500x266.jpg 500w\" sizes=\"auto, (max-width: 640px) 100vw, 640px\" \/><\/p>\n<h2 id=\"315620a9aa08e6604\">Teilnahme am ROBERTA Teacher-Training<\/h2>\n<p>Ein Teil des Kollegiums der GS Josefschule Emmeln hat im Jahr 2018 erfolgreich an einer Roberta-Kursleitungsschulung f\u00fcr Roberta-Teacher teilgenommen.<\/p>\n<p>Inhalte der Schulung:<\/p>\n<p>&#8211; Konstruktion und Programmierung von Robotern und Microboards<br \/>\n&#8211; Programmieren mit NEPO und Open Roberta Lab<br \/>\n&#8211; Roberta-Kontept (Netzwerk u.a.)<br \/>\n&#8211; Genderaspekte in Roboterkursen<br \/>\n&#8211; Gestaltung von Roberta-Kursen<\/p>\n<p>Ferner hat der Leiter der Technik-AG im Jahr 2018 den open SAP Kurs &#8222;<i>Calliope mini erfolgreich in der Schule einsetzen<\/i>&#8220; mit Erfolg abgeschlossen.<\/p>\n<p>Der Kurs behandelte folgende Inhalte:<\/p>\n<p>&#8211; Calliope mini kennenlernen<br \/>\n&#8211; Calliope mini nutzen<br \/>\n&#8211; Calliope mini an der Schule einsetzen<br \/>\n&#8211; Calliope mini im Unterricht einf\u00fchren<\/p>\n\n\t\t<style type=\"text\/css\">\n\t\t\t#gallery-2 {\n\t\t\t\tmargin: auto;\n\t\t\t}\n\t\t\t#gallery-2 .gallery-item {\n\t\t\t\tfloat: left;\n\t\t\t\tmargin-top: 10px;\n\t\t\t\ttext-align: center;\n\t\t\t\twidth: 50%;\n\t\t\t}\n\t\t\t#gallery-2 img {\n\t\t\t\tborder: 2px solid #cfcfcf;\n\t\t\t}\n\t\t\t#gallery-2 .gallery-caption {\n\t\t\t\tmargin-left: 0;\n\t\t\t}\n\t\t\t\/* see gallery_shortcode() in wp-includes\/media.php *\/\n\t\t<\/style>\n\t\t<div id='gallery-2' class='gallery galleryid-132 gallery-columns-2 gallery-size-thumbnail'><dl class='gallery-item'>\n\t\t\t<dt class='gallery-icon landscape'>\n\t\t\t\t<a href='https:\/\/wordpress.nibis.de\/gsemmeln\/schulprofil\/roberta-logo_640\/#main'><img loading=\"lazy\" decoding=\"async\" width=\"250\" height=\"141\" src=\"https:\/\/wordpress.nibis.de\/gsemmeln\/files\/2019\/03\/roberta-logo_640-250x141.jpg\" class=\"attachment-thumbnail size-thumbnail\" alt=\"\" aria-describedby=\"gallery-2-150\" \/><\/a>\n\t\t\t<\/dt>\n\t\t\t\t<dd class='wp-caption-text gallery-caption' id='gallery-2-150'>\n\t\t\t\tRoberta &#8211; Lernen mit Robotern\n\t\t\t\t<\/dd><\/dl><dl class='gallery-item'>\n\t\t\t<dt class='gallery-icon landscape'>\n\t\t\t\t<a href='https:\/\/wordpress.nibis.de\/gsemmeln\/schulprofil\/calliope-schulung_640\/#main'><img loading=\"lazy\" decoding=\"async\" width=\"250\" height=\"141\" src=\"https:\/\/wordpress.nibis.de\/gsemmeln\/files\/2019\/03\/calliope-schulung_640-250x141.jpg\" class=\"attachment-thumbnail size-thumbnail\" alt=\"\" aria-describedby=\"gallery-2-151\" \/><\/a>\n\t\t\t<\/dt>\n\t\t\t\t<dd class='wp-caption-text gallery-caption' id='gallery-2-151'>\n\t\t\t\topenSAP\n\t\t\t\t<\/dd><\/dl><br style=\"clear: both\" \/>\n\t\t<\/div>\n\n","protected":false},"excerpt":{"rendered":"<p>Zertifikate Sportfreundliche Schule Mit vielf\u00e4ltigen Bewegungsangeboten f\u00f6rdern wir die Entwicklung von Schulkindern. In 2009 wurde uns die erste Auszeichnung &#8222;Sportfreundliche Schule&#8220; verliehen, im Jahr 2012 erhielten wir einen zweiten Stern <a class=\"more-link\" href=\"https:\/\/wordpress.nibis.de\/gsemmeln\/schulprofil\/\">Continue Reading &rarr;<\/a><\/p>\n","protected":false},"author":9193017,"featured_media":0,"parent":0,"menu_order":0,"comment_status":"closed","ping_status":"closed","template":"","meta":{"footnotes":""},"class_list":["post-132","page","type-page","status-publish","hentry"],"_links":{"self":[{"href":"https:\/\/wordpress.nibis.de\/gsemmeln\/wp-json\/wp\/v2\/pages\/132","targetHints":{"allow":["GET"]}}],"collection":[{"href":"https:\/\/wordpress.nibis.de\/gsemmeln\/wp-json\/wp\/v2\/pages"}],"about":[{"href":"https:\/\/wordpress.nibis.de\/gsemmeln\/wp-json\/wp\/v2\/types\/page"}],"author":[{"embeddable":true,"href":"https:\/\/wordpress.nibis.de\/gsemmeln\/wp-json\/wp\/v2\/users\/9193017"}],"replies":[{"embeddable":true,"href":"https:\/\/wordpress.nibis.de\/gsemmeln\/wp-json\/wp\/v2\/comments?post=132"}],"version-history":[{"count":3,"href":"https:\/\/wordpress.nibis.de\/gsemmeln\/wp-json\/wp\/v2\/pages\/132\/revisions"}],"predecessor-version":[{"id":317,"href":"https:\/\/wordpress.nibis.de\/gsemmeln\/wp-json\/wp\/v2\/pages\/132\/revisions\/317"}],"wp:attachment":[{"href":"https:\/\/wordpress.nibis.de\/gsemmeln\/wp-json\/wp\/v2\/media?parent=132"}],"curies":[{"name":"wp","href":"https:\/\/api.w.org\/{rel}","templated":true}]}}