{"id":183,"date":"2019-03-17T12:44:34","date_gmt":"2019-03-17T11:44:34","guid":{"rendered":"https:\/\/wordpress.nibis.de\/gsemmeln\/?page_id=183"},"modified":"2025-02-09T15:55:34","modified_gmt":"2025-02-09T14:55:34","slug":"startseite","status":"publish","type":"page","link":"https:\/\/wordpress.nibis.de\/gsemmeln\/","title":{"rendered":"Josefschule Emmeln"},"content":{"rendered":"\n<p>Wir kooperieren in einem Schulverbund mit den Harener Grundschulen sowie mit der Christophorusschule (F\u00f6rderschule Schwerpunkt Lernen).<br>Seit Beginn des Schuljahres 2013\/2014 wird unsere Schule durch eine  sonderp\u00e4dagogische Grundversorgung der Christophorusschule Haren unterst\u00fctzt.<br>Frau Buchwald (F\u00f6rderschullehrerin) besucht die GS Josefschule Emmeln mehrere Stunden w\u00f6chentlich. Sie steht als Beraterin zur Verf\u00fcgung und unterst\u00fctzt die Sch\u00fclerinnen und Sch\u00fcler beim Lernen.<br>Seit dem Schuljahr 2009\/10 sind wir eine offene Ganztagsschule. Wir bieten die M\u00f6glichkeit, an vier Tagen in der Woche (Mo-Do) in unserer Schule zu Mittag zu essen, Hausaufgaben zu machen und anschlie\u00dfend an einem attraktiven Nachmittagsangebot teilzunehmen, wie Kunst, Sportangebote, Kochen, Basteln und Spielen. <\/p>\n\n\n\n<p>Hier finden Sie alle Informationen rund um unsere Schule:<br>Aktuelle Veranstaltungen und Termine, Berichte \u00fcber Projekte, Ansprechpartner und Sprechzeiten, Angebote der Schule usw. <\/p>\n\n\n\n<figure class=\"wp-block-gallery has-nested-images columns-3 is-cropped wp-block-gallery-1 is-layout-flex wp-block-gallery-is-layout-flex\">\n<figure class=\"wp-block-image size-large\"><img loading=\"lazy\" decoding=\"async\" width=\"900\" height=\"675\" data-id=\"1287\" src=\"https:\/\/wordpress.nibis.de\/gsemmeln\/files\/2020\/10\/Josefschulenm\u00e4nnchen1.png\" alt=\"\" class=\"wp-image-1287\" srcset=\"https:\/\/wordpress.nibis.de\/gsemmeln\/files\/2020\/10\/Josefschulenm\u00e4nnchen1.png 900w, https:\/\/wordpress.nibis.de\/gsemmeln\/files\/2020\/10\/Josefschulenm\u00e4nnchen1-768x576.png 768w\" sizes=\"auto, (max-width: 900px) 100vw, 900px\" \/><\/figure>\n\n\n\n<figure class=\"wp-block-image size-large\"><img loading=\"lazy\" decoding=\"async\" width=\"900\" height=\"675\" data-id=\"1288\" src=\"https:\/\/wordpress.nibis.de\/gsemmeln\/files\/2020\/10\/Schulhof1.png\" alt=\"\" class=\"wp-image-1288\" srcset=\"https:\/\/wordpress.nibis.de\/gsemmeln\/files\/2020\/10\/Schulhof1.png 900w, https:\/\/wordpress.nibis.de\/gsemmeln\/files\/2020\/10\/Schulhof1-768x576.png 768w\" sizes=\"auto, (max-width: 900px) 100vw, 900px\" \/><\/figure>\n\n\n\n<figure class=\"wp-block-image size-large\"><img loading=\"lazy\" decoding=\"async\" width=\"900\" height=\"675\" data-id=\"1295\" src=\"https:\/\/wordpress.nibis.de\/gsemmeln\/files\/2020\/10\/Ganztag-1-1.png\" alt=\"\" class=\"wp-image-1295\" srcset=\"https:\/\/wordpress.nibis.de\/gsemmeln\/files\/2020\/10\/Ganztag-1-1.png 900w, https:\/\/wordpress.nibis.de\/gsemmeln\/files\/2020\/10\/Ganztag-1-1-768x576.png 768w\" sizes=\"auto, (max-width: 900px) 100vw, 900px\" \/><\/figure>\n\n\n\n<figure class=\"wp-block-image size-large\"><img loading=\"lazy\" decoding=\"async\" width=\"900\" height=\"675\" data-id=\"1290\" src=\"https:\/\/wordpress.nibis.de\/gsemmeln\/files\/2020\/10\/Soccerfeld1.png\" alt=\"\" class=\"wp-image-1290\" srcset=\"https:\/\/wordpress.nibis.de\/gsemmeln\/files\/2020\/10\/Soccerfeld1.png 900w, https:\/\/wordpress.nibis.de\/gsemmeln\/files\/2020\/10\/Soccerfeld1-768x576.png 768w\" sizes=\"auto, (max-width: 900px) 100vw, 900px\" \/><\/figure>\n\n\n\n<figure class=\"wp-block-image size-large\"><img loading=\"lazy\" decoding=\"async\" width=\"900\" height=\"675\" data-id=\"1293\" src=\"https:\/\/wordpress.nibis.de\/gsemmeln\/files\/2020\/10\/Gr\u00fcnes-Klassenzimmer1.png\" alt=\"\" class=\"wp-image-1293\" srcset=\"https:\/\/wordpress.nibis.de\/gsemmeln\/files\/2020\/10\/Gr\u00fcnes-Klassenzimmer1.png 900w, https:\/\/wordpress.nibis.de\/gsemmeln\/files\/2020\/10\/Gr\u00fcnes-Klassenzimmer1-768x576.png 768w\" sizes=\"auto, (max-width: 900px) 100vw, 900px\" \/><\/figure>\n\n\n\n<figure class=\"wp-block-image size-large\"><img loading=\"lazy\" decoding=\"async\" width=\"900\" height=\"675\" data-id=\"1294\" src=\"https:\/\/wordpress.nibis.de\/gsemmeln\/files\/2020\/10\/Wald1.png\" alt=\"\" class=\"wp-image-1294\" srcset=\"https:\/\/wordpress.nibis.de\/gsemmeln\/files\/2020\/10\/Wald1.png 900w, https:\/\/wordpress.nibis.de\/gsemmeln\/files\/2020\/10\/Wald1-768x576.png 768w\" sizes=\"auto, (max-width: 900px) 100vw, 900px\" \/><\/figure>\n<\/figure>\n\n\n\n<h3 class=\"wp-block-heading\">Unsere Schule:<\/h3>\n\n\n\n<div class=\"wp-block-columns has-2-columns colflex2 is-layout-flex wp-container-core-columns-is-layout-abceabcf wp-block-columns-is-layout-flex\">\n<div class=\"wp-block-column is-layout-flow wp-block-column-is-layout-flow\">\n<p><strong>Josefschule Emmeln<\/strong>                                  <\/p>\n\n\n\n<p>Tinner Weg 5<br>49733 Haren\/Ems<\/p>\n\n\n\n<p>Sekretariat (Frau Dopp)<br>Mi. u. Do. 8.00 &#8211; 12.30 Uhr<\/p>\n\n\n\n<p>Tel: (05932) 23 02<br>Fax: (05932) 99 99 67<br>E-Mail: &#x69;n&#x66;&#111;&#x40;&#106;&#x6f;&#x73;e&#x66;&#115;&#x63;&#104;&#x75;&#108;e&#x2d;&#101;&#x6d;&#109;&#x65;&#108;n&#x2e;&#100;&#x65;<\/p>\n<\/div>\n\n\n\n<div class=\"wp-block-column is-layout-flow wp-block-column-is-layout-flow\">\n<div class=\"wp-block-image\"><figure class=\"alignleft is-resized\"><img loading=\"lazy\" decoding=\"async\" src=\"https:\/\/wordpress.nibis.de\/gsemmeln\/files\/2019\/03\/sfs_zertifikat-1_640.jpg\" alt=\"\" class=\"wp-image-201\" width=\"279\" height=\"281\" \/><\/figure><\/div>\n\n\n\n<p><\/p>\n<\/div>\n<\/div>\n","protected":false},"excerpt":{"rendered":"<p>Wir kooperieren in einem Schulverbund mit den Harener Grundschulen sowie mit der Christophorusschule (F\u00f6rderschule Schwerpunkt Lernen).Seit Beginn des Schuljahres 2013\/2014 wird unsere Schule durch eine sonderp\u00e4dagogische Grundversorgung der Christophorusschule Haren <a class=\"more-link\" href=\"https:\/\/wordpress.nibis.de\/gsemmeln\/\">Continue Reading &rarr;<\/a><\/p>\n","protected":false},"author":9193017,"featured_media":0,"parent":0,"menu_order":0,"comment_status":"closed","ping_status":"closed","template":"","meta":{"footnotes":""},"class_list":["post-183","page","type-page","status-publish","hentry"],"_links":{"self":[{"href":"https:\/\/wordpress.nibis.de\/gsemmeln\/wp-json\/wp\/v2\/pages\/183","targetHints":{"allow":["GET"]}}],"collection":[{"href":"https:\/\/wordpress.nibis.de\/gsemmeln\/wp-json\/wp\/v2\/pages"}],"about":[{"href":"https:\/\/wordpress.nibis.de\/gsemmeln\/wp-json\/wp\/v2\/types\/page"}],"author":[{"embeddable":true,"href":"https:\/\/wordpress.nibis.de\/gsemmeln\/wp-json\/wp\/v2\/users\/9193017"}],"replies":[{"embeddable":true,"href":"https:\/\/wordpress.nibis.de\/gsemmeln\/wp-json\/wp\/v2\/comments?post=183"}],"version-history":[{"count":41,"href":"https:\/\/wordpress.nibis.de\/gsemmeln\/wp-json\/wp\/v2\/pages\/183\/revisions"}],"predecessor-version":[{"id":2509,"href":"https:\/\/wordpress.nibis.de\/gsemmeln\/wp-json\/wp\/v2\/pages\/183\/revisions\/2509"}],"wp:attachment":[{"href":"https:\/\/wordpress.nibis.de\/gsemmeln\/wp-json\/wp\/v2\/media?parent=183"}],"curies":[{"name":"wp","href":"https:\/\/api.w.org\/{rel}","templated":true}]}}