{"id":1933,"date":"2022-10-23T22:37:10","date_gmt":"2022-10-23T20:37:10","guid":{"rendered":"https:\/\/wordpress.nibis.de\/gsemmeln\/?page_id=1933"},"modified":"2025-12-09T18:15:08","modified_gmt":"2025-12-09T17:15:08","slug":"unsere-schuelervertretung-schueler-sv","status":"publish","type":"page","link":"https:\/\/wordpress.nibis.de\/gsemmeln\/klassen\/unsere-schuelervertretung-schueler-sv\/","title":{"rendered":"Unsere Sch\u00fclervertretung (Sch\u00fcler-SV)"},"content":{"rendered":"\n<p>Die Sch\u00fclervertretung (SV) wird von den Klassensprecherinnen und Klassensprechern der Klassen 2 bis 4 gebildet. Aufgabe der SV ist es, die Interessen aller Kinder der Josefschule wirksam zu vertreten und zu repr\u00e4sentieren. Im Sinne des Austausches werden Vorschl\u00e4ge zur Verbesserung bzw. Erleichterung des Schulalltags in dieser Kleingruppe gesammelt. Neben regelm\u00e4\u00dfigen Treffen geh\u00f6rt auch das Planen und Mitgestalten von Schulprojekten sowie eigener Aktionen zur Arbeit der Sch\u00fclervertretung. Unterst\u00fctzt werden die Klassensprecherinnen und Klassensprecher von Frau Grabbe.<\/p>\n\n\n\n<figure class=\"wp-block-image size-full\"><img loading=\"lazy\" decoding=\"async\" width=\"675\" height=\"900\" src=\"https:\/\/wordpress.nibis.de\/gsemmeln\/files\/2025\/12\/20251103_120653.jpg\" alt=\"\" class=\"wp-image-2644\" \/><\/figure>\n\n\n","protected":false},"excerpt":{"rendered":"<p>Die Sch\u00fclervertretung (SV) wird von den Klassensprecherinnen und Klassensprechern der Klassen 2 bis 4 gebildet. Aufgabe der SV ist es, die Interessen aller Kinder der Josefschule wirksam zu vertreten und <a class=\"more-link\" href=\"https:\/\/wordpress.nibis.de\/gsemmeln\/klassen\/unsere-schuelervertretung-schueler-sv\/\">Continue Reading &rarr;<\/a><\/p>\n","protected":false},"author":9193017,"featured_media":0,"parent":89,"menu_order":0,"comment_status":"closed","ping_status":"closed","template":"","meta":{"footnotes":""},"class_list":["post-1933","page","type-page","status-publish","hentry"],"_links":{"self":[{"href":"https:\/\/wordpress.nibis.de\/gsemmeln\/wp-json\/wp\/v2\/pages\/1933","targetHints":{"allow":["GET"]}}],"collection":[{"href":"https:\/\/wordpress.nibis.de\/gsemmeln\/wp-json\/wp\/v2\/pages"}],"about":[{"href":"https:\/\/wordpress.nibis.de\/gsemmeln\/wp-json\/wp\/v2\/types\/page"}],"author":[{"embeddable":true,"href":"https:\/\/wordpress.nibis.de\/gsemmeln\/wp-json\/wp\/v2\/users\/9193017"}],"replies":[{"embeddable":true,"href":"https:\/\/wordpress.nibis.de\/gsemmeln\/wp-json\/wp\/v2\/comments?post=1933"}],"version-history":[{"count":9,"href":"https:\/\/wordpress.nibis.de\/gsemmeln\/wp-json\/wp\/v2\/pages\/1933\/revisions"}],"predecessor-version":[{"id":2646,"href":"https:\/\/wordpress.nibis.de\/gsemmeln\/wp-json\/wp\/v2\/pages\/1933\/revisions\/2646"}],"up":[{"embeddable":true,"href":"https:\/\/wordpress.nibis.de\/gsemmeln\/wp-json\/wp\/v2\/pages\/89"}],"wp:attachment":[{"href":"https:\/\/wordpress.nibis.de\/gsemmeln\/wp-json\/wp\/v2\/media?parent=1933"}],"curies":[{"name":"wp","href":"https:\/\/api.w.org\/{rel}","templated":true}]}}