{"id":95,"date":"2019-04-11T16:24:47","date_gmt":"2019-04-11T14:24:47","guid":{"rendered":"https:\/\/wordpress.nibis.de\/gsemmeln\/?page_id=95"},"modified":"2025-08-11T20:36:57","modified_gmt":"2025-08-11T18:36:57","slug":"mitarbeiterinnen","status":"publish","type":"page","link":"https:\/\/wordpress.nibis.de\/gsemmeln\/mitarbeiterinnen\/","title":{"rendered":"MitarbeiterInnen"},"content":{"rendered":"<p>Unsere <strong>P\u00e4dagogischen Mitarbeiterinnen<\/strong> Frau Haake, Frau Koopmann, Frau Bundt, Frau Connemann, Frau J\u00e4nen, Frau Lammers, Frau W\u00f6sten und Frau Rumpke sind wertvolle Mitglieder des Kollegiums, die das Schulangebot bereichern und zur \u00d6ffnung der Schule beitragen. Sie unterst\u00fctzen die Lehrkr\u00e4fte und bringen Erfahrungen, F\u00e4higkeiten und andere Sichtweisen auf Kinder ein.<\/p>\n<p>Frau J\u00e4nen, Frau Bundt, Frau Koopmann, Frau Rumpke und Frau W\u00f6sten sind in diesem Schuljahr f\u00fcr die <strong>Betreuung<\/strong> t\u00e4tig. Frau Koopmann, Frau Lammers und Frau J\u00e4nen stehen uns f\u00fcr den <strong>Vertretungsunterricht<\/strong> zur Verf\u00fcgung.<\/p>\n<p>Unsere <strong>Ganztagsmitarbeiterinnen<\/strong> Frau J\u00e4nen, Frau Haake, Frau Koopmann, Frau Connemann, Frau W\u00f6sten, Frau Lammers und Frau Bundt sowie eine Mitarbeiterin vom &#8222;Leuchtturm Jugendhilfe e.V.&#8220; k\u00fcmmern sich um die <strong>Zubereitung und die Ausgabe des Mittagessens.<\/strong><\/p>\n<p>Frau J\u00e4nen, Frau Connemann, Frau Lammers, Frau Haake, Frau Hardt und Frau Grabbe bereichern den Schulnachmittag von montags bis donnerstags durch interessante und abwechslungsreiche <strong>Ganztagsangebote<\/strong>.<\/p>\n<p>Sehr dankbar sind wir immer wieder f\u00fcr die Unterst\u00fctzung unserer <strong>B\u00fcrokraft<\/strong> Frau Dopp und besonders auch f\u00fcr den Einsatz unseres <strong>Hausmeisters<\/strong> Herr Wocken.<\/p>\n<p>Frau J\u00e4nen k\u00fcmmert sich zweimal w\u00f6chentlich um Kinder, die die Sprache <strong>Deutsch als Zweitsprache<\/strong> erlernen.<\/p>\n","protected":false},"excerpt":{"rendered":"<p>Unsere P\u00e4dagogischen Mitarbeiterinnen Frau Haake, Frau Koopmann, Frau Bundt, Frau Connemann, Frau J\u00e4nen, Frau Lammers, Frau W\u00f6sten und Frau Rumpke sind wertvolle Mitglieder des Kollegiums, die das Schulangebot bereichern und <a class=\"more-link\" href=\"https:\/\/wordpress.nibis.de\/gsemmeln\/mitarbeiterinnen\/\">Continue Reading &rarr;<\/a><\/p>\n","protected":false},"author":9193017,"featured_media":0,"parent":0,"menu_order":0,"comment_status":"closed","ping_status":"closed","template":"","meta":{"footnotes":""},"class_list":["post-95","page","type-page","status-publish","hentry"],"_links":{"self":[{"href":"https:\/\/wordpress.nibis.de\/gsemmeln\/wp-json\/wp\/v2\/pages\/95","targetHints":{"allow":["GET"]}}],"collection":[{"href":"https:\/\/wordpress.nibis.de\/gsemmeln\/wp-json\/wp\/v2\/pages"}],"about":[{"href":"https:\/\/wordpress.nibis.de\/gsemmeln\/wp-json\/wp\/v2\/types\/page"}],"author":[{"embeddable":true,"href":"https:\/\/wordpress.nibis.de\/gsemmeln\/wp-json\/wp\/v2\/users\/9193017"}],"replies":[{"embeddable":true,"href":"https:\/\/wordpress.nibis.de\/gsemmeln\/wp-json\/wp\/v2\/comments?post=95"}],"version-history":[{"count":18,"href":"https:\/\/wordpress.nibis.de\/gsemmeln\/wp-json\/wp\/v2\/pages\/95\/revisions"}],"predecessor-version":[{"id":2605,"href":"https:\/\/wordpress.nibis.de\/gsemmeln\/wp-json\/wp\/v2\/pages\/95\/revisions\/2605"}],"wp:attachment":[{"href":"https:\/\/wordpress.nibis.de\/gsemmeln\/wp-json\/wp\/v2\/media?parent=95"}],"curies":[{"name":"wp","href":"https:\/\/api.w.org\/{rel}","templated":true}]}}