{"id":99,"date":"2019-04-11T16:25:22","date_gmt":"2019-04-11T14:25:22","guid":{"rendered":"https:\/\/wordpress.nibis.de\/gsemmeln\/?page_id=99"},"modified":"2023-05-15T16:05:02","modified_gmt":"2023-05-15T14:05:02","slug":"ganztagsschule","status":"publish","type":"page","link":"https:\/\/wordpress.nibis.de\/gsemmeln\/ganztagsschule\/","title":{"rendered":"Ganztagsschule"},"content":{"rendered":"\n<figure class=\"wp-block-image size-large\"><img loading=\"lazy\" decoding=\"async\" width=\"900\" height=\"675\" src=\"https:\/\/wordpress.nibis.de\/gsemmeln\/files\/2020\/10\/Ganztag-1.png\" alt=\"\" class=\"wp-image-1285\" srcset=\"https:\/\/wordpress.nibis.de\/gsemmeln\/files\/2020\/10\/Ganztag-1.png 900w, https:\/\/wordpress.nibis.de\/gsemmeln\/files\/2020\/10\/Ganztag-1-768x576.png 768w\" sizes=\"auto, (max-width: 900px) 100vw, 900px\" \/><\/figure>\n\n\n<p>Nach dem Unterricht haben die Sch\u00fcler die M\u00f6glichkeit, die vielf\u00e4ltigen Angebote unserer <strong>Ganztagsschule<\/strong> zu nutzen. Die M\u00f6glichkeit des <strong>Mittagessens,<\/strong> der <strong>Hausaufgabenbetreuung<\/strong> oder der <strong>Teilnahme an einer AG<\/strong> kann auch jeweils einzeln genutzt werden.<\/p>\n<p>Lehrerinnen, P\u00e4dagogische Mitarbeiterinnen sowie unser Kooperationspartner, SV Eintracht Emmeln 1961 e.V. , \u00fcbernehmen auch an den Nachmittagen die Mittagsaufsicht, Hausaufgabenbetreuung bzw. Angebote.<\/p>\n<p>Die Teilnahme am Ganztagsbetrieb ist freiwillig und bedarf einer Anmeldung.\u00a0<b>Melden Sie Ihr Kind aber an, muss es verpflichtend f\u00fcr ein halbes Jahr teilnehmen!<\/b><\/p>\n<p>Sie k\u00f6nnen bestimmte Tage w\u00e4hlen, an denen Ihr Kind am Mittagessen, an der Hausaufgabenbetreuung, und\/oder an einer AG teilnimmt. Ganz individuell d\u00fcrfen Sie den Nachmittag f\u00fcr Ihr Kind aus den verschiedenen \u201eBausteinen\u201c zusammenstellen. Die Angebote erscheinen halbj\u00e4hrlich.<\/p>\n<p><strong>Abmeldungen f\u00fcr das Mittagessen m\u00fcssen direkt beim Leuchtturm erfolgen<\/strong> (<strong>Frau Kr\u00fcssel 0151-59965599<\/strong> mensa&#64;ev&#45;&#104;&#97;&#114;&#101;&#110;&#46;&#100;&#101;). Trotzdem ist es wichtig, dass wir als Schule auch informiert werden. Deshalb m\u00f6chten wir Sie bitten, alle <strong>Abmeldungen, die mit der Offenen Ganztagsschule zu tun haben<\/strong>, unserer P\u00e4dagogischen Mitarbeiterin und Ganztagskoordinatorin <strong>Frau Sabrina J\u00e4nen bis 9.00 Uhr unter der Nummer 0152-25617494<\/strong> mitzuteilen.<\/p>\n<p>Nach dem Mittagessen bieten wir ebenfalls eine\u00a0<b>Hausaufgabenf\u00f6rderung<\/b>\u00a0an. Hier haben die Kinder Zeit, gemeinsam mit Lehrerinnen in Kleingruppen Hausaufgaben zu machen. Bei Schwierigkeiten kann um Hilfe gefragt werden. Die Hausaufgabenzeit versteht sich nicht als Nachhilfe. An der Hausaufgabenzeit k\u00f6nnen auch Kinder teilnehmen, die keine Angebote belegen. Da die Gruppen wegen der Effektivit\u00e4t und der pers\u00f6nlichen Betreuung nicht zu gro\u00df sein d\u00fcrfen, kann<b>\u00a0<\/b>sich niemand freiwillig anmelden. Die Konferenz aller Klassenlehrerinnen ber\u00e4t und entscheidet \u00fcber die Teilnahme.\u00a0<b>Wichtig:\u00a0<\/b>Die Kontrolle der Hausaufgaben verbleibt in der Verantwortung der Eltern\/Erziehungsberechtigten!<\/p>\n<p>Ist Ihr Kind f\u00fcr den Nachmittagsbetrieb angemeldet, gilt prinzipiell, wie auch im Vormittagsbereich, Anwesenheitspflicht. Soweit keine Abmeldung Ihrerseits vorliegt, schicken wir Ihr Kind nicht nach Hause!<\/p>\n<p>W\u00e4hrend des Ganztagbetriebes gilt die Schulordnung. Bei Nichteinhalten der Regeln behalten wir uns nach R\u00fccksprache den Ausschluss von den Angeboten vor.<\/p>\n<p>Das\u00a0<b>Mittagessen<\/b>\u00a0wird in unserer Cafeteria (blauer Eingang) ausgegeben. Die Kinder werden dorthin begleitet und beaufsichtigt. Auf gute Tischmanieren und eine ruhige Atmosph\u00e4re wird Wert gelegt!<\/p>\n<p>Das Mittagessen wird durch unsere K\u00fcchenkraft Frau Sanders zubereitet. Der Preis f\u00fcr ein Men\u00fc betr\u00e4gt <strong>5<\/strong><b>,62 \u20ac<\/b>.<\/p>\n<p>Zum 29.03.2011 ist das sogenannte\u00a0<b>Bildungs- und Teilhabepaket<\/b> (siehe Antrag unter &#8222;Formulare&#8220;) f\u00fcr Kinder aus einkommensschwachen Familien in Kraft getreten. <em>Stellen die Erziehungsberechtigten zuvor einen Antrag<\/em> <i>beim Landkreis Emsland mit dem entsprechenden Antragsvordruck, <\/i>so pr\u00fcft der Landkreis die Anspruchsberechtigung und teilt der Schule mit, welche Kinder von der <strong>Zahlung des Mittagessens befreit<\/strong> sind.\u00a0<\/p>","protected":false},"excerpt":{"rendered":"<p>Nach dem Unterricht haben die Sch\u00fcler die M\u00f6glichkeit, die vielf\u00e4ltigen Angebote unserer Ganztagsschule zu nutzen. Die M\u00f6glichkeit des Mittagessens, der Hausaufgabenbetreuung oder der Teilnahme an einer AG kann auch jeweils <a class=\"more-link\" href=\"https:\/\/wordpress.nibis.de\/gsemmeln\/ganztagsschule\/\">Continue Reading &rarr;<\/a><\/p>\n","protected":false},"author":9193017,"featured_media":0,"parent":0,"menu_order":0,"comment_status":"closed","ping_status":"closed","template":"","meta":{"footnotes":""},"class_list":["post-99","page","type-page","status-publish","hentry"],"_links":{"self":[{"href":"https:\/\/wordpress.nibis.de\/gsemmeln\/wp-json\/wp\/v2\/pages\/99","targetHints":{"allow":["GET"]}}],"collection":[{"href":"https:\/\/wordpress.nibis.de\/gsemmeln\/wp-json\/wp\/v2\/pages"}],"about":[{"href":"https:\/\/wordpress.nibis.de\/gsemmeln\/wp-json\/wp\/v2\/types\/page"}],"author":[{"embeddable":true,"href":"https:\/\/wordpress.nibis.de\/gsemmeln\/wp-json\/wp\/v2\/users\/9193017"}],"replies":[{"embeddable":true,"href":"https:\/\/wordpress.nibis.de\/gsemmeln\/wp-json\/wp\/v2\/comments?post=99"}],"version-history":[{"count":12,"href":"https:\/\/wordpress.nibis.de\/gsemmeln\/wp-json\/wp\/v2\/pages\/99\/revisions"}],"predecessor-version":[{"id":2136,"href":"https:\/\/wordpress.nibis.de\/gsemmeln\/wp-json\/wp\/v2\/pages\/99\/revisions\/2136"}],"wp:attachment":[{"href":"https:\/\/wordpress.nibis.de\/gsemmeln\/wp-json\/wp\/v2\/media?parent=99"}],"curies":[{"name":"wp","href":"https:\/\/api.w.org\/{rel}","templated":true}]}}