{"id":1005,"date":"2016-08-20T18:51:44","date_gmt":"2016-08-20T16:51:44","guid":{"rendered":"http:\/\/wordpress.nibis.de\/gsengter\/?page_id=1005"},"modified":"2016-08-20T19:49:41","modified_gmt":"2016-08-20T17:49:41","slug":"ernaehrungsfuehrerschein","status":"publish","type":"page","link":"https:\/\/wordpress.nibis.de\/gsengter\/ernaehrungsfuehrerschein\/","title":{"rendered":"Ern\u00e4hrungsf\u00fchrerschein"},"content":{"rendered":"<p style=\"text-align: right\"><span style=\"font-size: 20px\"><img loading=\"lazy\" decoding=\"async\" class=\"wp-image-1015 alignright\" src=\"http:\/\/wordpress.nibis.de\/gsengter\/files\/2016\/08\/DSCN5082.jpg\" alt=\"DSCN5082\" width=\"291\" height=\"383\" srcset=\"https:\/\/wordpress.nibis.de\/gsengter\/files\/2016\/08\/DSCN5082.jpg 456w, https:\/\/wordpress.nibis.de\/gsengter\/files\/2016\/08\/DSCN5082-228x300.jpg 228w\" sizes=\"auto, (max-width: 291px) 100vw, 291px\" \/>In der dritten Klasse erwerben unsere Sch\u00fcler im Rahmen des Sachunterrichts den Ern\u00e4hrungsf\u00fchrerschein. <\/span><span style=\"font-size: 20px\">Dabei werden<\/span><span style=\"font-size: 20px\"> sie von Frau Gerbes &#8211; sie geh\u00f6rt zu den Bramscher Landfrauen &#8211; angeleitet.<\/span><\/p>\n<p style=\"text-align: left\">\n<p><span style=\"font-size: 20px\"><img loading=\"lazy\" decoding=\"async\" class=\"wp-image-1017 alignleft\" src=\"http:\/\/wordpress.nibis.de\/gsengter\/files\/2016\/08\/DSCN5085.jpg\" alt=\"DSCN5085\" width=\"136\" height=\"196\" srcset=\"https:\/\/wordpress.nibis.de\/gsengter\/files\/2016\/08\/DSCN5085.jpg 418w, https:\/\/wordpress.nibis.de\/gsengter\/files\/2016\/08\/DSCN5085-209x300.jpg 209w\" sizes=\"auto, (max-width: 136px) 100vw, 136px\" \/><\/span><\/p>\n<p style=\"text-align: left\"><span style=\"font-size: 20px\"><br \/>Nach einem Einblick in die Hygiene lernen die Kinder die Ern\u00e4hrungspyramide kennen und erfahren, welche positiven Folgen eine gesunde <\/span><span style=\"font-size: 20px\">Ern\u00e4hrung f\u00fcr Leib und Seele hat. <\/span><\/p>\n<p style=\"text-align: left\">\u00a0<\/p>\n<p style=\"text-align: left\"><span style=\"font-size: 20px\"><img loading=\"lazy\" decoding=\"async\" class=\"wp-image-1016 alignleft\" src=\"http:\/\/wordpress.nibis.de\/gsengter\/files\/2016\/08\/DSCN5084.jpg\" alt=\"DSCN5084\" width=\"262\" height=\"184\" srcset=\"https:\/\/wordpress.nibis.de\/gsengter\/files\/2016\/08\/DSCN5084.jpg 640w, https:\/\/wordpress.nibis.de\/gsengter\/files\/2016\/08\/DSCN5084-300x210.jpg 300w\" sizes=\"auto, (max-width: 262px) 100vw, 262px\" \/><\/span><\/p>\n<p style=\"text-align: right\"><span style=\"font-size: 20px\">Neben der Zubereitung von &#8222;Brotgesichtern, Kr\u00e4uterquark, Nudelsalat und Co.&#8220; wird auch das Herrichte<\/span><span style=\"font-size: 20px\">n einer ansprechenden Tafel einge\u00fcbt.<\/span><\/p>\n<p style=\"text-align: right\"><span style=\"font-size: 20px\">Am Ende der Einheit finden eine theoretische und eine praktische Pr\u00fcfung statt; zu letzterer werden traditionsgem\u00e4\u00df die Patenkinder als G\u00e4ste eingeladen.<\/span><\/p>\n","protected":false},"excerpt":{"rendered":"<p>In der dritten Klasse erwerben unsere Sch\u00fcler im Rahmen des Sachunterrichts den Ern\u00e4hrungsf\u00fchrerschein. Dabei werden sie von Frau Gerbes &#8211; sie geh\u00f6rt zu den Bramscher Landfrauen &#8211; angeleitet. Nach einem Einblick in die Hygiene lernen die Kinder die Ern\u00e4hrungspyramide kennen und erfahren, welche positiven Folgen eine gesunde Ern\u00e4hrung f\u00fcr Leib und Seele hat. \u00a0 Neben der Zubereitung von &#8222;Brotgesichtern, Kr\u00e4uterquark, Nudelsalat und Co.&#8220; wird auch das Herrichten einer ansprechenden Tafel einge\u00fcbt. Am Ende der Einheit finden eine theoretische und eine&#8230;<\/p>\n<p class=\"read-more\"><a class=\"btn btn-default\" href=\"https:\/\/wordpress.nibis.de\/gsengter\/ernaehrungsfuehrerschein\/\">Weiterlesen<span class=\"screen-reader-text\"> Weiterlesen<\/span><\/a><\/p>\n","protected":false},"author":714,"featured_media":1014,"parent":0,"menu_order":0,"comment_status":"closed","ping_status":"closed","template":"","meta":{"footnotes":""},"class_list":["post-1005","page","type-page","status-publish","has-post-thumbnail","hentry"],"_links":{"self":[{"href":"https:\/\/wordpress.nibis.de\/gsengter\/wp-json\/wp\/v2\/pages\/1005","targetHints":{"allow":["GET"]}}],"collection":[{"href":"https:\/\/wordpress.nibis.de\/gsengter\/wp-json\/wp\/v2\/pages"}],"about":[{"href":"https:\/\/wordpress.nibis.de\/gsengter\/wp-json\/wp\/v2\/types\/page"}],"author":[{"embeddable":true,"href":"https:\/\/wordpress.nibis.de\/gsengter\/wp-json\/wp\/v2\/users\/714"}],"replies":[{"embeddable":true,"href":"https:\/\/wordpress.nibis.de\/gsengter\/wp-json\/wp\/v2\/comments?post=1005"}],"version-history":[{"count":5,"href":"https:\/\/wordpress.nibis.de\/gsengter\/wp-json\/wp\/v2\/pages\/1005\/revisions"}],"predecessor-version":[{"id":1018,"href":"https:\/\/wordpress.nibis.de\/gsengter\/wp-json\/wp\/v2\/pages\/1005\/revisions\/1018"}],"wp:featuredmedia":[{"embeddable":true,"href":"https:\/\/wordpress.nibis.de\/gsengter\/wp-json\/wp\/v2\/media\/1014"}],"wp:attachment":[{"href":"https:\/\/wordpress.nibis.de\/gsengter\/wp-json\/wp\/v2\/media?parent=1005"}],"curies":[{"name":"wp","href":"https:\/\/api.w.org\/{rel}","templated":true}]}}