{"id":131,"date":"2016-07-22T20:59:42","date_gmt":"2016-07-22T18:59:42","guid":{"rendered":"http:\/\/wordpress.nibis.de\/gsengter\/?page_id=131"},"modified":"2022-11-15T13:45:26","modified_gmt":"2022-11-15T12:45:26","slug":"termine","status":"publish","type":"page","link":"https:\/\/wordpress.nibis.de\/gsengter\/unsere-schule\/termine\/","title":{"rendered":"Termine"},"content":{"rendered":"<p style=\"text-align: center\"><span style=\"font-size: 24px\"><strong><span style=\"color: #008000\">\u00d6ffentlicher Terminkalender f\u00fcr das aktuelle Schuljahr<\/span><\/strong><\/span><br \/><span style=\"color: #008000\">(Angaben ohne Gew\u00e4hr, \u00c4nderungen vorbehalten)<\/span><\/p>\n\n\n<p class=\"has-normal-font-size\"><\/p>\n\n\n\n<div class=\"r34ics-ajax-container loading\" id=\"r69dec13d7163db8\" data-view=\"list\" data-view-is-list-style=\"1\" data-view-is-list-long=\"0\" data-args=\"4aeee6fa81dcad359943d1c5162a4fec0417aed8\" data-js-args=\"{&quot;debug&quot;:null}\">&nbsp;<\/div>\n","protected":false},"excerpt":{"rendered":"<p>\u00d6ffentlicher Terminkalender f\u00fcr das aktuelle Schuljahr(Angaben ohne Gew\u00e4hr, \u00c4nderungen vorbehalten)<\/p>\n","protected":false},"author":714,"featured_media":0,"parent":40,"menu_order":0,"comment_status":"closed","ping_status":"closed","template":"","meta":{"footnotes":""},"class_list":["post-131","page","type-page","status-publish","hentry"],"_links":{"self":[{"href":"https:\/\/wordpress.nibis.de\/gsengter\/wp-json\/wp\/v2\/pages\/131","targetHints":{"allow":["GET"]}}],"collection":[{"href":"https:\/\/wordpress.nibis.de\/gsengter\/wp-json\/wp\/v2\/pages"}],"about":[{"href":"https:\/\/wordpress.nibis.de\/gsengter\/wp-json\/wp\/v2\/types\/page"}],"author":[{"embeddable":true,"href":"https:\/\/wordpress.nibis.de\/gsengter\/wp-json\/wp\/v2\/users\/714"}],"replies":[{"embeddable":true,"href":"https:\/\/wordpress.nibis.de\/gsengter\/wp-json\/wp\/v2\/comments?post=131"}],"version-history":[{"count":47,"href":"https:\/\/wordpress.nibis.de\/gsengter\/wp-json\/wp\/v2\/pages\/131\/revisions"}],"predecessor-version":[{"id":7906,"href":"https:\/\/wordpress.nibis.de\/gsengter\/wp-json\/wp\/v2\/pages\/131\/revisions\/7906"}],"up":[{"embeddable":true,"href":"https:\/\/wordpress.nibis.de\/gsengter\/wp-json\/wp\/v2\/pages\/40"}],"wp:attachment":[{"href":"https:\/\/wordpress.nibis.de\/gsengter\/wp-json\/wp\/v2\/media?parent=131"}],"curies":[{"name":"wp","href":"https:\/\/api.w.org\/{rel}","templated":true}]}}