{"id":168,"date":"2015-10-17T21:33:36","date_gmt":"2015-10-17T19:33:36","guid":{"rendered":"http:\/\/wordpress.nibis.de\/gsengter\/?page_id=168"},"modified":"2024-11-25T10:40:21","modified_gmt":"2024-11-25T09:40:21","slug":"brueckenjahr","status":"publish","type":"page","link":"https:\/\/wordpress.nibis.de\/gsengter\/unsere-schule\/kooperationen\/brueckenjahr\/","title":{"rendered":"Br\u00fcckenjahr"},"content":{"rendered":"<p><span style=\"color: #008000;font-family: Tahoma;font-size: 20px\"><strong>\u00dcberg\u00e4nge gestalten \u2013 Das Br\u00fcckenjahr\u00a0\u00a0\u00a0\u00a0\u00a0\u00a0\u00a0\u00a0\u00a0\u00a0\u00a0\u00a0\u00a0\u00a0\u00a0\u00a0\u00a0\u00a0\u00a0\u00a0<\/strong><span style=\"color: #008000;font-family: Tahoma;font-size: 20px\"><span style=\"color: #008000;font-family: Tahoma;font-size: 20px\"><b><img loading=\"lazy\" decoding=\"async\" class=\"alignnone  wp-image-691\" src=\"http:\/\/wordpress.nibis.de\/gsengter\/files\/2015\/10\/Zwischenablage01.jpg\" alt=\"Zwischenablage01\" width=\"147\" height=\"94\" \/><\/b><\/span><\/span><\/span><\/p>\n<p style=\"text-align: justify\"><span style=\"font-family: Tahoma;font-size: 20px\">Das Land Niedersachsen startete im Jahr 2007 das Programm <b>\u201eDas letzte Kindergartenjahr<\/b> <b>als Br\u00fcckenjahr zur Grundschule\u201c<\/b>. <\/span><\/p>\n<p style=\"text-align: justify\"><span style=\"font-family: Tahoma;font-size: 20px\">Auch die Grundschule Engter nahm gemeinsam mit den Kindertagesst\u00e4tten des Kirchspiels an diesem Modellprojekt teil. Fachkr\u00e4fte aus Kinderg\u00e4rten und Schule arbeiteten gemeinsam an einem Konzept f\u00fcr einen funktionierenden \u00dcbergang vom Kindergarten in die Grundschule.<\/span><\/p>\n<p><span style=\"font-family: Tahoma;font-size: 20px\">Getragen wird die Zusammenarbeit durch ein gemeinsames Bildungsverst\u00e4ndnis der folgenden Einrichtungen:<\/span><\/p>\n<ul>\n<li><span style=\"font-family: Tahoma;font-size: 20px\">Grundschule Engter<\/span><\/li>\n<li><span style=\"font-family: Tahoma;font-size: 20px\">Kindertagesst\u00e4tte Wirbelwind <\/span><\/li>\n<li><span style=\"font-family: Tahoma;font-size: 20px\">Kindertagesst\u00e4tte Pfiffikus<\/span><\/li>\n<li><span style=\"font-family: Tahoma;font-size: 20px\">AWO Kindertagesst\u00e4tte Lappenstuhl<\/span><\/li>\n<\/ul>\n<p><span style=\"font-family: Tahoma;font-size: 20px\"><u><b>Bildungsverst\u00e4ndnis<\/b><\/u><\/span><\/p>\n<ul>\n<li><span style=\"font-family: Tahoma;font-size: 20px\">F\u00f6rderung der Lernkompetenz des Kindes, z.B.:<\/span><\/li>\n<\/ul>\n<ul>\n<li><span style=\"font-family: Tahoma;font-size: 20px\">emotionale Kompetenz (Wecken der Neugier und Motivation, Abbau von \u00c4ngsten, \u2026)<\/span><\/li>\n<li><span style=\"font-family: Tahoma;font-size: 20px\">soziale Kompetenz (individuelle St\u00e4rkung jedes Kindes, F\u00f6rderung des Sozialverhaltens, \u2026)<\/span><\/li>\n<li><span style=\"font-family: Tahoma;font-size: 20px\">motorische Kompetenz (Entwicklung von Probleml\u00f6sungsf\u00e4higkeit, Entwicklung koordinativer F\u00e4higkeiten, \u2026)<\/span><\/li>\n<li><span style=\"font-family: Tahoma;font-size: 20px\">kognitive Kompetenz (Entwicklung von Probleml\u00f6sungsf\u00e4higkeit und Kreativit\u00e4t, \u2026)<\/span><\/li>\n<li><span style=\"font-family: Tahoma;font-size: 20px\">jedes Kind bildet sich selbstt\u00e4tig und in seinem eigenen Lerntempo &#8211;<br \/>\n<\/span><span style=\"font-family: Tahoma;font-size: 20px\">wir schaffen Anl\u00e4sse daf\u00fcr.<\/span><\/li>\n<li><span style=\"font-family: Tahoma;font-size: 20px\">jedes Kind ist bestrebt, sich selbst und seinen eigenen Weg zu finden &#8211;<br \/>\nwir f\u00f6rdern und unterst\u00fctzen es dabei.<\/span><\/li>\n<\/ul>\n<ul>\n<li><span style=\"font-family: Tahoma;font-size: 20px\">Aufbau und Pflege einer guten Beziehung zwischen Kind und Erzieher\/Lehrer. Wir st\u00e4rken die sozialen Kontakte der Kinder untereinander und f\u00f6rdern die verl\u00e4ssliche Beziehung zu Erwachsenen.<\/span><\/li>\n<li><span style=\"font-family: Tahoma;font-size: 20px\">Aufbau und Pflege einer guten Beziehung zwischen Eltern und Erzieher\/ Lehrer. Wir legen Wert auf die Zusammenarbeit mit den Eltern.<\/span><\/li>\n<li><span style=\"font-family: Tahoma;font-size: 20px\">Gelassenheit der Eltern durch Transparenz und Information der jeweiligen Einrichtung.<\/span><\/li>\n<li><span style=\"font-family: Tahoma;font-size: 20px\">Aufbauend auf positiven Erfahrungen aus der Kindergartenzeit erw\u00e4chst ein harmonischer \u00dcbergang in die Grundschule.<\/span><\/li>\n<\/ul>\n<p style=\"text-align: justify\"><span style=\"font-family: Tahoma;font-size: 20px\">Um dieses Bildungsverst\u00e4ndnis mit Leben zu f\u00fcllen haben Kindertages-einrichtungen und Grundschule gemeinsam einen Kooperationskalender erarbeitet. Dieser ist mit vielf\u00e4ltigen Aktionen gef\u00fcllt, die alle das Ziel verfolgen, den Kindern im Sinne des Bildungsverst\u00e4ndnisses den \u00dcbergang in die Schule zu erleichtern sowie die Eltern m\u00f6glichst gut zu informieren und einzubeziehen.<\/span><\/p>\n<p><span style=\"font-family: Tahoma\"><span style=\"font-family: Tahoma;font-size: 20px\">Jeweils zu Beginn eines Schuljahrs treffen sich Vertreter aller Einrichtungen, um den Kooperationskalender zu aktualisieren.<br \/>\n<\/span><\/span><\/p>\n<p><span style=\"font-size: 20px\"><a name=\"_GoBack\"><\/a> <\/span><\/p>\n","protected":false},"excerpt":{"rendered":"<p>\u00dcberg\u00e4nge gestalten \u2013 Das Br\u00fcckenjahr\u00a0\u00a0\u00a0\u00a0\u00a0\u00a0\u00a0\u00a0\u00a0\u00a0\u00a0\u00a0\u00a0\u00a0\u00a0\u00a0\u00a0\u00a0\u00a0\u00a0 Das Land Niedersachsen startete im Jahr 2007 das Programm \u201eDas letzte Kindergartenjahr als Br\u00fcckenjahr zur Grundschule\u201c. Auch die Grundschule Engter nahm gemeinsam mit den Kindertagesst\u00e4tten des Kirchspiels an diesem Modellprojekt teil. Fachkr\u00e4fte aus Kinderg\u00e4rten und Schule arbeiteten gemeinsam an einem Konzept f\u00fcr einen funktionierenden \u00dcbergang vom Kindergarten in die Grundschule. Getragen wird die Zusammenarbeit durch ein gemeinsames Bildungsverst\u00e4ndnis der folgenden Einrichtungen: Grundschule Engter Kindertagesst\u00e4tte Wirbelwind Kindertagesst\u00e4tte Pfiffikus AWO Kindertagesst\u00e4tte Lappenstuhl Bildungsverst\u00e4ndnis F\u00f6rderung der Lernkompetenz des&#8230;<\/p>\n<p class=\"read-more\"><a class=\"btn btn-default\" href=\"https:\/\/wordpress.nibis.de\/gsengter\/unsere-schule\/kooperationen\/brueckenjahr\/\">Weiterlesen<span class=\"screen-reader-text\"> Weiterlesen<\/span><\/a><\/p>\n","protected":false},"author":714,"featured_media":0,"parent":133,"menu_order":0,"comment_status":"closed","ping_status":"closed","template":"","meta":{"footnotes":""},"class_list":["post-168","page","type-page","status-publish","hentry"],"_links":{"self":[{"href":"https:\/\/wordpress.nibis.de\/gsengter\/wp-json\/wp\/v2\/pages\/168","targetHints":{"allow":["GET"]}}],"collection":[{"href":"https:\/\/wordpress.nibis.de\/gsengter\/wp-json\/wp\/v2\/pages"}],"about":[{"href":"https:\/\/wordpress.nibis.de\/gsengter\/wp-json\/wp\/v2\/types\/page"}],"author":[{"embeddable":true,"href":"https:\/\/wordpress.nibis.de\/gsengter\/wp-json\/wp\/v2\/users\/714"}],"replies":[{"embeddable":true,"href":"https:\/\/wordpress.nibis.de\/gsengter\/wp-json\/wp\/v2\/comments?post=168"}],"version-history":[{"count":8,"href":"https:\/\/wordpress.nibis.de\/gsengter\/wp-json\/wp\/v2\/pages\/168\/revisions"}],"predecessor-version":[{"id":7372,"href":"https:\/\/wordpress.nibis.de\/gsengter\/wp-json\/wp\/v2\/pages\/168\/revisions\/7372"}],"up":[{"embeddable":true,"href":"https:\/\/wordpress.nibis.de\/gsengter\/wp-json\/wp\/v2\/pages\/133"}],"wp:attachment":[{"href":"https:\/\/wordpress.nibis.de\/gsengter\/wp-json\/wp\/v2\/media?parent=168"}],"curies":[{"name":"wp","href":"https:\/\/api.w.org\/{rel}","templated":true}]}}