{"id":170,"date":"2015-10-17T21:34:23","date_gmt":"2015-10-17T19:34:23","guid":{"rendered":"http:\/\/wordpress.nibis.de\/gsengter\/?page_id=170"},"modified":"2024-12-31T14:30:01","modified_gmt":"2024-12-31T13:30:01","slug":"schulobst","status":"publish","type":"page","link":"https:\/\/wordpress.nibis.de\/gsengter\/unsere-schule\/projekte\/schulobst\/","title":{"rendered":"Schulobst"},"content":{"rendered":"\n<div class=\"wp-block-image is-style-default\"><figure class=\"aligncenter\"><img loading=\"lazy\" decoding=\"async\" width=\"306\" height=\"82\" src=\"http:\/\/wordpress.nibis.de\/gsengter\/files\/2015\/10\/gif_Schulobst.gif\" alt=\"gif_Schulobst\" class=\"wp-image-857\" \/><\/figure><\/div>\n\n\n\n<p class=\"has-text-align-center\"><span style=\"color: #008000;font-size: 20px\"><span style=\"font-family: helvetica,arial,sans-serif\"><strong>Das EU-Sch<\/strong><\/span><span style=\"font-family: helvetica,arial,sans-serif\"><strong>ulobst- und \u2013gem\u00fcseprogramm<\/strong><\/span><\/span><\/p>\n\n\n\n<p class=\"has-text-align-center\"><span style=\"color: #000000;font-family: helvetica,arial,sans-serif;font-size: 20px\"><b>Wir nehmen auch in diesem Schuljahr teil!<\/b><\/span><\/p>\n\n\n\n<p><span style=\"color: #000000;font-family: helvetica,arial,sans-serif;font-size: 20px\">Um Kindern und Jugendlichen Obst und Gem\u00fcse schmackhaft zu machen, hat die EU ein Schulobstprogramm in den Mitgliedstaaten eingef\u00fchrt. Seit einiger Zeit nimmt das Land Niedersachsen daran teil. Wir haben uns als Schule um die Teilnahme beworben und wurden auch in diesem Jahr wieder ausgew\u00e4hlt. <\/span><br><br><span style=\"color: #000000;font-family: helvetica,arial,sans-serif;font-size: 20px\">Alle teilnehmenden Schulen erhalten eine F\u00f6rderung von 100 Gramm Obst und\/oder Gem\u00fcse pro Sch\u00fclerin\/Sch\u00fcler an drei Schultagen in der Woche. Dabei werden wir einmal in der Woche am Dienstag von den Gem\u00fcseg\u00e4rtnern Kalkriese beliefert. Die Ausgabe erfolgt an den Wochentagen Mittwoch, Donnerstag und Freitag. <\/span><br><\/p>\n\n\n\n<div class=\"wp-block-image is-style-default\"><figure class=\"aligncenter is-resized\"><img loading=\"lazy\" decoding=\"async\" src=\"http:\/\/wordpress.nibis.de\/gsengter\/files\/2015\/10\/Schulobst-Bild-mit-Logo-web.jpg\" alt=\"Schulobst-Bild-mit-Logo-web\" class=\"wp-image-859\" width=\"383\" height=\"327\" srcset=\"https:\/\/wordpress.nibis.de\/gsengter\/files\/2015\/10\/Schulobst-Bild-mit-Logo-web.jpg 703w, https:\/\/wordpress.nibis.de\/gsengter\/files\/2015\/10\/Schulobst-Bild-mit-Logo-web-300x256.jpg 300w\" sizes=\"auto, (max-width: 383px) 100vw, 383px\" \/><\/figure><\/div>\n\n\n\n<p><br><span style=\"color: #000000;font-family: helvetica,arial,sans-serif;font-size: 20px\"><span style=\"color: #000000;font-family: helvetica,arial,sans-serif;font-size: 20px\"><span style=\"color: #000000;font-family: helvetica,arial,sans-serif;font-size: 20px\">Den internen Ablauf haben wir mit Hilfe der Eltern bisher erfolgreich organisiert. Eltern, die sich zur Hilfe bereit erkl\u00e4ren und bereiten das Obst und Gem\u00fcse vor (waschen, sch\u00e4len, portionieren\u2026). <br><\/span><br><span style=\"color: #000000;font-family: helvetica,arial,sans-serif;font-size: 20px\">F\u00fcr Ihre Mithilfe sind wir sehr dankbar.<br>Wenn Sie Zeit haben und bereit sind, uns zu unterst\u00fctzen, melden Sie sich gerne telefonisch unter 05468\/405 oder per mail an &#x73;&#x63;&#x68;&#x75;&#x6c;&#108;&#101;&#105;&#116;ung&#x40;&#x67;&#x73;&#x2d;&#x65;&#x6e;&#103;&#116;&#101;r&#46;d&#x65; (s.a. &#8222;Kontakte&#8220;).<\/span><\/span><\/span><br><\/p>\n\n\n\n<p><a href=\"https:\/\/www.schulprogramm.niedersachsen.de\/\"><span style=\"color: #000000;font-family: helvetica,arial,sans-serif;font-size: 20px\">Link zur Webseite &#8222;Schulobst &#8211; Niedersachsen&#8220;<\/span><\/a><\/p>\n\n\n\n<p><span style=\"color: #000000;font-family: helvetica,arial,sans-serif;font-size: 20px\">&nbsp;<\/span><\/p>\n","protected":false},"excerpt":{"rendered":"<p>Das EU-Schulobst- und \u2013gem\u00fcseprogramm Wir nehmen auch in diesem Schuljahr teil! Um Kindern und Jugendlichen Obst und Gem\u00fcse schmackhaft zu machen, hat die EU ein Schulobstprogramm in den Mitgliedstaaten eingef\u00fchrt. Seit einiger Zeit nimmt das Land Niedersachsen daran teil. Wir haben uns als Schule um die Teilnahme beworben und wurden auch in diesem Jahr wieder ausgew\u00e4hlt. Alle teilnehmenden Schulen erhalten eine F\u00f6rderung von 100 Gramm Obst und\/oder Gem\u00fcse pro Sch\u00fclerin\/Sch\u00fcler an drei Schultagen in der Woche. Dabei werden wir einmal&#8230;<\/p>\n<p class=\"read-more\"><a class=\"btn btn-default\" href=\"https:\/\/wordpress.nibis.de\/gsengter\/unsere-schule\/projekte\/schulobst\/\">Weiterlesen<span class=\"screen-reader-text\"> Weiterlesen<\/span><\/a><\/p>\n","protected":false},"author":714,"featured_media":0,"parent":135,"menu_order":0,"comment_status":"closed","ping_status":"closed","template":"","meta":{"footnotes":""},"class_list":["post-170","page","type-page","status-publish","hentry"],"_links":{"self":[{"href":"https:\/\/wordpress.nibis.de\/gsengter\/wp-json\/wp\/v2\/pages\/170","targetHints":{"allow":["GET"]}}],"collection":[{"href":"https:\/\/wordpress.nibis.de\/gsengter\/wp-json\/wp\/v2\/pages"}],"about":[{"href":"https:\/\/wordpress.nibis.de\/gsengter\/wp-json\/wp\/v2\/types\/page"}],"author":[{"embeddable":true,"href":"https:\/\/wordpress.nibis.de\/gsengter\/wp-json\/wp\/v2\/users\/714"}],"replies":[{"embeddable":true,"href":"https:\/\/wordpress.nibis.de\/gsengter\/wp-json\/wp\/v2\/comments?post=170"}],"version-history":[{"count":26,"href":"https:\/\/wordpress.nibis.de\/gsengter\/wp-json\/wp\/v2\/pages\/170\/revisions"}],"predecessor-version":[{"id":7474,"href":"https:\/\/wordpress.nibis.de\/gsengter\/wp-json\/wp\/v2\/pages\/170\/revisions\/7474"}],"up":[{"embeddable":true,"href":"https:\/\/wordpress.nibis.de\/gsengter\/wp-json\/wp\/v2\/pages\/135"}],"wp:attachment":[{"href":"https:\/\/wordpress.nibis.de\/gsengter\/wp-json\/wp\/v2\/media?parent=170"}],"curies":[{"name":"wp","href":"https:\/\/api.w.org\/{rel}","templated":true}]}}