{"id":1738,"date":"2016-12-27T07:01:30","date_gmt":"2016-12-27T06:01:30","guid":{"rendered":"http:\/\/wordpress.nibis.de\/gsengter\/?page_id=1738"},"modified":"2024-10-12T18:29:27","modified_gmt":"2024-10-12T16:29:27","slug":"sportfreundliche-schule","status":"publish","type":"page","link":"https:\/\/wordpress.nibis.de\/gsengter\/sportfreundliche-schule\/","title":{"rendered":"Sportfreundliche Schule"},"content":{"rendered":"\n<p class=\"has-text-align-center\"><span style=\"color: #008000;font-size: 14pt\"><\/span><br><\/p>\n\n\n\n<div class=\"wp-block-image\"><figure class=\"aligncenter size-large\"><img loading=\"lazy\" decoding=\"async\" width=\"414\" height=\"324\" src=\"https:\/\/wordpress.nibis.de\/gsengter\/files\/2018\/05\/sportfreundliche-Schule-Logo1.jpg\" alt=\"\" class=\"wp-image-3305\" srcset=\"https:\/\/wordpress.nibis.de\/gsengter\/files\/2018\/05\/sportfreundliche-Schule-Logo1.jpg 414w, https:\/\/wordpress.nibis.de\/gsengter\/files\/2018\/05\/sportfreundliche-Schule-Logo1-300x235.jpg 300w\" sizes=\"auto, (max-width: 414px) 100vw, 414px\" \/><\/figure><\/div>\n\n\n\n<p class=\"has-text-align-center\"><br><br><a href=\"https:\/\/wordpress.nibis.de\/gsengter\/files\/2024\/10\/01_Sportfreundliche-Schule-Konzept-2024.docx\">Konzept Sportfreundliche Schule &#8211; GS Engter<\/a><\/p>\n\n\n\n<p style=\"font-size:17px\">Seit 2018 darf sich die Grundschule Engter \u201eSportfreundliche Schule\u201c nennen. Diesem Anspruch m\u00f6chten wir weiterhin gerecht bleiben und versuchen, unseren Schwerpunkt im Bereich \u201eGesundheitserziehung durch Sport, Bewegung und gesunde Ern\u00e4hrung\u201c auszubauen.<\/p>\n\n\n\n<p style=\"font-size:17px\">Nach wie vor ist f\u00fcr uns als Schulgemeinschaft die Bewegung in Kombination mit Gesundheitserziehung ein f\u00e4cher\u00fcbergreifendes Thema. Bewegung ist wichtig f\u00fcr eine gesunde k\u00f6rperliche und geistige Entwicklung der Kinder und somit eine wichtige Voraussetzung f\u00fcr den schulischen Lernerfolg.<\/p>\n\n\n\n<p style=\"font-size:17px\">Besonders im Erstunterricht des ersten und zweiten Schuljahres wird dem Bewegungsdrang der Grundsch\u00fcler durch Methodenwechsel, Bewegungspausen und Bewegungsspiele entsprochen. In den Pausen, in der Betreuungszeit vor und nach dem Unterricht, in Freispielphasen w\u00e4hrend der regul\u00e4ren Unterrichtszeit sowie im Rahmen der Ganztagsbetreuung am Nachmittag bietet das Schulgel\u00e4nde vielf\u00e4ltige Bewegungsm\u00f6glichkeiten.<\/p>\n\n\n\n<h1 class=\"wp-block-heading\"><a><strong>Schulgel\u00e4nde<\/strong><\/a><\/h1>\n\n\n\n<p style=\"font-size:17px\">Die Spielausleihe ist f\u00fcr jedes Kind in den Pausen zug\u00e4nglich und beinhaltet diverse Spiele zur Pausengestaltung. Sie ist in einer ger\u00e4umigen Garage auf dem Schulhof untergebracht. Hier steht den Kindern eine gro\u00dfe Anzahl an Spielger\u00e4ten zur Verf\u00fcgung. Die Kinder finden neben vielseitigen Sandspielzeugen vor allem auch Spielger\u00e4te vor, die ihrem Bewegungsdrang entgegenkommen, u.a. Stelzen, B\u00e4lle, Seile, R\u00fcckschlagspiele sowie Wurf- und Fangspiele. Au\u00dferdem wurden in den letzten Jahren auch Roll- und Fahrger\u00e4te (Roller, Ketcars, Pedalos, Einr\u00e4der u.a.) angeschafft, die von den Kindern genutzt werden k\u00f6nnen. Voraussetzung hierf\u00fcr ist gem\u00e4\u00df dem Schulsporterlass das Mitbringen eines eigenen Helmes.&nbsp; Die Spielausleihe wird verantwortlich von den Sch\u00fclerinnen und Sch\u00fclern der vierten Klassen organisiert und durchgef\u00fchrt. Am Nachmittag wird das Angebot durch die Ganztagskinder genutzt.<\/p>\n\n\n\n<p style=\"font-size:17px\">Auf dem Schulhof gibt es au\u00dferdem mehrere Basketballk\u00f6rbe, Tischtennisplatten, Schaukeln, Turnstangen und ein gro\u00dfes Kletterger\u00fcst, das zum Klettern, Hangeln, Balancieren, Springen und Rutschen einl\u00e4dt. Das aktuelle Ger\u00e4t wurde im Jahr 2023 angeschafft und ersetzt das vorherige Spielger\u00fcst. Seit dem Jahr 2018 gibt es zudem eine gro\u00dfe Kletterpyramide, die der Schule von einer ortsans\u00e4ssigen Firma gespendet wurde und die sich bei den Kindern gro\u00dfer Beliebtheit erfreut.<\/p>\n\n\n\n<p style=\"font-size:17px\">Seit dem Schuljahr 2014\/15 besitzt die Grundschule Engter ein Fu\u00dfball-Minispielfeld. Dieses wird in den Pausen von allen Altersgruppen und auch im Unterricht von einzelnen Klassen gerne genutzt. In den Pausen regelt ein von der Sch\u00fclervertretung entwickelter Plan, welche Altersgruppen die Spielfl\u00e4che nutzen d\u00fcrfen. Im Ganztag ist das Spielfeld ebenfalls sehr beliebt.<\/p>\n\n\n\n<p style=\"font-size:17px\">Auch der Schulelternrat, F\u00f6rderverein und die Stiftung der Schule f\u00f6rdern das Bed\u00fcrfnis der Sch\u00fclerinnen und Sch\u00fcler nach Bewegung, indem sie die Schule finanziell unterst\u00fctzen und Neuanschaffungen wie z.B. das Minispielfeld und die Aufstockung der Spielger\u00e4te f\u00fcr die Spielausleihe erst m\u00f6glich machen.<\/p>\n\n\n\n<p style=\"font-size:17px\">Zum Schulgel\u00e4nde geh\u00f6rt eine kleine Schulsporthalle, die f\u00fcr den Sportunterricht von allen Jahrg\u00e4ngen, aber auch f\u00fcr Kleingruppen, Arbeitsgemeinschaften und im Ganztag genutzt wird. Im Sommer steht der Schule die Sportanlage des TuS Engter mit Leichtathletikanlagen und Fu\u00dfballpl\u00e4tzen zur Verf\u00fcgung. Insbesondere die \u00e4lteren Sch\u00fclerinnen und Sch\u00fcler nutzen diese M\u00f6glichkeiten im Unterricht. Ebenso finden dort verschiedene Sportveranstaltungen unserer Schule statt. Die bisher von den \u00e4lteren Sch\u00fclerinnen und Sch\u00fclern genutzte Doppelsporthalle fiel 2022 einem Brand zum Opfer. Sobald sie wieder aufgebaut ist, wird sie voraussichtlich auch wieder f\u00fcr den Unterricht und f\u00fcr Sportveranstaltungen genutzt werden k\u00f6nnen.<\/p>\n\n\n\n<h1 class=\"wp-block-heading\"><a><strong>Sport- und Spielfeste<\/strong><\/a><\/h1>\n\n\n\n<p style=\"font-size:17px\">Im Verlauf eines Schuljahres finden in der Grundschule Engter mehrere Sportveranstaltungen in den verschiedenen Altersklassen statt:<\/p>\n\n\n\n<h2 class=\"wp-block-heading\"><a><em>Jahrgang 1<\/em><\/a><em><\/em><\/h2>\n\n\n\n<p style=\"font-size:17px\">Im Rahmen des Br\u00fcckenjahres treffen sich Erstkl\u00e4ssler*innen und k\u00fcnftige Schulanf\u00e4nger aus den Kindertagesst\u00e4tten zu einem Sportvormittag, der neben der M\u00f6glichkeit sich zu bewegen auch Gelegenheit zur ersten Kontaktaufnahme geben soll. Dieser Schnuppertag findet in Kleingruppen an einem Schulvormittag statt.<\/p>\n\n\n\n<p style=\"font-size:17px\">Zum Ende des Schuljahres l\u00e4dt die Handballabteilung des TuS Bramsche alle Erstkl\u00e4ssler der Bramscher Grundschulen zu einem \u201eZoo-Spielfest\u201c ein. Hier haben die Kinder die Gelegenheit, den Handballsport spielerisch kennenzulernen. Ein attraktives Rahmenprogramm rundet die Veranstaltung ab.<\/p>\n\n\n\n<h2 class=\"wp-block-heading\"><a><em>Jahrgang 2<\/em><\/a><em><\/em><\/h2>\n\n\n\n<p style=\"font-size:17px\">Sportlicher H\u00f6hepunkt f\u00fcr den zweiten Jahrgang ist das Rollballturnier. Es handelt sich hierbei um einen schulinternen Vergleich im Rollball, bei dem es Urkunden f\u00fcr alle Klassen sowie einen Klassenwanderpokal f\u00fcr die Siegerklasse zu gewinnen gibt. Es wird nach dem Modus \u201eJeder gegen Jeden\u201c gespielt.<\/p>\n\n\n\n<h2 class=\"wp-block-heading\"><a><em>Jahrgang 3<\/em><\/a><em><\/em><\/h2>\n\n\n\n<p style=\"font-size:17px\">In Kooperation mit der Handballabteilung des TuS Bramsche werden alle dritten Klassen der Bramscher Grundschulen zu einer Mini-Handball-WM eingeladen. Hier haben die Kinder die M\u00f6glichkeit, sich in kurzen Handballspielen mit den Sch\u00fclern anderer Schulen zu messen. Auf Wunsch der einzelnen Schulen besuchen im Vorfeld des Turniers Trainer der Handballabteilung die beteiligten Klassen, um den Kindern die wichtigsten Regeln des Handballspiels zu erkl\u00e4ren und sie mit ihnen einzu\u00fcben.<\/p>\n\n\n\n<p style=\"font-size:17px\">Seit dem Schuljahr 2019\/20 nimmt unsere Schule auch am Rope-Skipping-Projekt \u201eSkipping Hearts\u201c der Deutschen Herzstiftung teil. Beim Rope Skipping handelt es sich um eine sportliche Form des Seilspringens. Durch die Durchf\u00fchrung dieses Workshops sollen Kinder motiviert werden, sich mehr zu bewegen und sich mit ihrer Gesundheit auseinanderzusetzen. In unserer Schule wird das Programm mit einer Sch\u00fclergruppe aus dem dritten Jahrgang durchgef\u00fchrt. Eine Vorf\u00fchrung f\u00fcr die dritten und vierten Klassen sowie interessierte Eltern rundet die Veranstaltung ab.<\/p>\n\n\n\n<p style=\"font-size:17px\">F\u00fcr das kommende Schuljahr ist au\u00dferdem die Teilnahme am Rundlauf Team-Cup (RTC) des Tischtennis-Verbands Niedersachsen geplant. Zun\u00e4chst werden schulintern in Viererteams die Schulsieger des dritten Jahrgangs im Tischtennis Rundlauf ausgespielt, bevor die Gewinnerteams auf Regionsebene ihren Gesamtsieger ermitteln.<\/p>\n\n\n\n<h2 class=\"wp-block-heading\"><a><em>Jahrgang 4<\/em><\/a><em><\/em><\/h2>\n\n\n\n<p style=\"font-size:17px\">Vor den Sommerferien treffen sich Mannschaften aus allen Bramscher Grundschulen, um den Grundschulcup im Fu\u00dfball auszuspielen. Im Schuljahr 2022\/23 fand das Turnier auf der Sportanlage des TuS Engter statt. Es wurde von unsrer Schule in Kooperation mit der Fu\u00dfballabteilung durchgef\u00fchrt, au\u00dferdem erhielten wir Unterst\u00fctzung durch die IGS Bramsche, die Schiedsrichter aus der Sch\u00fclerschaft stellte.<\/p>\n\n\n\n<p style=\"font-size:17px\">In Kooperation mit der Tennisregion Osnabr\u00fcck fand jahrelang immer im Fr\u00fchjahr der Schultenniscup des Tennisverband Niedersachsen\/Bremen (TNB) statt. Hier hatten alle Kinder der dritten und vierten Klassen die M\u00f6glichkeit, an Low-T-Ballanlagen erste Erfahrungen mit Schl\u00e4ger und Ball zu sammeln. Durch den Brand der gro\u00dfen Sporthalle ist es derzeit nicht m\u00f6glich, die Veranstaltung in gewohnter Form durchzuf\u00fchren. Deshalb wird alternativ ein Tennistag f\u00fcr den vierten Jahrgang angeboten. Die Veranstaltung findet in Zusammenarbeit mit der Tennisabteilung des TuS Engter statt. Anwesende Kinder, die aus gesundheitlichen Gr\u00fcnden nicht am Spiel teilnehmen k\u00f6nnen, werden hierbei gerne als Helfer eingesetzt.<\/p>\n\n\n\n<p style=\"font-size:17px\">Des Weiteren k\u00f6nnen die Sch\u00fclerinnen und Sch\u00fcler der Jahrg\u00e4nge 3 und 4 im Rahmen des regul\u00e4ren Sportunterrichts das Laufabzeichen des Deutschen Leichtathletikverbandes erwerben. Au\u00dferdem wurde im Schuljahr 2022\/23 eine Lauf-AG im Rahmen des regul\u00e4ren Schulvormittages angeboten. W\u00e4hrend dieser Arbeitsgemeinschaft trainierten die Kinder f\u00fcr den Bramscher Tuchmacherlauf. Auch in diesem Jahr werden die Kinder zur Teilnahme an dieser zum Sparkassen-Cup umbenannten Veranstaltung motiviert, die aber nat\u00fcrlich freiwillig ist.<\/p>\n\n\n\n<p style=\"font-size:17px\">Die Handballabteilung des TuS Bramsche f\u00fchrt in den vierten Klassen den Grundschulaktionstag \u201eTag des Handballs\u201c durch. Die Sch\u00fclerinnen und Sch\u00fcler sollen dadurch Freude an Bewegung entwickeln und das Handballspiel kennenlernen. Unterst\u00fctzung gibt es dabei von \u00dcbungsleiter*innen des TuS Bramsche.<\/p>\n\n\n\n<p style=\"font-size:17px\">Durch diese enge Zusammenarbeit mit den jeweiligen Sportvereinen und Verb\u00e4nden ist es auch m\u00f6glich, individuelle Begabungen zu erkennen und Kinder ggf. an die Sportvereine zu vermitteln und zu f\u00f6rdern.<\/p>\n\n\n\n<h2 class=\"wp-block-heading\"><a><em>Jahrg\u00e4nge 1 bis 4<\/em><\/a><em><\/em><\/h2>\n\n\n\n<p style=\"font-size:17px\">Vor den Sommerferien findet ein Leichtathletiktag f\u00fcr die Jahrg\u00e4nge 3 und 4 statt. Neben den Einzeldisziplinen Laufen, Werfen und Springen werden die geforderten \u00dcbungen f\u00fcr das Sportabzeichen abgenommen. Der Nachweis der Schwimmf\u00e4higkeit erfolgt im Rahmen des Schwimmunterrichts. Auf l\u00e4ngere Sicht sollen auch die weiteren Jahrg\u00e4nge einbezogen werden.<\/p>\n\n\n\n<p style=\"font-size:17px\">Im Jahr 2022 hat unsere Schule erstmals am Sportabzeichenwettbewerb teilgenommen. In Zukunft wird die Teilnahme regelm\u00e4\u00dfig erfolgen.<\/p>\n\n\n\n<p style=\"font-size:17px\">Allj\u00e4hrlich wird am Rosenmontag f\u00fcr alle Klassen in der Sporthalle ein Bewegungs- und Spielparcours aufgebaut, der von den Kindern jahrgangsweise genutzt wird.<\/p>\n\n\n\n<p style=\"font-size:17px\">Die erbrachten sportlichen Leistungen werden im Rahmen einer Feierstunde in der Aula gew\u00fcrdigt. So werden die Sport- und Laufabzeichen sowie weitere Urkunden im Beisein der gesamten Schulgemeinschaft verliehen und besondere Sch\u00fclerleistungen gesondert erw\u00e4hnt. Auch die Klassenurkunden f\u00fcr die Leistungen beim Rollball oder im Tennis finden hier besondere Erw\u00e4hnung.<\/p>\n\n\n\n<h1 class=\"wp-block-heading\"><a><strong>Weitere Bewegungsangebote im regul\u00e4ren Unterricht<\/strong><\/a><\/h1>\n\n\n\n<p style=\"font-size:17px\">Erg\u00e4nzt werden diese Angebote durch Arbeitsgemeinschaften im dritten und vierten Schuljahr auch im Sportbereich, z.B. im Handball, Basketball, Fu\u00dfball, Jonglieren\/Akrobatik, Tanz und Ropeskipping. W\u00e4hrend der Ganztagsbetreuung gibt es regelm\u00e4\u00dfige w\u00f6chentliche Angebote im \u201eAbenteuersport\u201c sowie eine Kooperation mit dem TuS Bramsche im Handball.<\/p>\n\n\n\n<p style=\"font-size:17px\">Ein weiterer wichtiger Schwerpunkt im Sportunterricht der Jahrg\u00e4nge 3 und 4 ist der Bereich \u201eSchwimmen\u201c. So ist es unser Ziel, dass m\u00f6glichst alle Kinder am Ende ihrer Grundschulzeit schwimmen k\u00f6nnen. W\u00f6chentlicher Schwimmunterricht in den Klassen 3 und 4 ist die Grundlage. Hier ist auch der Erwerb der Jugendschwimmabzeichen in Bronze, Silber und Gold m\u00f6glich.<\/p>\n\n\n\n<p style=\"font-size:17px\">In unmittelbarer N\u00e4he zur Schule befinden sich zwei Spielpl\u00e4tze, die gerne bei Unterrichtsg\u00e4ngen und im Ganztag besucht werden. Auch der im Nachbarort gelegene Klettergarten ist Ziel von Klassenausfl\u00fcgen. Der schulnahe Wald l\u00e4dt au\u00dferdem zu Erkundungsg\u00e4ngen im Rahmen des Sachunterrichts ein.<\/p>\n\n\n\n<h1 class=\"wp-block-heading\"><a><strong>Sportf\u00f6rderunterricht<\/strong><\/a><\/h1>\n\n\n\n<p style=\"font-size:17px\">Seit dem Schuljahr 2019\/20 wird an unserer Schule wieder Sportf\u00f6rderunterricht erteilt. Diese zus\u00e4tzlichen Bewegungsstunden finden als \u201eFr\u00fchsport\u201c zweimal pro Woche vor dem regul\u00e4ren Unterricht in Kleingruppen statt.<\/p>\n\n\n\n<h1 class=\"wp-block-heading\"><a><strong>Verkehrserziehung<\/strong><\/a><\/h1>\n\n\n\n<p style=\"font-size:17px\">Im Rahmen der Verkehrserziehung wird der Fahrrad- und Rollerparcours der Verkehrswacht regelm\u00e4\u00dfig eingesetzt. Die Kinder werden hier im \u201eSchonraum\u201c (Schulhof) auf den realen Stra\u00dfenverkehr vorbereitet. Sie \u00fcben sich im Umgang mit ihrem Fahrrad und lernen, die f\u00fcr Radfahrer wichtigen Verkehrsregeln anzuwenden.&nbsp; Im Geschicklichkeitsparcours k\u00f6nnen sie im 4. Schuljahr die erlernten F\u00e4higkeiten anwenden.<\/p>\n\n\n\n<p style=\"font-size:17px\">Eine gesunde k\u00f6rperliche und geistige Entwicklung ist nat\u00fcrlich verbunden mit gesunder Ern\u00e4hrung. Auch hier will die Grundschule Engter ihren Teil dazu beitragen.<\/p>\n\n\n\n<h1 class=\"wp-block-heading\"><a><strong>Gesunde Ern\u00e4hrung als Thema im Unterricht<\/strong><\/a><\/h1>\n\n\n\n<p>Gesunde Ern\u00e4hrung ist ein wichtiger Bestandteil des Sachunterrichts, der auch durch das Kerncurriculum verbindlich vorgegeben wird. So findet in den Klassen ein \u201eGesundes Fr\u00fchst\u00fcck\u201c statt, das an die Unterrichtseinheit anschlie\u00dft.<\/p>\n\n\n\n<p style=\"font-size:17px\">Nach M\u00f6glichkeit finden auch Unterrichtsg\u00e4nge zu landwirtschaftlichen bzw. g\u00e4rtnerischen Betrieben statt. Es besteht auch f\u00fcr Schulklassen die M\u00f6glichkeit, auf einem nahegelegenen Gem\u00fcsebaubetrieb Projekte oder Thementage unter fachkundiger Anleitung durchzuf\u00fchren. Auch eine ortsans\u00e4ssige B\u00e4ckerei ist regelm\u00e4\u00dfig Ziel eines Unterrichtsganges im dritten Schuljahr.<\/p>\n\n\n\n<h2 class=\"wp-block-heading\"><a><strong><em>Schulobstprogramm<\/em><\/strong><\/a><em><\/em><\/h2>\n\n\n\n<p style=\"font-size:17px\">Seit Herbst 2014 nimmt unsere Schule am Schulobstprogramm des Landes Niedersachsen teil. Die Obst- und Gem\u00fcselieferungen werden einmal w\u00f6chentlich von einem Gem\u00fcsebetrieb aus der Region geliefert. Freiwillige Helferinnen aus der Elternschaft bereiten das Obst und Gem\u00fcse vor und portionieren es. Unsere Sch\u00fclerinnen und Sch\u00fcler freuen sich dreimal w\u00f6chentlich auf ihre Portion Obst und Gem\u00fcse.<\/p>\n\n\n\n<h2 class=\"wp-block-heading\"><a><strong><em>aid \u2013 Ern\u00e4hrungsf\u00fchrerschein<\/em><\/strong><\/a><strong><em><\/em><\/strong><\/h2>\n\n\n\n<p style=\"font-size:17px\">Ein weiterer Schwerpunkt der Gesundheitserziehung liegt auf dem Erwerb des aid-Ern\u00e4hrungsf\u00fchrerscheins, unterst\u00fctzt durch die Bramscher Landfrauen. Initiiert und gef\u00f6rdert von der Bundesregierung wurde das Programm 2007 erstmals in unserer Schule umgesetzt. Mittlerweile ist es ein fester Bestandteil des Sachunterrichts im dritten Schuljahr und wird ebenfalls vom F\u00f6rderverein unserer Schule gef\u00f6rdert. Sch\u00fclerinnen und Sch\u00fcler lernen die wichtigen Grundlagen gesunder Ern\u00e4hrung ebenso wie den Umgang mit Nahrungsmitteln und K\u00fcchenger\u00e4ten wie auch Ess- und Tischmanieren.<\/p>\n\n\n\n<h2 class=\"wp-block-heading\"><a><strong><em>Gemeinsames Mittagessen im Ganztag<\/em><\/strong><\/a><strong><em><\/em><\/strong><\/h2>\n\n\n\n<p style=\"font-size:17px\">Die Grundschule Engter ist seit dem Schuljahr 2015\/16 Ganztagsschule, seit Beginn des Schuljahres 2016\/17 f\u00fcr alle Jahrg\u00e4nge 1 bis 4. Nat\u00fcrlich geh\u00f6rt auch das gemeinsame Mittagessen zur Ganztagsbetreuung. Auch hier wird auf gesunde Ern\u00e4hrung sowie die Vermittlung von Ess- und Tischmanieren geachtet.<\/p>\n\n\n\n<h2 class=\"wp-block-heading\"><a><em>Streuobstwiese<\/em><\/a><em><\/em><\/h2>\n\n\n\n<p style=\"font-size:17px\">Unsere Schule ist im Besitz einer Streuobstwiese, die durch die schuleigene F\u00f6rderstiftung betreut wird. F\u00fcr die Zukunft ist eine verst\u00e4rkte Nutzung in Form von Projekten geplant.<\/p>\n\n\n\n<p style=\"font-size:17px\"><strong>Mit diesen Angeboten m\u00f6chten wir unseren Sch\u00fclerinnen und Sch\u00fclern die Bedeutung gesunder Ern\u00e4hrung, verbunden mit ausreichender Bewegung, nahebringen und sie in einer gesunden k\u00f6rperlichen und geistigen Entwicklung unterst\u00fctzen.<\/strong><\/p>\n\n\n","protected":false},"excerpt":{"rendered":"<p>Konzept Sportfreundliche Schule &#8211; GS Engter Seit 2018 darf sich die Grundschule Engter \u201eSportfreundliche Schule\u201c nennen. Diesem Anspruch m\u00f6chten wir weiterhin gerecht bleiben und versuchen, unseren Schwerpunkt im Bereich \u201eGesundheitserziehung durch Sport, Bewegung und gesunde Ern\u00e4hrung\u201c auszubauen. Nach wie vor ist f\u00fcr uns als Schulgemeinschaft die Bewegung in Kombination mit Gesundheitserziehung ein f\u00e4cher\u00fcbergreifendes Thema. Bewegung ist wichtig f\u00fcr eine gesunde k\u00f6rperliche und geistige Entwicklung der Kinder und somit eine wichtige Voraussetzung f\u00fcr den schulischen Lernerfolg. Besonders im Erstunterricht des ersten&#8230;<\/p>\n<p class=\"read-more\"><a class=\"btn btn-default\" href=\"https:\/\/wordpress.nibis.de\/gsengter\/sportfreundliche-schule\/\">Weiterlesen<span class=\"screen-reader-text\"> Weiterlesen<\/span><\/a><\/p>\n","protected":false},"author":714,"featured_media":0,"parent":0,"menu_order":0,"comment_status":"closed","ping_status":"closed","template":"","meta":{"footnotes":""},"class_list":["post-1738","page","type-page","status-publish","hentry"],"_links":{"self":[{"href":"https:\/\/wordpress.nibis.de\/gsengter\/wp-json\/wp\/v2\/pages\/1738","targetHints":{"allow":["GET"]}}],"collection":[{"href":"https:\/\/wordpress.nibis.de\/gsengter\/wp-json\/wp\/v2\/pages"}],"about":[{"href":"https:\/\/wordpress.nibis.de\/gsengter\/wp-json\/wp\/v2\/types\/page"}],"author":[{"embeddable":true,"href":"https:\/\/wordpress.nibis.de\/gsengter\/wp-json\/wp\/v2\/users\/714"}],"replies":[{"embeddable":true,"href":"https:\/\/wordpress.nibis.de\/gsengter\/wp-json\/wp\/v2\/comments?post=1738"}],"version-history":[{"count":16,"href":"https:\/\/wordpress.nibis.de\/gsengter\/wp-json\/wp\/v2\/pages\/1738\/revisions"}],"predecessor-version":[{"id":7266,"href":"https:\/\/wordpress.nibis.de\/gsengter\/wp-json\/wp\/v2\/pages\/1738\/revisions\/7266"}],"wp:attachment":[{"href":"https:\/\/wordpress.nibis.de\/gsengter\/wp-json\/wp\/v2\/media?parent=1738"}],"curies":[{"name":"wp","href":"https:\/\/api.w.org\/{rel}","templated":true}]}}