{"id":179,"date":"2015-10-17T21:46:59","date_gmt":"2015-10-17T19:46:59","guid":{"rendered":"http:\/\/wordpress.nibis.de\/gsengter\/?page_id=179"},"modified":"2021-09-11T18:23:33","modified_gmt":"2021-09-11T16:23:33","slug":"impressum","status":"publish","type":"page","link":"https:\/\/wordpress.nibis.de\/gsengter\/impressum\/","title":{"rendered":"Impressum"},"content":{"rendered":"<p><span style=\"font-size: 12pt;font-family: helvetica,arial,sans-serif\">Land Niedersachsen (Dienstanbieter im Sinne des Telemediengesetzes)<\/span><\/p>\n<p><span style=\"font-size: 12pt;font-family: helvetica,arial,sans-serif\">Das Land Niedersachsen ist eine juristische Person des \u00f6ffentlichen Rechts<\/span><br \/>\n<span style=\"font-size: 12pt;font-family: helvetica,arial,sans-serif\">vertreten durch<\/span><\/p>\n<p><span style=\"font-size: 12pt;font-family: helvetica,arial,sans-serif\">Schulleitung: Bernd Kellermann<\/span><span style=\"font-size: 12pt;font-family: helvetica,arial,sans-serif\">, Schulleiter<\/span><br \/>\n<span style=\"font-size: 12pt;font-family: helvetica,arial,sans-serif\">Martina Nordmann, stellvertretende Schulleiterin<\/span><\/p>\n<p><span style=\"font-size: 12pt;font-family: helvetica,arial,sans-serif\">Grundschule Engter<\/span><br \/>\n<span style=\"font-size: 12pt;font-family: helvetica,arial,sans-serif\">Schleptruper Kirchweg 27<\/span><br \/>\n<span style=\"font-size: 12pt;font-family: helvetica,arial,sans-serif\">49565 Bramsche<\/span><br \/>\n<span style=\"font-size: 12pt;font-family: helvetica,arial,sans-serif\">Tel.: 05468 405<\/span><br \/>\n<span style=\"font-size: 12pt;font-family: helvetica,arial,sans-serif\">Fax: 05468 91066<\/span><br \/>\n<span style=\"font-size: 12pt;font-family: helvetica,arial,sans-serif\">E-Mail: schulleitung(at)ghs-engter.de<\/span><\/p>\n<p><span style=\"font-size: 12pt;font-family: helvetica,arial,sans-serif\">Verantwortliche\/r f\u00fcr redaktionell-journalistische Angebote i. S. d. \u00a7 55 Abs. 2 Rundfunkstaatsvertrag:<\/span><\/p>\n<p><span style=\"font-size: 12pt;font-family: helvetica,arial,sans-serif\">Kerstin Mix<\/span><br \/>\n<span style=\"font-size: 12pt;font-family: helvetica,arial,sans-serif\">Grundschule Engter<\/span><br \/>\n<span style=\"font-size: 12pt;font-family: helvetica,arial,sans-serif\">Schleptruper Kirchweg 27<\/span><br \/>\n<span style=\"font-size: 12pt;font-family: helvetica,arial,sans-serif\">49565 Bramsche<\/span><br \/>\n<span style=\"font-size: 12pt;font-family: helvetica,arial,sans-serif\">Tel.: 05468 405<\/span><\/p>\n<p><span style=\"font-size: 12pt\">Verantwortliche\/r f\u00fcr die Sch\u00fclerzeitung i. S. d. \u00a7 55 Abs. 2 Rundfunkstaatsvertrag:<br \/>\n<\/span><\/p>\n<p><span style=\"font-size: 12pt;font-family: helvetica,arial,sans-serif\">Kerstin Mix<\/span><br \/>\n<span style=\"font-size: 12pt;font-family: helvetica,arial,sans-serif\">Grundschule Engter<\/span><br \/>\n<span style=\"font-size: 12pt;font-family: helvetica,arial,sans-serif\">Schleptruper Kirchweg 27<\/span><br \/>\n<span style=\"font-size: 12pt;font-family: helvetica,arial,sans-serif\">49565 Bramsche<\/span><br \/>\n<span style=\"font-size: 12pt;font-family: helvetica,arial,sans-serif\">Tel.: 05468 405<\/span><\/p>\n<p><span style=\"font-size: 12pt;font-family: helvetica,arial,sans-serif\">Disclaimer<\/span><\/p>\n<p><span style=\"font-size: 12pt;font-family: helvetica,arial,sans-serif\">Diese Webseite beinhaltet Links. Deren Inhalte entziehen sich unserer Einflussnahme, sodass eine Gew\u00e4hr f\u00fcr solche Inhalte von uns nicht \u00fcbernommen werden kann. <\/span><\/p>\n<p><span style=\"font-size: 12pt;font-family: helvetica,arial,sans-serif\">Die Verantwortung liegt stets beim jeweiligen Betreiber der externen Seiten. Zum Zeitpunkt der Verkn\u00fcpfung der externen Links waren keine Rechtsverst\u00f6\u00dfe ersichtlich. Die permanente \u00dcberwachung fremder Inhalte auf Rechtsverst\u00f6\u00dfe ohne konkrete Hinweise ist uns nicht zumutbar.<\/span><\/p>\n<p><span style=\"font-size: 12pt;font-family: helvetica,arial,sans-serif\">Sollten wir Kenntnis von Rechtsverletzungen erlangen, werden wir die entsprechenden externen Links unverz\u00fcglich entfernen. <\/span><\/p>\n<p><span style=\"font-size: 16px\">Hinweis: Aus Gr\u00fcnden der besseren Lesbarkeit wird auf die gleichzeitige Verwendung m\u00e4nnlicher und weiblicher Sprachformen verzichtet. S\u00e4mtliche Personenbezeichnungen gelten gleicherma\u00dfen f\u00fcr jederlei Geschlecht. <\/span><\/p>\n","protected":false},"excerpt":{"rendered":"<p>Land Niedersachsen (Dienstanbieter im Sinne des Telemediengesetzes) Das Land Niedersachsen ist eine juristische Person des \u00f6ffentlichen Rechts vertreten durch Schulleitung: Bernd Kellermann, Schulleiter Martina Nordmann, stellvertretende Schulleiterin Grundschule Engter Schleptruper Kirchweg 27 49565 Bramsche Tel.: 05468 405 Fax: 05468 91066 E-Mail: schulleitung(at)ghs-engter.de Verantwortliche\/r f\u00fcr redaktionell-journalistische Angebote i. S. d. \u00a7 55 Abs. 2 Rundfunkstaatsvertrag: Kerstin Mix Grundschule Engter Schleptruper Kirchweg 27 49565 Bramsche Tel.: 05468 405 Verantwortliche\/r f\u00fcr die Sch\u00fclerzeitung i. S. d. \u00a7 55 Abs. 2 Rundfunkstaatsvertrag: Kerstin Mix&#8230;<\/p>\n<p class=\"read-more\"><a class=\"btn btn-default\" href=\"https:\/\/wordpress.nibis.de\/gsengter\/impressum\/\">Weiterlesen<span class=\"screen-reader-text\"> Weiterlesen<\/span><\/a><\/p>\n","protected":false},"author":714,"featured_media":0,"parent":0,"menu_order":0,"comment_status":"closed","ping_status":"closed","template":"","meta":{"footnotes":""},"class_list":["post-179","page","type-page","status-publish","hentry"],"_links":{"self":[{"href":"https:\/\/wordpress.nibis.de\/gsengter\/wp-json\/wp\/v2\/pages\/179","targetHints":{"allow":["GET"]}}],"collection":[{"href":"https:\/\/wordpress.nibis.de\/gsengter\/wp-json\/wp\/v2\/pages"}],"about":[{"href":"https:\/\/wordpress.nibis.de\/gsengter\/wp-json\/wp\/v2\/types\/page"}],"author":[{"embeddable":true,"href":"https:\/\/wordpress.nibis.de\/gsengter\/wp-json\/wp\/v2\/users\/714"}],"replies":[{"embeddable":true,"href":"https:\/\/wordpress.nibis.de\/gsengter\/wp-json\/wp\/v2\/comments?post=179"}],"version-history":[{"count":8,"href":"https:\/\/wordpress.nibis.de\/gsengter\/wp-json\/wp\/v2\/pages\/179\/revisions"}],"predecessor-version":[{"id":5084,"href":"https:\/\/wordpress.nibis.de\/gsengter\/wp-json\/wp\/v2\/pages\/179\/revisions\/5084"}],"wp:attachment":[{"href":"https:\/\/wordpress.nibis.de\/gsengter\/wp-json\/wp\/v2\/media?parent=179"}],"curies":[{"name":"wp","href":"https:\/\/api.w.org\/{rel}","templated":true}]}}