{"id":2484,"date":"2017-07-17T06:02:03","date_gmt":"2017-07-17T04:02:03","guid":{"rendered":"http:\/\/wordpress.nibis.de\/gsengter\/?page_id=2484"},"modified":"2017-07-17T06:12:01","modified_gmt":"2017-07-17T04:12:01","slug":"leitbild","status":"publish","type":"page","link":"https:\/\/wordpress.nibis.de\/gsengter\/leitbild\/","title":{"rendered":"Leitbild"},"content":{"rendered":"<p align=\"CENTER\"><span style=\"font-family: helvetica,arial,sans-serif;font-size: 14pt\"><strong>Leitbild<\/strong> <\/span><\/p>\n<ul>\n<li><span style=\"font-family: helvetica,arial,sans-serif;font-size: 14pt\">In unserer Schule wollen wir gerne lernen, arbeiten, spielen und feiern, einander anerkennen und r\u00fccksichtsvoll miteinander umgehen.<\/span><\/li>\n<\/ul>\n<p>&nbsp;<\/p>\n<ul>\n<li><span style=\"font-family: helvetica,arial,sans-serif;font-size: 14pt\">Wir nehmen unsere Sch\u00fcler als individuelle Pers\u00f6nlichkeiten an und werden sie entsprechend ihren unterschiedlichen Entwicklungsm\u00f6glichkeiten in einer mutmachenden und gesunden Atmosph\u00e4re fordern und f\u00f6rdern.<\/span><\/li>\n<\/ul>\n<p>&nbsp;<\/p>\n<ul>\n<li><span style=\"font-family: helvetica,arial,sans-serif;font-size: 14pt\">Unsere Sch\u00fclerinnen und Sch\u00fcler erhalten durch vielf\u00e4ltige Methodenkompetenzen eine zukunftsorientierte und tragf\u00e4hige Bildung.<\/span><\/li>\n<\/ul>\n<p>&nbsp;<\/p>\n<ul>\n<li><span style=\"font-family: helvetica,arial,sans-serif;font-size: 14pt\">Eltern, Lehrer, Mitarbeiter und Sch\u00fcler legen Wert auf eine gute, angenehme, partnerschaftliche Zusammenarbeit und pflegen den Kontakt zu au\u00dferschulischen Lernstandorten und Einrichtungen. <\/span><\/li>\n<\/ul>\n<p>&nbsp;<\/p>\n<ul>\n<li><span style=\"font-family: helvetica,arial,sans-serif;font-size: 14pt\">Alle Mitglieder der Schulgemeinschaft wirken aktiv und verantwortungsbewusst in der Schule mit.<\/span><\/li>\n<\/ul>\n<p>&nbsp;<\/p>\n","protected":false},"excerpt":{"rendered":"<p>Leitbild In unserer Schule wollen wir gerne lernen, arbeiten, spielen und feiern, einander anerkennen und r\u00fccksichtsvoll miteinander umgehen. &nbsp; Wir nehmen unsere Sch\u00fcler als individuelle Pers\u00f6nlichkeiten an und werden sie entsprechend ihren unterschiedlichen Entwicklungsm\u00f6glichkeiten in einer mutmachenden und gesunden Atmosph\u00e4re fordern und f\u00f6rdern. &nbsp; Unsere Sch\u00fclerinnen und Sch\u00fcler erhalten durch vielf\u00e4ltige Methodenkompetenzen eine zukunftsorientierte und tragf\u00e4hige Bildung. &nbsp; Eltern, Lehrer, Mitarbeiter und Sch\u00fcler legen Wert auf eine gute, angenehme, partnerschaftliche Zusammenarbeit und pflegen den Kontakt zu au\u00dferschulischen Lernstandorten und Einrichtungen&#8230;.<\/p>\n<p class=\"read-more\"><a class=\"btn btn-default\" href=\"https:\/\/wordpress.nibis.de\/gsengter\/leitbild\/\">Weiterlesen<span class=\"screen-reader-text\"> Weiterlesen<\/span><\/a><\/p>\n","protected":false},"author":714,"featured_media":0,"parent":0,"menu_order":0,"comment_status":"closed","ping_status":"closed","template":"","meta":{"footnotes":""},"class_list":["post-2484","page","type-page","status-publish","hentry"],"_links":{"self":[{"href":"https:\/\/wordpress.nibis.de\/gsengter\/wp-json\/wp\/v2\/pages\/2484","targetHints":{"allow":["GET"]}}],"collection":[{"href":"https:\/\/wordpress.nibis.de\/gsengter\/wp-json\/wp\/v2\/pages"}],"about":[{"href":"https:\/\/wordpress.nibis.de\/gsengter\/wp-json\/wp\/v2\/types\/page"}],"author":[{"embeddable":true,"href":"https:\/\/wordpress.nibis.de\/gsengter\/wp-json\/wp\/v2\/users\/714"}],"replies":[{"embeddable":true,"href":"https:\/\/wordpress.nibis.de\/gsengter\/wp-json\/wp\/v2\/comments?post=2484"}],"version-history":[{"count":9,"href":"https:\/\/wordpress.nibis.de\/gsengter\/wp-json\/wp\/v2\/pages\/2484\/revisions"}],"predecessor-version":[{"id":2496,"href":"https:\/\/wordpress.nibis.de\/gsengter\/wp-json\/wp\/v2\/pages\/2484\/revisions\/2496"}],"wp:attachment":[{"href":"https:\/\/wordpress.nibis.de\/gsengter\/wp-json\/wp\/v2\/media?parent=2484"}],"curies":[{"name":"wp","href":"https:\/\/api.w.org\/{rel}","templated":true}]}}