{"id":45,"date":"2015-10-17T19:40:36","date_gmt":"2015-10-17T17:40:36","guid":{"rendered":"http:\/\/wordpress.nibis.de\/gsengter\/?page_id=45"},"modified":"2026-02-01T11:57:37","modified_gmt":"2026-02-01T10:57:37","slug":"unsere-schueler","status":"publish","type":"page","link":"https:\/\/wordpress.nibis.de\/gsengter\/unsere-schueler\/","title":{"rendered":"Unsere Klassen"},"content":{"rendered":"\n<p style=\"font-size:17px\"><br>Wir danken dem &#8222;Foto-Studio Kr\u00f6ger&#8220; aus Bramsche f\u00fcr die Genehmigung,<br>die Klassenfotos auf unserer Homepage ver\u00f6ffentlichen zu d\u00fcrfen.<\/p>\n\n\n\n\n\n<figure class=\"wp-block-image size-large\"><img loading=\"lazy\" decoding=\"async\" width=\"800\" height=\"578\" src=\"https:\/\/wordpress.nibis.de\/gsengter\/files\/2026\/02\/1a-800x578.jpg\" alt=\"\" class=\"wp-image-8164\" srcset=\"https:\/\/wordpress.nibis.de\/gsengter\/files\/2026\/02\/1a-800x578.jpg 800w, https:\/\/wordpress.nibis.de\/gsengter\/files\/2026\/02\/1a-300x217.jpg 300w, https:\/\/wordpress.nibis.de\/gsengter\/files\/2026\/02\/1a-768x555.jpg 768w, https:\/\/wordpress.nibis.de\/gsengter\/files\/2026\/02\/1a-100x72.jpg 100w, https:\/\/wordpress.nibis.de\/gsengter\/files\/2026\/02\/1a-1536x1110.jpg 1536w, https:\/\/wordpress.nibis.de\/gsengter\/files\/2026\/02\/1a-374x270.jpg 374w, https:\/\/wordpress.nibis.de\/gsengter\/files\/2026\/02\/1a.jpg 1920w\" sizes=\"auto, (max-width: 800px) 100vw, 800px\" \/><\/figure>\n\n\n\n<figure class=\"wp-block-image size-large\"><img loading=\"lazy\" decoding=\"async\" width=\"800\" height=\"578\" src=\"https:\/\/wordpress.nibis.de\/gsengter\/files\/2026\/02\/1b-800x578.jpg\" alt=\"\" class=\"wp-image-8166\" srcset=\"https:\/\/wordpress.nibis.de\/gsengter\/files\/2026\/02\/1b-800x578.jpg 800w, https:\/\/wordpress.nibis.de\/gsengter\/files\/2026\/02\/1b-300x217.jpg 300w, https:\/\/wordpress.nibis.de\/gsengter\/files\/2026\/02\/1b-768x555.jpg 768w, https:\/\/wordpress.nibis.de\/gsengter\/files\/2026\/02\/1b-100x72.jpg 100w, https:\/\/wordpress.nibis.de\/gsengter\/files\/2026\/02\/1b-1536x1110.jpg 1536w, https:\/\/wordpress.nibis.de\/gsengter\/files\/2026\/02\/1b-374x270.jpg 374w, https:\/\/wordpress.nibis.de\/gsengter\/files\/2026\/02\/1b.jpg 1920w\" sizes=\"auto, (max-width: 800px) 100vw, 800px\" \/><\/figure>\n\n\n\n<figure class=\"wp-block-image size-large\"><img loading=\"lazy\" decoding=\"async\" width=\"800\" height=\"577\" src=\"https:\/\/wordpress.nibis.de\/gsengter\/files\/2026\/02\/1c-800x577.jpg\" alt=\"\" class=\"wp-image-8167\" srcset=\"https:\/\/wordpress.nibis.de\/gsengter\/files\/2026\/02\/1c-800x577.jpg 800w, https:\/\/wordpress.nibis.de\/gsengter\/files\/2026\/02\/1c-300x216.jpg 300w, https:\/\/wordpress.nibis.de\/gsengter\/files\/2026\/02\/1c-768x554.jpg 768w, https:\/\/wordpress.nibis.de\/gsengter\/files\/2026\/02\/1c-100x72.jpg 100w, https:\/\/wordpress.nibis.de\/gsengter\/files\/2026\/02\/1c-1536x1107.jpg 1536w, https:\/\/wordpress.nibis.de\/gsengter\/files\/2026\/02\/1c-375x270.jpg 375w, https:\/\/wordpress.nibis.de\/gsengter\/files\/2026\/02\/1c.jpg 1920w\" sizes=\"auto, (max-width: 800px) 100vw, 800px\" \/><\/figure>\n\n\n\n<figure class=\"wp-block-image size-large\"><img loading=\"lazy\" decoding=\"async\" width=\"800\" height=\"579\" src=\"https:\/\/wordpress.nibis.de\/gsengter\/files\/2026\/02\/1d-800x579.jpg\" alt=\"\" class=\"wp-image-8168\" srcset=\"https:\/\/wordpress.nibis.de\/gsengter\/files\/2026\/02\/1d-800x579.jpg 800w, https:\/\/wordpress.nibis.de\/gsengter\/files\/2026\/02\/1d-300x217.jpg 300w, https:\/\/wordpress.nibis.de\/gsengter\/files\/2026\/02\/1d-768x556.jpg 768w, https:\/\/wordpress.nibis.de\/gsengter\/files\/2026\/02\/1d-100x72.jpg 100w, https:\/\/wordpress.nibis.de\/gsengter\/files\/2026\/02\/1d-1536x1112.jpg 1536w, https:\/\/wordpress.nibis.de\/gsengter\/files\/2026\/02\/1d-373x270.jpg 373w, https:\/\/wordpress.nibis.de\/gsengter\/files\/2026\/02\/1d.jpg 1920w\" sizes=\"auto, (max-width: 800px) 100vw, 800px\" \/><\/figure>\n\n\n\n<figure class=\"wp-block-image size-large\"><img loading=\"lazy\" decoding=\"async\" width=\"800\" height=\"573\" src=\"https:\/\/wordpress.nibis.de\/gsengter\/files\/2026\/02\/2a-800x573.jpg\" alt=\"\" class=\"wp-image-8169\" srcset=\"https:\/\/wordpress.nibis.de\/gsengter\/files\/2026\/02\/2a-800x573.jpg 800w, https:\/\/wordpress.nibis.de\/gsengter\/files\/2026\/02\/2a-300x215.jpg 300w, https:\/\/wordpress.nibis.de\/gsengter\/files\/2026\/02\/2a-768x550.jpg 768w, https:\/\/wordpress.nibis.de\/gsengter\/files\/2026\/02\/2a-100x72.jpg 100w, https:\/\/wordpress.nibis.de\/gsengter\/files\/2026\/02\/2a-1536x1101.jpg 1536w, https:\/\/wordpress.nibis.de\/gsengter\/files\/2026\/02\/2a-377x270.jpg 377w, https:\/\/wordpress.nibis.de\/gsengter\/files\/2026\/02\/2a.jpg 1920w\" sizes=\"auto, (max-width: 800px) 100vw, 800px\" \/><\/figure>\n\n\n\n<figure class=\"wp-block-image size-large\"><img loading=\"lazy\" decoding=\"async\" width=\"800\" height=\"578\" src=\"https:\/\/wordpress.nibis.de\/gsengter\/files\/2026\/02\/2b-800x578.jpg\" alt=\"\" class=\"wp-image-8170\" srcset=\"https:\/\/wordpress.nibis.de\/gsengter\/files\/2026\/02\/2b-800x578.jpg 800w, https:\/\/wordpress.nibis.de\/gsengter\/files\/2026\/02\/2b-300x217.jpg 300w, https:\/\/wordpress.nibis.de\/gsengter\/files\/2026\/02\/2b-768x555.jpg 768w, https:\/\/wordpress.nibis.de\/gsengter\/files\/2026\/02\/2b-100x72.jpg 100w, https:\/\/wordpress.nibis.de\/gsengter\/files\/2026\/02\/2b-1536x1110.jpg 1536w, https:\/\/wordpress.nibis.de\/gsengter\/files\/2026\/02\/2b-374x270.jpg 374w, https:\/\/wordpress.nibis.de\/gsengter\/files\/2026\/02\/2b.jpg 1920w\" sizes=\"auto, (max-width: 800px) 100vw, 800px\" \/><\/figure>\n\n\n\n<figure class=\"wp-block-image size-large\"><img loading=\"lazy\" decoding=\"async\" width=\"800\" height=\"577\" src=\"https:\/\/wordpress.nibis.de\/gsengter\/files\/2026\/02\/2c-800x577.jpg\" alt=\"\" class=\"wp-image-8171\" srcset=\"https:\/\/wordpress.nibis.de\/gsengter\/files\/2026\/02\/2c-800x577.jpg 800w, https:\/\/wordpress.nibis.de\/gsengter\/files\/2026\/02\/2c-300x216.jpg 300w, https:\/\/wordpress.nibis.de\/gsengter\/files\/2026\/02\/2c-768x554.jpg 768w, https:\/\/wordpress.nibis.de\/gsengter\/files\/2026\/02\/2c-100x72.jpg 100w, https:\/\/wordpress.nibis.de\/gsengter\/files\/2026\/02\/2c-1536x1107.jpg 1536w, https:\/\/wordpress.nibis.de\/gsengter\/files\/2026\/02\/2c-375x270.jpg 375w, https:\/\/wordpress.nibis.de\/gsengter\/files\/2026\/02\/2c.jpg 1920w\" sizes=\"auto, (max-width: 800px) 100vw, 800px\" \/><\/figure>\n\n\n\n<figure class=\"wp-block-image size-large\"><img loading=\"lazy\" decoding=\"async\" width=\"800\" height=\"578\" src=\"https:\/\/wordpress.nibis.de\/gsengter\/files\/2026\/02\/2d-800x578.jpg\" alt=\"\" class=\"wp-image-8172\" srcset=\"https:\/\/wordpress.nibis.de\/gsengter\/files\/2026\/02\/2d-800x578.jpg 800w, https:\/\/wordpress.nibis.de\/gsengter\/files\/2026\/02\/2d-300x217.jpg 300w, https:\/\/wordpress.nibis.de\/gsengter\/files\/2026\/02\/2d-768x555.jpg 768w, https:\/\/wordpress.nibis.de\/gsengter\/files\/2026\/02\/2d-100x72.jpg 100w, https:\/\/wordpress.nibis.de\/gsengter\/files\/2026\/02\/2d-1536x1110.jpg 1536w, https:\/\/wordpress.nibis.de\/gsengter\/files\/2026\/02\/2d-374x270.jpg 374w, https:\/\/wordpress.nibis.de\/gsengter\/files\/2026\/02\/2d.jpg 1920w\" sizes=\"auto, (max-width: 800px) 100vw, 800px\" \/><\/figure>\n\n\n\n<figure class=\"wp-block-image size-large\"><img loading=\"lazy\" decoding=\"async\" width=\"800\" height=\"578\" src=\"https:\/\/wordpress.nibis.de\/gsengter\/files\/2026\/02\/3a-800x578.jpg\" alt=\"\" class=\"wp-image-8173\" srcset=\"https:\/\/wordpress.nibis.de\/gsengter\/files\/2026\/02\/3a-800x578.jpg 800w, https:\/\/wordpress.nibis.de\/gsengter\/files\/2026\/02\/3a-300x217.jpg 300w, https:\/\/wordpress.nibis.de\/gsengter\/files\/2026\/02\/3a-768x555.jpg 768w, https:\/\/wordpress.nibis.de\/gsengter\/files\/2026\/02\/3a-100x72.jpg 100w, https:\/\/wordpress.nibis.de\/gsengter\/files\/2026\/02\/3a-1536x1110.jpg 1536w, https:\/\/wordpress.nibis.de\/gsengter\/files\/2026\/02\/3a-374x270.jpg 374w, https:\/\/wordpress.nibis.de\/gsengter\/files\/2026\/02\/3a.jpg 1920w\" sizes=\"auto, (max-width: 800px) 100vw, 800px\" \/><\/figure>\n\n\n\n<figure class=\"wp-block-image size-large\"><img loading=\"lazy\" decoding=\"async\" width=\"800\" height=\"578\" src=\"https:\/\/wordpress.nibis.de\/gsengter\/files\/2026\/02\/3b-800x578.jpg\" alt=\"\" class=\"wp-image-8174\" srcset=\"https:\/\/wordpress.nibis.de\/gsengter\/files\/2026\/02\/3b-800x578.jpg 800w, https:\/\/wordpress.nibis.de\/gsengter\/files\/2026\/02\/3b-300x217.jpg 300w, https:\/\/wordpress.nibis.de\/gsengter\/files\/2026\/02\/3b-768x555.jpg 768w, https:\/\/wordpress.nibis.de\/gsengter\/files\/2026\/02\/3b-100x72.jpg 100w, https:\/\/wordpress.nibis.de\/gsengter\/files\/2026\/02\/3b-1536x1110.jpg 1536w, https:\/\/wordpress.nibis.de\/gsengter\/files\/2026\/02\/3b-374x270.jpg 374w, https:\/\/wordpress.nibis.de\/gsengter\/files\/2026\/02\/3b.jpg 1920w\" sizes=\"auto, (max-width: 800px) 100vw, 800px\" \/><\/figure>\n\n\n\n<figure class=\"wp-block-image size-large\"><img loading=\"lazy\" decoding=\"async\" width=\"800\" height=\"577\" src=\"https:\/\/wordpress.nibis.de\/gsengter\/files\/2026\/02\/3c-800x577.jpg\" alt=\"\" class=\"wp-image-8175\" srcset=\"https:\/\/wordpress.nibis.de\/gsengter\/files\/2026\/02\/3c-800x577.jpg 800w, https:\/\/wordpress.nibis.de\/gsengter\/files\/2026\/02\/3c-300x216.jpg 300w, https:\/\/wordpress.nibis.de\/gsengter\/files\/2026\/02\/3c-768x554.jpg 768w, https:\/\/wordpress.nibis.de\/gsengter\/files\/2026\/02\/3c-100x72.jpg 100w, https:\/\/wordpress.nibis.de\/gsengter\/files\/2026\/02\/3c-1536x1107.jpg 1536w, https:\/\/wordpress.nibis.de\/gsengter\/files\/2026\/02\/3c-375x270.jpg 375w, https:\/\/wordpress.nibis.de\/gsengter\/files\/2026\/02\/3c.jpg 1920w\" sizes=\"auto, (max-width: 800px) 100vw, 800px\" \/><\/figure>\n\n\n\n<figure class=\"wp-block-image size-large\"><img loading=\"lazy\" decoding=\"async\" width=\"800\" height=\"579\" src=\"https:\/\/wordpress.nibis.de\/gsengter\/files\/2026\/02\/4a-800x579.jpg\" alt=\"\" class=\"wp-image-8176\" srcset=\"https:\/\/wordpress.nibis.de\/gsengter\/files\/2026\/02\/4a-800x579.jpg 800w, https:\/\/wordpress.nibis.de\/gsengter\/files\/2026\/02\/4a-300x217.jpg 300w, https:\/\/wordpress.nibis.de\/gsengter\/files\/2026\/02\/4a-768x556.jpg 768w, https:\/\/wordpress.nibis.de\/gsengter\/files\/2026\/02\/4a-100x72.jpg 100w, https:\/\/wordpress.nibis.de\/gsengter\/files\/2026\/02\/4a-1536x1112.jpg 1536w, https:\/\/wordpress.nibis.de\/gsengter\/files\/2026\/02\/4a-373x270.jpg 373w, https:\/\/wordpress.nibis.de\/gsengter\/files\/2026\/02\/4a.jpg 1920w\" sizes=\"auto, (max-width: 800px) 100vw, 800px\" \/><\/figure>\n\n\n\n<figure class=\"wp-block-image size-large\"><img loading=\"lazy\" decoding=\"async\" width=\"800\" height=\"578\" src=\"https:\/\/wordpress.nibis.de\/gsengter\/files\/2026\/02\/4b-800x578.jpg\" alt=\"\" class=\"wp-image-8177\" srcset=\"https:\/\/wordpress.nibis.de\/gsengter\/files\/2026\/02\/4b-800x578.jpg 800w, https:\/\/wordpress.nibis.de\/gsengter\/files\/2026\/02\/4b-300x217.jpg 300w, https:\/\/wordpress.nibis.de\/gsengter\/files\/2026\/02\/4b-768x555.jpg 768w, https:\/\/wordpress.nibis.de\/gsengter\/files\/2026\/02\/4b-100x72.jpg 100w, https:\/\/wordpress.nibis.de\/gsengter\/files\/2026\/02\/4b-1536x1110.jpg 1536w, https:\/\/wordpress.nibis.de\/gsengter\/files\/2026\/02\/4b-374x270.jpg 374w, https:\/\/wordpress.nibis.de\/gsengter\/files\/2026\/02\/4b.jpg 1920w\" sizes=\"auto, (max-width: 800px) 100vw, 800px\" \/><\/figure>\n\n\n\n<figure class=\"wp-block-image size-large\"><img loading=\"lazy\" decoding=\"async\" width=\"800\" height=\"576\" src=\"https:\/\/wordpress.nibis.de\/gsengter\/files\/2026\/02\/4c-800x576.jpg\" alt=\"\" class=\"wp-image-8178\" srcset=\"https:\/\/wordpress.nibis.de\/gsengter\/files\/2026\/02\/4c-800x576.jpg 800w, https:\/\/wordpress.nibis.de\/gsengter\/files\/2026\/02\/4c-300x216.jpg 300w, https:\/\/wordpress.nibis.de\/gsengter\/files\/2026\/02\/4c-768x553.jpg 768w, https:\/\/wordpress.nibis.de\/gsengter\/files\/2026\/02\/4c-100x72.jpg 100w, https:\/\/wordpress.nibis.de\/gsengter\/files\/2026\/02\/4c-1536x1106.jpg 1536w, https:\/\/wordpress.nibis.de\/gsengter\/files\/2026\/02\/4c-375x270.jpg 375w, https:\/\/wordpress.nibis.de\/gsengter\/files\/2026\/02\/4c.jpg 1920w\" sizes=\"auto, (max-width: 800px) 100vw, 800px\" \/><\/figure>\n\n\n\n<figure class=\"wp-block-image size-large\"><img loading=\"lazy\" decoding=\"async\" width=\"800\" height=\"577\" src=\"https:\/\/wordpress.nibis.de\/gsengter\/files\/2026\/02\/4d-1-800x577.jpg\" alt=\"\" class=\"wp-image-8179\" srcset=\"https:\/\/wordpress.nibis.de\/gsengter\/files\/2026\/02\/4d-1-800x577.jpg 800w, https:\/\/wordpress.nibis.de\/gsengter\/files\/2026\/02\/4d-1-300x216.jpg 300w, https:\/\/wordpress.nibis.de\/gsengter\/files\/2026\/02\/4d-1-768x554.jpg 768w, https:\/\/wordpress.nibis.de\/gsengter\/files\/2026\/02\/4d-1-100x72.jpg 100w, https:\/\/wordpress.nibis.de\/gsengter\/files\/2026\/02\/4d-1-1536x1107.jpg 1536w, https:\/\/wordpress.nibis.de\/gsengter\/files\/2026\/02\/4d-1-375x270.jpg 375w, https:\/\/wordpress.nibis.de\/gsengter\/files\/2026\/02\/4d-1.jpg 1920w\" sizes=\"auto, (max-width: 800px) 100vw, 800px\" \/><\/figure>\n","protected":false},"excerpt":{"rendered":"<p>Wir danken dem &#8222;Foto-Studio Kr\u00f6ger&#8220; aus Bramsche f\u00fcr die Genehmigung,die Klassenfotos auf unserer Homepage ver\u00f6ffentlichen zu d\u00fcrfen.<\/p>\n","protected":false},"author":714,"featured_media":0,"parent":0,"menu_order":0,"comment_status":"closed","ping_status":"closed","template":"","meta":{"footnotes":""},"class_list":["post-45","page","type-page","status-publish","hentry"],"_links":{"self":[{"href":"https:\/\/wordpress.nibis.de\/gsengter\/wp-json\/wp\/v2\/pages\/45","targetHints":{"allow":["GET"]}}],"collection":[{"href":"https:\/\/wordpress.nibis.de\/gsengter\/wp-json\/wp\/v2\/pages"}],"about":[{"href":"https:\/\/wordpress.nibis.de\/gsengter\/wp-json\/wp\/v2\/types\/page"}],"author":[{"embeddable":true,"href":"https:\/\/wordpress.nibis.de\/gsengter\/wp-json\/wp\/v2\/users\/714"}],"replies":[{"embeddable":true,"href":"https:\/\/wordpress.nibis.de\/gsengter\/wp-json\/wp\/v2\/comments?post=45"}],"version-history":[{"count":60,"href":"https:\/\/wordpress.nibis.de\/gsengter\/wp-json\/wp\/v2\/pages\/45\/revisions"}],"predecessor-version":[{"id":8180,"href":"https:\/\/wordpress.nibis.de\/gsengter\/wp-json\/wp\/v2\/pages\/45\/revisions\/8180"}],"wp:attachment":[{"href":"https:\/\/wordpress.nibis.de\/gsengter\/wp-json\/wp\/v2\/media?parent=45"}],"curies":[{"name":"wp","href":"https:\/\/api.w.org\/{rel}","templated":true}]}}