{"id":4885,"date":"2021-04-17T16:54:21","date_gmt":"2021-04-17T14:54:21","guid":{"rendered":"https:\/\/wordpress.nibis.de\/gsengter\/?page_id=4885"},"modified":"2021-05-02T15:40:14","modified_gmt":"2021-05-02T13:40:14","slug":"schulvideo","status":"publish","type":"page","link":"https:\/\/wordpress.nibis.de\/gsengter\/schulvideo\/","title":{"rendered":"Schulvideo"},"content":{"rendered":"\n<h2 class=\"has-text-align-center wp-block-heading\"><\/h2>\n\n\n\n<figure class=\"wp-block-embed-vimeo aligncenter wp-block-embed is-type-video is-provider-vimeo wp-embed-aspect-16-9 wp-has-aspect-ratio\"><div class=\"wp-block-embed__wrapper\">\n<iframe loading=\"lazy\" title=\"Grundschule Engter Video ChatterPix.mp4\" src=\"https:\/\/player.vimeo.com\/video\/534493658?dnt=1&amp;app_id=122963\" width=\"640\" height=\"360\" frameborder=\"0\" allow=\"autoplay; fullscreen; picture-in-picture; clipboard-write; encrypted-media; web-share\" referrerpolicy=\"strict-origin-when-cross-origin\"><\/iframe>\n<\/div><\/figure>\n\n\n\n<p class=\"has-text-align-center has-normal-font-size\">&#8230; f\u00fcr &#8222;kleine&#8220; Leute,<\/p>\n\n\n\n<figure class=\"wp-block-embed-vimeo aligncenter wp-block-embed is-type-video is-provider-vimeo wp-embed-aspect-16-9 wp-has-aspect-ratio\"><div class=\"wp-block-embed__wrapper\">\n<iframe loading=\"lazy\" title=\"Grundschule Engter Video.mp4\" src=\"https:\/\/player.vimeo.com\/video\/534504069?dnt=1&amp;app_id=122963\" width=\"640\" height=\"360\" frameborder=\"0\" allow=\"autoplay; fullscreen; picture-in-picture; clipboard-write; encrypted-media; web-share\" referrerpolicy=\"strict-origin-when-cross-origin\"><\/iframe>\n<\/div><\/figure>\n\n\n\n<p class=\"has-text-align-center has-normal-font-size\">&#8230; f\u00fcr &#8222;gro\u00dfe&#8220; Leute.<\/p>\n\n\n\n<p class=\"has-normal-font-size\"><br><br><strong>Videogestaltung von: <\/strong><br>Lisa Endebrock<br><br><strong>Texte gesprochen von: <\/strong><br>Catja Endebrock<br><br>(Mai 2021)<\/p>\n","protected":false},"excerpt":{"rendered":"<p>&#8230; f\u00fcr &#8222;kleine&#8220; Leute, &#8230; f\u00fcr &#8222;gro\u00dfe&#8220; Leute. Videogestaltung von: Lisa Endebrock Texte gesprochen von: Catja Endebrock (Mai 2021)<\/p>\n","protected":false},"author":714,"featured_media":0,"parent":0,"menu_order":0,"comment_status":"closed","ping_status":"closed","template":"","meta":{"footnotes":""},"class_list":["post-4885","page","type-page","status-publish","hentry"],"_links":{"self":[{"href":"https:\/\/wordpress.nibis.de\/gsengter\/wp-json\/wp\/v2\/pages\/4885","targetHints":{"allow":["GET"]}}],"collection":[{"href":"https:\/\/wordpress.nibis.de\/gsengter\/wp-json\/wp\/v2\/pages"}],"about":[{"href":"https:\/\/wordpress.nibis.de\/gsengter\/wp-json\/wp\/v2\/types\/page"}],"author":[{"embeddable":true,"href":"https:\/\/wordpress.nibis.de\/gsengter\/wp-json\/wp\/v2\/users\/714"}],"replies":[{"embeddable":true,"href":"https:\/\/wordpress.nibis.de\/gsengter\/wp-json\/wp\/v2\/comments?post=4885"}],"version-history":[{"count":10,"href":"https:\/\/wordpress.nibis.de\/gsengter\/wp-json\/wp\/v2\/pages\/4885\/revisions"}],"predecessor-version":[{"id":4960,"href":"https:\/\/wordpress.nibis.de\/gsengter\/wp-json\/wp\/v2\/pages\/4885\/revisions\/4960"}],"wp:attachment":[{"href":"https:\/\/wordpress.nibis.de\/gsengter\/wp-json\/wp\/v2\/media?parent=4885"}],"curies":[{"name":"wp","href":"https:\/\/api.w.org\/{rel}","templated":true}]}}