{"id":4974,"date":"2021-05-15T09:20:29","date_gmt":"2021-05-15T07:20:29","guid":{"rendered":"https:\/\/wordpress.nibis.de\/gsengter\/?page_id=4974"},"modified":"2023-11-07T13:31:03","modified_gmt":"2023-11-07T12:31:03","slug":"schulelternrat","status":"publish","type":"page","link":"https:\/\/wordpress.nibis.de\/gsengter\/schulelternrat\/","title":{"rendered":"Schulelternrat"},"content":{"rendered":"\n<p class=\"has-text-align-center has-normal-font-size\"><strong><span style=\"color:#41a01b\" class=\"has-inline-color\">Liste der Elternschaftsmitglieder<\/span><\/strong><\/p>\n\n\n\n<figure class=\"wp-block-table\"><table><tbody><tr><td><strong>Klasse<\/strong><\/td><td><strong>Vorsitz<\/strong><\/td><td><strong>Stellvertretung<\/strong><\/td><\/tr><tr><td>1a<\/td><td>Nicole Besch-Lehmkuhl<\/td><td>Waldemar Hergert<\/td><\/tr><tr><td>1b<\/td><td>Vanessa Bockstiegel<\/td><td>Anika Gotthardt<\/td><\/tr><tr><td>1c<\/td><td>Sandra Tinsner<\/td><td>Maike Vennemann-Schleisiek<\/td><\/tr><tr><td>2a<\/td><td>Frank Hexel<\/td><td>Dore-Marie Seevers<\/td><\/tr><tr><td>2b<\/td><td>Miriam Sidortschuck<\/td><td>Mandy L\u00fccke<\/td><\/tr><tr><td>2c<\/td><td>Vanessa Rosemann<\/td><td>Vanessa Gregor<\/td><\/tr><tr><td>2d<\/td><td>Karen M\u00f6llmann<\/td><td>Janina Holstein<\/td><\/tr><tr><td>3a<\/td><td>Carina Bettenbrock<\/td><td>Inga Strotmann<\/td><\/tr><tr><td>3b<\/td><td>Swetlana Paul<\/td><td>Christina Bauchrowitz-Rothert<\/td><\/tr><tr><td>3c<\/td><td>Ulrike J\u00f6rke<\/td><td>Miriam Schraps, Anne Kuni<\/td><\/tr><tr><td>3d<\/td><td>Nadine Sogl<\/td><td>Daniela Grapentin<\/td><\/tr><tr><td>4a<\/td><td>Antje Meier<\/td><td>Julia B\u00f6hlich<\/td><\/tr><tr><td>4b<\/td><td>Lutz Lippok<\/td><td>Nicole Hemker<\/td><\/tr><tr><td>4c<\/td><td>Olga Botte<\/td><td>Miriam Sidortschuck<\/td><\/tr><\/tbody><\/table><\/figure>\n\n\n\n<p class=\"has-text-align-center\">Elternratsvorsitzende: Anne Kuni<br>Stellvertreterin: Inga Strotmann<\/p>\n","protected":false},"excerpt":{"rendered":"<p>Liste der Elternschaftsmitglieder Klasse Vorsitz Stellvertretung 1a Nicole Besch-Lehmkuhl Waldemar Hergert 1b Vanessa Bockstiegel Anika Gotthardt 1c Sandra Tinsner Maike Vennemann-Schleisiek 2a Frank Hexel Dore-Marie Seevers 2b Miriam Sidortschuck Mandy L\u00fccke 2c Vanessa Rosemann Vanessa Gregor 2d Karen M\u00f6llmann Janina Holstein 3a Carina Bettenbrock Inga Strotmann 3b Swetlana Paul Christina Bauchrowitz-Rothert 3c Ulrike J\u00f6rke Miriam Schraps, Anne Kuni 3d Nadine Sogl Daniela Grapentin 4a Antje Meier Julia B\u00f6hlich 4b Lutz Lippok Nicole Hemker 4c Olga Botte Miriam Sidortschuck Elternratsvorsitzende: Anne&#8230;<\/p>\n<p class=\"read-more\"><a class=\"btn btn-default\" href=\"https:\/\/wordpress.nibis.de\/gsengter\/schulelternrat\/\">Weiterlesen<span class=\"screen-reader-text\"> Weiterlesen<\/span><\/a><\/p>\n","protected":false},"author":714,"featured_media":0,"parent":0,"menu_order":0,"comment_status":"closed","ping_status":"closed","template":"","meta":{"footnotes":""},"class_list":["post-4974","page","type-page","status-publish","hentry"],"_links":{"self":[{"href":"https:\/\/wordpress.nibis.de\/gsengter\/wp-json\/wp\/v2\/pages\/4974","targetHints":{"allow":["GET"]}}],"collection":[{"href":"https:\/\/wordpress.nibis.de\/gsengter\/wp-json\/wp\/v2\/pages"}],"about":[{"href":"https:\/\/wordpress.nibis.de\/gsengter\/wp-json\/wp\/v2\/types\/page"}],"author":[{"embeddable":true,"href":"https:\/\/wordpress.nibis.de\/gsengter\/wp-json\/wp\/v2\/users\/714"}],"replies":[{"embeddable":true,"href":"https:\/\/wordpress.nibis.de\/gsengter\/wp-json\/wp\/v2\/comments?post=4974"}],"version-history":[{"count":16,"href":"https:\/\/wordpress.nibis.de\/gsengter\/wp-json\/wp\/v2\/pages\/4974\/revisions"}],"predecessor-version":[{"id":7373,"href":"https:\/\/wordpress.nibis.de\/gsengter\/wp-json\/wp\/v2\/pages\/4974\/revisions\/7373"}],"wp:attachment":[{"href":"https:\/\/wordpress.nibis.de\/gsengter\/wp-json\/wp\/v2\/media?parent=4974"}],"curies":[{"name":"wp","href":"https:\/\/api.w.org\/{rel}","templated":true}]}}