{"id":51,"date":"2015-10-17T19:47:56","date_gmt":"2015-10-17T17:47:56","guid":{"rendered":"http:\/\/wordpress.nibis.de\/gsengter\/?page_id=51"},"modified":"2023-03-08T14:39:10","modified_gmt":"2023-03-08T13:39:10","slug":"betreuung","status":"publish","type":"page","link":"https:\/\/wordpress.nibis.de\/gsengter\/informationen\/betreuung\/","title":{"rendered":"Betreuungsangebote"},"content":{"rendered":"<p><span style=\"font-size: 20px\"><strong><span style=\"color: #008000\">Verl\u00e4ssliche Schule<\/span><\/strong><\/span><\/p>\n<p><span style=\"font-size: 20px\">Die Grundschule Engter ist eine verl\u00e4ssliche Schule. Das bedeutet, dass jedes Kind bei Bedarf bis zu f\u00fcnf Zeitstunden in der Schule verbleiben kann und betreut wird. <\/span><\/p>\n<p><span style=\"font-size: 20px\"><strong><span style=\"color: #008000\">Fr\u00fchbetreuung<\/span><\/strong><\/span><\/p>\n<p><span style=\"font-size: 20px\">Das Betreuungsangebot beginnt an unserer Schule schon vor Unterrichtsbeginn mit der sogenannten Fr\u00fchbetreuung zwischen 7.45 Uhr und 8.15 Uhr.<\/span><\/p>\n<p><span style=\"font-size: 20px\"><strong><span style=\"color: #008000\">Randstundenbetreuung<\/span><\/strong><\/span><\/p>\n<p><span style=\"font-size: 20px\">Da die t\u00e4gliche Unterrichtszeit in den 1. und 2. Schuljahren f\u00fcnf Zeitstunden nicht abdeckt, bieten wir von 12.00 Uhr bis 12.45 Uhr au\u00dferdem die sogenannte Randstundenbetreuung an. Die Gruppen werden jahrgangsweise zusammengestellt und von unseren p\u00e4dagogischen Mitarbeiterinnen geleitet. <\/span><\/p>\n<p><span style=\"font-size: 20px\">Diese Betreuungsangebote sind f\u00fcr Sie kostenlos.<br \/>\nWeitere Informationen entnehmen Sie bitte dem folgendem Download:<br \/>\n<a href=\"https:\/\/wordpress.nibis.de\/gsengter\/files\/2023\/03\/Infos-zum-Betreuungsangebot-in-der-Grundschule-Engter.pdf\">Infos zum Betreuungsangebot in der Grundschule Engter<\/a><br \/>\n<\/span><\/p>\n<p><span style=\"color: #008000;font-size: 20px\"><strong><span style=\"font-family: Helvetica\">Ganztagsbetreuung<\/span><\/strong><\/span><\/p>\n<p><span style=\"color: #000000;font-size: 20px\"><span style=\"color: #333333\">In der Zeit von 12.45 Uhr bis 15.30 Uhr bieten wir von Montag bis Donnerstag eine Nachmittagsbetreuung f\u00fcr alle Jahrg\u00e4nge an. N\u00e4here Informationen entnehmen Sie bitte dem folgenden Download:<br \/>\n<\/span><a href=\"https:\/\/wordpress.nibis.de\/gsengter\/files\/2023\/03\/Infos-zum-Ganztag-in-der-Grundschule-Engter.pdf\">Infos zum Ganztag in der Grundschule Engter<\/a><\/span><\/p>\n<p><span style=\"color: #008000;font-size: 20px\"><strong>Wie kann ich mein Kind anmelden?<\/strong><\/span><\/p>\n<p><span style=\"font-size: 20px\">Sie k\u00f6nnen Ihr Kind f\u00fcr einzelne Tage, aber auch f\u00fcr die ganze Woche f\u00fcr die Betreuung anmelden. Die Anmeldung erfolgt regul\u00e4r zu Beginn eines jeden Schuljahres und ist dann verbindlich. Bei Nachmeldungen erhalten Sie Anmeldeformulare im Sekretariat.<\/span><\/p>\n<p><span style=\"font-size: 20px\"><strong><span style=\"color: #008000\">Inhaltliche Gestaltung<\/span><\/strong><\/span><\/p>\n<p><span style=\"font-size: 20px\">Beispiele f\u00fcr die inhaltliche Gestaltung der Betreuungszeit sind:<\/span><\/p>\n<p><span style=\"font-size: 20px\">\u2192 basteln<br \/>\n\u2192 malen<\/span><br \/>\n<span style=\"font-size: 20px\"> \u2192 Erlebtes erz\u00e4hlen<\/span><br \/>\n<span style=\"font-size: 20px\"> \u2192 Bauteppich<\/span><br \/>\n<span style=\"font-size: 20px\"> \u2192 Gesellschaftsspiele<br \/>\n\u2192 Fu\u00dfballkicker<br \/>\n\u2192 gemeinsame Drau\u00dfenspiele<\/span><br \/>\n<span style=\"font-size: 20px\"> \u2192 Fu\u00dfball spielen auf dem Minispielfeld<\/span><br \/>\n<span style=\"font-size: 20px\"> \u2192 Bewegungsspiele in der Turnhalle<\/span><br \/>\n<span style=\"font-size: 20px\"> \u2192 uvm.<\/span><\/p>\n<p><span style=\"font-size: 20px\"><strong><span style=\"color: #008000\">Bitte..<\/span><\/strong><\/span><\/p>\n<p><span style=\"font-size: 20px\">.. geben Sie rechtzeitig (mindestens 2 Tage im Voraus) schriftlich Bescheid (per Mail an &#x73;&#x63;&#104;&#117;ll&#x65;&#x69;&#x74;&#117;ng&#x40;&#x67;&#x73;&#45;&#101;n&#x67;&#x74;&#x65;&#114;&#46;d&#x65;), wenn Ihr Kind einmal nicht an der Betreuung teilnehmen kann. Es ist f\u00fcr uns sehr wichtig \u00fcber den Verbleib eines jeden Kindes genau informiert zu sein. <\/span><\/p>\n<p><span style=\"font-size: 20px\">Vielen Dank!<\/span><\/p>\n","protected":false},"excerpt":{"rendered":"<p>Verl\u00e4ssliche Schule Die Grundschule Engter ist eine verl\u00e4ssliche Schule. Das bedeutet, dass jedes Kind bei Bedarf bis zu f\u00fcnf Zeitstunden in der Schule verbleiben kann und betreut wird. Fr\u00fchbetreuung Das Betreuungsangebot beginnt an unserer Schule schon vor Unterrichtsbeginn mit der sogenannten Fr\u00fchbetreuung zwischen 7.45 Uhr und 8.15 Uhr. Randstundenbetreuung Da die t\u00e4gliche Unterrichtszeit in den 1. und 2. Schuljahren f\u00fcnf Zeitstunden nicht abdeckt, bieten wir von 12.00 Uhr bis 12.45 Uhr au\u00dferdem die sogenannte Randstundenbetreuung an. Die Gruppen werden jahrgangsweise&#8230;<\/p>\n<p class=\"read-more\"><a class=\"btn btn-default\" href=\"https:\/\/wordpress.nibis.de\/gsengter\/informationen\/betreuung\/\">Weiterlesen<span class=\"screen-reader-text\"> Weiterlesen<\/span><\/a><\/p>\n","protected":false},"author":714,"featured_media":0,"parent":49,"menu_order":0,"comment_status":"closed","ping_status":"closed","template":"","meta":{"footnotes":""},"class_list":["post-51","page","type-page","status-publish","hentry"],"_links":{"self":[{"href":"https:\/\/wordpress.nibis.de\/gsengter\/wp-json\/wp\/v2\/pages\/51","targetHints":{"allow":["GET"]}}],"collection":[{"href":"https:\/\/wordpress.nibis.de\/gsengter\/wp-json\/wp\/v2\/pages"}],"about":[{"href":"https:\/\/wordpress.nibis.de\/gsengter\/wp-json\/wp\/v2\/types\/page"}],"author":[{"embeddable":true,"href":"https:\/\/wordpress.nibis.de\/gsengter\/wp-json\/wp\/v2\/users\/714"}],"replies":[{"embeddable":true,"href":"https:\/\/wordpress.nibis.de\/gsengter\/wp-json\/wp\/v2\/comments?post=51"}],"version-history":[{"count":17,"href":"https:\/\/wordpress.nibis.de\/gsengter\/wp-json\/wp\/v2\/pages\/51\/revisions"}],"predecessor-version":[{"id":6218,"href":"https:\/\/wordpress.nibis.de\/gsengter\/wp-json\/wp\/v2\/pages\/51\/revisions\/6218"}],"up":[{"embeddable":true,"href":"https:\/\/wordpress.nibis.de\/gsengter\/wp-json\/wp\/v2\/pages\/49"}],"wp:attachment":[{"href":"https:\/\/wordpress.nibis.de\/gsengter\/wp-json\/wp\/v2\/media?parent=51"}],"curies":[{"name":"wp","href":"https:\/\/api.w.org\/{rel}","templated":true}]}}