{"id":53,"date":"2015-10-17T19:51:14","date_gmt":"2015-10-17T17:51:14","guid":{"rendered":"http:\/\/wordpress.nibis.de\/gsengter\/?page_id=53"},"modified":"2026-04-13T17:35:18","modified_gmt":"2026-04-13T15:35:18","slug":"mittagessen","status":"publish","type":"page","link":"https:\/\/wordpress.nibis.de\/gsengter\/informationen\/mittagessen\/","title":{"rendered":"Mittagessen"},"content":{"rendered":"\n<p><\/p>\n\n\n\n<h2 class=\"wp-block-heading has-text-align-center\"><strong>Speiseplan<br>vom 13.04.2026 bis 17.04.2026<\/strong><\/h2>\n\n\n\n<figure class=\"wp-block-table is-style-regular\"><table><tbody><tr><td><strong>Montag<\/strong><\/td><td><strong>Gericht: <\/strong><br>Putenschnitzel,<br>Butterreis,<br>Blumenkohl<br><\/td><td><\/td><td><strong>Dessert:<\/strong><br>Kirsch-Joghurt<br><\/td><\/tr><tr><td><strong>Dienstag<\/strong><\/td><td><strong>Gericht:<\/strong><br>K\u00e4sesp\u00e4tzle,<br>Apfelmus 5),<br>Rohkost<br><\/td><td><\/td><td><strong>Dessert:<\/strong><br>Joghurt natur<\/td><\/tr><tr><td><strong>Mittwoch<\/strong><\/td><td><strong>Gericht: <\/strong><br>Bratwurst,<br>Wedges,<br>Broccoli<br><\/td><td><\/td><td><strong>Dessert:<\/strong><br>Obst<\/td><\/tr><tr><td><strong>Donnerstag<\/strong><\/td><td><strong>Gericht:<\/strong><br>Frikadelle,<br>Salzkartoffeln, <br>Rotkohl<br><\/td><td><\/td><td><strong>Dessert:<\/strong><br>G\u00f6tterspeise<br><\/td><\/tr><\/tbody><\/table><\/figure>\n\n\n\n<p><\/p>\n\n\n\n<p><\/p>\n\n\n\n<p><\/p>\n\n\n\n<p><strong>Kennzeichnung der Zusatzstoffe<\/strong><\/p>\n\n\n\n<ol class=\"wp-block-list\">\n<li>) Konservierungsstoffe<\/li>\n\n\n\n<li>) Farbstoff<\/li>\n\n\n\n<li>) geschwefelt<\/li>\n\n\n\n<li>) geschw\u00e4rzt<\/li>\n\n\n\n<li>) Antioxidationsmittel<\/li>\n\n\n\n<li>) S\u00fc\u00dfungsmittel<\/li>\n\n\n\n<li>) Phenylalaninquelle<\/li>\n\n\n\n<li>) Geschmacksverst\u00e4rker<\/li>\n\n\n\n<li>) Phosphat<br><br>(Kennzeichnung der Allergene entnehmen Sie bitte den Anlagen zum Speiseplan.)<\/li>\n<\/ol>\n\n\n\n<p><strong>Mobiler Mittagstisch &#8211; t\u00e4glich frisch<br>Gastst\u00e4tte &#8222;Zur H\u00fcnenburg&#8220; &#8211; gen. &#8222;P\u00e4ttkenburg&#8220;<\/strong><\/p>\n","protected":false},"excerpt":{"rendered":"<p>Speiseplanvom 13.04.2026 bis 17.04.2026 Montag Gericht: Putenschnitzel,Butterreis,Blumenkohl Dessert:Kirsch-Joghurt Dienstag Gericht:K\u00e4sesp\u00e4tzle,Apfelmus 5),Rohkost Dessert:Joghurt natur Mittwoch Gericht: Bratwurst,Wedges,Broccoli Dessert:Obst Donnerstag Gericht:Frikadelle,Salzkartoffeln, Rotkohl Dessert:G\u00f6tterspeise Kennzeichnung der Zusatzstoffe Mobiler Mittagstisch &#8211; t\u00e4glich frischGastst\u00e4tte &#8222;Zur H\u00fcnenburg&#8220; &#8211; gen. &#8222;P\u00e4ttkenburg&#8220;<\/p>\n","protected":false},"author":714,"featured_media":0,"parent":49,"menu_order":0,"comment_status":"closed","ping_status":"closed","template":"","meta":{"footnotes":""},"class_list":["post-53","page","type-page","status-publish","hentry"],"_links":{"self":[{"href":"https:\/\/wordpress.nibis.de\/gsengter\/wp-json\/wp\/v2\/pages\/53","targetHints":{"allow":["GET"]}}],"collection":[{"href":"https:\/\/wordpress.nibis.de\/gsengter\/wp-json\/wp\/v2\/pages"}],"about":[{"href":"https:\/\/wordpress.nibis.de\/gsengter\/wp-json\/wp\/v2\/types\/page"}],"author":[{"embeddable":true,"href":"https:\/\/wordpress.nibis.de\/gsengter\/wp-json\/wp\/v2\/users\/714"}],"replies":[{"embeddable":true,"href":"https:\/\/wordpress.nibis.de\/gsengter\/wp-json\/wp\/v2\/comments?post=53"}],"version-history":[{"count":523,"href":"https:\/\/wordpress.nibis.de\/gsengter\/wp-json\/wp\/v2\/pages\/53\/revisions"}],"predecessor-version":[{"id":8390,"href":"https:\/\/wordpress.nibis.de\/gsengter\/wp-json\/wp\/v2\/pages\/53\/revisions\/8390"}],"up":[{"embeddable":true,"href":"https:\/\/wordpress.nibis.de\/gsengter\/wp-json\/wp\/v2\/pages\/49"}],"wp:attachment":[{"href":"https:\/\/wordpress.nibis.de\/gsengter\/wp-json\/wp\/v2\/media?parent=53"}],"curies":[{"name":"wp","href":"https:\/\/api.w.org\/{rel}","templated":true}]}}