{"id":5642,"date":"2022-09-18T12:19:53","date_gmt":"2022-09-18T10:19:53","guid":{"rendered":"https:\/\/wordpress.nibis.de\/gsengter\/?page_id=5642"},"modified":"2024-08-11T16:02:57","modified_gmt":"2024-08-11T14:02:57","slug":"schulsozialarbeiterin","status":"publish","type":"page","link":"https:\/\/wordpress.nibis.de\/gsengter\/schulsozialarbeiterin\/","title":{"rendered":"Schulsozialarbeit"},"content":{"rendered":"\n<p style=\"font-size:17px\"><strong>Elterninformation zum Projekt <em>Sozialarbeit an Grundschulen<\/em><\/strong><br><\/p>\n\n\n\n<p class=\"has-text-align-left\" style=\"font-size:17px\">Sehr geehrte Eltern und Erziehungsberechtigte,<\/p>\n\n\n\n<div class=\"wp-block-image is-style-default\"><figure class=\"alignleft size-large is-resized\"><img loading=\"lazy\" decoding=\"async\" src=\"https:\/\/wordpress.nibis.de\/gsengter\/files\/2024\/08\/Screenshot_20240811_135944_Microsoft-365-Office-1-500x600.jpg\" alt=\"\" class=\"wp-image-7208\" width=\"119\" height=\"144\" srcset=\"https:\/\/wordpress.nibis.de\/gsengter\/files\/2024\/08\/Screenshot_20240811_135944_Microsoft-365-Office-1-500x600.jpg 500w, https:\/\/wordpress.nibis.de\/gsengter\/files\/2024\/08\/Screenshot_20240811_135944_Microsoft-365-Office-1-250x300.jpg 250w, https:\/\/wordpress.nibis.de\/gsengter\/files\/2024\/08\/Screenshot_20240811_135944_Microsoft-365-Office-1-768x922.jpg 768w, https:\/\/wordpress.nibis.de\/gsengter\/files\/2024\/08\/Screenshot_20240811_135944_Microsoft-365-Office-1.jpg 892w\" sizes=\"auto, (max-width: 119px) 100vw, 119px\" \/><\/figure><\/div>\n\n\n\n<p style=\"font-size:17px\"><br>mein Name ist Laura Niebaum, ich bin Sozialarbeiterin\/Sozialp\u00e4dagogin B.A. und seit dem 01.10.2023 im Projekt <em>Sozialarbeit an Grundschulen<\/em> t\u00e4tig. Als Angestellte der Volkshochschule Osnabr\u00fccker Land besteht meine Aufgabe darin, an der Grundschule Engter ein Unterst\u00fctzungs- und Beratungsangebot bei Fragen im schulischen, famili\u00e4ren und pers\u00f6nlichen Bereich anzubieten.<\/p>\n\n\n\n<p style=\"font-size:17px\"><br>Meine Beratungsschwerpunkte sind:<\/p>\n\n\n\n<ul class=\"wp-block-list\" style=\"font-size:17px\"><li>Beratung von Sch\u00fcler*innen<\/li><li>Beratung von Erziehungsberechtigten<\/li><li>Beratung von Lehrkr\u00e4ften und weiteren p\u00e4dagogischen Mitarbeitern*innen der Schule<\/li><li>Unterst\u00fctzung bei Schulverweigerung und Suspendierung<\/li><li>Organisation und Durchf\u00fchrung sozialer Trainingsangebote<\/li><li>Netzwerkarbeit mit inner- und au\u00dferschulischen Partnern<\/li><\/ul>\n\n\n\n<p style=\"font-size:17px\">Meine Angebote sind:<\/p>\n\n\n\n<ul class=\"wp-block-list\" style=\"font-size:17px\"><li>Pr\u00e4senz- und Gespr\u00e4chszeit<\/li><li>Sozialp\u00e4dagogische Einzelfallhilfe<\/li><li>Hospitation im Unterricht<\/li><li>Mediation\/Streitschlichtung<\/li><li>Sozialtraining<\/li><li>Konzentrationstraining<\/li><li>Klassengemeinschaftstraining<\/li><li>Eltern- \/ Familientraining<\/li><\/ul>\n\n\n\n<p style=\"font-size:17px\">In der Schule treffen Sie mich 1. OG, direkt rechts neben der Treppe. Erreichen k\u00f6nnen Sie mich telefonisch unter: 0162-9730532 oder per E-Mail: &#x6e;&#105;&#101;&#x62;&#x61;&#117;&#109;&#x40;&#x76;&#104;&#115;&#x2d;&#x6f;&#115;&#108;&#x61;&#x6e;&#100;&#46;&#x64;&#x65;. Dienstags und donnerstags bin ich in der Zeit von 08:00 Uhr bis 13:00 Uhr und mittwochs von 11:00 Uhr bis 14:30 Uhr in der Schule erreichbar.<\/p>\n\n\n\n<p style=\"font-size:17px\">Die Teilnahme an meinen Angeboten ist freiwillig. Gespr\u00e4che sind vertraulich und unterliegen der Schweigepflicht. Meine Arbeit soll Eltern und Kinder unterst\u00fctzen und damit die Arbeit des Schulpersonals erg\u00e4nzen.<\/p>\n\n\n\n<p style=\"font-size:17px\">Weitere Informationen zum Projekt <em>Sozialarbeit an Grundschulen<\/em> finden Sie unter:<\/p>\n\n\n\n<p style=\"font-size:17px\"><a href=\"http:\/\/www.vhs-osland.de\">www.vhs-osland.de<\/a><\/p>\n\n\n\n<p style=\"font-size:17px\">Freundliche Gr\u00fc\u00dfe<\/p>\n\n\n\n<p style=\"font-size:17px\">Ihre Schulsozialarbeiterin<\/p>\n\n\n\n<p style=\"font-size:17px\">Laura Niebaum<br><\/p>\n\n\n","protected":false},"excerpt":{"rendered":"<p>Elterninformation zum Projekt Sozialarbeit an Grundschulen Sehr geehrte Eltern und Erziehungsberechtigte, mein Name ist Laura Niebaum, ich bin Sozialarbeiterin\/Sozialp\u00e4dagogin B.A. und seit dem 01.10.2023 im Projekt Sozialarbeit an Grundschulen t\u00e4tig. Als Angestellte der Volkshochschule Osnabr\u00fccker Land besteht meine Aufgabe darin, an der Grundschule Engter ein Unterst\u00fctzungs- und Beratungsangebot bei Fragen im schulischen, famili\u00e4ren und pers\u00f6nlichen Bereich anzubieten. Meine Beratungsschwerpunkte sind: Beratung von Sch\u00fcler*innen Beratung von Erziehungsberechtigten Beratung von Lehrkr\u00e4ften und weiteren p\u00e4dagogischen Mitarbeitern*innen der Schule Unterst\u00fctzung bei Schulverweigerung und Suspendierung&#8230;<\/p>\n<p class=\"read-more\"><a class=\"btn btn-default\" href=\"https:\/\/wordpress.nibis.de\/gsengter\/schulsozialarbeiterin\/\">Weiterlesen<span class=\"screen-reader-text\"> Weiterlesen<\/span><\/a><\/p>\n","protected":false},"author":714,"featured_media":0,"parent":0,"menu_order":0,"comment_status":"closed","ping_status":"closed","template":"","meta":{"footnotes":""},"class_list":["post-5642","page","type-page","status-publish","hentry"],"_links":{"self":[{"href":"https:\/\/wordpress.nibis.de\/gsengter\/wp-json\/wp\/v2\/pages\/5642","targetHints":{"allow":["GET"]}}],"collection":[{"href":"https:\/\/wordpress.nibis.de\/gsengter\/wp-json\/wp\/v2\/pages"}],"about":[{"href":"https:\/\/wordpress.nibis.de\/gsengter\/wp-json\/wp\/v2\/types\/page"}],"author":[{"embeddable":true,"href":"https:\/\/wordpress.nibis.de\/gsengter\/wp-json\/wp\/v2\/users\/714"}],"replies":[{"embeddable":true,"href":"https:\/\/wordpress.nibis.de\/gsengter\/wp-json\/wp\/v2\/comments?post=5642"}],"version-history":[{"count":19,"href":"https:\/\/wordpress.nibis.de\/gsengter\/wp-json\/wp\/v2\/pages\/5642\/revisions"}],"predecessor-version":[{"id":7217,"href":"https:\/\/wordpress.nibis.de\/gsengter\/wp-json\/wp\/v2\/pages\/5642\/revisions\/7217"}],"wp:attachment":[{"href":"https:\/\/wordpress.nibis.de\/gsengter\/wp-json\/wp\/v2\/media?parent=5642"}],"curies":[{"name":"wp","href":"https:\/\/api.w.org\/{rel}","templated":true}]}}