{"id":6182,"date":"2023-02-19T07:06:57","date_gmt":"2023-02-19T06:06:57","guid":{"rendered":"https:\/\/wordpress.nibis.de\/gsengter\/?page_id=6182"},"modified":"2025-10-15T13:17:41","modified_gmt":"2025-10-15T11:17:41","slug":"schuelerinnen-vertretung-sv","status":"publish","type":"page","link":"https:\/\/wordpress.nibis.de\/gsengter\/schuelerinnen-vertretung-sv\/","title":{"rendered":"Sch\u00fclerInnen-Vertretung (SV)"},"content":{"rendered":"\n\n\n<p style=\"font-size:17px\">Die Anliegen aller Sch\u00fclerInnen werden von den gew\u00e4hlten KlassensprecherInnen gemeinsam besprochen.<br>Diese treffen sich in regelm\u00e4\u00dfigen Abst\u00e4nden in der sog. Sch\u00fclerInnen-Vertretung (geleitet und organisiert von unserer Sozialp\u00e4dagogin Laura Niebaum).<br><\/p>\n\n\n\n<figure class=\"wp-block-image size-large is-style-default\"><img loading=\"lazy\" decoding=\"async\" width=\"800\" height=\"600\" src=\"https:\/\/wordpress.nibis.de\/gsengter\/files\/2025\/10\/signal-2025-09-28-23-04-57-052-6k-800x600.jpg\" alt=\"\" class=\"wp-image-7879\" srcset=\"https:\/\/wordpress.nibis.de\/gsengter\/files\/2025\/10\/signal-2025-09-28-23-04-57-052-6k-800x600.jpg 800w, https:\/\/wordpress.nibis.de\/gsengter\/files\/2025\/10\/signal-2025-09-28-23-04-57-052-6k-300x225.jpg 300w, https:\/\/wordpress.nibis.de\/gsengter\/files\/2025\/10\/signal-2025-09-28-23-04-57-052-6k-768x576.jpg 768w, https:\/\/wordpress.nibis.de\/gsengter\/files\/2025\/10\/signal-2025-09-28-23-04-57-052-6k-1536x1152.jpg 1536w, https:\/\/wordpress.nibis.de\/gsengter\/files\/2025\/10\/signal-2025-09-28-23-04-57-052-6k.jpg 2048w\" sizes=\"auto, (max-width: 800px) 100vw, 800px\" \/><\/figure>\n\n\n\n<p><\/p>\n\n\n\n<p style=\"font-size:17px\"><strong>Ihre Aufgaben<\/strong><\/p>\n\n\n\n<p style=\"font-size:17px\">Sie treffen Entscheidungen \u00fcber Themen des Schullebens (Feste, Fu\u00dfballspielfeld, M\u00fclldienst, Spielausleihe).<br><br>Sie sind Ansprechpartner f\u00fcr alle Kinder und LehrerInnen.<br><br>Sie berichten von den Sitzungen der Sch\u00fclervertretung und geben Informationen und Beschl\u00fcsse in den Klassen weiter.<br><br>Sie vertreten die Klassenmeinung (unabh\u00e4ngig von der eigenen Meinung).<br><br>Sie f\u00fchren Informationsveranstaltungen in der Aula durch, an denen alle Sch\u00fclerInnen und Lehrkr\u00e4fte teilnehmen. <br><\/p>\n\n\n","protected":false},"excerpt":{"rendered":"<p>Die Anliegen aller Sch\u00fclerInnen werden von den gew\u00e4hlten KlassensprecherInnen gemeinsam besprochen.Diese treffen sich in regelm\u00e4\u00dfigen Abst\u00e4nden in der sog. Sch\u00fclerInnen-Vertretung (geleitet und organisiert von unserer Sozialp\u00e4dagogin Laura Niebaum). Ihre Aufgaben Sie treffen Entscheidungen \u00fcber Themen des Schullebens (Feste, Fu\u00dfballspielfeld, M\u00fclldienst, Spielausleihe). Sie sind Ansprechpartner f\u00fcr alle Kinder und LehrerInnen. Sie berichten von den Sitzungen der Sch\u00fclervertretung und geben Informationen und Beschl\u00fcsse in den Klassen weiter. Sie vertreten die Klassenmeinung (unabh\u00e4ngig von der eigenen Meinung). Sie f\u00fchren Informationsveranstaltungen in der Aula&#8230;<\/p>\n<p class=\"read-more\"><a class=\"btn btn-default\" href=\"https:\/\/wordpress.nibis.de\/gsengter\/schuelerinnen-vertretung-sv\/\">Weiterlesen<span class=\"screen-reader-text\"> Weiterlesen<\/span><\/a><\/p>\n","protected":false},"author":714,"featured_media":0,"parent":0,"menu_order":0,"comment_status":"closed","ping_status":"closed","template":"","meta":{"footnotes":""},"class_list":["post-6182","page","type-page","status-publish","hentry"],"_links":{"self":[{"href":"https:\/\/wordpress.nibis.de\/gsengter\/wp-json\/wp\/v2\/pages\/6182","targetHints":{"allow":["GET"]}}],"collection":[{"href":"https:\/\/wordpress.nibis.de\/gsengter\/wp-json\/wp\/v2\/pages"}],"about":[{"href":"https:\/\/wordpress.nibis.de\/gsengter\/wp-json\/wp\/v2\/types\/page"}],"author":[{"embeddable":true,"href":"https:\/\/wordpress.nibis.de\/gsengter\/wp-json\/wp\/v2\/users\/714"}],"replies":[{"embeddable":true,"href":"https:\/\/wordpress.nibis.de\/gsengter\/wp-json\/wp\/v2\/comments?post=6182"}],"version-history":[{"count":10,"href":"https:\/\/wordpress.nibis.de\/gsengter\/wp-json\/wp\/v2\/pages\/6182\/revisions"}],"predecessor-version":[{"id":7884,"href":"https:\/\/wordpress.nibis.de\/gsengter\/wp-json\/wp\/v2\/pages\/6182\/revisions\/7884"}],"wp:attachment":[{"href":"https:\/\/wordpress.nibis.de\/gsengter\/wp-json\/wp\/v2\/media?parent=6182"}],"curies":[{"name":"wp","href":"https:\/\/api.w.org\/{rel}","templated":true}]}}