{"id":64,"date":"2015-10-17T19:56:05","date_gmt":"2015-10-17T17:56:05","guid":{"rendered":"http:\/\/wordpress.nibis.de\/gsengter\/?page_id=64"},"modified":"2024-11-27T09:05:10","modified_gmt":"2024-11-27T08:05:10","slug":"schulordnung","status":"publish","type":"page","link":"https:\/\/wordpress.nibis.de\/gsengter\/informationen\/schulordnung\/","title":{"rendered":"Schulordnung"},"content":{"rendered":"<p align=\"CENTER\"><span style=\"font-family: Calibri, serif;font-size: 18pt\"><strong>Schulordnung der Grundschule Engter<\/strong><\/span><\/p>\n\n\n<p><strong>1. Ich \u00fcbernehme Verantwortung f\u00fcr mein Handeln.<\/strong><\/p>\n\n\n\n<p><strong> ORTE<\/strong><\/p>\n\n\n\n<p>a) Auf dem Schulgel\u00e4nde:<\/p>\n\n\n\n<p>\u2192 Ich <em>bleibe<\/em> auf dem Schulgel\u00e4nde.<\/p>\n\n\n\n<p>\u2192 Ich <em>gehe<\/em> im Schulgeb\u00e4ude.<\/p>\n\n\n\n<p>\u2192 Ich <em>verhalte<\/em> mich in der Aula <em>ruhig<\/em>.<\/p>\n\n\n\n<p>\u2192 Ich <em>gehe<\/em> zum Rennen auf den Schulhof.<\/p>\n\n\n\n<p>\u2192 Ich <em>benehme<\/em> <em>mich<\/em> in den Toilettenr\u00e4umen.<\/p>\n\n\n\n<p>\u2192 Ich <em>benutze<\/em> kein Handy, keine Smartwatch oder \u00e4hnliche digitale Ger\u00e4te auf dem Schulgel\u00e4nde und im Schulgeb\u00e4ude. *<\/p>\n\n\n\n<p>b) In der Pause:<\/p>\n\n\n\n<p>\u2192 In der gro\u00dfen Pause muss ich nach drau\u00dfen gehen.<\/p>\n\n\n\n<p>\u2192 Bei Regen stellen wir uns unter das Dach bzw. bleiben bei offiziell angesagter Regenpause im Klassenraum.<\/p>\n\n\n\n<p>\u2192 Ich befolge die Anweisungen der Lehrer\/innen.<\/p>\n\n\n\n<p>\u2192 Wir stellen uns nach dem Klingeln ordentlich vor den Stufen auf.<\/p>\n\n\n\n<p>\u2192&nbsp; Wir gehen r\u00fccksichtsvoll miteinander um: nicht schlagen, sondern miteinander sprechen.<\/p>\n\n\n\n<p>\u2192 Wir benutzen die Toiletten nur zum Toilettengang und hinterlassen sie sauber.<\/p>\n\n\n\n<p>\u2192 Wir halten uns an den Plan f\u00fcrs Fu\u00dfballfeld.<\/p>\n\n\n\n<p>\u2192 Wir wechseln uns auf den Spiel- und Turnger\u00e4ten ab und benutzen sie nur, wof\u00fcr sie gedacht sind.<\/p>\n\n\n\n<p>\u2192 Die Feuertreppe betreten wir nur im Notfall.<\/p>\n\n\n\n<p>\u2192 Wir \u00fcbertreten keine Absperrungen oder Z\u00e4une.<\/p>\n\n\n\n<p>\u2192 Wir entsorgen M\u00fcll immer im M\u00fclleimer.<\/p>\n\n\n\n<p>\u2192 Wir werfen keine Schneeb\u00e4lle oder andere harten Gegenst\u00e4nde.<\/p>\n\n\n\n<p>c) Im Unterricht:<\/p>\n\n\n\n<p>\u2192 Ich erscheine p\u00fcnktlich zum Unterricht.<\/p>\n\n\n\n<p>\u2192 Ich melde mich ab, wenn ich auf Toilette gehe.<\/p>\n\n\n\n<p>\u2192 Ich halte Ordnung im Klassenraum, Werkraum, Textilraum,<\/p>\n\n\n\n<p>\u00a0\u00a0\u00a0 Sachunterrichtsraum und in der Sporthalle.<\/p>\n\n\n\n<p><strong>2. Ich respektiere den anderen.&nbsp;<\/strong><\/p>\n\n\n\n<p><strong>MENSCHEN<\/strong><\/p>\n\n\n\n<p>a) Allgemeines:<\/p>\n\n\n\n<p>\u2192 Ich bin immer nett und h\u00f6flich zu anderen.<\/p>\n\n\n\n<p>\u2192 Ich verhalte mich den anderen Menschen gegen\u00fcber fair.<\/p>\n\n\n\n<p>\u2192 Ich helfe Sch\u00fclern, die Hilfe brauchen.<\/p>\n\n\n\n<p>\u2192 Ich achte auf andere Menschen.<\/p>\n\n\n\n<p>\u2192 Ich gebe zu, wenn ich mich falsch verhalten habe.<\/p>\n\n\n\n<p>\u2192 Ich h\u00f6re auf die erwachsenen Mitarbeiterinnen und Mitarbeiter der Schule.<\/p>\n\n\n\n<p>b) Im Unterricht:<\/p>\n\n\n\n<p>\u2192 Ich bin leise im Unterricht.<\/p>\n\n\n\n<p>\u2192 Ich h\u00f6re zu, wenn jemand spricht.<\/p>\n\n\n\n<p>\u2192 Ich lasse andere ausreden.<\/p>\n\n\n\n<p>\u2192 Ich melde mich, wenn ich etwas sagen m\u00f6chte.<\/p>\n\n\n\n<p>\u2192 Ich rede laut und deutlich.<\/p>\n\n\n\n<p><strong>3. Ich gehe sorgsam mit den Dingen um und achte fremdes Eigentum.<\/strong><\/p>\n\n\n\n<p><strong>DINGE<\/strong><\/p>\n\n\n\n<p>a) Allgemeines:<\/p>\n\n\n\n<p>\u2192 Ich nehme nichts ohne zu fragen.<\/p>\n\n\n\n<p>\u2192 Ich zerst\u00f6re keine fremden Sachen.<\/p>\n\n\n\n<p>b) Ordnung und Sauberkeit:<\/p>\n\n\n\n<p>\u2192 Ich gebe die Sachen aus der Spielausleihe und der B\u00fccherei ordentlich wieder zur\u00fcck.<\/p>\n\n\n\n<p>\u2192 Ich trete\/schlage nicht gegen die Banden des Minispielfeldes und greife nicht in die Netze.  <\/p>\n\n\n\n<p>\u2192 Ich werfe meinen M\u00fcll in den M\u00fclleimer.<\/p>\n\n\n\n<p>\u2192 Ich werfe keinen M\u00fcll in die G\u00e4rten der Nachbarn.<\/p>\n\n\n\n<p><strong><br>4. Ich setze mich f\u00fcr die Gemeinschaft ein.<\/strong><\/p>\n\n\n\n<p><strong>SCHULGEMEINSCHAFT<\/strong><\/p>\n\n\n\n<p>a) Mitsch\u00fcler:<\/p>\n\n\n\n<p>\u2192 Ich k\u00fcmmere mich um j\u00fcngere Schulmitglieder.<\/p>\n\n\n\n<p>\u2192 Ich k\u00fcmmere mich ab dem 3. Schuljahr besonders um die Kinder der 1. Klassen.<\/p>\n\n\n\n<p>b) Schuldienste:<\/p>\n\n\n\n<p>\u2192 Ich \u00fcbernehme ab dem 2. Schuljahr den M\u00fclldienst und im 4. Schuljahr die Spielausleihe.<\/p>\n\n\n\n<p><em>* Im Falle des Mitbringens eines dieser Ger\u00e4te lasse ich es in der Schultasche. Auch eine Smartwatch bleibt dort und befindet sich h\u00f6chstens im Schulmodus. Im Falle einer tats\u00e4chlichen Notsituation w\u00e4hrend der Schulzeit muss ich eine Lehrkraft oder PM um Erlaubnis bitten, das Handy bzw. die Smartwatch nutzen zu d\u00fcrfen. Diese Regelung bezieht sich selbstverst\u00e4ndlich nicht auf die Nutzung von schuleigenen Tablets zu Unterrichtszwecken.<\/em><\/p>\n\n\n\n<p>Der Schulleiter<br>Bramsche, den 29.05.2024<\/p>\n\n\n","protected":false},"excerpt":{"rendered":"<p>Schulordnung der Grundschule Engter 1. Ich \u00fcbernehme Verantwortung f\u00fcr mein Handeln. ORTE a) Auf dem Schulgel\u00e4nde: \u2192 Ich bleibe auf dem Schulgel\u00e4nde. \u2192 Ich gehe im Schulgeb\u00e4ude. \u2192 Ich verhalte mich in der Aula ruhig. \u2192 Ich gehe zum Rennen auf den Schulhof. \u2192 Ich benehme mich in den Toilettenr\u00e4umen. \u2192 Ich benutze kein Handy, keine Smartwatch oder \u00e4hnliche digitale Ger\u00e4te auf dem Schulgel\u00e4nde und im Schulgeb\u00e4ude. * b) In der Pause: \u2192 In der gro\u00dfen Pause muss ich nach&#8230;<\/p>\n<p class=\"read-more\"><a class=\"btn btn-default\" href=\"https:\/\/wordpress.nibis.de\/gsengter\/informationen\/schulordnung\/\">Weiterlesen<span class=\"screen-reader-text\"> Weiterlesen<\/span><\/a><\/p>\n","protected":false},"author":714,"featured_media":0,"parent":49,"menu_order":0,"comment_status":"closed","ping_status":"closed","template":"","meta":{"footnotes":""},"class_list":["post-64","page","type-page","status-publish","hentry"],"_links":{"self":[{"href":"https:\/\/wordpress.nibis.de\/gsengter\/wp-json\/wp\/v2\/pages\/64","targetHints":{"allow":["GET"]}}],"collection":[{"href":"https:\/\/wordpress.nibis.de\/gsengter\/wp-json\/wp\/v2\/pages"}],"about":[{"href":"https:\/\/wordpress.nibis.de\/gsengter\/wp-json\/wp\/v2\/types\/page"}],"author":[{"embeddable":true,"href":"https:\/\/wordpress.nibis.de\/gsengter\/wp-json\/wp\/v2\/users\/714"}],"replies":[{"embeddable":true,"href":"https:\/\/wordpress.nibis.de\/gsengter\/wp-json\/wp\/v2\/comments?post=64"}],"version-history":[{"count":29,"href":"https:\/\/wordpress.nibis.de\/gsengter\/wp-json\/wp\/v2\/pages\/64\/revisions"}],"predecessor-version":[{"id":7388,"href":"https:\/\/wordpress.nibis.de\/gsengter\/wp-json\/wp\/v2\/pages\/64\/revisions\/7388"}],"up":[{"embeddable":true,"href":"https:\/\/wordpress.nibis.de\/gsengter\/wp-json\/wp\/v2\/pages\/49"}],"wp:attachment":[{"href":"https:\/\/wordpress.nibis.de\/gsengter\/wp-json\/wp\/v2\/media?parent=64"}],"curies":[{"name":"wp","href":"https:\/\/api.w.org\/{rel}","templated":true}]}}