{"id":72,"date":"2015-10-17T20:03:41","date_gmt":"2015-10-17T18:03:41","guid":{"rendered":"http:\/\/wordpress.nibis.de\/gsengter\/?page_id=72"},"modified":"2024-11-26T09:38:16","modified_gmt":"2024-11-26T08:38:16","slug":"geschichte","status":"publish","type":"page","link":"https:\/\/wordpress.nibis.de\/gsengter\/unsere-schule\/geschichte\/","title":{"rendered":"Geschichte"},"content":{"rendered":"\n<p class=\"has-normal-font-size\"><strong><span style=\"color: #008000;font-size: 20px\">&nbsp;&nbsp;&nbsp;&nbsp;&nbsp;&nbsp;&nbsp;&nbsp;&nbsp;&nbsp;&nbsp;&nbsp;&nbsp;&nbsp;&nbsp;&nbsp;&nbsp;&nbsp;&nbsp;&nbsp;&nbsp;&nbsp;&nbsp;&nbsp;&nbsp;&nbsp;&nbsp;&nbsp;&nbsp;&nbsp;&nbsp;&nbsp;&nbsp;&nbsp;&nbsp;&nbsp;&nbsp;<span class=\"has-inline-color has-vivid-green-cyan-color\">Das Schulgeb\u00e4ude<\/span><\/span><\/strong><\/p>\n\n\n\n<p class=\"has-medium-font-size\"><strong>1512 <\/strong><br>gibt es im Kirchspiel Engter 395 Schulpflichtige, dazu geh\u00f6ren r\u00e4umlich auch Icker und V\u00f6rden. <br><br><strong>1601 <\/strong><br>gibt es 651 Schulpflichtige.<br><br><span style=\"font-size: 20px\"><strong>1620<\/strong><br>Erste Erw\u00e4hnung einer Schule in Engter,<br>m\u00f6glicherweise im K\u00fcsterhaus, gegen\u00fcber der Kirche.<\/span><br><\/p>\n\n\n\n<p class=\"has-medium-font-size\"><strong>1795<\/strong><br>Eine zweite Schule, eine Kirchspielschule, &#8222;in der Art der westf\u00e4lischen Bauernh\u00e4user&#8220; mit Lehrerwohnung im &#8222;Alten Dorf Nr. 41&#8220;.<br><br><strong>1836<\/strong><br>400 schulpflichtige Kinder im Kirchspiel. Dem beantragten Bau einer Nebenschule in Eikern zu Schleptrup wird von der Obrigkeit nicht stattgegeben. Das K\u00fcsterhaus wird weiterhin schulisch genutzt.<br><br><strong>1857<\/strong><br>Reparaturen am Schulgeb\u00e4ude<\/p>\n\n\n\n<p class=\"has-medium-font-size\"><span style=\"font-size: 20px\"><br><strong>1889<\/strong><br>Bau eines Schulgeb\u00e4udes als <span style=\"color: #808080\"><em>Volksschule<\/em><\/span><br>(&#8222;die alte&nbsp;Schule&#8220; &#8211;&nbsp;&nbsp;sp\u00e4ter Firma Herrling)<br><\/span><br><strong>1894<\/strong><br>Neubau einer weiteren Klasse und einer Junggesellenwohnung f\u00fcr einen 4. Lehrer<br><br><strong>25. Oktober 1909<\/strong><br>wird ein neues Schulgeb\u00e4ude mit Lehrerwohnungen eingeweiht, mit einem getrennt stehenden Abortgeb\u00e4ude. Baukosten 26.000 Mark. Es wird bis 1973 f\u00fcr die Klassen 1 &#8211; 4 genutzt. <\/p>\n\n\n\n<p class=\"has-medium-font-size\"><strong>1911 <\/strong><br>Einrichtung einer Schulsparkasse<br><br><strong>1924\/25<\/strong><br>Spielfest in Hesepe (20. September 1924), das dann alle zwei Jahre stattfand, ab 1927\/28 auf dem Wiederhall. Ab 1931\/32 werden die Spiele Kreisjugendwettk\u00e4mpfe genannt.<br><br><strong>1. April 1931<\/strong><br>wird die organische Verbindung von Kirche und Schule aufgel\u00f6st. Der Hauptlehrer versieht weiterhin den Organisten-, Lektor- und Kantordienst im freien Vertrag mit der Kirche.<br><br><span style=\"font-size: 20px\"><strong>21. August 1963<\/strong><br>Einweihung des 1. Bauabschnittes der Schule<br>Engter&nbsp;am&nbsp;jetzigen Standort als <span style=\"color: #808080\"><em>Mittelpunktschule<\/em><\/span><\/span>. Sch\u00fcler aus Engter, Kalkriese, Evinghausen und Lappenstuhl.<br><span style=\"font-size: 20px\"><br><strong>21. August 1969<\/strong><br>Einweihung des 2. Bauabschnittes<\/span><br><br><strong>1. Juli 1972<\/strong><br>Nach Gebiets- und Verwaltungsreform verkaufte die Stadtverwaltung den Komplex von 1889 an die Bernsteinschleiferei Firma Herrling (heute: Im Alten Dorf Nr. 31)<br><span style=\"font-size: 20px\"><br><strong>10. Juli 1973<\/strong><br>Einweihung des 3. Bauabschnittes<br><\/span><\/p>\n\n\n\n<p class=\"has-medium-font-size\"><strong>1973\/74<\/strong><br>Abschulung der Klassen 1 &#8211; 4 nach Engter aus Kalkriese, Lappenstuhl und Evinghausen<br><br><span style=\"font-size: 20px\"><strong>ab Schuljahr 1975\/76<\/strong><br><span style=\"color: #808080\"><em>Grund- und Hauptschule<\/em><\/span> in Engter<br><\/span><\/p>\n\n\n\n<p class=\"has-medium-font-size\"><span style=\"font-size: 20px\"><strong>ab Schuljahr 1989\/90<\/strong> <strong>(bis 2003\/04)<\/strong><br><span style=\"color: #808080\"><em>Grund- und Hauptschule mit Orientierungsstufe<\/em><\/span><\/span><br>Einzugsgebiet: Kirchspiel Engter<br>Sch\u00fclerzahl: ca. 420<br>Lehrerkollegium (Anzahl): 42<br>Schulleitung: bis 1994 Siegfried Rumschewitsch, ab 1994 G\u00fcnther Kruse-Joachim<br><br><strong>15.01.1999 <\/strong><br>Gr\u00fcndung des Vereins der Freunde und F\u00f6rderer der Schule Engter e.V.<br><br><strong>23.01.2002<\/strong><br>Gr\u00fcndung der F\u00f6rderstiftung der Schule Engter<br><\/p>\n\n\n\n<p class=\"has-medium-font-size\"><span style=\"font-size: 20px\"><strong>ab Schuljahr 2004\/05<\/strong><br><span style=\"color: #808080\"><em>Grund- und Hauptschule Engter<\/em><\/span><\/span><br>Lehrerkollegium (Anzahl im letzten Jahr): 31<br><br><strong>Februar 2013<\/strong><br>Proteste der Eltern gegen die Schlie\u00dfung der Hauptschule bleiben erfolglos.<\/p>\n\n\n\n<p class=\"has-medium-font-size\"><span style=\"font-size: 20px\"><strong>ab Schuljahr 2013\/14<\/strong><br><span style=\"color: #999999\"><em>Grundschule Engter<\/em><\/span><\/span> = derzeitiger Schulstatus (Stand: Januar 2021)<br><br><strong>28.09.2014<\/strong><br>Kita an der Schule eingeweiht mit Kindergarten f\u00fcr 3 &#8211; 6-J\u00e4hrige und Kinderkrippe unter 3 Jahren.<br><br><strong>2015\/16<\/strong><br>Ganztagsschule<\/p>\n\n\n\n<figure class=\"wp-block-image\"><img loading=\"lazy\" decoding=\"async\" width=\"640\" height=\"349\" src=\"http:\/\/wordpress.nibis.de\/gsengter\/files\/2016\/07\/hpqscan0001.jpg\" alt=\"hpqscan0001\" class=\"wp-image-708\" srcset=\"https:\/\/wordpress.nibis.de\/gsengter\/files\/2016\/07\/hpqscan0001.jpg 640w, https:\/\/wordpress.nibis.de\/gsengter\/files\/2016\/07\/hpqscan0001-300x164.jpg 300w\" sizes=\"auto, (max-width: 640px) 100vw, 640px\" \/><\/figure>\n\n\n\n<p>Das alte Schulgeb\u00e4ude in Engter<br>Foto: Archiv Heimatverein<\/p>\n\n\n\n<p class=\"has-text-align-center has-medium-font-size\"><span style=\"color: #008000;font-size: 20px\"><strong><span class=\"has-inline-color has-vivid-green-cyan-color\">Die Schulleiter (ab 1960)<\/span><\/strong><\/span><\/p>\n\n\n\n<figure class=\"wp-block-table\"><table><tbody><tr><td>1960 &#8211; 1973&nbsp;&nbsp;&nbsp;&nbsp;<\/td><td>Edmund F\u00f6rster<\/td><\/tr><tr><td>1973 &#8211; 1979<\/td><td>Gerhard Bussas&nbsp;&nbsp;&nbsp;<\/td><\/tr><tr><td>1979 &#8211; 1994<\/td><td>Siegfried Rumschewitsch<\/td><\/tr><tr><td>1995 &#8211; 1996<\/td><td>kommissarische Schulleitung G. Kruse-Joachim<\/td><\/tr><tr><td>1996 &#8211; 2021<\/td><td>G\u00fcnther Kruse-Joachim<\/td><\/tr><tr><td>ab 1.2.2021<\/td><td>Bernd Kellermann<\/td><\/tr><\/tbody><\/table><\/figure>\n\n\n\n<p><\/p>\n\n\n\n<figure class=\"wp-block-image size-large\"><img decoding=\"async\" src=\"https:\/\/wordpress.nibis.de\/gsengter\/files\/2021\/02\/BK-794x600.jpg\" alt=\"\" class=\"wp-image-4675\" \/><figcaption>Schulleiter Bernd Kellermann<\/figcaption><\/figure>\n\n\n\n<p class=\"has-text-align-center has-medium-font-size\"><br><strong><span class=\"has-inline-color has-vivid-green-cyan-color\">Das Lehrerkollegium<\/span><\/strong><br><br>21 Lehrkr\u00e4fte und 7 Betreuungskr\u00e4fte (Stand: Dezember 2024)<br><br><br><strong><span class=\"has-inline-color has-vivid-green-cyan-color\">Sch\u00fclerzahlen<\/span><\/strong><\/p>\n\n\n\n<figure class=\"wp-block-table\"><table><tbody><tr><td>1887<\/td><td>380<\/td><\/tr><tr><td>1909<\/td><td>315<\/td><\/tr><tr><td>1918<\/td><td>370<\/td><\/tr><tr><td>1930<\/td><td>220<\/td><\/tr><tr><td>1947<\/td><td>412 (davon 171 Fl\u00fcchtlinge)<\/td><\/tr><tr><td>1989\/90<\/td><td>341<\/td><\/tr><tr><td>1996<\/td><td>416 ( Grundschule 247 , Orientierungsstufe 120, Hauptschule 49)<\/td><\/tr><tr><td>2010<\/td><td>361<\/td><\/tr><tr><td>2013\/14<\/td><td>224<\/td><\/tr><tr><td>2015\/16<\/td><td>249<\/td><\/tr><tr><td>2018\/19<\/td><td>253<\/td><\/tr><tr><td>2024\/25<\/td><td>319<\/td><\/tr><\/tbody><\/table><\/figure>\n\n\n\n<p><strong>Quellennachweis:<\/strong><br><br>NLA Osnabr\u00fcck K199 Nr. 1 H, III7a u. Akte Rep. 335 Nr. 4427<br><br>Siegfried Rumschewitsch: Von der Volksschule \u00fcber die Mittelpunktschule zur heutigen Grund- und Hauptschule Engter mit Orientierungsstufe. In: So war es. Jahrbuch des Heimatvereins Schmittenh\u00f6he 1994, S. 92 &#8211; 93<br><br>Ders.: Ein Streifzug durch die Engter Schulgeschichte. In: So war es 1997, S. 66 &#8211; 71<br><br>G\u00fcnther Kruse-Joachim: Die Schule in Engter wird ausgebaut. In: So war es 1999, S. 133 &#8211; 134<br><br>Ders.: Die GHOS Engter ist &#8222;Verl\u00e4\u00dfliche Grundschule&#8220;. In: So war es 2001, S. 98 &#8211; 100<br><br>Neue Kita an der Schule in Engter eingeweiht. Bramscher Nachrichten v. 28.9.2014<br><br>Bearbeiterin: Christa Br\u00fcggemann<\/p>\n","protected":false},"excerpt":{"rendered":"<p>&nbsp;&nbsp;&nbsp;&nbsp;&nbsp;&nbsp;&nbsp;&nbsp;&nbsp;&nbsp;&nbsp;&nbsp;&nbsp;&nbsp;&nbsp;&nbsp;&nbsp;&nbsp;&nbsp;&nbsp;&nbsp;&nbsp;&nbsp;&nbsp;&nbsp;&nbsp;&nbsp;&nbsp;&nbsp;&nbsp;&nbsp;&nbsp;&nbsp;&nbsp;&nbsp;&nbsp;&nbsp;Das Schulgeb\u00e4ude 1512 gibt es im Kirchspiel Engter 395 Schulpflichtige, dazu geh\u00f6ren r\u00e4umlich auch Icker und V\u00f6rden. 1601 gibt es 651 Schulpflichtige. 1620Erste Erw\u00e4hnung einer Schule in Engter,m\u00f6glicherweise im K\u00fcsterhaus, gegen\u00fcber der Kirche. 1795Eine zweite Schule, eine Kirchspielschule, &#8222;in der Art der westf\u00e4lischen Bauernh\u00e4user&#8220; mit Lehrerwohnung im &#8222;Alten Dorf Nr. 41&#8220;. 1836400 schulpflichtige Kinder im Kirchspiel. Dem beantragten Bau einer Nebenschule in Eikern zu Schleptrup wird von der Obrigkeit nicht stattgegeben. Das K\u00fcsterhaus wird weiterhin schulisch genutzt. 1857Reparaturen am Schulgeb\u00e4ude&#8230;<\/p>\n<p class=\"read-more\"><a class=\"btn btn-default\" href=\"https:\/\/wordpress.nibis.de\/gsengter\/unsere-schule\/geschichte\/\">Weiterlesen<span class=\"screen-reader-text\"> Weiterlesen<\/span><\/a><\/p>\n","protected":false},"author":714,"featured_media":0,"parent":40,"menu_order":0,"comment_status":"closed","ping_status":"closed","template":"","meta":{"footnotes":""},"class_list":["post-72","page","type-page","status-publish","hentry"],"_links":{"self":[{"href":"https:\/\/wordpress.nibis.de\/gsengter\/wp-json\/wp\/v2\/pages\/72","targetHints":{"allow":["GET"]}}],"collection":[{"href":"https:\/\/wordpress.nibis.de\/gsengter\/wp-json\/wp\/v2\/pages"}],"about":[{"href":"https:\/\/wordpress.nibis.de\/gsengter\/wp-json\/wp\/v2\/types\/page"}],"author":[{"embeddable":true,"href":"https:\/\/wordpress.nibis.de\/gsengter\/wp-json\/wp\/v2\/users\/714"}],"replies":[{"embeddable":true,"href":"https:\/\/wordpress.nibis.de\/gsengter\/wp-json\/wp\/v2\/comments?post=72"}],"version-history":[{"count":36,"href":"https:\/\/wordpress.nibis.de\/gsengter\/wp-json\/wp\/v2\/pages\/72\/revisions"}],"predecessor-version":[{"id":7379,"href":"https:\/\/wordpress.nibis.de\/gsengter\/wp-json\/wp\/v2\/pages\/72\/revisions\/7379"}],"up":[{"embeddable":true,"href":"https:\/\/wordpress.nibis.de\/gsengter\/wp-json\/wp\/v2\/pages\/40"}],"wp:attachment":[{"href":"https:\/\/wordpress.nibis.de\/gsengter\/wp-json\/wp\/v2\/media?parent=72"}],"curies":[{"name":"wp","href":"https:\/\/api.w.org\/{rel}","templated":true}]}}