{"id":782,"date":"2016-07-29T19:14:44","date_gmt":"2016-07-29T17:14:44","guid":{"rendered":"http:\/\/wordpress.nibis.de\/gsengter\/?page_id=782"},"modified":"2020-08-06T12:30:48","modified_gmt":"2020-08-06T10:30:48","slug":"kaenguru-wettbewerb-der-mathematik","status":"publish","type":"page","link":"https:\/\/wordpress.nibis.de\/gsengter\/kaenguru-wettbewerb-der-mathematik\/","title":{"rendered":"&#8222;K\u00e4nguru&#8220; &#8211; Wettbewerb der Mathematik"},"content":{"rendered":"<h1 class=\"western\" style=\"text-align: center\" align=\"CENTER\"><span style=\"font-size: 20px\"><span style=\"color: #008000;font-family: helvetica,arial,sans-serif\"><span style=\"font-size: 20px\"><strong><span style=\"color: #008000;font-family: helvetica,arial,sans-serif\"><img loading=\"lazy\" decoding=\"async\" class=\"size-full wp-image-796 aligncenter\" src=\"http:\/\/wordpress.nibis.de\/gsengter\/files\/2016\/07\/Unbenannt.png\" alt=\"Unbenannt\" width=\"241\" height=\"209\" \/><\/span><\/strong><\/span><strong>Internationaler K\u00e4nguru-Wettbewerb der <\/strong><strong>Mathematik<br \/>\nan der Grundschule Engter<\/strong><\/span><\/span><\/h1>\n<h1 class=\"western\" style=\"text-align: center\" align=\"CENTER\"><span style=\"font-family: helvetica,arial,sans-serif;font-size: 20px\">Am dritten Donnerstag im M\u00e4rz treffen sich seit 2011 freiwillige Rechner aus unseren dritten und vierten Klassen der Grundschule Engter, um sich Denk-Aufgaben zu stellen, bei denen man Knobeln, Gr\u00fcbeln, Sch\u00e4tzen und auch Rechnen muss. Dabei stellen sie ihre Pfiffigkeit, gutes logische Denken oder einfach ihren gesunden Menschenverstand unter Beweis.<br \/>\nDass dieser Wettbewerb \u00e4u\u00dferst beliebt bei Kindern, Lehrern und Eltern ist, zeigen die weltweiten Teilnehmerzahlen, die sich auf \u00fcber 6 Millionen Teilnehmende aus \u00fcber 70 L\u00e4ndern weltweit belaufen.<\/span><\/h1>\n<p style=\"text-align: justify\"><span style=\"font-family: helvetica,arial,sans-serif;font-size: 20px\"><br \/>\nAttraktiv an diesem K\u00e4nguru-Wettbewerb der Mathematik ist unter anderem, dass nach Auswertung der Ergebnisse, alle Kinder mit Hilfe des gezahlten Startgeldes, die Aufgabenstellungen samt ausf\u00fchrlichem L\u00f6sungsweg in Heftform ausgeh\u00e4ndigt bekommen, sowie eine Urkunde und ein kleines Knobelspiel.<\/span><\/p>\n<p style=\"text-align: justify\"><span style=\"font-size: 20px\">Hat eine Rechnerin oder ein Rechner bei diesem K\u00e4nguru-Wettbewerb au\u00dferdem einen besonders hohen Prozentsatz an Aufgaben richtig gel\u00f6st, erfahren diese Sch\u00fclerinnen und Sch\u00fcler eine weitere Freude, denn sie erhalten von dem organisierenden Verein zus\u00e4tzliche, ausgew\u00e4hlte Preise.<br \/>\n<\/span><span style=\"font-size: 20px\"><br \/>\nDamit diese mathematischen Leistungen hinreichend gew\u00fcrdigt werden, veranstaltet unsere Schule allj\u00e4hrlich eine offizielle Ehrung in der Aula, auf der die \u201aert\u00fcftelten\u2019 Urkunden und Preise verliehen werden. Zus\u00e4tzlich zu den oben genannten Wettbewerbspr\u00e4senten werden die Jahrgangsbesten der Schule mit einem kleinen Geschenkgutschein f\u00fcr den Schulkiosk ausgezeichnet. <\/span><\/p>\n<p><span style=\"font-family: helvetica,arial,sans-serif;font-size: 20px\"><br \/>\n<span style=\"color: #000000\"><a style=\"color: #000000\" href=\"http:\/\/www.mathe-kaenguru.de\/\" target=\"_blank\" rel=\"noopener noreferrer\">Link zur Webseite &#8222;Mathe-K\u00e4nguru&#8220;<\/a><\/span><br \/>\n<\/span><\/p>\n","protected":false},"excerpt":{"rendered":"<p>Internationaler K\u00e4nguru-Wettbewerb der Mathematik an der Grundschule Engter Am dritten Donnerstag im M\u00e4rz treffen sich seit 2011 freiwillige Rechner aus unseren dritten und vierten Klassen der Grundschule Engter, um sich Denk-Aufgaben zu stellen, bei denen man Knobeln, Gr\u00fcbeln, Sch\u00e4tzen und auch Rechnen muss. Dabei stellen sie ihre Pfiffigkeit, gutes logische Denken oder einfach ihren gesunden Menschenverstand unter Beweis. Dass dieser Wettbewerb \u00e4u\u00dferst beliebt bei Kindern, Lehrern und Eltern ist, zeigen die weltweiten Teilnehmerzahlen, die sich auf \u00fcber 6 Millionen Teilnehmende&#8230;<\/p>\n<p class=\"read-more\"><a class=\"btn btn-default\" href=\"https:\/\/wordpress.nibis.de\/gsengter\/kaenguru-wettbewerb-der-mathematik\/\">Weiterlesen<span class=\"screen-reader-text\"> Weiterlesen<\/span><\/a><\/p>\n","protected":false},"author":714,"featured_media":0,"parent":0,"menu_order":0,"comment_status":"closed","ping_status":"closed","template":"","meta":{"footnotes":""},"class_list":["post-782","page","type-page","status-publish","hentry"],"_links":{"self":[{"href":"https:\/\/wordpress.nibis.de\/gsengter\/wp-json\/wp\/v2\/pages\/782","targetHints":{"allow":["GET"]}}],"collection":[{"href":"https:\/\/wordpress.nibis.de\/gsengter\/wp-json\/wp\/v2\/pages"}],"about":[{"href":"https:\/\/wordpress.nibis.de\/gsengter\/wp-json\/wp\/v2\/types\/page"}],"author":[{"embeddable":true,"href":"https:\/\/wordpress.nibis.de\/gsengter\/wp-json\/wp\/v2\/users\/714"}],"replies":[{"embeddable":true,"href":"https:\/\/wordpress.nibis.de\/gsengter\/wp-json\/wp\/v2\/comments?post=782"}],"version-history":[{"count":14,"href":"https:\/\/wordpress.nibis.de\/gsengter\/wp-json\/wp\/v2\/pages\/782\/revisions"}],"predecessor-version":[{"id":4528,"href":"https:\/\/wordpress.nibis.de\/gsengter\/wp-json\/wp\/v2\/pages\/782\/revisions\/4528"}],"wp:attachment":[{"href":"https:\/\/wordpress.nibis.de\/gsengter\/wp-json\/wp\/v2\/media?parent=782"}],"curies":[{"name":"wp","href":"https:\/\/api.w.org\/{rel}","templated":true}]}}